{"id":12,"date":"2013-08-18T17:16:09","date_gmt":"2013-08-18T17:16:09","guid":{"rendered":"http:\/\/marolt-photography.com\/?page_id=12"},"modified":"2014-02-11T18:57:37","modified_gmt":"2014-02-11T18:57:37","slug":"arhitekturna-fotografija","status":"publish","type":"page","link":"https:\/\/marolt-photography.com\/en\/arhitekturna-fotografija\/","title":{"rendered":"Architectural photography"},"content":{"rendered":"<p>Architectural photography<\/p>\n<p>Fenomen prostora mi je bil od vedno blizu. Fascinira me, kak\u0161ne atmosfere, ob\u010dutja in dru\u017ebene fenomene razli\u010dni ambienti soustvarjajo. To veselje me je vodilo, da sem skozi \u0161tudij arhitekture ta \u010dut tudi izostril.<\/p>\n<p><img loading=\"lazy\" decoding=\"async\" class=\"alignnone size-full wp-image-37\" title=\"Ve\u010derni Maribor\" alt=\"Arhitekturna_foto_Janez_Marolt_Maribor\" src=\"http:\/\/marolt-photography.com\/wp-content\/uploads\/2013\/08\/Arhitekturna_foto_Janez_Marolt_Maribor.jpg\" width=\"870\" height=\"273\" srcset=\"https:\/\/marolt-photography.com\/wp-content\/uploads\/2013\/08\/Arhitekturna_foto_Janez_Marolt_Maribor.jpg 870w, https:\/\/marolt-photography.com\/wp-content\/uploads\/2013\/08\/Arhitekturna_foto_Janez_Marolt_Maribor-300x94.jpg 300w\" sizes=\"auto, (max-width: 870px) 100vw, 870px\" \/><\/p>\n<p><img loading=\"lazy\" decoding=\"async\" class=\"alignnone size-full wp-image-36\" alt=\"Arhitekturna fotografija Janez_Marolt_Ljubljanski_grad\" src=\"http:\/\/marolt-photography.com\/wp-content\/uploads\/2013\/08\/Arhitekturna_foto_Janez_Marolt_Ljubljanski_grad.jpg\" width=\"870\" height=\"345\" srcset=\"https:\/\/marolt-photography.com\/wp-content\/uploads\/2013\/08\/Arhitekturna_foto_Janez_Marolt_Ljubljanski_grad.jpg 870w, https:\/\/marolt-photography.com\/wp-content\/uploads\/2013\/08\/Arhitekturna_foto_Janez_Marolt_Ljubljanski_grad-300x118.jpg 300w\" sizes=\"auto, (max-width: 870px) 100vw, 870px\" \/><\/p>\n<p><a href=\"http:\/\/marolt-photography.com\/wp-content\/uploads\/2013\/08\/Arhitekturna_foto_Calatrava_1.jpg\"><img loading=\"lazy\" decoding=\"async\" class=\"alignnone size-full wp-image-563\" alt=\"Arhitekturna_foto_Calatrava_1\" src=\"http:\/\/marolt-photography.com\/wp-content\/uploads\/2013\/08\/Arhitekturna_foto_Calatrava_1.jpg\" width=\"900\" height=\"400\" srcset=\"https:\/\/marolt-photography.com\/wp-content\/uploads\/2013\/08\/Arhitekturna_foto_Calatrava_1.jpg 900w, https:\/\/marolt-photography.com\/wp-content\/uploads\/2013\/08\/Arhitekturna_foto_Calatrava_1-300x133.jpg 300w\" sizes=\"auto, (max-width: 900px) 100vw, 900px\" \/><\/a><\/p>\n<p><a href=\"http:\/\/marolt-photography.com\/wp-content\/uploads\/2013\/08\/Arhitekturna_foto_Calatrava_2.jpg\"><img loading=\"lazy\" decoding=\"async\" class=\"alignnone size-full wp-image-567\" alt=\"Arhitekturna_foto_Calatrava_2\" src=\"http:\/\/marolt-photography.com\/wp-content\/uploads\/2013\/08\/Arhitekturna_foto_Calatrava_2.jpg\" width=\"900\" height=\"400\" srcset=\"https:\/\/marolt-photography.com\/wp-content\/uploads\/2013\/08\/Arhitekturna_foto_Calatrava_2.jpg 900w, https:\/\/marolt-photography.com\/wp-content\/uploads\/2013\/08\/Arhitekturna_foto_Calatrava_2-300x133.jpg 300w\" sizes=\"auto, (max-width: 900px) 100vw, 900px\" \/><\/a><\/p>\n<p><a href=\"http:\/\/marolt-photography.com\/wp-content\/uploads\/2013\/08\/Arhitekturna_foto_Grad.jpg\"><img loading=\"lazy\" decoding=\"async\" class=\"alignnone size-full wp-image-568\" alt=\"Arhitekturna_foto_Grad\" src=\"http:\/\/marolt-photography.com\/wp-content\/uploads\/2013\/08\/Arhitekturna_foto_Grad.jpg\" width=\"900\" height=\"400\" srcset=\"https:\/\/marolt-photography.com\/wp-content\/uploads\/2013\/08\/Arhitekturna_foto_Grad.jpg 900w, https:\/\/marolt-photography.com\/wp-content\/uploads\/2013\/08\/Arhitekturna_foto_Grad-300x133.jpg 300w\" sizes=\"auto, (max-width: 900px) 100vw, 900px\" \/><\/a><\/p>\n<p><a href=\"http:\/\/marolt-photography.com\/wp-content\/uploads\/2013\/08\/Arhitekturna_fotografija_Maribor.jpg\"><img loading=\"lazy\" decoding=\"async\" class=\"alignnone size-full wp-image-569\" alt=\"Arhitekturna_fotografija_Maribor\" src=\"http:\/\/marolt-photography.com\/wp-content\/uploads\/2013\/08\/Arhitekturna_fotografija_Maribor.jpg\" width=\"900\" height=\"400\" srcset=\"https:\/\/marolt-photography.com\/wp-content\/uploads\/2013\/08\/Arhitekturna_fotografija_Maribor.jpg 900w, https:\/\/marolt-photography.com\/wp-content\/uploads\/2013\/08\/Arhitekturna_fotografija_Maribor-300x133.jpg 300w\" sizes=\"auto, (max-width: 900px) 100vw, 900px\" \/><\/a><\/p>\n<p><a href=\"http:\/\/marolt-photography.com\/wp-content\/uploads\/2013\/08\/Arhitekturna_Zalaznik_01.jpg\"><img loading=\"lazy\" decoding=\"async\" class=\"alignnone size-full wp-image-570\" alt=\"Arhitekturna_Zalaznik_01\" src=\"http:\/\/marolt-photography.com\/wp-content\/uploads\/2013\/08\/Arhitekturna_Zalaznik_01.jpg\" width=\"900\" height=\"400\" srcset=\"https:\/\/marolt-photography.com\/wp-content\/uploads\/2013\/08\/Arhitekturna_Zalaznik_01.jpg 900w, https:\/\/marolt-photography.com\/wp-content\/uploads\/2013\/08\/Arhitekturna_Zalaznik_01-300x133.jpg 300w\" sizes=\"auto, (max-width: 900px) 100vw, 900px\" \/><\/a><\/p>\n<p><a href=\"http:\/\/marolt-photography.com\/wp-content\/uploads\/2013\/08\/Arhitekturna_Zalaznik_02.jpg\"><img loading=\"lazy\" decoding=\"async\" class=\"alignnone size-full wp-image-571\" alt=\"Arhitekturna_Zalaznik_02\" src=\"http:\/\/marolt-photography.com\/wp-content\/uploads\/2013\/08\/Arhitekturna_Zalaznik_02.jpg\" width=\"900\" height=\"400\" srcset=\"https:\/\/marolt-photography.com\/wp-content\/uploads\/2013\/08\/Arhitekturna_Zalaznik_02.jpg 900w, https:\/\/marolt-photography.com\/wp-content\/uploads\/2013\/08\/Arhitekturna_Zalaznik_02-300x133.jpg 300w\" sizes=\"auto, (max-width: 900px) 100vw, 900px\" \/><\/a><\/p>\n<p><a href=\"http:\/\/marolt-photography.com\/wp-content\/uploads\/2013\/08\/Arhitekturna_Zalaznik_03.jpg\"><img loading=\"lazy\" decoding=\"async\" class=\"alignnone size-full wp-image-572\" alt=\"Arhitekturna_Zalaznik_03\" src=\"http:\/\/marolt-photography.com\/wp-content\/uploads\/2013\/08\/Arhitekturna_Zalaznik_03.jpg\" width=\"900\" height=\"400\" srcset=\"https:\/\/marolt-photography.com\/wp-content\/uploads\/2013\/08\/Arhitekturna_Zalaznik_03.jpg 900w, https:\/\/marolt-photography.com\/wp-content\/uploads\/2013\/08\/Arhitekturna_Zalaznik_03-300x133.jpg 300w\" sizes=\"auto, (max-width: 900px) 100vw, 900px\" \/><\/a><\/p>\n<p><a href=\"http:\/\/marolt-photography.com\/wp-content\/uploads\/2013\/08\/Arhitekturna_Zalaznik_04.jpg\"><img loading=\"lazy\" decoding=\"async\" class=\"alignnone size-full wp-image-573\" alt=\"Arhitekturna_Zalaznik_04\" src=\"http:\/\/marolt-photography.com\/wp-content\/uploads\/2013\/08\/Arhitekturna_Zalaznik_04.jpg\" width=\"900\" height=\"400\" srcset=\"https:\/\/marolt-photography.com\/wp-content\/uploads\/2013\/08\/Arhitekturna_Zalaznik_04.jpg 900w, https:\/\/marolt-photography.com\/wp-content\/uploads\/2013\/08\/Arhitekturna_Zalaznik_04-300x133.jpg 300w\" sizes=\"auto, (max-width: 900px) 100vw, 900px\" \/><\/a><\/p>\n<p><a href=\"http:\/\/marolt-photography.com\/wp-content\/uploads\/2013\/08\/Arhitekturna_Zalaznik_Dolenjska_01.jpg\"><img loading=\"lazy\" decoding=\"async\" class=\"alignnone size-full wp-image-574\" alt=\"Arhitekturna_Zalaznik_Dolenjska_01\" src=\"http:\/\/marolt-photography.com\/wp-content\/uploads\/2013\/08\/Arhitekturna_Zalaznik_Dolenjska_01.jpg\" width=\"900\" height=\"400\" srcset=\"https:\/\/marolt-photography.com\/wp-content\/uploads\/2013\/08\/Arhitekturna_Zalaznik_Dolenjska_01.jpg 900w, https:\/\/marolt-photography.com\/wp-content\/uploads\/2013\/08\/Arhitekturna_Zalaznik_Dolenjska_01-300x133.jpg 300w\" sizes=\"auto, (max-width: 900px) 100vw, 900px\" \/><\/a><\/p>\n<p><a href=\"http:\/\/marolt-photography.com\/wp-content\/uploads\/2013\/08\/Arhitekturna_Zalaznik_Dolenjska_02.jpg\"><img loading=\"lazy\" decoding=\"async\" class=\"alignnone size-full wp-image-575\" alt=\"Arhitekturna_Zalaznik_Dolenjska_02\" src=\"http:\/\/marolt-photography.com\/wp-content\/uploads\/2013\/08\/Arhitekturna_Zalaznik_Dolenjska_02.jpg\" width=\"900\" height=\"400\" srcset=\"https:\/\/marolt-photography.com\/wp-content\/uploads\/2013\/08\/Arhitekturna_Zalaznik_Dolenjska_02.jpg 900w, https:\/\/marolt-photography.com\/wp-content\/uploads\/2013\/08\/Arhitekturna_Zalaznik_Dolenjska_02-300x133.jpg 300w\" sizes=\"auto, (max-width: 900px) 100vw, 900px\" \/><\/a><\/p>\n<p><a href=\"http:\/\/marolt-photography.com\/wp-content\/uploads\/2013\/08\/Arhitekturna_Zalaznik_Dolenjska_03.jpg\"><img loading=\"lazy\" decoding=\"async\" class=\"alignnone size-full wp-image-576\" alt=\"Arhitekturna_Zalaznik_Dolenjska_03\" src=\"http:\/\/marolt-photography.com\/wp-content\/uploads\/2013\/08\/Arhitekturna_Zalaznik_Dolenjska_03.jpg\" width=\"900\" height=\"400\" srcset=\"https:\/\/marolt-photography.com\/wp-content\/uploads\/2013\/08\/Arhitekturna_Zalaznik_Dolenjska_03.jpg 900w, https:\/\/marolt-photography.com\/wp-content\/uploads\/2013\/08\/Arhitekturna_Zalaznik_Dolenjska_03-300x133.jpg 300w\" sizes=\"auto, (max-width: 900px) 100vw, 900px\" \/><\/a><\/p>\n<p><a href=\"http:\/\/marolt-photography.com\/wp-content\/uploads\/2013\/08\/Arhitekturna_Zalaznik_Dolenjska_04.jpg\"><img loading=\"lazy\" decoding=\"async\" class=\"alignnone size-full wp-image-577\" alt=\"Arhitekturna_Zalaznik_Dolenjska_04\" src=\"http:\/\/marolt-photography.com\/wp-content\/uploads\/2013\/08\/Arhitekturna_Zalaznik_Dolenjska_04.jpg\" width=\"900\" height=\"400\" srcset=\"https:\/\/marolt-photography.com\/wp-content\/uploads\/2013\/08\/Arhitekturna_Zalaznik_Dolenjska_04.jpg 900w, https:\/\/marolt-photography.com\/wp-content\/uploads\/2013\/08\/Arhitekturna_Zalaznik_Dolenjska_04-300x133.jpg 300w\" sizes=\"auto, (max-width: 900px) 100vw, 900px\" \/><\/a><\/p>\n<p><a href=\"http:\/\/marolt-photography.com\/wp-content\/uploads\/2013\/08\/Arhitekturna_Zalaznik_Portoroz_01.jpg\"><img loading=\"lazy\" decoding=\"async\" class=\"alignnone size-full wp-image-578\" alt=\"Arhitekturna_Zalaznik_Portoroz_01\" src=\"http:\/\/marolt-photography.com\/wp-content\/uploads\/2013\/08\/Arhitekturna_Zalaznik_Portoroz_01.jpg\" width=\"900\" height=\"400\" srcset=\"https:\/\/marolt-photography.com\/wp-content\/uploads\/2013\/08\/Arhitekturna_Zalaznik_Portoroz_01.jpg 900w, https:\/\/marolt-photography.com\/wp-content\/uploads\/2013\/08\/Arhitekturna_Zalaznik_Portoroz_01-300x133.jpg 300w\" sizes=\"auto, (max-width: 900px) 100vw, 900px\" \/><\/a><\/p>\n<p><img loading=\"lazy\" decoding=\"async\" title=\"Arhitekturna fotografija Janez Marolt\" alt=\"Arhitekturna_foto_Janez_Marolt_Calatrava\" src=\"http:\/\/marolt-photography.com\/wp-content\/uploads\/2013\/08\/Arhitekturna_foto_Janez_Marolt_Calatrava.jpg\" width=\"538\" height=\"804\" \/><\/p>\n<p><img loading=\"lazy\" decoding=\"async\" alt=\"Arhitekturna_foto_Janez_Marolt_01\" src=\"http:\/\/marolt-photography.com\/wp-content\/uploads\/2013\/08\/Arhitekturna_foto_Janez_Marolt_01.jpg\" width=\"604\" height=\"804\" \/><\/p>\n<p>&nbsp;<\/p>\n<div id=\"metaslider-id-562\" style=\"max-width: 900px;\" class=\"ml-slider-3-106-0 metaslider metaslider-nivo metaslider-562 ml-slider has-dots-nav ms-theme-default\" role=\"region\" aria-label=\"Proefssional photography\" data-height=\"400\" data-width=\"900\">\n    <div id=\"metaslider_container_562\">\n        <div class='slider-wrapper theme-default'><div class='ribbon'><\/div><div id='metaslider_562' class='nivoSlider'><a href=\"https:\/\/marolt-photography.com\/en\/arhitekturna-fotografija\/\" target=\"_blank\"><img loading=\"lazy\" decoding=\"async\" src=\"https:\/\/marolt-photography.com\/wp-content\/uploads\/2013\/08\/Arhitekturna_Zalaznik_Dolenjska_03.jpg\" height=\"400\" width=\"900\" title=\"Profesional architectural photography - Janez Marolt 01\" alt=\"Interier : An\u017ee Zalaznik, u.d.i.a., Dolenjska 01\" class=\"slider-562 slide-576 msDefaultImage\" \/><\/a><a href=\"https:\/\/marolt-photography.com\/en\/arhitekturna-fotografija\/\" target=\"_blank\"><img loading=\"lazy\" decoding=\"async\" src=\"https:\/\/marolt-photography.com\/wp-content\/uploads\/2013\/08\/Arhitekturna_Zalaznik_02.jpg\" height=\"400\" width=\"900\" title=\"Profesional architectural photography - Janez Marolt 02\" alt=\"Interier : An\u017ee Zalaznik, u.d.i.a., Dolenjska 01\" class=\"slider-562 slide-571 msDefaultImage\" \/><\/a><a href=\"https:\/\/marolt-photography.com\/en\/arhitekturna-fotografija\/\" target=\"_blank\"><img loading=\"lazy\" decoding=\"async\" src=\"https:\/\/marolt-photography.com\/wp-content\/uploads\/2013\/08\/Arhitekturna_foto_Calatrava_1.jpg\" height=\"400\" width=\"900\" title=\"Profesional architectural photography - Janez Marolt 03\" alt=\"Santiago Calatrava, Valencia, \u0160panija\" class=\"slider-562 slide-563 msDefaultImage\" \/><\/a><a href=\"https:\/\/marolt-photography.com\/en\/arhitekturna-fotografija\/\" target=\"_blank\"><img loading=\"lazy\" decoding=\"async\" src=\"https:\/\/marolt-photography.com\/wp-content\/uploads\/2013\/08\/Arhitekturna_Zalaznik_Portoroz_01.jpg\" height=\"400\" width=\"900\" title=\"Profesional architectural photography - Janez Marolt 04\" alt=\"\" class=\"slider-562 slide-578 msDefaultImage\" \/><\/a><a href=\"https:\/\/marolt-photography.com\/en\/arhitekturna-fotografija\/\" target=\"_blank\"><img loading=\"lazy\" decoding=\"async\" src=\"https:\/\/marolt-photography.com\/wp-content\/uploads\/2013\/08\/Arhitekturna_Zalaznik_01.jpg\" height=\"400\" width=\"900\" title=\"Profesional architectural photography - Janez Marolt 05\" alt=\"Interier : An\u017ee Zalaznik, u.d.i.a., Dolenjska 02\" class=\"slider-562 slide-570 msDefaultImage\" \/><\/a><a href=\"https:\/\/marolt-photography.com\/en\/arhitekturna-fotografija\/\" target=\"_blank\"><img loading=\"lazy\" decoding=\"async\" src=\"https:\/\/marolt-photography.com\/wp-content\/uploads\/2013\/08\/Arhitekturna_Zalaznik_Dolenjska_04.jpg\" height=\"400\" width=\"900\" title=\"Profesional architectural photography - Janez Marolt 06\" alt=\"Interier : An\u017ee Zalaznik, u.d.i.a., Dolenjska 02\" class=\"slider-562 slide-577 msDefaultImage\" \/><\/a><a href=\"https:\/\/marolt-photography.com\/en\/arhitekturna-fotografija\/\" target=\"_blank\"><img loading=\"lazy\" decoding=\"async\" src=\"https:\/\/marolt-photography.com\/wp-content\/uploads\/2013\/08\/Arhitekturna_Zalaznik_Dolenjska_02.jpg\" height=\"400\" width=\"900\" title=\"Profesional architectural photography - Janez Marolt 07\" alt=\"Interier : An\u017ee Zalaznik, u.d.i.a., Dolenjska 03\" class=\"slider-562 slide-575 msDefaultImage\" \/><\/a><a href=\"https:\/\/marolt-photography.com\/en\/arhitekturna-fotografija\/\" target=\"_blank\"><img loading=\"lazy\" decoding=\"async\" src=\"https:\/\/marolt-photography.com\/wp-content\/uploads\/2013\/08\/Arhitekturna_foto_Calatrava_2.jpg\" height=\"400\" width=\"900\" title=\"Profesional architectural photography - Janez Marolt 08\" alt=\"Santiago Calatrava, Valencia, \u0160panija\" class=\"slider-562 slide-567 msDefaultImage\" \/><\/a><a href=\"https:\/\/marolt-photography.com\/en\/arhitekturna-fotografija\/\" target=\"_blank\"><img loading=\"lazy\" decoding=\"async\" src=\"https:\/\/marolt-photography.com\/wp-content\/uploads\/2013\/08\/Arhitekturna_Zalaznik_Dolenjska_01.jpg\" height=\"400\" width=\"900\" title=\"Profesional architectural photography - Janez Marolt 09 \" alt=\"Interier : An\u017ee Zalaznik, u.d.i.a., Dolenjska 04\" class=\"slider-562 slide-574 msDefaultImage\" \/><\/a><a href=\"https:\/\/marolt-photography.com\/en\/arhitekturna-fotografija\/\" target=\"_blank\"><img loading=\"lazy\" decoding=\"async\" src=\"https:\/\/marolt-photography.com\/wp-content\/uploads\/2013\/08\/Arhitekturna_Zalaznik_04.jpg\" height=\"400\" width=\"900\" title=\"Profesional architectural photography - Janez Marolt 10\" alt=\"Interier : An\u017ee Zalaznik, u.d.i.a., Dolenjska 03\" class=\"slider-562 slide-573 msDefaultImage\" \/><\/a><a href=\"https:\/\/marolt-photography.com\/en\/arhitekturna-fotografija\/\" target=\"_blank\"><img loading=\"lazy\" decoding=\"async\" src=\"https:\/\/marolt-photography.com\/wp-content\/uploads\/2013\/08\/Arhitekturna_Zalaznik_03.jpg\" height=\"400\" width=\"900\" title=\"Profesional architectural photography - Janez Marolt 11\" alt=\"Interier : An\u017ee Zalaznik, u.d.i.a., Dolenjska 04\" class=\"slider-562 slide-572 msDefaultImage\" \/><\/a><a href=\"https:\/\/marolt-photography.com\/en\/arhitekturna-fotografija\/\" target=\"_blank\"><img loading=\"lazy\" decoding=\"async\" src=\"https:\/\/marolt-photography.com\/wp-content\/uploads\/2013\/08\/Arhitekturna_fotografija_Maribor.jpg\" height=\"400\" width=\"900\" title=\"Profesional architectural photography - Janez Marolt 12\" alt=\"Panorama Maribora\" class=\"slider-562 slide-569 msDefaultImage\" \/><\/a><a href=\"https:\/\/marolt-photography.com\/en\/arhitekturna-fotografija\/\" target=\"_blank\"><img loading=\"lazy\" decoding=\"async\" src=\"https:\/\/marolt-photography.com\/wp-content\/uploads\/2013\/08\/Arhitekturna_foto_Grad.jpg\" height=\"400\" width=\"900\" title=\"Profesional architectural photography - Janez Marolt 13\" alt=\"Ljubljanski grad\" class=\"slider-562 slide-568 msDefaultImage\" \/><\/a><\/div><\/div>\n        \n    <\/div>\n<\/div>\n<p>Za najbolj zgovoren prokaz prostora &#8211; 3D arhitekturno fotografijo, si poglejte \u0161e stran <a title=\"3D-virtual tours\" href=\"http:\/\/www.virtualen.si\" target=\"_blank\">www.virtualen.si! <\/a><\/p>","protected":false},"excerpt":{"rendered":"<p>Arhitekturna fotografija Fenomen prostora mi je bil od vedno blizu. Fascinira me, kak\u0161ne atmosfere, ob\u010dutja in dru\u017ebene fenomene razli\u010dni ambienti soustvarjajo. To veselje me je vodilo, da sem skozi \u0161tudij arhitekture ta \u010dut tudi izostril. &nbsp; Za najbolj zgovoren prokaz prostora &#8211; 3D arhitekturno fotografijo, si poglejte \u0161e stran www.virtualen.si!<\/p>","protected":false},"author":1,"featured_media":36,"parent":0,"menu_order":1,"comment_status":"closed","ping_status":"closed","template":"","meta":{"footnotes":""},"class_list":["post-12","page","type-page","status-publish","has-post-thumbnail","hentry","content-columns-1"],"yoast_head":"<!-- This site is optimized with the Yoast SEO Premium plugin v27.1 (Yoast SEO v27.1.1) - https:\/\/yoast.com\/product\/yoast-seo-premium-wordpress\/ -->\n<title>Arhitekturna fotografija &#8211; Janez Marolt - Photography<\/title>\n<meta name=\"description\" content=\"Profesionalna arhitekturna fotografija. Janez Marolt u.d.i.a.\" \/>\n<meta name=\"robots\" content=\"index, follow, max-snippet:-1, max-image-preview:large, max-video-preview:-1\" \/>\n<link rel=\"canonical\" href=\"https:\/\/marolt-photography.com\/en\/arhitekturna-fotografija\/\" \/>\n<meta property=\"og:locale\" content=\"en_GB\" \/>\n<meta property=\"og:type\" content=\"article\" \/>\n<meta property=\"og:title\" content=\"Arhitekturna fotografija\" \/>\n<meta property=\"og:description\" content=\"Profesionalna arhitekturna fotografija. Janez Marolt u.d.i.a.\" \/>\n<meta property=\"og:url\" content=\"https:\/\/marolt-photography.com\/en\/arhitekturna-fotografija\/\" \/>\n<meta property=\"og:site_name\" content=\"Janez Marolt - Photography\" \/>\n<meta property=\"article:publisher\" content=\"https:\/\/www.facebook.com\/janez.fotograf\" \/>\n<meta property=\"article:modified_time\" content=\"2014-02-11T18:57:37+00:00\" \/>\n<meta property=\"og:image\" content=\"https:\/\/marolt-photography.com\/wp-content\/uploads\/2013\/08\/Arhitekturna_foto_Janez_Marolt_Ljubljanski_grad.jpg\" \/>\n\t<meta property=\"og:image:width\" content=\"870\" \/>\n\t<meta property=\"og:image:height\" content=\"345\" \/>\n\t<meta property=\"og:image:type\" content=\"image\/jpeg\" \/>\n<script type=\"application\/ld+json\" class=\"yoast-schema-graph\">{\"@context\":\"https:\/\/schema.org\",\"@graph\":[{\"@type\":\"WebPage\",\"@id\":\"https:\/\/marolt-photography.com\/en\/arhitekturna-fotografija\/\",\"url\":\"https:\/\/marolt-photography.com\/en\/arhitekturna-fotografija\/\",\"name\":\"Arhitekturna fotografija &#8211; Janez Marolt - Photography\",\"isPartOf\":{\"@id\":\"https:\/\/marolt-photography.com\/#website\"},\"primaryImageOfPage\":{\"@id\":\"https:\/\/marolt-photography.com\/en\/arhitekturna-fotografija\/#primaryimage\"},\"image\":{\"@id\":\"https:\/\/marolt-photography.com\/en\/arhitekturna-fotografija\/#primaryimage\"},\"thumbnailUrl\":\"https:\/\/marolt-photography.com\/wp-content\/uploads\/2013\/08\/Arhitekturna_foto_Janez_Marolt_Ljubljanski_grad.jpg\",\"datePublished\":\"2013-08-18T17:16:09+00:00\",\"dateModified\":\"2014-02-11T18:57:37+00:00\",\"description\":\"Profesionalna arhitekturna fotografija. Janez Marolt u.d.i.a.\",\"inLanguage\":\"en-GB\",\"potentialAction\":[{\"@type\":\"ReadAction\",\"target\":[\"https:\/\/marolt-photography.com\/en\/arhitekturna-fotografija\/\"]}]},{\"@type\":\"ImageObject\",\"inLanguage\":\"en-GB\",\"@id\":\"https:\/\/marolt-photography.com\/en\/arhitekturna-fotografija\/#primaryimage\",\"url\":\"https:\/\/marolt-photography.com\/wp-content\/uploads\/2013\/08\/Arhitekturna_foto_Janez_Marolt_Ljubljanski_grad.jpg\",\"contentUrl\":\"https:\/\/marolt-photography.com\/wp-content\/uploads\/2013\/08\/Arhitekturna_foto_Janez_Marolt_Ljubljanski_grad.jpg\",\"width\":870,\"height\":345,\"caption\":\"Arhitekturna fotografija - Panoramska fotografija - Ljubljnski grad - Janez Marolt\"},{\"@type\":\"WebSite\",\"@id\":\"https:\/\/marolt-photography.com\/#website\",\"url\":\"https:\/\/marolt-photography.com\/\",\"name\":\"Janez Marolt - Photography\",\"description\":\"Profesionalna fotografija\",\"publisher\":{\"@id\":\"https:\/\/marolt-photography.com\/#\/schema\/person\/629b997fdc2e80e5556f662e3e1ed326\"},\"potentialAction\":[{\"@type\":\"SearchAction\",\"target\":{\"@type\":\"EntryPoint\",\"urlTemplate\":\"https:\/\/marolt-photography.com\/?s={search_term_string}\"},\"query-input\":{\"@type\":\"PropertyValueSpecification\",\"valueRequired\":true,\"valueName\":\"search_term_string\"}}],\"inLanguage\":\"en-GB\"},{\"@type\":[\"Person\",\"Organization\"],\"@id\":\"https:\/\/marolt-photography.com\/#\/schema\/person\/629b997fdc2e80e5556f662e3e1ed326\",\"name\":\"Janez Marolt\",\"image\":{\"@type\":\"ImageObject\",\"inLanguage\":\"en-GB\",\"@id\":\"https:\/\/marolt-photography.com\/#\/schema\/person\/image\/\",\"url\":\"https:\/\/secure.gravatar.com\/avatar\/86dc16766a32aff098b9a6bbf2c3abc20295153deca1d27fcb371d8273fb9f5d?s=96&d=mm&r=g\",\"contentUrl\":\"https:\/\/secure.gravatar.com\/avatar\/86dc16766a32aff098b9a6bbf2c3abc20295153deca1d27fcb371d8273fb9f5d?s=96&d=mm&r=g\",\"caption\":\"Janez Marolt\"},\"logo\":{\"@id\":\"https:\/\/marolt-photography.com\/#\/schema\/person\/image\/\"},\"sameAs\":[\"https:\/\/marolt-photography.com\/\",\"https:\/\/www.facebook.com\/janez.fotograf\",\"https:\/\/www.instagram.com\/janezmarolt\/\"]}]}<\/script>\n<!-- \/ Yoast SEO Premium plugin. -->","yoast_head_json":{"title":"Arhitekturna fotografija &#8211; Janez Marolt - Photography","description":"Profesionalna arhitekturna fotografija. Janez Marolt u.d.i.a.","robots":{"index":"index","follow":"follow","max-snippet":"max-snippet:-1","max-image-preview":"max-image-preview:large","max-video-preview":"max-video-preview:-1"},"canonical":"https:\/\/marolt-photography.com\/en\/arhitekturna-fotografija\/","og_locale":"en_GB","og_type":"article","og_title":"Arhitekturna fotografija","og_description":"Profesionalna arhitekturna fotografija. Janez Marolt u.d.i.a.","og_url":"https:\/\/marolt-photography.com\/en\/arhitekturna-fotografija\/","og_site_name":"Janez Marolt - Photography","article_publisher":"https:\/\/www.facebook.com\/janez.fotograf","article_modified_time":"2014-02-11T18:57:37+00:00","og_image":[{"width":870,"height":345,"url":"https:\/\/marolt-photography.com\/wp-content\/uploads\/2013\/08\/Arhitekturna_foto_Janez_Marolt_Ljubljanski_grad.jpg","type":"image\/jpeg"}],"schema":{"@context":"https:\/\/schema.org","@graph":[{"@type":"WebPage","@id":"https:\/\/marolt-photography.com\/en\/arhitekturna-fotografija\/","url":"https:\/\/marolt-photography.com\/en\/arhitekturna-fotografija\/","name":"Arhitekturna fotografija &#8211; Janez Marolt - Photography","isPartOf":{"@id":"https:\/\/marolt-photography.com\/#website"},"primaryImageOfPage":{"@id":"https:\/\/marolt-photography.com\/en\/arhitekturna-fotografija\/#primaryimage"},"image":{"@id":"https:\/\/marolt-photography.com\/en\/arhitekturna-fotografija\/#primaryimage"},"thumbnailUrl":"https:\/\/marolt-photography.com\/wp-content\/uploads\/2013\/08\/Arhitekturna_foto_Janez_Marolt_Ljubljanski_grad.jpg","datePublished":"2013-08-18T17:16:09+00:00","dateModified":"2014-02-11T18:57:37+00:00","description":"Profesionalna arhitekturna fotografija. Janez Marolt u.d.i.a.","inLanguage":"en-GB","potentialAction":[{"@type":"ReadAction","target":["https:\/\/marolt-photography.com\/en\/arhitekturna-fotografija\/"]}]},{"@type":"ImageObject","inLanguage":"en-GB","@id":"https:\/\/marolt-photography.com\/en\/arhitekturna-fotografija\/#primaryimage","url":"https:\/\/marolt-photography.com\/wp-content\/uploads\/2013\/08\/Arhitekturna_foto_Janez_Marolt_Ljubljanski_grad.jpg","contentUrl":"https:\/\/marolt-photography.com\/wp-content\/uploads\/2013\/08\/Arhitekturna_foto_Janez_Marolt_Ljubljanski_grad.jpg","width":870,"height":345,"caption":"Arhitekturna fotografija - Panoramska fotografija - Ljubljnski grad - Janez Marolt"},{"@type":"WebSite","@id":"https:\/\/marolt-photography.com\/#website","url":"https:\/\/marolt-photography.com\/","name":"Janez Marolt - Photography","description":"Proefssional photography","publisher":{"@id":"https:\/\/marolt-photography.com\/#\/schema\/person\/629b997fdc2e80e5556f662e3e1ed326"},"potentialAction":[{"@type":"SearchAction","target":{"@type":"EntryPoint","urlTemplate":"https:\/\/marolt-photography.com\/?s={search_term_string}"},"query-input":{"@type":"PropertyValueSpecification","valueRequired":true,"valueName":"search_term_string"}}],"inLanguage":"en-GB"},{"@type":["Person","Organization"],"@id":"https:\/\/marolt-photography.com\/#\/schema\/person\/629b997fdc2e80e5556f662e3e1ed326","name":"Janez Marolt - professional photographer based in Ljubljana, Slovenia","image":{"@type":"ImageObject","inLanguage":"en-GB","@id":"https:\/\/marolt-photography.com\/#\/schema\/person\/image\/","url":"https:\/\/secure.gravatar.com\/avatar\/86dc16766a32aff098b9a6bbf2c3abc20295153deca1d27fcb371d8273fb9f5d?s=96&d=mm&r=g","contentUrl":"https:\/\/secure.gravatar.com\/avatar\/86dc16766a32aff098b9a6bbf2c3abc20295153deca1d27fcb371d8273fb9f5d?s=96&d=mm&r=g","caption":"Janez Marolt"},"logo":{"@id":"https:\/\/marolt-photography.com\/#\/schema\/person\/image\/"},"sameAs":["https:\/\/marolt-photography.com\/","https:\/\/www.facebook.com\/janez.fotograf","https:\/\/www.instagram.com\/janezmarolt\/"]}]}},"_links":{"self":[{"href":"https:\/\/marolt-photography.com\/en\/wp-json\/wp\/v2\/pages\/12","targetHints":{"allow":["GET"]}}],"collection":[{"href":"https:\/\/marolt-photography.com\/en\/wp-json\/wp\/v2\/pages"}],"about":[{"href":"https:\/\/marolt-photography.com\/en\/wp-json\/wp\/v2\/types\/page"}],"author":[{"embeddable":true,"href":"https:\/\/marolt-photography.com\/en\/wp-json\/wp\/v2\/users\/1"}],"replies":[{"embeddable":true,"href":"https:\/\/marolt-photography.com\/en\/wp-json\/wp\/v2\/comments?post=12"}],"version-history":[{"count":17,"href":"https:\/\/marolt-photography.com\/en\/wp-json\/wp\/v2\/pages\/12\/revisions"}],"predecessor-version":[{"id":582,"href":"https:\/\/marolt-photography.com\/en\/wp-json\/wp\/v2\/pages\/12\/revisions\/582"}],"wp:featuredmedia":[{"embeddable":true,"href":"https:\/\/marolt-photography.com\/en\/wp-json\/wp\/v2\/media\/36"}],"wp:attachment":[{"href":"https:\/\/marolt-photography.com\/en\/wp-json\/wp\/v2\/media?parent=12"}],"curies":[{"name":"wp","href":"https:\/\/api.w.org\/{rel}","templated":true}]}}