{"id":1653,"date":"2014-12-09T09:37:57","date_gmt":"2014-12-09T09:37:57","guid":{"rendered":"http:\/\/marolt-photography.com\/?page_id=1653"},"modified":"2023-11-06T15:41:38","modified_gmt":"2023-11-06T15:41:38","slug":"izkusnje-s-fotografiranjem-mnenja-strank","status":"publish","type":"page","link":"https:\/\/marolt-photography.com\/en\/izkusnje-s-fotografiranjem-mnenja-strank\/","title":{"rendered":"Izku\u0161nje s fotografiranjem &#8211; mnenja strank"},"content":{"rendered":"<h1>Izku\u0161nje ljudi s fotografiranjem<\/h1>\n<div><img loading=\"lazy\" decoding=\"async\" class=\"alignnone size-full wp-image-2690\" src=\"https:\/\/marolt-photography.com\/wp-content\/uploads\/2017\/08\/DSC2999_Karmen_Pangos_poslovni_portret_foto_Janez_Marolt.jpg\" alt=\"\" width=\"902\" height=\"602\" srcset=\"https:\/\/marolt-photography.com\/wp-content\/uploads\/2017\/08\/DSC2999_Karmen_Pangos_poslovni_portret_foto_Janez_Marolt.jpg 902w, https:\/\/marolt-photography.com\/wp-content\/uploads\/2017\/08\/DSC2999_Karmen_Pangos_poslovni_portret_foto_Janez_Marolt-300x200.jpg 300w, https:\/\/marolt-photography.com\/wp-content\/uploads\/2017\/08\/DSC2999_Karmen_Pangos_poslovni_portret_foto_Janez_Marolt-768x513.jpg 768w\" sizes=\"auto, (max-width: 902px) 100vw, 902px\" \/><img loading=\"lazy\" decoding=\"async\" class=\"alignnone size-full wp-image-2691\" src=\"https:\/\/marolt-photography.com\/wp-content\/uploads\/2017\/08\/DSC3299_Karmen_Pangos_poslovni_portret_foto_Janez_Marolt.jpg\" alt=\"\" width=\"902\" height=\"602\" srcset=\"https:\/\/marolt-photography.com\/wp-content\/uploads\/2017\/08\/DSC3299_Karmen_Pangos_poslovni_portret_foto_Janez_Marolt.jpg 902w, https:\/\/marolt-photography.com\/wp-content\/uploads\/2017\/08\/DSC3299_Karmen_Pangos_poslovni_portret_foto_Janez_Marolt-300x200.jpg 300w, https:\/\/marolt-photography.com\/wp-content\/uploads\/2017\/08\/DSC3299_Karmen_Pangos_poslovni_portret_foto_Janez_Marolt-768x513.jpg 768w\" sizes=\"auto, (max-width: 902px) 100vw, 902px\" \/>Janez, thank you for the images. In fact I am speachless, excited, happy...<\/div>\n<div dir=\"auto\">Also my housband said they are wonderful.<\/div>\n<div dir=\"auto\"><\/div>\n<div dir=\"auto\">Thank you and all best.<\/div>\n<div dir=\"auto\">My recommendations will surely follow, I'll pass on your contact, if I may, when somebody asks ;).<\/div>\n<div dir=\"auto\"><\/div>\n<div dir=\"auto\">Regards<\/div>\n<div dir=\"auto\">Karmen<\/div>\n<div dir=\"auto\"><\/div>\n<div dir=\"auto\"><\/div>\n<div dir=\"auto\"><\/div>\n<div dir=\"auto\"><\/div>\n<div dir=\"auto\"><\/div>\n<div dir=\"auto\">_<\/div>\n<div dir=\"auto\"><\/div>\n<div dir=\"auto\"><img loading=\"lazy\" decoding=\"async\" class=\"alignnone size-full wp-image-4288\" src=\"https:\/\/marolt-photography.com\/wp-content\/uploads\/2021\/01\/DSC7929_Luna_J_Sribar_foto_Janez_Marolt.jpg\" alt=\"Portret pisateljice - Luna Juran\u010di\u010d \u0160ribar - portretna fotografija Janez Marolt\" width=\"1080\" height=\"719\" srcset=\"https:\/\/marolt-photography.com\/wp-content\/uploads\/2021\/01\/DSC7929_Luna_J_Sribar_foto_Janez_Marolt.jpg 1080w, https:\/\/marolt-photography.com\/wp-content\/uploads\/2021\/01\/DSC7929_Luna_J_Sribar_foto_Janez_Marolt-300x200.jpg 300w, https:\/\/marolt-photography.com\/wp-content\/uploads\/2021\/01\/DSC7929_Luna_J_Sribar_foto_Janez_Marolt-1024x682.jpg 1024w, https:\/\/marolt-photography.com\/wp-content\/uploads\/2021\/01\/DSC7929_Luna_J_Sribar_foto_Janez_Marolt-768x511.jpg 768w, https:\/\/marolt-photography.com\/wp-content\/uploads\/2021\/01\/DSC7929_Luna_J_Sribar_foto_Janez_Marolt-16x12.jpg 16w, https:\/\/marolt-photography.com\/wp-content\/uploads\/2021\/01\/DSC7929_Luna_J_Sribar_foto_Janez_Marolt-904x602.jpg 904w, https:\/\/marolt-photography.com\/wp-content\/uploads\/2021\/01\/DSC7929_Luna_J_Sribar_foto_Janez_Marolt-272x182.jpg 272w\" sizes=\"auto, (max-width: 1080px) 100vw, 1080px\" \/><span class=\"tojvnm2t a6sixzi8 abs2jz4q a8s20v7p t1p8iaqh k5wvi7nf q3lfd5jv pk4s997a bipmatt0 cebpdrjk qowsmv63 owwhemhu dp1hu0rb dhp61c6y iyyx5f41\">Vau Janez! Krasne so. Ful hvala. V\u010deraj sem se po\u010dutila res relaxed, zna\u0161 ustvariti tako toplo doma\u010do atmosfero (pa ne samo zarad kaloriferja \ud83d\ude42 , da \u010dlovek zgubi vso tremo.<\/span><\/div>\n<div dir=\"auto\"><span class=\"tojvnm2t a6sixzi8 abs2jz4q a8s20v7p t1p8iaqh k5wvi7nf q3lfd5jv pk4s997a bipmatt0 cebpdrjk qowsmv63 owwhemhu dp1hu0rb dhp61c6y iyyx5f41\">Lepo bodi!<\/span><\/div>\n<div dir=\"auto\"><span class=\"tojvnm2t a6sixzi8 abs2jz4q a8s20v7p t1p8iaqh k5wvi7nf q3lfd5jv pk4s997a bipmatt0 cebpdrjk qowsmv63 owwhemhu dp1hu0rb dhp61c6y iyyx5f41\">L.<\/span><\/div>\n<div dir=\"auto\"><\/div>\n<div dir=\"auto\"><\/div>\n<div dir=\"auto\">\n<div dir=\"auto\">\n<p>_<\/p>\n<\/div>\n<\/div>\n<div dir=\"auto\"><\/div>\n<div dir=\"auto\"><\/div>\n<div dir=\"auto\">\n<div dir=\"ltr\"><img loading=\"lazy\" decoding=\"async\" class=\"alignnone size-full wp-image-2345\" src=\"http:\/\/marolt-photography.com\/wp-content\/uploads\/2016\/11\/Portrait_photography_Janez_Marolt_DSC0744.jpg\" alt=\"portrait_photography_janez_marolt_dsc0744\" width=\"902\" height=\"602\" srcset=\"https:\/\/marolt-photography.com\/wp-content\/uploads\/2016\/11\/Portrait_photography_Janez_Marolt_DSC0744.jpg 902w, https:\/\/marolt-photography.com\/wp-content\/uploads\/2016\/11\/Portrait_photography_Janez_Marolt_DSC0744-300x200.jpg 300w, https:\/\/marolt-photography.com\/wp-content\/uploads\/2016\/11\/Portrait_photography_Janez_Marolt_DSC0744-768x513.jpg 768w\" sizes=\"auto, (max-width: 902px) 100vw, 902px\" \/><img loading=\"lazy\" decoding=\"async\" class=\"alignnone size-full wp-image-2346\" src=\"http:\/\/marolt-photography.com\/wp-content\/uploads\/2016\/11\/Portrait_photography_Janez_Marolt_DSC7867.jpg\" alt=\"portrait_photography_janez_marolt_dsc7867\" width=\"902\" height=\"601\" srcset=\"https:\/\/marolt-photography.com\/wp-content\/uploads\/2016\/11\/Portrait_photography_Janez_Marolt_DSC7867.jpg 902w, https:\/\/marolt-photography.com\/wp-content\/uploads\/2016\/11\/Portrait_photography_Janez_Marolt_DSC7867-300x200.jpg 300w, https:\/\/marolt-photography.com\/wp-content\/uploads\/2016\/11\/Portrait_photography_Janez_Marolt_DSC7867-768x512.jpg 768w\" sizes=\"auto, (max-width: 902px) 100vw, 902px\" \/>Dear Janez, as I am cleaning up my computer, I want to use the occasion to tell you:<\/div>\n<p>I used 5 photos from you on a dating site. I had about 3 visitors per week in the preceding period, now there are about 5 per day (conversion is different topic, fortunately, I can\u2019t be that busy J). It is telling me what I knew about the value of professional photography.<\/p>\n<p>Thank you for your inspiring great work!<\/p>\n<p>Kind regards, T.<\/p>\n<p>_________________<\/p>\n<p>Dear Janez,<\/p>\n<p>at home I looked at the photos in peace and I was left speechless. Really top notch, thanks again.<\/p>\n<p>Regards!<\/p>\n<p>I.<\/p>\n<p>_________________<\/p>\n<div>Pozdravljen, Janez!<\/div>\n<div><\/div>\n<div>Najlep\u0161a hvala za \u010dudovite fotografije! Ne morem verjet, kako imam lepe sodelavce <span id=\"m_-6286651736913148831&#x1f642;\"><img decoding=\"async\" class=\"an1\" src=\"https:\/\/fonts.gstatic.com\/s\/e\/notoemoji\/15.0\/1f642\/32.png\" alt=\"&#x1f642;\" data-emoji=\"&#x1f642;\" aria-label=\"&#x1f642;\" \/><\/span> \u0160e nikoli jih nisem videla v tako lepi lu\u010di! Te fotografije res potegnejo iz \u010dloveka najlep\u0161e.<\/div>\n<div><\/div>\n<div>Najlep\u0161a hvala \u0161e enkrat, sre\u010dno!<\/div>\n<\/div>\n<div><\/div>\n<div>Mateja<\/div>\n<div dir=\"auto\">\n<p>_________________<\/p>\n<\/div>\n<div dir=\"auto\"><\/div>\n<p><img loading=\"lazy\" decoding=\"async\" class=\"alignnone size-full wp-image-1666\" src=\"http:\/\/marolt-photography.com\/wp-content\/uploads\/2014\/12\/Portret_nosecnice_s_partnerjem_v_mestu_Janez_Marolt.jpg\" alt=\"Nose\u010dnica s partnerjem v starem mestu\" width=\"900\" height=\"601\" srcset=\"https:\/\/marolt-photography.com\/wp-content\/uploads\/2014\/12\/Portret_nosecnice_s_partnerjem_v_mestu_Janez_Marolt.jpg 900w, https:\/\/marolt-photography.com\/wp-content\/uploads\/2014\/12\/Portret_nosecnice_s_partnerjem_v_mestu_Janez_Marolt-300x200.jpg 300w\" sizes=\"auto, (max-width: 900px) 100vw, 900px\" \/>My partner gave me the pregnancy photosession as a birthday gift. I have always wanted a memory of that special time and I got a lot more. The experience of the photographing was very special and pleasant. We have met a few days beforeand talked about our wishes. Janez told us what are the possibilities, what we can expect and how to prepare for the photo session.<\/p>\n<p>It was clear to me instantly, he has a lot of experinece with pregnant women. He knew all about what should I wear to show my rounded belly nicely When I'll be tired and when is the best time to take photos. I liked that we met before and talked about it. This way everything was easer on the day of the photoshoot.<\/p>\n<p>Odlo\u010dila sva se tudi za nekaj golih fotografij v studiu. Vzdu\u0161je je bilo mirno, spro\u0161\u010deno in prijetno, ves \u010das pa je bil v ospredju trebu\u0161\u010dek, tako da z goloto nisem imela nobenih te\u017eav in so tedaj nastale ene najlep\u0161ih fotografij. Fotografiranje zunaj pa je bilo zabavno in ljube\u010de, saj sva bila s partnerjem skoraj 3 ure osredoto\u010dena le eden na drugega in na moj trebu\u0161\u010dek. Janez naju je usmerjal in predlagal, kako in kam se postaviva in v\u010dasih sva malo pozirala, sicer pa sva veliko klepetala, se smejala in sprehajala, vmes pa so nastajali spomini na \u010das, preden smo bili trije.. &#8221;<\/p>\n<p>Tanja <em>a portretee<\/em><\/p>\n<p>_________________<\/p>\n<div>\n<div><img loading=\"lazy\" decoding=\"async\" class=\"alignnone size-full wp-image-2352\" src=\"http:\/\/marolt-photography.com\/wp-content\/uploads\/2016\/11\/Nosecnica_foto_Janez_Marolt_DSC4852_telo.jpg\" alt=\"nosecnica_foto_janez_marolt_dsc4852_telo\" width=\"902\" height=\"602\" srcset=\"https:\/\/marolt-photography.com\/wp-content\/uploads\/2016\/11\/Nosecnica_foto_Janez_Marolt_DSC4852_telo.jpg 902w, https:\/\/marolt-photography.com\/wp-content\/uploads\/2016\/11\/Nosecnica_foto_Janez_Marolt_DSC4852_telo-300x200.jpg 300w, https:\/\/marolt-photography.com\/wp-content\/uploads\/2016\/11\/Nosecnica_foto_Janez_Marolt_DSC4852_telo-768x513.jpg 768w\" sizes=\"auto, (max-width: 902px) 100vw, 902px\" \/>WOOOOOOW!!!!!!!!!!!!!!!!!!!!!!<wbr \/>!!! Janez... I've never thought, that I can be beautiful...<\/div>\n<div>THANK YOU. From my heart. We'll hear and see each other...<\/div>\n<\/div>\n<div><\/div>\n<div>Hug, M.<\/div>\n<div><\/div>\n<div><\/div>\n<p><img loading=\"lazy\" decoding=\"async\" class=\"alignnone size-full wp-image-988\" src=\"http:\/\/marolt-photography.com\/wp-content\/uploads\/2014\/10\/DSC2155.jpg\" alt=\"Ana Kunstelj - arhitektka\" width=\"904\" height=\"604\" srcset=\"https:\/\/marolt-photography.com\/wp-content\/uploads\/2014\/10\/DSC2155.jpg 904w, https:\/\/marolt-photography.com\/wp-content\/uploads\/2014\/10\/DSC2155-300x200.jpg 300w\" sizes=\"auto, (max-width: 904px) 100vw, 904px\" \/>\"It was a great pleasure working with photographer Janez Marolt.<\/p>\n<p>He is the personification of male cavalry, photographic professionalism and a charmingly sympathetic performance. For him, the person portrayed is in the first place, and adjusting his lens is something that could be called \"pure enjoyment\".<\/p>\n<p>And when you don't know what the photos will look like - there is laughter, spontaneity and magical moments over and over again. But when the first photos actually come to light, you realize that he has extracted something from you that no one has been able to do so far. Wow!<\/p>\n<p>He will definitely be \u201cmy photographer\u201d from now on! Next session - when I change my hairstyle \/ get married \/ I will be pregnant \/ etc. etc. \u201d<\/p>\n<p>Ana, <em>a portretee<\/em><\/p>\n<p>_________________<\/p>\n<p><img loading=\"lazy\" decoding=\"async\" class=\"alignnone size-full wp-image-995\" src=\"http:\/\/marolt-photography.com\/wp-content\/uploads\/2014\/10\/DSC5898.jpg\" alt=\"portret_DSC5898\" width=\"904\" height=\"604\" srcset=\"https:\/\/marolt-photography.com\/wp-content\/uploads\/2014\/10\/DSC5898.jpg 904w, https:\/\/marolt-photography.com\/wp-content\/uploads\/2014\/10\/DSC5898-300x200.jpg 300w\" sizes=\"auto, (max-width: 904px) 100vw, 904px\" \/>\u201cI\u2019m probably not the only one who doesn\u2019t feel exactly at home in front of a photographic lens. Now I know the secret is in choosing the right photographer. With Janez in the studio, the feeling of discomfort disappears. A pleasant atmosphere and a professional approach that transforms wishes into great photos are a combination that I am happy to recommend! And in the end, it's nice to pick up a photo that you are happy to put on the shelf in the children's room, so that mom is there with her smile even when she's not there. \u201d<\/p>\n<p>Kristina, <em>a portretee<\/em><\/p>\n<p>_________________<\/p>\n<p><img loading=\"lazy\" decoding=\"async\" class=\"alignnone size-full wp-image-1004\" src=\"http:\/\/marolt-photography.com\/wp-content\/uploads\/2014\/10\/DSC8465.jpg\" alt=\"portret_DSC8465\" width=\"904\" height=\"604\" srcset=\"https:\/\/marolt-photography.com\/wp-content\/uploads\/2014\/10\/DSC8465.jpg 904w, https:\/\/marolt-photography.com\/wp-content\/uploads\/2014\/10\/DSC8465-300x200.jpg 300w\" sizes=\"auto, (max-width: 904px) 100vw, 904px\" \/>At first you doubt that you will be able to cope with the task at all, let alone that something aesthetic will result from it. And yet\u2026 masterful leadership, a pleasant and relaxed atmosphere attracts all the potential, to the extent that you didn't even know you had.<\/p>\n<p>My experience was above all pleasent and looking at the result, the joy is immeasurable, thank you again!<\/p>\n<p>Katja, <em>a portretee<\/em><\/p>\n<p>_________________<\/p>\n<p><img loading=\"lazy\" decoding=\"async\" class=\"alignnone size-full wp-image-1485\" src=\"http:\/\/marolt-photography.com\/wp-content\/uploads\/2014\/11\/Demsar_arhitekti_Jozef_Stefan_arhitekturna_fotografija_Marolt_DSC6933.jpg\" alt=\"Fotografija arhitekture - Janez Marolt\" width=\"904\" height=\"604\" srcset=\"https:\/\/marolt-photography.com\/wp-content\/uploads\/2014\/11\/Demsar_arhitekti_Jozef_Stefan_arhitekturna_fotografija_Marolt_DSC6933.jpg 904w, https:\/\/marolt-photography.com\/wp-content\/uploads\/2014\/11\/Demsar_arhitekti_Jozef_Stefan_arhitekturna_fotografija_Marolt_DSC6933-300x200.jpg 300w\" sizes=\"auto, (max-width: 904px) 100vw, 904px\" \/>Our experience of working with photographer Janez Marolt is very positive! In depicting our projects, he managed to present precisely those spatial and aesthetic accents that we ourselves wanted to achieve with our design.<\/p>\n<p>The photographs summarize the feeling of space well and convey the first-person experience of the observer or space user. The images combine both the elegance and the liveliness of the space. Both dynamics and aesthetics. Or classic and innovative. All in the context of a message of the particular design.<\/p>\n<p>I would also like to emphasize his keen sense for the composition of the painting and the selection of characteristic design details.<\/p>\n<p>The photographs are technically and aesthetically at the highest level, which is also proven by the larger magnifications of the image or the detailed cut-outs of the image.<\/p>\n<p>Cooperation with him was always professional, communication was efficient, the execution of the order was fast and strictly within the agreed deadlines. So I hope we will present many more of our works together!<\/p>\n<p>Miha Ma\u010dek, <em>Dem\u0161ar arhitekti<\/em><\/p>","protected":false},"excerpt":{"rendered":"<p>Izku\u0161nje ljudi s fotografiranjem Janez, hvala za slike. V bistvu sem brez besed, navdu\u0161ena, sre\u010dna&#8230;. \u010cudovite so je rekel tudi moj mo\u017e. Hvala in vse dobro. Priporo\u010dila pa zagotovo sledijo, bom dala kar tvoj kontakt \u010de dovoli\u0161 ko me bo kdo vpra\u0161al ;-). Lp Karmen _ Vau Janez! Krasne so. Ful hvala. V\u010deraj sem se [&hellip;]<\/p>\n","protected":false},"author":1,"featured_media":0,"parent":0,"menu_order":0,"comment_status":"closed","ping_status":"closed","template":"template-notitle.php","meta":{"footnotes":""},"class_list":["post-1653","page","type-page","status-publish","hentry","content-columns-1"],"yoast_head":"<!-- This site is optimized with the Yoast SEO Premium plugin v27.1 (Yoast SEO v27.1.1) - https:\/\/yoast.com\/product\/yoast-seo-premium-wordpress\/ -->\n<title>Profesionalna fotografija - izku\u0161nje strank<\/title>\n<meta name=\"description\" content=\"Izku\u0161nje s fotografiranjem - Kako so bili zadovoljni judje, ki so nam zaupali.\" \/>\n<meta name=\"robots\" content=\"index, follow, max-snippet:-1, max-image-preview:large, max-video-preview:-1\" \/>\n<link rel=\"canonical\" href=\"https:\/\/marolt-photography.com\/en\/izkusnje-s-fotografiranjem-mnenja-strank\/\" \/>\n<meta property=\"og:locale\" content=\"en_GB\" \/>\n<meta property=\"og:type\" content=\"article\" \/>\n<meta property=\"og:title\" content=\"Izku\u0161nje s fotografiranjem - mnenja strank\" \/>\n<meta property=\"og:description\" content=\"Izku\u0161nje s fotografiranjem - Kako so bili zadovoljni judje, ki so nam zaupali.\" \/>\n<meta property=\"og:url\" content=\"https:\/\/marolt-photography.com\/en\/izkusnje-s-fotografiranjem-mnenja-strank\/\" \/>\n<meta property=\"og:site_name\" content=\"Janez Marolt - Photography\" \/>\n<meta property=\"article:publisher\" content=\"https:\/\/www.facebook.com\/janez.fotograf\" \/>\n<meta property=\"article:modified_time\" content=\"2023-11-06T15:41:38+00:00\" \/>\n<meta property=\"og:image\" content=\"https:\/\/marolt-photography.com\/wp-content\/uploads\/2017\/08\/DSC2999_Karmen_Pangos_poslovni_portret_foto_Janez_Marolt.jpg\" \/>\n<meta name=\"twitter:label1\" content=\"Estimated reading time\" \/>\n\t<meta name=\"twitter:data1\" content=\"8 minutes\" \/>\n<script type=\"application\/ld+json\" class=\"yoast-schema-graph\">{\"@context\":\"https:\/\/schema.org\",\"@graph\":[{\"@type\":\"WebPage\",\"@id\":\"https:\/\/marolt-photography.com\/izkusnje-s-fotografiranjem-mnenja-strank\/\",\"url\":\"https:\/\/marolt-photography.com\/izkusnje-s-fotografiranjem-mnenja-strank\/\",\"name\":\"Profesionalna fotografija - izku\u0161nje strank\",\"isPartOf\":{\"@id\":\"https:\/\/marolt-photography.com\/#website\"},\"primaryImageOfPage\":{\"@id\":\"https:\/\/marolt-photography.com\/izkusnje-s-fotografiranjem-mnenja-strank\/#primaryimage\"},\"image\":{\"@id\":\"https:\/\/marolt-photography.com\/izkusnje-s-fotografiranjem-mnenja-strank\/#primaryimage\"},\"thumbnailUrl\":\"https:\/\/marolt-photography.com\/wp-content\/uploads\/2017\/08\/DSC2999_Karmen_Pangos_poslovni_portret_foto_Janez_Marolt.jpg\",\"datePublished\":\"2014-12-09T09:37:57+00:00\",\"dateModified\":\"2023-11-06T15:41:38+00:00\",\"description\":\"Izku\u0161nje s fotografiranjem - Kako so bili zadovoljni judje, ki so nam zaupali.\",\"inLanguage\":\"en-GB\",\"potentialAction\":[{\"@type\":\"ReadAction\",\"target\":[\"https:\/\/marolt-photography.com\/izkusnje-s-fotografiranjem-mnenja-strank\/\"]}]},{\"@type\":\"ImageObject\",\"inLanguage\":\"en-GB\",\"@id\":\"https:\/\/marolt-photography.com\/izkusnje-s-fotografiranjem-mnenja-strank\/#primaryimage\",\"url\":\"https:\/\/marolt-photography.com\/wp-content\/uploads\/2017\/08\/DSC2999_Karmen_Pangos_poslovni_portret_foto_Janez_Marolt.jpg\",\"contentUrl\":\"https:\/\/marolt-photography.com\/wp-content\/uploads\/2017\/08\/DSC2999_Karmen_Pangos_poslovni_portret_foto_Janez_Marolt.jpg\"},{\"@type\":\"WebSite\",\"@id\":\"https:\/\/marolt-photography.com\/#website\",\"url\":\"https:\/\/marolt-photography.com\/\",\"name\":\"Janez Marolt - Photography\",\"description\":\"Profesionalna fotografija\",\"publisher\":{\"@id\":\"https:\/\/marolt-photography.com\/#\/schema\/person\/629b997fdc2e80e5556f662e3e1ed326\"},\"potentialAction\":[{\"@type\":\"SearchAction\",\"target\":{\"@type\":\"EntryPoint\",\"urlTemplate\":\"https:\/\/marolt-photography.com\/?s={search_term_string}\"},\"query-input\":{\"@type\":\"PropertyValueSpecification\",\"valueRequired\":true,\"valueName\":\"search_term_string\"}}],\"inLanguage\":\"en-GB\"},{\"@type\":[\"Person\",\"Organization\"],\"@id\":\"https:\/\/marolt-photography.com\/#\/schema\/person\/629b997fdc2e80e5556f662e3e1ed326\",\"name\":\"Janez Marolt\",\"image\":{\"@type\":\"ImageObject\",\"inLanguage\":\"en-GB\",\"@id\":\"https:\/\/marolt-photography.com\/#\/schema\/person\/image\/\",\"url\":\"https:\/\/secure.gravatar.com\/avatar\/86dc16766a32aff098b9a6bbf2c3abc20295153deca1d27fcb371d8273fb9f5d?s=96&d=mm&r=g\",\"contentUrl\":\"https:\/\/secure.gravatar.com\/avatar\/86dc16766a32aff098b9a6bbf2c3abc20295153deca1d27fcb371d8273fb9f5d?s=96&d=mm&r=g\",\"caption\":\"Janez Marolt\"},\"logo\":{\"@id\":\"https:\/\/marolt-photography.com\/#\/schema\/person\/image\/\"},\"sameAs\":[\"https:\/\/marolt-photography.com\/\",\"https:\/\/www.facebook.com\/janez.fotograf\",\"https:\/\/www.instagram.com\/janezmarolt\/\"]}]}<\/script>\n<!-- \/ Yoast SEO Premium plugin. -->","yoast_head_json":{"title":"Profesionalna fotografija - izku\u0161nje strank","description":"Izku\u0161nje s fotografiranjem - Kako so bili zadovoljni judje, ki so nam zaupali.","robots":{"index":"index","follow":"follow","max-snippet":"max-snippet:-1","max-image-preview":"max-image-preview:large","max-video-preview":"max-video-preview:-1"},"canonical":"https:\/\/marolt-photography.com\/en\/izkusnje-s-fotografiranjem-mnenja-strank\/","og_locale":"en_GB","og_type":"article","og_title":"Izku\u0161nje s fotografiranjem - mnenja strank","og_description":"Izku\u0161nje s fotografiranjem - Kako so bili zadovoljni judje, ki so nam zaupali.","og_url":"https:\/\/marolt-photography.com\/en\/izkusnje-s-fotografiranjem-mnenja-strank\/","og_site_name":"Janez Marolt - Photography","article_publisher":"https:\/\/www.facebook.com\/janez.fotograf","article_modified_time":"2023-11-06T15:41:38+00:00","og_image":[{"url":"https:\/\/marolt-photography.com\/wp-content\/uploads\/2017\/08\/DSC2999_Karmen_Pangos_poslovni_portret_foto_Janez_Marolt.jpg","type":"","width":"","height":""}],"twitter_misc":{"Estimated reading time":"8 minutes"},"schema":{"@context":"https:\/\/schema.org","@graph":[{"@type":"WebPage","@id":"https:\/\/marolt-photography.com\/izkusnje-s-fotografiranjem-mnenja-strank\/","url":"https:\/\/marolt-photography.com\/izkusnje-s-fotografiranjem-mnenja-strank\/","name":"Profesionalna fotografija - izku\u0161nje strank","isPartOf":{"@id":"https:\/\/marolt-photography.com\/#website"},"primaryImageOfPage":{"@id":"https:\/\/marolt-photography.com\/izkusnje-s-fotografiranjem-mnenja-strank\/#primaryimage"},"image":{"@id":"https:\/\/marolt-photography.com\/izkusnje-s-fotografiranjem-mnenja-strank\/#primaryimage"},"thumbnailUrl":"https:\/\/marolt-photography.com\/wp-content\/uploads\/2017\/08\/DSC2999_Karmen_Pangos_poslovni_portret_foto_Janez_Marolt.jpg","datePublished":"2014-12-09T09:37:57+00:00","dateModified":"2023-11-06T15:41:38+00:00","description":"Izku\u0161nje s fotografiranjem - Kako so bili zadovoljni judje, ki so nam zaupali.","inLanguage":"en-GB","potentialAction":[{"@type":"ReadAction","target":["https:\/\/marolt-photography.com\/izkusnje-s-fotografiranjem-mnenja-strank\/"]}]},{"@type":"ImageObject","inLanguage":"en-GB","@id":"https:\/\/marolt-photography.com\/izkusnje-s-fotografiranjem-mnenja-strank\/#primaryimage","url":"https:\/\/marolt-photography.com\/wp-content\/uploads\/2017\/08\/DSC2999_Karmen_Pangos_poslovni_portret_foto_Janez_Marolt.jpg","contentUrl":"https:\/\/marolt-photography.com\/wp-content\/uploads\/2017\/08\/DSC2999_Karmen_Pangos_poslovni_portret_foto_Janez_Marolt.jpg"},{"@type":"WebSite","@id":"https:\/\/marolt-photography.com\/#website","url":"https:\/\/marolt-photography.com\/","name":"Janez Marolt - Photography","description":"Proefssional photography","publisher":{"@id":"https:\/\/marolt-photography.com\/#\/schema\/person\/629b997fdc2e80e5556f662e3e1ed326"},"potentialAction":[{"@type":"SearchAction","target":{"@type":"EntryPoint","urlTemplate":"https:\/\/marolt-photography.com\/?s={search_term_string}"},"query-input":{"@type":"PropertyValueSpecification","valueRequired":true,"valueName":"search_term_string"}}],"inLanguage":"en-GB"},{"@type":["Person","Organization"],"@id":"https:\/\/marolt-photography.com\/#\/schema\/person\/629b997fdc2e80e5556f662e3e1ed326","name":"Janez Marolt - professional photographer based in Ljubljana, Slovenia","image":{"@type":"ImageObject","inLanguage":"en-GB","@id":"https:\/\/marolt-photography.com\/#\/schema\/person\/image\/","url":"https:\/\/secure.gravatar.com\/avatar\/86dc16766a32aff098b9a6bbf2c3abc20295153deca1d27fcb371d8273fb9f5d?s=96&d=mm&r=g","contentUrl":"https:\/\/secure.gravatar.com\/avatar\/86dc16766a32aff098b9a6bbf2c3abc20295153deca1d27fcb371d8273fb9f5d?s=96&d=mm&r=g","caption":"Janez Marolt"},"logo":{"@id":"https:\/\/marolt-photography.com\/#\/schema\/person\/image\/"},"sameAs":["https:\/\/marolt-photography.com\/","https:\/\/www.facebook.com\/janez.fotograf","https:\/\/www.instagram.com\/janezmarolt\/"]}]}},"_links":{"self":[{"href":"https:\/\/marolt-photography.com\/en\/wp-json\/wp\/v2\/pages\/1653","targetHints":{"allow":["GET"]}}],"collection":[{"href":"https:\/\/marolt-photography.com\/en\/wp-json\/wp\/v2\/pages"}],"about":[{"href":"https:\/\/marolt-photography.com\/en\/wp-json\/wp\/v2\/types\/page"}],"author":[{"embeddable":true,"href":"https:\/\/marolt-photography.com\/en\/wp-json\/wp\/v2\/users\/1"}],"replies":[{"embeddable":true,"href":"https:\/\/marolt-photography.com\/en\/wp-json\/wp\/v2\/comments?post=1653"}],"version-history":[{"count":33,"href":"https:\/\/marolt-photography.com\/en\/wp-json\/wp\/v2\/pages\/1653\/revisions"}],"predecessor-version":[{"id":4623,"href":"https:\/\/marolt-photography.com\/en\/wp-json\/wp\/v2\/pages\/1653\/revisions\/4623"}],"wp:attachment":[{"href":"https:\/\/marolt-photography.com\/en\/wp-json\/wp\/v2\/media?parent=1653"}],"curies":[{"name":"wp","href":"https:\/\/api.w.org\/{rel}","templated":true}]}}