{"id":17,"date":"2013-08-18T17:17:10","date_gmt":"2013-08-18T17:17:10","guid":{"rendered":"http:\/\/marolt-photography.com\/?page_id=17"},"modified":"2020-03-31T11:37:52","modified_gmt":"2020-03-31T11:37:52","slug":"porocna-fotografija","status":"publish","type":"page","link":"https:\/\/marolt-photography.com\/en\/porocna-fotografija\/","title":{"rendered":"Poro\u010dni fotograf &#8211; fotografiranje Porok"},"content":{"rendered":"<h1>Wedding photography<\/h1>\n<p>Fotografiranje porok je lepa, vesela in zahtevna naloga. Pri delu i\u0161\u010dem pristen stik z vama. Najbolj\u0161e poro\u010dne fotografije nastanejo ob resni\u010dnih in iskrenih trenutkih, ki se dogajajo med mladoporo\u010dencema in svati.<\/p>\n<p>Rad imam iz\u010di\u0161\u010dene slike z visoko portretno verdnostjo.<\/p>\n<p><a href=\"http:\/\/marolt-photography.com\/en\/prokoa-stanjel-ferrarijev-vrt-iva-jaro\/\" target=\"_blank\" rel=\"noopener noreferrer\"><img loading=\"lazy\" decoding=\"async\" class=\"alignnone wp-image-1983 size-full\" src=\"http:\/\/marolt-photography.com\/wp-content\/uploads\/2015\/08\/IvaJaro_0526_fotografiranje_porok_Janez_Marolt.jpg\" alt=\"Iva&amp;Jaro_0526_fotografiranje_porok_Janez_Marolt-\u0160tanjel\" width=\"904\" height=\"604\" srcset=\"https:\/\/marolt-photography.com\/wp-content\/uploads\/2015\/08\/IvaJaro_0526_fotografiranje_porok_Janez_Marolt.jpg 904w, https:\/\/marolt-photography.com\/wp-content\/uploads\/2015\/08\/IvaJaro_0526_fotografiranje_porok_Janez_Marolt-300x200.jpg 300w\" sizes=\"auto, (max-width: 904px) 100vw, 904px\" \/><\/a><a title=\"Poroka v \u0160tanjelu \u2013 Iva&amp;Jaro\" href=\"http:\/\/marolt-photography.com\/en\/poroka-stanjel-ferrarijev-vrt-iva-jaro\/\" target=\"_blank\" rel=\"noopener noreferrer\">Iva&amp;Jaro, Ferrarijev vrt, \u0160tanjel.<\/a><\/p>\n<p><a href=\"http:\/\/marolt-photography.com\/wp-content\/uploads\/2013\/08\/Janez_Marolt_poroke_01.jpg\"><img loading=\"lazy\" decoding=\"async\" class=\"alignnone size-full wp-image-239\" title=\"\u017denin in nevesta v stari Ljubljani\" src=\"http:\/\/marolt-photography.com\/wp-content\/uploads\/2013\/08\/Janez_Marolt_poroke_01.jpg\" alt=\"Poro\u010dna fotografija - Janez Marolt\" width=\"804\" height=\"537\" srcset=\"https:\/\/marolt-photography.com\/wp-content\/uploads\/2013\/08\/Janez_Marolt_poroke_01.jpg 804w, https:\/\/marolt-photography.com\/wp-content\/uploads\/2013\/08\/Janez_Marolt_poroke_01-300x200.jpg 300w\" sizes=\"auto, (max-width: 804px) 100vw, 804px\" \/><\/a><\/p>\n<p><a href=\"http:\/\/marolt-photography.com\/wp-content\/uploads\/2013\/08\/Janez_Marolt_poroke_02.jpg\"><img loading=\"lazy\" decoding=\"async\" class=\"alignnone wp-image-240 size-full\" title=\"\u017denin in nevesta v pred ve\u010derjo s pogledom na Ljubljano\" src=\"http:\/\/marolt-photography.com\/wp-content\/uploads\/2013\/08\/Janez_Marolt_poroke_02.jpg\" alt=\"Sara&amp;\u017diga-Fotografiranje porok-Janez Marolt\" width=\"804\" height=\"537\" srcset=\"https:\/\/marolt-photography.com\/wp-content\/uploads\/2013\/08\/Janez_Marolt_poroke_02.jpg 804w, https:\/\/marolt-photography.com\/wp-content\/uploads\/2013\/08\/Janez_Marolt_poroke_02-300x200.jpg 300w\" sizes=\"auto, (max-width: 804px) 100vw, 804px\" \/><\/a><\/p>\n<p><a href=\"http:\/\/marolt-photography.com\/wp-content\/uploads\/2013\/08\/Janez_Marolt_poroke_04.jpg\"><img loading=\"lazy\" decoding=\"async\" class=\"alignnone size-full wp-image-242\" title=\"Poro\u010dna prstana\" src=\"http:\/\/marolt-photography.com\/wp-content\/uploads\/2013\/08\/Janez_Marolt_poroke_04.jpg\" alt=\"Poro\u010dna fotografija - Janez Marolt\" width=\"687\" height=\"1028\" srcset=\"https:\/\/marolt-photography.com\/wp-content\/uploads\/2013\/08\/Janez_Marolt_poroke_04.jpg 687w, https:\/\/marolt-photography.com\/wp-content\/uploads\/2013\/08\/Janez_Marolt_poroke_04-200x300.jpg 200w, https:\/\/marolt-photography.com\/wp-content\/uploads\/2013\/08\/Janez_Marolt_poroke_04-684x1024.jpg 684w, https:\/\/marolt-photography.com\/wp-content\/uploads\/2013\/08\/Janez_Marolt_poroke_04-604x904.jpg 604w\" sizes=\"auto, (max-width: 687px) 100vw, 687px\" \/><\/a><\/p>\n<p><a href=\"http:\/\/marolt-photography.com\/wp-content\/uploads\/2013\/08\/Janez_Marolt_poroke_05.jpg\"><img loading=\"lazy\" decoding=\"async\" class=\"alignnone size-full wp-image-243\" title=\"Poro\u010dni \u0161opek s prstanoma\" src=\"http:\/\/marolt-photography.com\/wp-content\/uploads\/2013\/08\/Janez_Marolt_poroke_05.jpg\" alt=\"Poro\u010dna fotografija - Janez Marolt\" width=\"473\" height=\"704\" srcset=\"https:\/\/marolt-photography.com\/wp-content\/uploads\/2013\/08\/Janez_Marolt_poroke_05.jpg 473w, https:\/\/marolt-photography.com\/wp-content\/uploads\/2013\/08\/Janez_Marolt_poroke_05-201x300.jpg 201w\" sizes=\"auto, (max-width: 473px) 100vw, 473px\" \/><\/a><\/p>\n<p><a href=\"http:\/\/marolt-photography.com\/wp-content\/uploads\/2013\/08\/Janez_Marolt_poroke_06.jpg\"><img loading=\"lazy\" decoding=\"async\" class=\"alignnone size-full wp-image-244\" title=\"Sve\u017ee poro\u010dena\" src=\"http:\/\/marolt-photography.com\/wp-content\/uploads\/2013\/08\/Janez_Marolt_poroke_06.jpg\" alt=\"Poro\u010dna fotografija - Janez Marolt\" width=\"473\" height=\"704\" srcset=\"https:\/\/marolt-photography.com\/wp-content\/uploads\/2013\/08\/Janez_Marolt_poroke_06.jpg 473w, https:\/\/marolt-photography.com\/wp-content\/uploads\/2013\/08\/Janez_Marolt_poroke_06-201x300.jpg 201w\" sizes=\"auto, (max-width: 473px) 100vw, 473px\" \/><\/a><\/p>\n<p><a href=\"http:\/\/marolt-photography.com\/wp-content\/uploads\/2013\/08\/Janez_Marolt_poroke_07.jpg\"><img loading=\"lazy\" decoding=\"async\" class=\"alignnone size-full wp-image-245\" title=\"Mladoporo\u010denca v travi ob mostu\" src=\"http:\/\/marolt-photography.com\/wp-content\/uploads\/2013\/08\/Janez_Marolt_poroke_07.jpg\" alt=\"Poro\u010dna fotografija - Janez Marolt\" width=\"404\" height=\"604\" srcset=\"https:\/\/marolt-photography.com\/wp-content\/uploads\/2013\/08\/Janez_Marolt_poroke_07.jpg 404w, https:\/\/marolt-photography.com\/wp-content\/uploads\/2013\/08\/Janez_Marolt_poroke_07-200x300.jpg 200w\" sizes=\"auto, (max-width: 404px) 100vw, 404px\" \/><\/a><\/p>\n<p><a href=\"http:\/\/marolt-photography.com\/wp-content\/uploads\/2013\/08\/Janez_Marolt_poroke_08.jpg\"><img loading=\"lazy\" decoding=\"async\" class=\"alignnone size-full wp-image-246\" title=\"Skok na Ljubljanskem gradu\" src=\"http:\/\/marolt-photography.com\/wp-content\/uploads\/2013\/08\/Janez_Marolt_poroke_08.jpg\" alt=\"Poro\u010dna fotografija - Janez Marolt\" width=\"341\" height=\"508\" srcset=\"https:\/\/marolt-photography.com\/wp-content\/uploads\/2013\/08\/Janez_Marolt_poroke_08.jpg 341w, https:\/\/marolt-photography.com\/wp-content\/uploads\/2013\/08\/Janez_Marolt_poroke_08-201x300.jpg 201w\" sizes=\"auto, (max-width: 341px) 100vw, 341px\" \/><\/a><\/p>\n<p><a href=\"http:\/\/marolt-photography.com\/wp-content\/uploads\/2013\/08\/Janez_Marolt_poroke_09.jpg\"><img loading=\"lazy\" decoding=\"async\" class=\"alignnone size-full wp-image-247\" title=\"Odsev mladoporo\u010decev v potoku v Bistri\" src=\"http:\/\/marolt-photography.com\/wp-content\/uploads\/2013\/08\/Janez_Marolt_poroke_09.jpg\" alt=\"Poro\u010dna fotografija - Janez Marolt\" width=\"537\" height=\"804\" srcset=\"https:\/\/marolt-photography.com\/wp-content\/uploads\/2013\/08\/Janez_Marolt_poroke_09.jpg 537w, https:\/\/marolt-photography.com\/wp-content\/uploads\/2013\/08\/Janez_Marolt_poroke_09-200x300.jpg 200w\" sizes=\"auto, (max-width: 537px) 100vw, 537px\" \/><\/a><\/p>\n<p><a href=\"http:\/\/marolt-photography.com\/wp-content\/uploads\/2013\/08\/Janez_Marolt_poroke_10.jpg\"><img loading=\"lazy\" decoding=\"async\" class=\"alignnone size-full wp-image-248\" title=\"Nevesta s prijateljicami\" src=\"http:\/\/marolt-photography.com\/wp-content\/uploads\/2013\/08\/Janez_Marolt_poroke_10.jpg\" alt=\"Poro\u010dna fotografija - Janez Marolt\" width=\"341\" height=\"508\" srcset=\"https:\/\/marolt-photography.com\/wp-content\/uploads\/2013\/08\/Janez_Marolt_poroke_10.jpg 341w, https:\/\/marolt-photography.com\/wp-content\/uploads\/2013\/08\/Janez_Marolt_poroke_10-201x300.jpg 201w\" sizes=\"auto, (max-width: 341px) 100vw, 341px\" \/><\/a><\/p>\n<p><a href=\"http:\/\/marolt-photography.com\/wp-content\/uploads\/2013\/08\/Janez_Marolt_poroke_11.jpg\"><img loading=\"lazy\" decoding=\"async\" class=\"alignnone size-full wp-image-249\" title=\"\u010cakajo\u010de dekle\" src=\"http:\/\/marolt-photography.com\/wp-content\/uploads\/2013\/08\/Janez_Marolt_poroke_11.jpg\" alt=\"Poro\u010dna fotografija - Janez Marolt\" width=\"473\" height=\"704\" srcset=\"https:\/\/marolt-photography.com\/wp-content\/uploads\/2013\/08\/Janez_Marolt_poroke_11.jpg 473w, https:\/\/marolt-photography.com\/wp-content\/uploads\/2013\/08\/Janez_Marolt_poroke_11-201x300.jpg 201w\" sizes=\"auto, (max-width: 473px) 100vw, 473px\" \/><\/a><\/p>\n<p style=\"padding-left: 30px;\"><strong>Do you wish to have such portraits of yourself? <\/strong>For more information and bookine, send me a mail to info@marolt-photography.com or call me to +386 41 972 586. You can also visit the <a title=\"Contact page\" href=\"http:\/\/marolt-photography.com\/en\/kontakt\/\" target=\"_blank\" rel=\"noopener noreferrer\"><strong>Contact page<\/strong><\/a><\/p>\n<p>Ve\u010d na <a title=\"Vzemiva.se-poro\u010dna fotografija\" href=\"http:\/\/www.vzemiva.se\" target=\"_blank\" rel=\"noopener noreferrer\">http:\/\/www.vzemiva.se<\/a><\/p>","protected":false},"excerpt":{"rendered":"<p>Poro\u010dna fotografija Fotografiranje porok je lepa, vesela in zahtevna naloga. Pri delu i\u0161\u010dem pristen stik z vama. Najbolj\u0161e poro\u010dne fotografije nastanejo ob resni\u010dnih in iskrenih trenutkih, ki se dogajajo med mladoporo\u010dencema in svati. Rad imam iz\u010di\u0161\u010dene slike z visoko portretno verdnostjo. Iva&amp;Jaro, Ferrarijev vrt, \u0160tanjel. \u017delite imeti podobne slike tudi sami? Pi\u0161ite mi va\u0161e \u017eelje [&hellip;]<\/p>\n","protected":false},"author":1,"featured_media":0,"parent":0,"menu_order":8,"comment_status":"closed","ping_status":"closed","template":"template-notitle.php","meta":{"footnotes":""},"class_list":["post-17","page","type-page","status-publish","hentry","content-columns-1"],"yoast_head":"<!-- This site is optimized with the Yoast SEO Premium plugin v27.1 (Yoast SEO v27.1.1) - https:\/\/yoast.com\/product\/yoast-seo-premium-wordpress\/ -->\n<title>Fotografiranje porok - Poro\u010dni fotograf - Janez Marolt<\/title>\n<meta name=\"description\" content=\"Poro\u010dna fotografija - Iskrene, sve\u017ee, vesele, tople in resni\u010dne fotografije vajinega poro\u010dnega dne. Fotografije obreda, studijske in terenske fotografije.\" \/>\n<meta name=\"robots\" content=\"index, follow, max-snippet:-1, max-image-preview:large, max-video-preview:-1\" \/>\n<link rel=\"canonical\" href=\"https:\/\/marolt-photography.com\/en\/porocna-fotografija\/\" \/>\n<meta property=\"og:locale\" content=\"en_GB\" \/>\n<meta property=\"og:type\" content=\"article\" \/>\n<meta property=\"og:title\" content=\"Poro\u010dni fotograf - fotografiranje Porok\" \/>\n<meta property=\"og:description\" content=\"Poro\u010dna fotografija - Iskrene, sve\u017ee, vesele, tople in resni\u010dne fotografije vajinega poro\u010dnega dne. Fotografije obreda, studijske in terenske fotografije.\" \/>\n<meta property=\"og:url\" content=\"https:\/\/marolt-photography.com\/en\/porocna-fotografija\/\" \/>\n<meta property=\"og:site_name\" content=\"Janez Marolt - Photography\" \/>\n<meta property=\"article:publisher\" content=\"https:\/\/www.facebook.com\/janez.fotograf\" \/>\n<meta property=\"article:modified_time\" content=\"2020-03-31T11:37:52+00:00\" \/>\n<meta property=\"og:image\" content=\"http:\/\/marolt-photography.com\/wp-content\/uploads\/2015\/08\/IvaJaro_0526_fotografiranje_porok_Janez_Marolt.jpg\" \/>\n<script type=\"application\/ld+json\" class=\"yoast-schema-graph\">{\"@context\":\"https:\/\/schema.org\",\"@graph\":[{\"@type\":\"WebPage\",\"@id\":\"https:\/\/marolt-photography.com\/porocna-fotografija\/\",\"url\":\"https:\/\/marolt-photography.com\/porocna-fotografija\/\",\"name\":\"Fotografiranje porok - Poro\u010dni fotograf - Janez Marolt\",\"isPartOf\":{\"@id\":\"https:\/\/marolt-photography.com\/#website\"},\"primaryImageOfPage\":{\"@id\":\"https:\/\/marolt-photography.com\/porocna-fotografija\/#primaryimage\"},\"image\":{\"@id\":\"https:\/\/marolt-photography.com\/porocna-fotografija\/#primaryimage\"},\"thumbnailUrl\":\"http:\/\/marolt-photography.com\/wp-content\/uploads\/2015\/08\/IvaJaro_0526_fotografiranje_porok_Janez_Marolt.jpg\",\"datePublished\":\"2013-08-18T17:17:10+00:00\",\"dateModified\":\"2020-03-31T11:37:52+00:00\",\"description\":\"Poro\u010dna fotografija - Iskrene, sve\u017ee, vesele, tople in resni\u010dne fotografije vajinega poro\u010dnega dne. Fotografije obreda, studijske in terenske fotografije.\",\"inLanguage\":\"en-GB\",\"potentialAction\":[{\"@type\":\"ReadAction\",\"target\":[\"https:\/\/marolt-photography.com\/porocna-fotografija\/\"]}]},{\"@type\":\"ImageObject\",\"inLanguage\":\"en-GB\",\"@id\":\"https:\/\/marolt-photography.com\/porocna-fotografija\/#primaryimage\",\"url\":\"http:\/\/marolt-photography.com\/wp-content\/uploads\/2015\/08\/IvaJaro_0526_fotografiranje_porok_Janez_Marolt.jpg\",\"contentUrl\":\"http:\/\/marolt-photography.com\/wp-content\/uploads\/2015\/08\/IvaJaro_0526_fotografiranje_porok_Janez_Marolt.jpg\"},{\"@type\":\"WebSite\",\"@id\":\"https:\/\/marolt-photography.com\/#website\",\"url\":\"https:\/\/marolt-photography.com\/\",\"name\":\"Janez Marolt - Photography\",\"description\":\"Profesionalna fotografija\",\"publisher\":{\"@id\":\"https:\/\/marolt-photography.com\/#\/schema\/person\/629b997fdc2e80e5556f662e3e1ed326\"},\"potentialAction\":[{\"@type\":\"SearchAction\",\"target\":{\"@type\":\"EntryPoint\",\"urlTemplate\":\"https:\/\/marolt-photography.com\/?s={search_term_string}\"},\"query-input\":{\"@type\":\"PropertyValueSpecification\",\"valueRequired\":true,\"valueName\":\"search_term_string\"}}],\"inLanguage\":\"en-GB\"},{\"@type\":[\"Person\",\"Organization\"],\"@id\":\"https:\/\/marolt-photography.com\/#\/schema\/person\/629b997fdc2e80e5556f662e3e1ed326\",\"name\":\"Janez Marolt\",\"image\":{\"@type\":\"ImageObject\",\"inLanguage\":\"en-GB\",\"@id\":\"https:\/\/marolt-photography.com\/#\/schema\/person\/image\/\",\"url\":\"https:\/\/secure.gravatar.com\/avatar\/86dc16766a32aff098b9a6bbf2c3abc20295153deca1d27fcb371d8273fb9f5d?s=96&d=mm&r=g\",\"contentUrl\":\"https:\/\/secure.gravatar.com\/avatar\/86dc16766a32aff098b9a6bbf2c3abc20295153deca1d27fcb371d8273fb9f5d?s=96&d=mm&r=g\",\"caption\":\"Janez Marolt\"},\"logo\":{\"@id\":\"https:\/\/marolt-photography.com\/#\/schema\/person\/image\/\"},\"sameAs\":[\"https:\/\/marolt-photography.com\/\",\"https:\/\/www.facebook.com\/janez.fotograf\",\"https:\/\/www.instagram.com\/janezmarolt\/\"]}]}<\/script>\n<!-- \/ Yoast SEO Premium plugin. -->","yoast_head_json":{"title":"Fotografiranje porok - Poro\u010dni fotograf - Janez Marolt","description":"Poro\u010dna fotografija - Iskrene, sve\u017ee, vesele, tople in resni\u010dne fotografije vajinega poro\u010dnega dne. Fotografije obreda, studijske in terenske fotografije.","robots":{"index":"index","follow":"follow","max-snippet":"max-snippet:-1","max-image-preview":"max-image-preview:large","max-video-preview":"max-video-preview:-1"},"canonical":"https:\/\/marolt-photography.com\/en\/porocna-fotografija\/","og_locale":"en_GB","og_type":"article","og_title":"Poro\u010dni fotograf - fotografiranje Porok","og_description":"Poro\u010dna fotografija - Iskrene, sve\u017ee, vesele, tople in resni\u010dne fotografije vajinega poro\u010dnega dne. Fotografije obreda, studijske in terenske fotografije.","og_url":"https:\/\/marolt-photography.com\/en\/porocna-fotografija\/","og_site_name":"Janez Marolt - Photography","article_publisher":"https:\/\/www.facebook.com\/janez.fotograf","article_modified_time":"2020-03-31T11:37:52+00:00","og_image":[{"url":"http:\/\/marolt-photography.com\/wp-content\/uploads\/2015\/08\/IvaJaro_0526_fotografiranje_porok_Janez_Marolt.jpg","type":"","width":"","height":""}],"schema":{"@context":"https:\/\/schema.org","@graph":[{"@type":"WebPage","@id":"https:\/\/marolt-photography.com\/porocna-fotografija\/","url":"https:\/\/marolt-photography.com\/porocna-fotografija\/","name":"Fotografiranje porok - Poro\u010dni fotograf - Janez Marolt","isPartOf":{"@id":"https:\/\/marolt-photography.com\/#website"},"primaryImageOfPage":{"@id":"https:\/\/marolt-photography.com\/porocna-fotografija\/#primaryimage"},"image":{"@id":"https:\/\/marolt-photography.com\/porocna-fotografija\/#primaryimage"},"thumbnailUrl":"http:\/\/marolt-photography.com\/wp-content\/uploads\/2015\/08\/IvaJaro_0526_fotografiranje_porok_Janez_Marolt.jpg","datePublished":"2013-08-18T17:17:10+00:00","dateModified":"2020-03-31T11:37:52+00:00","description":"Poro\u010dna fotografija - Iskrene, sve\u017ee, vesele, tople in resni\u010dne fotografije vajinega poro\u010dnega dne. Fotografije obreda, studijske in terenske fotografije.","inLanguage":"en-GB","potentialAction":[{"@type":"ReadAction","target":["https:\/\/marolt-photography.com\/porocna-fotografija\/"]}]},{"@type":"ImageObject","inLanguage":"en-GB","@id":"https:\/\/marolt-photography.com\/porocna-fotografija\/#primaryimage","url":"http:\/\/marolt-photography.com\/wp-content\/uploads\/2015\/08\/IvaJaro_0526_fotografiranje_porok_Janez_Marolt.jpg","contentUrl":"http:\/\/marolt-photography.com\/wp-content\/uploads\/2015\/08\/IvaJaro_0526_fotografiranje_porok_Janez_Marolt.jpg"},{"@type":"WebSite","@id":"https:\/\/marolt-photography.com\/#website","url":"https:\/\/marolt-photography.com\/","name":"Janez Marolt - Photography","description":"Proefssional photography","publisher":{"@id":"https:\/\/marolt-photography.com\/#\/schema\/person\/629b997fdc2e80e5556f662e3e1ed326"},"potentialAction":[{"@type":"SearchAction","target":{"@type":"EntryPoint","urlTemplate":"https:\/\/marolt-photography.com\/?s={search_term_string}"},"query-input":{"@type":"PropertyValueSpecification","valueRequired":true,"valueName":"search_term_string"}}],"inLanguage":"en-GB"},{"@type":["Person","Organization"],"@id":"https:\/\/marolt-photography.com\/#\/schema\/person\/629b997fdc2e80e5556f662e3e1ed326","name":"Janez Marolt - professional photographer based in Ljubljana, Slovenia","image":{"@type":"ImageObject","inLanguage":"en-GB","@id":"https:\/\/marolt-photography.com\/#\/schema\/person\/image\/","url":"https:\/\/secure.gravatar.com\/avatar\/86dc16766a32aff098b9a6bbf2c3abc20295153deca1d27fcb371d8273fb9f5d?s=96&d=mm&r=g","contentUrl":"https:\/\/secure.gravatar.com\/avatar\/86dc16766a32aff098b9a6bbf2c3abc20295153deca1d27fcb371d8273fb9f5d?s=96&d=mm&r=g","caption":"Janez Marolt"},"logo":{"@id":"https:\/\/marolt-photography.com\/#\/schema\/person\/image\/"},"sameAs":["https:\/\/marolt-photography.com\/","https:\/\/www.facebook.com\/janez.fotograf","https:\/\/www.instagram.com\/janezmarolt\/"]}]}},"_links":{"self":[{"href":"https:\/\/marolt-photography.com\/en\/wp-json\/wp\/v2\/pages\/17","targetHints":{"allow":["GET"]}}],"collection":[{"href":"https:\/\/marolt-photography.com\/en\/wp-json\/wp\/v2\/pages"}],"about":[{"href":"https:\/\/marolt-photography.com\/en\/wp-json\/wp\/v2\/types\/page"}],"author":[{"embeddable":true,"href":"https:\/\/marolt-photography.com\/en\/wp-json\/wp\/v2\/users\/1"}],"replies":[{"embeddable":true,"href":"https:\/\/marolt-photography.com\/en\/wp-json\/wp\/v2\/comments?post=17"}],"version-history":[{"count":18,"href":"https:\/\/marolt-photography.com\/en\/wp-json\/wp\/v2\/pages\/17\/revisions"}],"predecessor-version":[{"id":4016,"href":"https:\/\/marolt-photography.com\/en\/wp-json\/wp\/v2\/pages\/17\/revisions\/4016"}],"wp:attachment":[{"href":"https:\/\/marolt-photography.com\/en\/wp-json\/wp\/v2\/media?parent=17"}],"curies":[{"name":"wp","href":"https:\/\/api.w.org\/{rel}","templated":true}]}}