{"id":183,"date":"2013-08-25T16:09:14","date_gmt":"2013-08-25T16:09:14","guid":{"rendered":"http:\/\/marolt-photography.com\/?page_id=183"},"modified":"2014-12-09T09:09:22","modified_gmt":"2014-12-09T09:09:22","slug":"fotografija-plesa","status":"publish","type":"page","link":"https:\/\/marolt-photography.com\/en\/fotografija-plesa\/","title":{"rendered":"Ples in gibanje &#8211; profesionalna fotografija"},"content":{"rendered":"<h1 style=\"text-align: left;\">Dance and movement photography<\/h1>\n<p style=\"text-align: left;\"><img loading=\"lazy\" decoding=\"async\" class=\"alignnone size-full wp-image-1122\" src=\"http:\/\/marolt-photography.com\/wp-content\/uploads\/2014\/10\/DSC_8801_Kvadrat.jpg\" alt=\"Ples_DSC_8801_Kvadrat\" width=\"904\" height=\"904\" srcset=\"https:\/\/marolt-photography.com\/wp-content\/uploads\/2014\/10\/DSC_8801_Kvadrat.jpg 904w, https:\/\/marolt-photography.com\/wp-content\/uploads\/2014\/10\/DSC_8801_Kvadrat-150x150.jpg 150w, https:\/\/marolt-photography.com\/wp-content\/uploads\/2014\/10\/DSC_8801_Kvadrat-300x300.jpg 300w\" sizes=\"auto, (max-width: 904px) 100vw, 904px\" \/><\/p>\n<p style=\"text-align: left;\"><img loading=\"lazy\" decoding=\"async\" class=\"alignnone size-full wp-image-1103\" src=\"http:\/\/marolt-photography.com\/wp-content\/uploads\/2014\/10\/Naslovka.jpg\" alt=\"Plesni center Libero\" width=\"904\" height=\"904\" srcset=\"https:\/\/marolt-photography.com\/wp-content\/uploads\/2014\/10\/Naslovka.jpg 904w, https:\/\/marolt-photography.com\/wp-content\/uploads\/2014\/10\/Naslovka-150x150.jpg 150w, https:\/\/marolt-photography.com\/wp-content\/uploads\/2014\/10\/Naslovka-300x300.jpg 300w\" sizes=\"auto, (max-width: 904px) 100vw, 904px\" \/><\/p>\n<p style=\"text-align: left;\"><img loading=\"lazy\" decoding=\"async\" class=\"alignnone size-full wp-image-1109\" src=\"http:\/\/marolt-photography.com\/wp-content\/uploads\/2014\/10\/Azra_kompozicija_1.jpg\" alt=\"Azra_kompozicija_1\" width=\"904\" height=\"604\" srcset=\"https:\/\/marolt-photography.com\/wp-content\/uploads\/2014\/10\/Azra_kompozicija_1.jpg 904w, https:\/\/marolt-photography.com\/wp-content\/uploads\/2014\/10\/Azra_kompozicija_1-300x200.jpg 300w\" sizes=\"auto, (max-width: 904px) 100vw, 904px\" \/><\/p>\n\n\t\t<style type=\"text\/css\">\n\t\t\t#gallery-1 {\n\t\t\t\tmargin: auto;\n\t\t\t}\n\t\t\t#gallery-1 .gallery-item {\n\t\t\t\tfloat: left;\n\t\t\t\tmargin-top: 10px;\n\t\t\t\ttext-align: center;\n\t\t\t\twidth: 11%;\n\t\t\t}\n\t\t\t#gallery-1 img {\n\t\t\t\tborder: 2px solid #cfcfcf;\n\t\t\t}\n\t\t\t#gallery-1 .gallery-caption {\n\t\t\t\tmargin-left: 0;\n\t\t\t}\n\t\t\t\/* see gallery_shortcode() in wp-includes\/media.php *\/\n\t\t<\/style>\n\t\t<div id='gallery-1' class='gallery galleryid-183 gallery-columns-9 gallery-size-thumbnail'><dl class='gallery-item'>\n\t\t\t<dt class='gallery-icon landscape'>\n\t\t\t\t<a href='https:\/\/marolt-photography.com\/wp-content\/uploads\/2014\/10\/DSC_8604_Ziga_Jernej_Jurecic.jpg'><img loading=\"lazy\" decoding=\"async\" width=\"150\" height=\"150\" src=\"https:\/\/marolt-photography.com\/wp-content\/uploads\/2014\/10\/DSC_8604_Ziga_Jernej_Jurecic-150x150.jpg\" class=\"attachment-thumbnail size-thumbnail\" alt=\"\" \/><\/a>\n\t\t\t<\/dt><\/dl><dl class='gallery-item'>\n\t\t\t<dt class='gallery-icon landscape'>\n\t\t\t\t<a href='https:\/\/marolt-photography.com\/wp-content\/uploads\/2014\/10\/DSC_8463_Zeljko_kompozicija.jpg'><img loading=\"lazy\" decoding=\"async\" width=\"150\" height=\"150\" src=\"https:\/\/marolt-photography.com\/wp-content\/uploads\/2014\/10\/DSC_8463_Zeljko_kompozicija-150x150.jpg\" class=\"attachment-thumbnail size-thumbnail\" alt=\"\" \/><\/a>\n\t\t\t<\/dt><\/dl><dl class='gallery-item'>\n\t\t\t<dt class='gallery-icon landscape'>\n\t\t\t\t<a href='https:\/\/marolt-photography.com\/wp-content\/uploads\/2014\/10\/DSC_8393_Ziga_Sotlar_kompozicija.jpg'><img loading=\"lazy\" decoding=\"async\" width=\"150\" height=\"150\" src=\"https:\/\/marolt-photography.com\/wp-content\/uploads\/2014\/10\/DSC_8393_Ziga_Sotlar_kompozicija-150x150.jpg\" class=\"attachment-thumbnail size-thumbnail\" alt=\"\" \/><\/a>\n\t\t\t<\/dt><\/dl><dl class='gallery-item'>\n\t\t\t<dt class='gallery-icon landscape'>\n\t\t\t\t<a href='https:\/\/marolt-photography.com\/wp-content\/uploads\/2014\/10\/DSC_8346.jpg'><img loading=\"lazy\" decoding=\"async\" width=\"150\" height=\"150\" src=\"https:\/\/marolt-photography.com\/wp-content\/uploads\/2014\/10\/DSC_8346-150x150.jpg\" class=\"attachment-thumbnail size-thumbnail\" alt=\"\" \/><\/a>\n\t\t\t<\/dt><\/dl><dl class='gallery-item'>\n\t\t\t<dt class='gallery-icon landscape'>\n\t\t\t\t<a href='https:\/\/marolt-photography.com\/wp-content\/uploads\/2014\/10\/DSC_8217_kombinacija.jpg'><img loading=\"lazy\" decoding=\"async\" width=\"150\" height=\"150\" src=\"https:\/\/marolt-photography.com\/wp-content\/uploads\/2014\/10\/DSC_8217_kombinacija-150x150.jpg\" class=\"attachment-thumbnail size-thumbnail\" alt=\"\" \/><\/a>\n\t\t\t<\/dt><\/dl><dl class='gallery-item'>\n\t\t\t<dt class='gallery-icon landscape'>\n\t\t\t\t<a href='https:\/\/marolt-photography.com\/wp-content\/uploads\/2014\/10\/DSC_7698_monika_Veselcic_kompozicija.jpg'><img loading=\"lazy\" decoding=\"async\" width=\"150\" height=\"150\" src=\"https:\/\/marolt-photography.com\/wp-content\/uploads\/2014\/10\/DSC_7698_monika_Veselcic_kompozicija-150x150.jpg\" class=\"attachment-thumbnail size-thumbnail\" alt=\"\" \/><\/a>\n\t\t\t<\/dt><\/dl><dl class='gallery-item'>\n\t\t\t<dt class='gallery-icon landscape'>\n\t\t\t\t<a href='https:\/\/marolt-photography.com\/wp-content\/uploads\/2014\/10\/DSC_7631_Ziva_Radulovic.jpg'><img loading=\"lazy\" decoding=\"async\" width=\"150\" height=\"150\" src=\"https:\/\/marolt-photography.com\/wp-content\/uploads\/2014\/10\/DSC_7631_Ziva_Radulovic-150x150.jpg\" class=\"attachment-thumbnail size-thumbnail\" alt=\"\" \/><\/a>\n\t\t\t<\/dt><\/dl><dl class='gallery-item'>\n\t\t\t<dt class='gallery-icon landscape'>\n\t\t\t\t<a href='https:\/\/marolt-photography.com\/wp-content\/uploads\/2014\/10\/DSC_7540_kombinacija.jpg'><img loading=\"lazy\" decoding=\"async\" width=\"150\" height=\"150\" src=\"https:\/\/marolt-photography.com\/wp-content\/uploads\/2014\/10\/DSC_7540_kombinacija-150x150.jpg\" class=\"attachment-thumbnail size-thumbnail\" alt=\"\" \/><\/a>\n\t\t\t<\/dt><\/dl><dl class='gallery-item'>\n\t\t\t<dt class='gallery-icon landscape'>\n\t\t\t\t<a href='https:\/\/marolt-photography.com\/wp-content\/uploads\/2014\/10\/DSC_7491_Ursa_Grm_kompozicija.jpg'><img loading=\"lazy\" decoding=\"async\" width=\"150\" height=\"150\" src=\"https:\/\/marolt-photography.com\/wp-content\/uploads\/2014\/10\/DSC_7491_Ursa_Grm_kompozicija-150x150.jpg\" class=\"attachment-thumbnail size-thumbnail\" alt=\"\" \/><\/a>\n\t\t\t<\/dt><\/dl><br style=\"clear: both\" \/><dl class='gallery-item'>\n\t\t\t<dt class='gallery-icon landscape'>\n\t\t\t\t<a href='https:\/\/marolt-photography.com\/wp-content\/uploads\/2014\/10\/DSC_6978_Lucija_Velkavrh_kompozicija.jpg'><img loading=\"lazy\" decoding=\"async\" width=\"150\" height=\"150\" src=\"https:\/\/marolt-photography.com\/wp-content\/uploads\/2014\/10\/DSC_6978_Lucija_Velkavrh_kompozicija-150x150.jpg\" class=\"attachment-thumbnail size-thumbnail\" alt=\"\" \/><\/a>\n\t\t\t<\/dt><\/dl><dl class='gallery-item'>\n\t\t\t<dt class='gallery-icon landscape'>\n\t\t\t\t<a href='https:\/\/marolt-photography.com\/wp-content\/uploads\/2014\/10\/DSC_6898_kombinacija.jpg'><img loading=\"lazy\" decoding=\"async\" width=\"150\" height=\"150\" src=\"https:\/\/marolt-photography.com\/wp-content\/uploads\/2014\/10\/DSC_6898_kombinacija-150x150.jpg\" class=\"attachment-thumbnail size-thumbnail\" alt=\"\" \/><\/a>\n\t\t\t<\/dt><\/dl><dl class='gallery-item'>\n\t\t\t<dt class='gallery-icon landscape'>\n\t\t\t\t<a href='https:\/\/marolt-photography.com\/wp-content\/uploads\/2014\/10\/Andraz_Mrak_kompozicija.jpg'><img loading=\"lazy\" decoding=\"async\" width=\"150\" height=\"150\" src=\"https:\/\/marolt-photography.com\/wp-content\/uploads\/2014\/10\/Andraz_Mrak_kompozicija-150x150.jpg\" class=\"attachment-thumbnail size-thumbnail\" alt=\"\" \/><\/a>\n\t\t\t<\/dt><\/dl><dl class='gallery-item'>\n\t\t\t<dt class='gallery-icon landscape'>\n\t\t\t\t<a href='https:\/\/marolt-photography.com\/wp-content\/uploads\/2014\/10\/Azra_kompozicija_1.jpg'><img loading=\"lazy\" decoding=\"async\" width=\"150\" height=\"150\" src=\"https:\/\/marolt-photography.com\/wp-content\/uploads\/2014\/10\/Azra_kompozicija_1-150x150.jpg\" class=\"attachment-thumbnail size-thumbnail\" alt=\"\" \/><\/a>\n\t\t\t<\/dt><\/dl>\n\t\t\t<br style='clear: both' \/>\n\t\t<\/div>\n\n<p>Doma\u010da stran <a title=\"Plesni center Libero\" href=\"http:\/\/www.liberodancecenter.si\/\" target=\"_blank\">Plesnega centra Libero<\/a><\/p>\n<p style=\"text-align: left;\"><img loading=\"lazy\" decoding=\"async\" class=\"size-full wp-image-223\" src=\"http:\/\/marolt-photography.com\/wp-content\/uploads\/2013\/08\/Ples05.jpg\" alt=\"Janez_Marolt_ples_06\" width=\"337\" height=\"504\" srcset=\"https:\/\/marolt-photography.com\/wp-content\/uploads\/2013\/08\/Ples05.jpg 337w, https:\/\/marolt-photography.com\/wp-content\/uploads\/2013\/08\/Ples05-200x300.jpg 200w\" sizes=\"auto, (max-width: 337px) 100vw, 337px\" \/> \u00a0 \u00a0\u00a0 <img loading=\"lazy\" decoding=\"async\" class=\"size-full wp-image-188\" src=\"http:\/\/marolt-photography.com\/wp-content\/uploads\/2013\/08\/Ples04.jpg\" alt=\"Janez_Marolt_ples_05\" width=\"337\" height=\"504\" srcset=\"https:\/\/marolt-photography.com\/wp-content\/uploads\/2013\/08\/Ples04.jpg 337w, https:\/\/marolt-photography.com\/wp-content\/uploads\/2013\/08\/Ples04-200x300.jpg 200w\" sizes=\"auto, (max-width: 337px) 100vw, 337px\" \/><\/p>\n<p style=\"text-align: left;\"><img loading=\"lazy\" decoding=\"async\" class=\"size-full wp-image-187\" src=\"http:\/\/marolt-photography.com\/wp-content\/uploads\/2013\/08\/Ples02.jpg\" alt=\"Janez_Marolt_ples_04\" width=\"333\" height=\"500\" srcset=\"https:\/\/marolt-photography.com\/wp-content\/uploads\/2013\/08\/Ples02.jpg 333w, https:\/\/marolt-photography.com\/wp-content\/uploads\/2013\/08\/Ples02-199x300.jpg 199w\" sizes=\"auto, (max-width: 333px) 100vw, 333px\" \/> \u00a0 \u00a0 \u00a0 <img loading=\"lazy\" decoding=\"async\" class=\"size-full wp-image-186\" src=\"http:\/\/marolt-photography.com\/wp-content\/uploads\/2013\/08\/Ples01.jpg\" alt=\"Janez_Marolt_ples_03\" width=\"333\" height=\"500\" srcset=\"https:\/\/marolt-photography.com\/wp-content\/uploads\/2013\/08\/Ples01.jpg 333w, https:\/\/marolt-photography.com\/wp-content\/uploads\/2013\/08\/Ples01-199x300.jpg 199w\" sizes=\"auto, (max-width: 333px) 100vw, 333px\" \/><\/p>\n<p style=\"text-align: left;\">Ples, telovadba in gibanje nasploh, so situacije, kjer \u010dlove\u0161ko telo kot mehanizem zablesti v polni funkciji, kot tudi lepoti. Fotografije plesa ali gibanja so mi, osebno, najljub\u0161e, kadar vsebujejo tudi portretno vrednost.<\/p>\n<p style=\"padding-left: 30px;\"><strong>Do you wish to have such portraits of yourself? <\/strong>For more information and bookine, send me a mail to info@marolt-photography.com or call me to +386 41 972 586. You can also visit the <a title=\"Contact page\" href=\"http:\/\/marolt-photography.com\/en\/kontakt\/\" target=\"_blank\"><strong>Contact page<\/strong><\/a><\/p>","protected":false},"excerpt":{"rendered":"<p>Fotografija plesa in gibanja Doma\u010da stran Plesnega centra Libero \u00a0 \u00a0\u00a0 \u00a0 \u00a0 \u00a0 Ples, telovadba in gibanje nasploh, so situacije, kjer \u010dlove\u0161ko telo kot mehanizem zablesti v polni funkciji, kot tudi lepoti. Fotografije plesa ali gibanja so mi, osebno, najljub\u0161e, kadar vsebujejo tudi portretno vrednost. \u017delite imeti podobne slike tudi sami? Pi\u0161ite mi va\u0161e [&hellip;]<\/p>\n","protected":false},"author":1,"featured_media":0,"parent":0,"menu_order":5,"comment_status":"closed","ping_status":"closed","template":"template-notitle.php","meta":{"footnotes":""},"class_list":["post-183","page","type-page","status-publish","hentry","content-columns-1"],"yoast_head":"<!-- This site is optimized with the Yoast SEO Premium plugin v27.1 (Yoast SEO v27.1.1) - https:\/\/yoast.com\/product\/yoast-seo-premium-wordpress\/ -->\n<title>Fotografije plesa - Janez Marolt<\/title>\n<meta name=\"description\" content=\"Fotografije plesa in gibanja. Pomembno je ujeti ob\u010dutje. Naj bo to umirjena atmosfera, ali vrhunec izrazitega giba.\" \/>\n<meta name=\"robots\" content=\"index, follow, max-snippet:-1, max-image-preview:large, max-video-preview:-1\" \/>\n<link rel=\"canonical\" href=\"https:\/\/marolt-photography.com\/en\/fotografija-plesa\/\" \/>\n<meta property=\"og:locale\" content=\"en_GB\" \/>\n<meta property=\"og:type\" content=\"article\" \/>\n<meta property=\"og:title\" content=\"Ples in gibanje - profesionalna fotografija\" \/>\n<meta property=\"og:description\" content=\"Fotografije plesa in gibanja. Pomembno je ujeti ob\u010dutje. Naj bo to umirjena atmosfera, ali vrhunec izrazitega giba.\" \/>\n<meta property=\"og:url\" content=\"https:\/\/marolt-photography.com\/en\/fotografija-plesa\/\" \/>\n<meta property=\"og:site_name\" content=\"Janez Marolt - Photography\" \/>\n<meta property=\"article:publisher\" content=\"https:\/\/www.facebook.com\/janez.fotograf\" \/>\n<meta property=\"article:modified_time\" content=\"2014-12-09T09:09:22+00:00\" \/>\n<meta property=\"og:image\" content=\"https:\/\/marolt-photography.com\/wp-content\/uploads\/2014\/10\/DSC_8604_Ziga_Jernej_Jurecic-150x150.jpg\" \/>\n<script type=\"application\/ld+json\" class=\"yoast-schema-graph\">{\"@context\":\"https:\/\/schema.org\",\"@graph\":[{\"@type\":\"WebPage\",\"@id\":\"https:\/\/marolt-photography.com\/fotografija-plesa\/\",\"url\":\"https:\/\/marolt-photography.com\/fotografija-plesa\/\",\"name\":\"Fotografije plesa - Janez Marolt\",\"isPartOf\":{\"@id\":\"https:\/\/marolt-photography.com\/#website\"},\"primaryImageOfPage\":{\"@id\":\"https:\/\/marolt-photography.com\/fotografija-plesa\/#primaryimage\"},\"image\":{\"@id\":\"https:\/\/marolt-photography.com\/fotografija-plesa\/#primaryimage\"},\"thumbnailUrl\":\"http:\/\/marolt-photography.com\/wp-content\/uploads\/2014\/10\/DSC_8801_Kvadrat.jpg\",\"datePublished\":\"2013-08-25T16:09:14+00:00\",\"dateModified\":\"2014-12-09T09:09:22+00:00\",\"description\":\"Fotografije plesa in gibanja. Pomembno je ujeti ob\u010dutje. Naj bo to umirjena atmosfera, ali vrhunec izrazitega giba.\",\"inLanguage\":\"en-GB\",\"potentialAction\":[{\"@type\":\"ReadAction\",\"target\":[\"https:\/\/marolt-photography.com\/fotografija-plesa\/\"]}]},{\"@type\":\"ImageObject\",\"inLanguage\":\"en-GB\",\"@id\":\"https:\/\/marolt-photography.com\/fotografija-plesa\/#primaryimage\",\"url\":\"http:\/\/marolt-photography.com\/wp-content\/uploads\/2014\/10\/DSC_8801_Kvadrat.jpg\",\"contentUrl\":\"http:\/\/marolt-photography.com\/wp-content\/uploads\/2014\/10\/DSC_8801_Kvadrat.jpg\"},{\"@type\":\"WebSite\",\"@id\":\"https:\/\/marolt-photography.com\/#website\",\"url\":\"https:\/\/marolt-photography.com\/\",\"name\":\"Janez Marolt - Photography\",\"description\":\"Profesionalna fotografija\",\"publisher\":{\"@id\":\"https:\/\/marolt-photography.com\/#\/schema\/person\/629b997fdc2e80e5556f662e3e1ed326\"},\"potentialAction\":[{\"@type\":\"SearchAction\",\"target\":{\"@type\":\"EntryPoint\",\"urlTemplate\":\"https:\/\/marolt-photography.com\/?s={search_term_string}\"},\"query-input\":{\"@type\":\"PropertyValueSpecification\",\"valueRequired\":true,\"valueName\":\"search_term_string\"}}],\"inLanguage\":\"en-GB\"},{\"@type\":[\"Person\",\"Organization\"],\"@id\":\"https:\/\/marolt-photography.com\/#\/schema\/person\/629b997fdc2e80e5556f662e3e1ed326\",\"name\":\"Janez Marolt\",\"image\":{\"@type\":\"ImageObject\",\"inLanguage\":\"en-GB\",\"@id\":\"https:\/\/marolt-photography.com\/#\/schema\/person\/image\/\",\"url\":\"https:\/\/secure.gravatar.com\/avatar\/86dc16766a32aff098b9a6bbf2c3abc20295153deca1d27fcb371d8273fb9f5d?s=96&d=mm&r=g\",\"contentUrl\":\"https:\/\/secure.gravatar.com\/avatar\/86dc16766a32aff098b9a6bbf2c3abc20295153deca1d27fcb371d8273fb9f5d?s=96&d=mm&r=g\",\"caption\":\"Janez Marolt\"},\"logo\":{\"@id\":\"https:\/\/marolt-photography.com\/#\/schema\/person\/image\/\"},\"sameAs\":[\"https:\/\/marolt-photography.com\/\",\"https:\/\/www.facebook.com\/janez.fotograf\",\"https:\/\/www.instagram.com\/janezmarolt\/\"]}]}<\/script>\n<!-- \/ Yoast SEO Premium plugin. -->","yoast_head_json":{"title":"Fotografije plesa - Janez Marolt","description":"Fotografije plesa in gibanja. Pomembno je ujeti ob\u010dutje. Naj bo to umirjena atmosfera, ali vrhunec izrazitega giba.","robots":{"index":"index","follow":"follow","max-snippet":"max-snippet:-1","max-image-preview":"max-image-preview:large","max-video-preview":"max-video-preview:-1"},"canonical":"https:\/\/marolt-photography.com\/en\/fotografija-plesa\/","og_locale":"en_GB","og_type":"article","og_title":"Ples in gibanje - profesionalna fotografija","og_description":"Fotografije plesa in gibanja. Pomembno je ujeti ob\u010dutje. Naj bo to umirjena atmosfera, ali vrhunec izrazitega giba.","og_url":"https:\/\/marolt-photography.com\/en\/fotografija-plesa\/","og_site_name":"Janez Marolt - Photography","article_publisher":"https:\/\/www.facebook.com\/janez.fotograf","article_modified_time":"2014-12-09T09:09:22+00:00","og_image":[{"url":"https:\/\/marolt-photography.com\/wp-content\/uploads\/2014\/10\/DSC_8604_Ziga_Jernej_Jurecic-150x150.jpg","type":"","width":"","height":""}],"schema":{"@context":"https:\/\/schema.org","@graph":[{"@type":"WebPage","@id":"https:\/\/marolt-photography.com\/fotografija-plesa\/","url":"https:\/\/marolt-photography.com\/fotografija-plesa\/","name":"Fotografije plesa - Janez Marolt","isPartOf":{"@id":"https:\/\/marolt-photography.com\/#website"},"primaryImageOfPage":{"@id":"https:\/\/marolt-photography.com\/fotografija-plesa\/#primaryimage"},"image":{"@id":"https:\/\/marolt-photography.com\/fotografija-plesa\/#primaryimage"},"thumbnailUrl":"http:\/\/marolt-photography.com\/wp-content\/uploads\/2014\/10\/DSC_8801_Kvadrat.jpg","datePublished":"2013-08-25T16:09:14+00:00","dateModified":"2014-12-09T09:09:22+00:00","description":"Fotografije plesa in gibanja. Pomembno je ujeti ob\u010dutje. Naj bo to umirjena atmosfera, ali vrhunec izrazitega giba.","inLanguage":"en-GB","potentialAction":[{"@type":"ReadAction","target":["https:\/\/marolt-photography.com\/fotografija-plesa\/"]}]},{"@type":"ImageObject","inLanguage":"en-GB","@id":"https:\/\/marolt-photography.com\/fotografija-plesa\/#primaryimage","url":"http:\/\/marolt-photography.com\/wp-content\/uploads\/2014\/10\/DSC_8801_Kvadrat.jpg","contentUrl":"http:\/\/marolt-photography.com\/wp-content\/uploads\/2014\/10\/DSC_8801_Kvadrat.jpg"},{"@type":"WebSite","@id":"https:\/\/marolt-photography.com\/#website","url":"https:\/\/marolt-photography.com\/","name":"Janez Marolt - Photography","description":"Proefssional photography","publisher":{"@id":"https:\/\/marolt-photography.com\/#\/schema\/person\/629b997fdc2e80e5556f662e3e1ed326"},"potentialAction":[{"@type":"SearchAction","target":{"@type":"EntryPoint","urlTemplate":"https:\/\/marolt-photography.com\/?s={search_term_string}"},"query-input":{"@type":"PropertyValueSpecification","valueRequired":true,"valueName":"search_term_string"}}],"inLanguage":"en-GB"},{"@type":["Person","Organization"],"@id":"https:\/\/marolt-photography.com\/#\/schema\/person\/629b997fdc2e80e5556f662e3e1ed326","name":"Janez Marolt - professional photographer based in Ljubljana, Slovenia","image":{"@type":"ImageObject","inLanguage":"en-GB","@id":"https:\/\/marolt-photography.com\/#\/schema\/person\/image\/","url":"https:\/\/secure.gravatar.com\/avatar\/86dc16766a32aff098b9a6bbf2c3abc20295153deca1d27fcb371d8273fb9f5d?s=96&d=mm&r=g","contentUrl":"https:\/\/secure.gravatar.com\/avatar\/86dc16766a32aff098b9a6bbf2c3abc20295153deca1d27fcb371d8273fb9f5d?s=96&d=mm&r=g","caption":"Janez Marolt"},"logo":{"@id":"https:\/\/marolt-photography.com\/#\/schema\/person\/image\/"},"sameAs":["https:\/\/marolt-photography.com\/","https:\/\/www.facebook.com\/janez.fotograf","https:\/\/www.instagram.com\/janezmarolt\/"]}]}},"_links":{"self":[{"href":"https:\/\/marolt-photography.com\/en\/wp-json\/wp\/v2\/pages\/183","targetHints":{"allow":["GET"]}}],"collection":[{"href":"https:\/\/marolt-photography.com\/en\/wp-json\/wp\/v2\/pages"}],"about":[{"href":"https:\/\/marolt-photography.com\/en\/wp-json\/wp\/v2\/types\/page"}],"author":[{"embeddable":true,"href":"https:\/\/marolt-photography.com\/en\/wp-json\/wp\/v2\/users\/1"}],"replies":[{"embeddable":true,"href":"https:\/\/marolt-photography.com\/en\/wp-json\/wp\/v2\/comments?post=183"}],"version-history":[{"count":19,"href":"https:\/\/marolt-photography.com\/en\/wp-json\/wp\/v2\/pages\/183\/revisions"}],"predecessor-version":[{"id":1652,"href":"https:\/\/marolt-photography.com\/en\/wp-json\/wp\/v2\/pages\/183\/revisions\/1652"}],"wp:attachment":[{"href":"https:\/\/marolt-photography.com\/en\/wp-json\/wp\/v2\/media?parent=183"}],"curies":[{"name":"wp","href":"https:\/\/api.w.org\/{rel}","templated":true}]}}