{"id":24,"date":"2013-08-18T17:23:15","date_gmt":"2013-08-18T17:23:15","guid":{"rendered":"http:\/\/marolt-photography.com\/?page_id=24"},"modified":"2017-04-27T13:49:40","modified_gmt":"2017-04-27T13:49:40","slug":"janez-marolt-profesionalni-fotograf","status":"publish","type":"page","link":"https:\/\/marolt-photography.com\/en\/janez-marolt-profesionalni-fotograf\/","title":{"rendered":"Janez Marolt &#8211; Profesionalni fotograf"},"content":{"rendered":"<h1>Janez Marolt &#8211; Profesionalni fotograf<\/h1>\n<p><img loading=\"lazy\" decoding=\"async\" class=\"alignnone wp-image-361 size-medium\" src=\"http:\/\/marolt-photography.com\/wp-content\/uploads\/2013\/08\/JM_BW-300x300.jpg\" alt=\"JM_B&amp;W\" width=\"300\" height=\"300\" srcset=\"https:\/\/marolt-photography.com\/wp-content\/uploads\/2013\/08\/JM_BW-300x300.jpg 300w, https:\/\/marolt-photography.com\/wp-content\/uploads\/2013\/08\/JM_BW-150x150.jpg 150w, https:\/\/marolt-photography.com\/wp-content\/uploads\/2013\/08\/JM_BW.jpg 804w\" sizes=\"auto, (max-width: 300px) 100vw, 300px\" \/><\/p>\n<p><img loading=\"lazy\" decoding=\"async\" class=\"alignnone wp-image-2318\" src=\"http:\/\/marolt-photography.com\/wp-content\/uploads\/2016\/08\/JM_BW_250.jpg\" alt=\"\" width=\"300\" height=\"300\" srcset=\"https:\/\/marolt-photography.com\/wp-content\/uploads\/2016\/08\/JM_BW_250.jpg 252w, https:\/\/marolt-photography.com\/wp-content\/uploads\/2016\/08\/JM_BW_250-150x150.jpg 150w\" sizes=\"auto, (max-width: 300px) 100vw, 300px\" \/><\/p>\n<h4>Janez Marolt, mag. in\u017e. arh., profesionalni fotograf<\/h4>\n<p>Fotografija mi je blizu\u00a0od konca osnovne \u0161ole dalje.<\/p>\n<p>Svojo likovno izobrazbo sem nadaljeval s \u0161tudijem arhitekture na Fakulteti za arhitekturo v Ljubljani, ter \u0161tudijem fotografije med enoletno izmenjavo na Fakultetih lepih umetnosti v Valencii v \u0160paniji.<\/p>\n<p>Po diplomi sem se v celoti vrnil v fotografijo. Rad delam v svojem studiu v Ljubljani, kot tudi na terenu. Pri manj\u0161ih projektih sam, pri ve\u010djih z ekipo izbranih sodelavcev.<\/p>\n<p>Pri fotografiji mi je bistvena izraznost, estetika in dovr\u0161enost vsebini primerne tehnike.<\/p>\n<p>Delam za\u00a0\u0161ir\u0161i spekter slovenskih in tujih naro\u010dnikov. Slike objavljam v\u00a0 revijah v Sloveniji (Hi\u0161e, Outsider, Finance, Delo in dom, Mladina, City magazine) in tujini (Oris, H\u00e4user, Elle Decors), ter na strokovnih spletnih straneh (archdaily.com, divisare.com designboom.com domusweb.it , architizer.com, dwell.com in drugje)<\/p>\n<p>Odmevnej\u0161i projekt so bile tudi fotografije hrane v knjigi \u00bbDivji Jadran &#8211; FAO 37.2.1.\u00ab ki je za svojo izgled prejela najvi\u0161ja priznanja doma in v svetovnem merilu. (Najlep\u0161a slovenska knjiga 2013, pohvalo \u017eirije na Brumnovem festivalu v Ljubljani 2013, 2.nagrada za morsko kuharsko knjigo na Gourmand International Awards 2014 v Pekingu).<\/p>\n<p>Ostala spletna mesta<\/p>\n<p>Stran namenjena lepoti : <a href=\"http:\/\/www.najlepsa.si\" rel=\"nofollow\">http:\/\/www.najlepsa.si<\/a><\/p>\n<p>Poro\u010dna fotografija : <a href=\"http:\/\/www.vzemiva\" rel=\"nofollow\">http:\/\/www.vzemiva<\/a><\/p>\n<p>Fotografija otrok, nose\u010dnic in dru\u017ein : <a href=\"http:\/\/www.noseca.si\" rel=\"nofollow\">http:\/\/www.noseca.si<\/a><\/p>\n<p>3D-virtualni sprehodi : <a href=\"http:\/\/www.3d-sprehod.si\" rel=\"nofollow\">http:\/\/www.3d-sprehod.si<\/a><\/p>\n<p>Interaktivne virtualne 3D-predstavitve : <a href=\"http:\/\/www.virtualen.si\" rel=\"nofollow\">http:\/\/www.virtualen.si<\/a><\/p>\n<p>Facebook : <a href=\"https:\/\/www.facebook.com\/janez.fotograf\" rel=\"nofollow\">https:\/\/www.facebook.com\/janez.fotograf<\/a><\/p>\n<p>&nbsp;<\/p>","protected":false},"excerpt":{"rendered":"<p>Janez Marolt &#8211; Profesionalni fotograf Janez Marolt, mag. in\u017e. arh., profesionalni fotograf Fotografija mi je blizu\u00a0od konca osnovne \u0161ole dalje. Svojo likovno izobrazbo sem nadaljeval s \u0161tudijem arhitekture na Fakulteti za arhitekturo v Ljubljani, ter \u0161tudijem fotografije med enoletno izmenjavo na Fakultetih lepih umetnosti v Valencii v \u0160paniji. Po diplomi sem se v celoti vrnil [&hellip;]<\/p>\n","protected":false},"author":1,"featured_media":0,"parent":0,"menu_order":12,"comment_status":"closed","ping_status":"closed","template":"template-notitle.php","meta":{"footnotes":""},"class_list":["post-24","page","type-page","status-publish","hentry","content-columns-1"],"yoast_head":"<!-- This site is optimized with the Yoast SEO Premium plugin v27.1 (Yoast SEO v27.1.1) - https:\/\/yoast.com\/product\/yoast-seo-premium-wordpress\/ -->\n<title>Janez Marolt - Profesionalni fotograf<\/title>\n<meta name=\"description\" content=\"Janez Marolt - Profesionalni fotograf\" \/>\n<meta name=\"robots\" content=\"index, follow, max-snippet:-1, max-image-preview:large, max-video-preview:-1\" \/>\n<link rel=\"canonical\" href=\"https:\/\/marolt-photography.com\/en\/janez-marolt-profesionalni-fotograf\/\" \/>\n<meta property=\"og:locale\" content=\"en_GB\" \/>\n<meta property=\"og:type\" content=\"article\" \/>\n<meta property=\"og:title\" content=\"Janez Marolt - Profesionalni fotograf\" \/>\n<meta property=\"og:description\" content=\"Janez Marolt - Profesionalni fotograf\" \/>\n<meta property=\"og:url\" content=\"https:\/\/marolt-photography.com\/en\/janez-marolt-profesionalni-fotograf\/\" \/>\n<meta property=\"og:site_name\" content=\"Janez Marolt - Photography\" \/>\n<meta property=\"article:publisher\" content=\"https:\/\/www.facebook.com\/janez.fotograf\" \/>\n<meta property=\"article:modified_time\" content=\"2017-04-27T13:49:40+00:00\" \/>\n<meta property=\"og:image\" content=\"http:\/\/marolt-photography.com\/wp-content\/uploads\/2013\/08\/JM_BW-300x300.jpg\" \/>\n<meta name=\"twitter:label1\" content=\"Estimated reading time\" \/>\n\t<meta name=\"twitter:data1\" content=\"1 minute\" \/>\n<script type=\"application\/ld+json\" class=\"yoast-schema-graph\">{\"@context\":\"https:\/\/schema.org\",\"@graph\":[{\"@type\":\"WebPage\",\"@id\":\"https:\/\/marolt-photography.com\/janez-marolt-profesionalni-fotograf\/\",\"url\":\"https:\/\/marolt-photography.com\/janez-marolt-profesionalni-fotograf\/\",\"name\":\"Janez Marolt - Profesionalni fotograf\",\"isPartOf\":{\"@id\":\"https:\/\/marolt-photography.com\/#website\"},\"primaryImageOfPage\":{\"@id\":\"https:\/\/marolt-photography.com\/janez-marolt-profesionalni-fotograf\/#primaryimage\"},\"image\":{\"@id\":\"https:\/\/marolt-photography.com\/janez-marolt-profesionalni-fotograf\/#primaryimage\"},\"thumbnailUrl\":\"http:\/\/marolt-photography.com\/wp-content\/uploads\/2013\/08\/JM_BW-300x300.jpg\",\"datePublished\":\"2013-08-18T17:23:15+00:00\",\"dateModified\":\"2017-04-27T13:49:40+00:00\",\"description\":\"Janez Marolt - Profesionalni fotograf\",\"inLanguage\":\"en-GB\",\"potentialAction\":[{\"@type\":\"ReadAction\",\"target\":[\"https:\/\/marolt-photography.com\/janez-marolt-profesionalni-fotograf\/\"]}]},{\"@type\":\"ImageObject\",\"inLanguage\":\"en-GB\",\"@id\":\"https:\/\/marolt-photography.com\/janez-marolt-profesionalni-fotograf\/#primaryimage\",\"url\":\"http:\/\/marolt-photography.com\/wp-content\/uploads\/2013\/08\/JM_BW-300x300.jpg\",\"contentUrl\":\"http:\/\/marolt-photography.com\/wp-content\/uploads\/2013\/08\/JM_BW-300x300.jpg\"},{\"@type\":\"WebSite\",\"@id\":\"https:\/\/marolt-photography.com\/#website\",\"url\":\"https:\/\/marolt-photography.com\/\",\"name\":\"Janez Marolt - Photography\",\"description\":\"Profesionalna fotografija\",\"publisher\":{\"@id\":\"https:\/\/marolt-photography.com\/#\/schema\/person\/629b997fdc2e80e5556f662e3e1ed326\"},\"potentialAction\":[{\"@type\":\"SearchAction\",\"target\":{\"@type\":\"EntryPoint\",\"urlTemplate\":\"https:\/\/marolt-photography.com\/?s={search_term_string}\"},\"query-input\":{\"@type\":\"PropertyValueSpecification\",\"valueRequired\":true,\"valueName\":\"search_term_string\"}}],\"inLanguage\":\"en-GB\"},{\"@type\":[\"Person\",\"Organization\"],\"@id\":\"https:\/\/marolt-photography.com\/#\/schema\/person\/629b997fdc2e80e5556f662e3e1ed326\",\"name\":\"Janez Marolt\",\"image\":{\"@type\":\"ImageObject\",\"inLanguage\":\"en-GB\",\"@id\":\"https:\/\/marolt-photography.com\/#\/schema\/person\/image\/\",\"url\":\"https:\/\/secure.gravatar.com\/avatar\/86dc16766a32aff098b9a6bbf2c3abc20295153deca1d27fcb371d8273fb9f5d?s=96&d=mm&r=g\",\"contentUrl\":\"https:\/\/secure.gravatar.com\/avatar\/86dc16766a32aff098b9a6bbf2c3abc20295153deca1d27fcb371d8273fb9f5d?s=96&d=mm&r=g\",\"caption\":\"Janez Marolt\"},\"logo\":{\"@id\":\"https:\/\/marolt-photography.com\/#\/schema\/person\/image\/\"},\"sameAs\":[\"https:\/\/marolt-photography.com\/\",\"https:\/\/www.facebook.com\/janez.fotograf\",\"https:\/\/www.instagram.com\/janezmarolt\/\"]}]}<\/script>\n<!-- \/ Yoast SEO Premium plugin. -->","yoast_head_json":{"title":"Janez Marolt - Profesionalni fotograf","description":"Janez Marolt - Profesionalni fotograf","robots":{"index":"index","follow":"follow","max-snippet":"max-snippet:-1","max-image-preview":"max-image-preview:large","max-video-preview":"max-video-preview:-1"},"canonical":"https:\/\/marolt-photography.com\/en\/janez-marolt-profesionalni-fotograf\/","og_locale":"en_GB","og_type":"article","og_title":"Janez Marolt - Profesionalni fotograf","og_description":"Janez Marolt - Profesionalni fotograf","og_url":"https:\/\/marolt-photography.com\/en\/janez-marolt-profesionalni-fotograf\/","og_site_name":"Janez Marolt - Photography","article_publisher":"https:\/\/www.facebook.com\/janez.fotograf","article_modified_time":"2017-04-27T13:49:40+00:00","og_image":[{"url":"http:\/\/marolt-photography.com\/wp-content\/uploads\/2013\/08\/JM_BW-300x300.jpg","type":"","width":"","height":""}],"twitter_misc":{"Estimated reading time":"1 minute"},"schema":{"@context":"https:\/\/schema.org","@graph":[{"@type":"WebPage","@id":"https:\/\/marolt-photography.com\/janez-marolt-profesionalni-fotograf\/","url":"https:\/\/marolt-photography.com\/janez-marolt-profesionalni-fotograf\/","name":"Janez Marolt - Profesionalni fotograf","isPartOf":{"@id":"https:\/\/marolt-photography.com\/#website"},"primaryImageOfPage":{"@id":"https:\/\/marolt-photography.com\/janez-marolt-profesionalni-fotograf\/#primaryimage"},"image":{"@id":"https:\/\/marolt-photography.com\/janez-marolt-profesionalni-fotograf\/#primaryimage"},"thumbnailUrl":"http:\/\/marolt-photography.com\/wp-content\/uploads\/2013\/08\/JM_BW-300x300.jpg","datePublished":"2013-08-18T17:23:15+00:00","dateModified":"2017-04-27T13:49:40+00:00","description":"Janez Marolt - Profesionalni fotograf","inLanguage":"en-GB","potentialAction":[{"@type":"ReadAction","target":["https:\/\/marolt-photography.com\/janez-marolt-profesionalni-fotograf\/"]}]},{"@type":"ImageObject","inLanguage":"en-GB","@id":"https:\/\/marolt-photography.com\/janez-marolt-profesionalni-fotograf\/#primaryimage","url":"http:\/\/marolt-photography.com\/wp-content\/uploads\/2013\/08\/JM_BW-300x300.jpg","contentUrl":"http:\/\/marolt-photography.com\/wp-content\/uploads\/2013\/08\/JM_BW-300x300.jpg"},{"@type":"WebSite","@id":"https:\/\/marolt-photography.com\/#website","url":"https:\/\/marolt-photography.com\/","name":"Janez Marolt - Photography","description":"Proefssional photography","publisher":{"@id":"https:\/\/marolt-photography.com\/#\/schema\/person\/629b997fdc2e80e5556f662e3e1ed326"},"potentialAction":[{"@type":"SearchAction","target":{"@type":"EntryPoint","urlTemplate":"https:\/\/marolt-photography.com\/?s={search_term_string}"},"query-input":{"@type":"PropertyValueSpecification","valueRequired":true,"valueName":"search_term_string"}}],"inLanguage":"en-GB"},{"@type":["Person","Organization"],"@id":"https:\/\/marolt-photography.com\/#\/schema\/person\/629b997fdc2e80e5556f662e3e1ed326","name":"Janez Marolt - professional photographer based in Ljubljana, Slovenia","image":{"@type":"ImageObject","inLanguage":"en-GB","@id":"https:\/\/marolt-photography.com\/#\/schema\/person\/image\/","url":"https:\/\/secure.gravatar.com\/avatar\/86dc16766a32aff098b9a6bbf2c3abc20295153deca1d27fcb371d8273fb9f5d?s=96&d=mm&r=g","contentUrl":"https:\/\/secure.gravatar.com\/avatar\/86dc16766a32aff098b9a6bbf2c3abc20295153deca1d27fcb371d8273fb9f5d?s=96&d=mm&r=g","caption":"Janez Marolt"},"logo":{"@id":"https:\/\/marolt-photography.com\/#\/schema\/person\/image\/"},"sameAs":["https:\/\/marolt-photography.com\/","https:\/\/www.facebook.com\/janez.fotograf","https:\/\/www.instagram.com\/janezmarolt\/"]}]}},"_links":{"self":[{"href":"https:\/\/marolt-photography.com\/en\/wp-json\/wp\/v2\/pages\/24","targetHints":{"allow":["GET"]}}],"collection":[{"href":"https:\/\/marolt-photography.com\/en\/wp-json\/wp\/v2\/pages"}],"about":[{"href":"https:\/\/marolt-photography.com\/en\/wp-json\/wp\/v2\/types\/page"}],"author":[{"embeddable":true,"href":"https:\/\/marolt-photography.com\/en\/wp-json\/wp\/v2\/users\/1"}],"replies":[{"embeddable":true,"href":"https:\/\/marolt-photography.com\/en\/wp-json\/wp\/v2\/comments?post=24"}],"version-history":[{"count":12,"href":"https:\/\/marolt-photography.com\/en\/wp-json\/wp\/v2\/pages\/24\/revisions"}],"predecessor-version":[{"id":2614,"href":"https:\/\/marolt-photography.com\/en\/wp-json\/wp\/v2\/pages\/24\/revisions\/2614"}],"wp:attachment":[{"href":"https:\/\/marolt-photography.com\/en\/wp-json\/wp\/v2\/media?parent=24"}],"curies":[{"name":"wp","href":"https:\/\/api.w.org\/{rel}","templated":true}]}}