{"id":2639,"date":"2017-04-29T21:25:31","date_gmt":"2017-04-29T21:25:31","guid":{"rendered":"http:\/\/marolt-photography.com\/?page_id=2639"},"modified":"2020-12-21T21:09:26","modified_gmt":"2020-12-21T21:09:26","slug":"portretno-fotografiranje-poslovni-portreti-zaposlenih-za-podjetja","status":"publish","type":"page","link":"https:\/\/marolt-photography.com\/en\/portretno-fotografiranje-poslovni-portreti-zaposlenih-za-podjetja\/","title":{"rendered":"Portretno fotografiranje &#8211; poslovni portreti zaposlenih za podjetja"},"content":{"rendered":"<h1>Portraits of empoyees<\/h1>\n<h1><img loading=\"lazy\" decoding=\"async\" class=\"alignnone wp-image-1685 size-full\" src=\"http:\/\/marolt-photography.com\/wp-content\/uploads\/2014\/12\/Poslovni_portreti_Fotografija_Janez_Marolt_397.jpg\" alt=\"\" width=\"904\" height=\"604\" srcset=\"https:\/\/marolt-photography.com\/wp-content\/uploads\/2014\/12\/Poslovni_portreti_Fotografija_Janez_Marolt_397.jpg 904w, https:\/\/marolt-photography.com\/wp-content\/uploads\/2014\/12\/Poslovni_portreti_Fotografija_Janez_Marolt_397-300x200.jpg 300w\" sizes=\"auto, (max-width: 904px) 100vw, 904px\" \/><\/h1>\n<p>Portraits of your employees are the first thing your potential customers will notice when they visit the web page about your team. It is very important what first impression will they make of you. More and more first contacts with companies take place over the internet.<\/p>\n<p>Internet contact is less personal and often we don't know who stands behind a website. Can we trust them?<\/p>\n<p>A good business portrait can help you build that trust from the very beginning. It can make a step further to meeting in person or an order.\u00a0<\/p>\n<p>Quality corporate portraits show that you are Good corporate portraits show that you are a  reliable trustworthy team. At the same time they also convey the personal qualities and warmth of each individual. In my opinion, few people like working with remote inaccessible overly serious people. Quality corporate portraits strengthens your brand and the trust of your potential customers.<\/p>\n<p>Business portraiture can be approached from different ends. Portraits can be made in studio or the working ambient. A neutral background leaves all the attention to the person portrayed, while the work environment offers a broader context and tells more about how the individual contributes to the operation of the company.<\/p>\n<p>\u00a0<\/p>\n<h1>Classical studio business portraits<\/h1>\n<p><img loading=\"lazy\" decoding=\"async\" class=\"alignnone wp-image-1850 size-full\" src=\"http:\/\/marolt-photography.com\/wp-content\/uploads\/2015\/03\/Poslovno_portretiranje_Janez_Marolt001.jpg\" alt=\"Poslovno portretiranje\" width=\"904\" height=\"604\" srcset=\"https:\/\/marolt-photography.com\/wp-content\/uploads\/2015\/03\/Poslovno_portretiranje_Janez_Marolt001.jpg 904w, https:\/\/marolt-photography.com\/wp-content\/uploads\/2015\/03\/Poslovno_portretiranje_Janez_Marolt001-300x200.jpg 300w\" sizes=\"auto, (max-width: 904px) 100vw, 904px\" \/><\/p>\n<p><img loading=\"lazy\" decoding=\"async\" class=\"alignnone wp-image-2345 size-full\" src=\"http:\/\/marolt-photography.com\/wp-content\/uploads\/2016\/11\/Portrait_photography_Janez_Marolt_DSC0744.jpg\" alt=\"\" width=\"902\" height=\"602\" srcset=\"https:\/\/marolt-photography.com\/wp-content\/uploads\/2016\/11\/Portrait_photography_Janez_Marolt_DSC0744.jpg 902w, https:\/\/marolt-photography.com\/wp-content\/uploads\/2016\/11\/Portrait_photography_Janez_Marolt_DSC0744-300x200.jpg 300w, https:\/\/marolt-photography.com\/wp-content\/uploads\/2016\/11\/Portrait_photography_Janez_Marolt_DSC0744-768x513.jpg 768w\" sizes=\"auto, (max-width: 902px) 100vw, 902px\" \/><\/p>\n<p>Studio portraits of employees in front of a chosen neutral background focus on the individual portrayed. There is only the person and light. They can be more easily visually unified, especially if the portrayed stick to a certain dresscode.<\/p>\n<h1><img loading=\"lazy\" decoding=\"async\" class=\"alignnone size-full wp-image-3917\" src=\"https:\/\/marolt-photography.com\/wp-content\/uploads\/2020\/03\/DSC6424_Korporativni_poslovni_portreti_vodstva_foto_Janez_Marolt.jpg\" alt=\"\" width=\"900\" height=\"599\" srcset=\"https:\/\/marolt-photography.com\/wp-content\/uploads\/2020\/03\/DSC6424_Korporativni_poslovni_portreti_vodstva_foto_Janez_Marolt.jpg 900w, https:\/\/marolt-photography.com\/wp-content\/uploads\/2020\/03\/DSC6424_Korporativni_poslovni_portreti_vodstva_foto_Janez_Marolt-300x200.jpg 300w, https:\/\/marolt-photography.com\/wp-content\/uploads\/2020\/03\/DSC6424_Korporativni_poslovni_portreti_vodstva_foto_Janez_Marolt-768x511.jpg 768w, https:\/\/marolt-photography.com\/wp-content\/uploads\/2020\/03\/DSC6424_Korporativni_poslovni_portreti_vodstva_foto_Janez_Marolt-272x182.jpg 272w\" sizes=\"auto, (max-width: 900px) 100vw, 900px\" \/><\/h1>\n<p><img loading=\"lazy\" decoding=\"async\" class=\"alignnone size-full wp-image-2711\" src=\"https:\/\/marolt-photography.com\/wp-content\/uploads\/2017\/08\/DSC2939_Karmen_Pangos_foto_Janez_Marolt.jpg\" alt=\"\" width=\"902\" height=\"602\" srcset=\"https:\/\/marolt-photography.com\/wp-content\/uploads\/2017\/08\/DSC2939_Karmen_Pangos_foto_Janez_Marolt.jpg 902w, https:\/\/marolt-photography.com\/wp-content\/uploads\/2017\/08\/DSC2939_Karmen_Pangos_foto_Janez_Marolt-300x200.jpg 300w, https:\/\/marolt-photography.com\/wp-content\/uploads\/2017\/08\/DSC2939_Karmen_Pangos_foto_Janez_Marolt-768x513.jpg 768w\" sizes=\"auto, (max-width: 902px) 100vw, 902px\" \/><\/p>\n<p><img loading=\"lazy\" decoding=\"async\" class=\"alignnone size-full wp-image-997\" src=\"https:\/\/marolt-photography.com\/wp-content\/uploads\/2014\/10\/DSC6963.jpg\" alt=\"\" width=\"904\" height=\"604\" srcset=\"https:\/\/marolt-photography.com\/wp-content\/uploads\/2014\/10\/DSC6963.jpg 904w, https:\/\/marolt-photography.com\/wp-content\/uploads\/2014\/10\/DSC6963-300x200.jpg 300w\" sizes=\"auto, (max-width: 904px) 100vw, 904px\" \/><\/p>\n<h1>Ambiental business portraits of the empoyees - field action portraits<\/h1>\n<p><img loading=\"lazy\" decoding=\"async\" class=\"alignnone wp-image-1375 size-full\" src=\"http:\/\/marolt-photography.com\/wp-content\/uploads\/2014\/10\/RIBA_arh_ETI_fotografije_Marolt_11.jpg\" alt=\"\" width=\"900\" height=\"350\" srcset=\"https:\/\/marolt-photography.com\/wp-content\/uploads\/2014\/10\/RIBA_arh_ETI_fotografije_Marolt_11.jpg 900w, https:\/\/marolt-photography.com\/wp-content\/uploads\/2014\/10\/RIBA_arh_ETI_fotografije_Marolt_11-300x116.jpg 300w\" sizes=\"auto, (max-width: 900px) 100vw, 900px\" \/><\/p>\n\n\n<figure class=\"wp-block-image size-large\"><img loading=\"lazy\" decoding=\"async\" width=\"900\" height=\"599\" src=\"https:\/\/marolt-photography.com\/wp-content\/uploads\/2020\/03\/DSC7992_Dentalni_Center_Tatalovic_foto_Janez_Marolt_korporativni_portreti.jpg\" alt=\"\" class=\"wp-image-3961\" srcset=\"https:\/\/marolt-photography.com\/wp-content\/uploads\/2020\/03\/DSC7992_Dentalni_Center_Tatalovic_foto_Janez_Marolt_korporativni_portreti.jpg 900w, https:\/\/marolt-photography.com\/wp-content\/uploads\/2020\/03\/DSC7992_Dentalni_Center_Tatalovic_foto_Janez_Marolt_korporativni_portreti-300x200.jpg 300w, https:\/\/marolt-photography.com\/wp-content\/uploads\/2020\/03\/DSC7992_Dentalni_Center_Tatalovic_foto_Janez_Marolt_korporativni_portreti-768x511.jpg 768w, https:\/\/marolt-photography.com\/wp-content\/uploads\/2020\/03\/DSC7992_Dentalni_Center_Tatalovic_foto_Janez_Marolt_korporativni_portreti-272x182.jpg 272w\" sizes=\"auto, (max-width: 900px) 100vw, 900px\" \/><\/figure>\n\n\n\n<p>Ambiental business portraits show people in their work context. They convey more about people's profession, their skills and function in the work process of your company.<\/p>\n\n\n\n<figure class=\"wp-block-image size-large\"><img loading=\"lazy\" decoding=\"async\" width=\"900\" height=\"600\" src=\"https:\/\/marolt-photography.com\/wp-content\/uploads\/2020\/06\/DSC0816_TMR_Filter_Industrijska_fotografija_fotografiranje_strojev_Janez_Marolt.jpg\" alt=\"\" class=\"wp-image-4033\" srcset=\"https:\/\/marolt-photography.com\/wp-content\/uploads\/2020\/06\/DSC0816_TMR_Filter_Industrijska_fotografija_fotografiranje_strojev_Janez_Marolt.jpg 900w, https:\/\/marolt-photography.com\/wp-content\/uploads\/2020\/06\/DSC0816_TMR_Filter_Industrijska_fotografija_fotografiranje_strojev_Janez_Marolt-300x200.jpg 300w, https:\/\/marolt-photography.com\/wp-content\/uploads\/2020\/06\/DSC0816_TMR_Filter_Industrijska_fotografija_fotografiranje_strojev_Janez_Marolt-768x512.jpg 768w, https:\/\/marolt-photography.com\/wp-content\/uploads\/2020\/06\/DSC0816_TMR_Filter_Industrijska_fotografija_fotografiranje_strojev_Janez_Marolt-272x182.jpg 272w\" sizes=\"auto, (max-width: 900px) 100vw, 900px\" \/><\/figure>\n\n\n\n<figure class=\"wp-block-image size-large\"><img loading=\"lazy\" decoding=\"async\" width=\"902\" height=\"602\" src=\"https:\/\/marolt-photography.com\/wp-content\/uploads\/2019\/05\/DSC2312_Fotografiranje_proizvodnih_procesov_foto_Janez_Marolt.jpg\" alt=\"\" class=\"wp-image-3406\" srcset=\"https:\/\/marolt-photography.com\/wp-content\/uploads\/2019\/05\/DSC2312_Fotografiranje_proizvodnih_procesov_foto_Janez_Marolt.jpg 902w, https:\/\/marolt-photography.com\/wp-content\/uploads\/2019\/05\/DSC2312_Fotografiranje_proizvodnih_procesov_foto_Janez_Marolt-300x200.jpg 300w, https:\/\/marolt-photography.com\/wp-content\/uploads\/2019\/05\/DSC2312_Fotografiranje_proizvodnih_procesov_foto_Janez_Marolt-768x513.jpg 768w\" sizes=\"auto, (max-width: 902px) 100vw, 902px\" \/><\/figure>\n\n\n\n<figure class=\"wp-block-image size-large\"><img loading=\"lazy\" decoding=\"async\" width=\"904\" height=\"604\" src=\"https:\/\/marolt-photography.com\/wp-content\/uploads\/2014\/11\/Shin_Sato_japonska_kuhinja_fotografija_Marolt_DSC6485.jpg\" alt=\"Shin Sato japonski kuharski \u0161ef - Shin Sato japanese gourmet chef\" class=\"wp-image-1490\" srcset=\"https:\/\/marolt-photography.com\/wp-content\/uploads\/2014\/11\/Shin_Sato_japonska_kuhinja_fotografija_Marolt_DSC6485.jpg 904w, https:\/\/marolt-photography.com\/wp-content\/uploads\/2014\/11\/Shin_Sato_japonska_kuhinja_fotografija_Marolt_DSC6485-300x200.jpg 300w\" sizes=\"auto, (max-width: 904px) 100vw, 904px\" \/><\/figure>\n\n\n\n<figure class=\"wp-block-image size-large\"><img loading=\"lazy\" decoding=\"async\" width=\"902\" height=\"601\" src=\"https:\/\/marolt-photography.com\/wp-content\/uploads\/2018\/05\/DSC7020_TRM_Filter_proizvodnja_foto_J_Marolt.jpg\" alt=\"\" class=\"wp-image-2993\" srcset=\"https:\/\/marolt-photography.com\/wp-content\/uploads\/2018\/05\/DSC7020_TRM_Filter_proizvodnja_foto_J_Marolt.jpg 902w, https:\/\/marolt-photography.com\/wp-content\/uploads\/2018\/05\/DSC7020_TRM_Filter_proizvodnja_foto_J_Marolt-300x200.jpg 300w, https:\/\/marolt-photography.com\/wp-content\/uploads\/2018\/05\/DSC7020_TRM_Filter_proizvodnja_foto_J_Marolt-768x512.jpg 768w\" sizes=\"auto, (max-width: 902px) 100vw, 902px\" \/><\/figure>\n\n\n\n<figure class=\"wp-block-image size-large\"><img loading=\"lazy\" decoding=\"async\" width=\"902\" height=\"601\" src=\"https:\/\/marolt-photography.com\/wp-content\/uploads\/2018\/05\/DSC6480_TRM_filter_portreti_foto_Janez_Marolt.jpg\" alt=\"\" class=\"wp-image-3018\" srcset=\"https:\/\/marolt-photography.com\/wp-content\/uploads\/2018\/05\/DSC6480_TRM_filter_portreti_foto_Janez_Marolt.jpg 902w, https:\/\/marolt-photography.com\/wp-content\/uploads\/2018\/05\/DSC6480_TRM_filter_portreti_foto_Janez_Marolt-300x200.jpg 300w, https:\/\/marolt-photography.com\/wp-content\/uploads\/2018\/05\/DSC6480_TRM_filter_portreti_foto_Janez_Marolt-768x512.jpg 768w\" sizes=\"auto, (max-width: 902px) 100vw, 902px\" \/><\/figure>","protected":false},"excerpt":{"rendered":"<p>Portretiranje zaposlenih Portreti zaposlenih so prva stvar, ki jo va\u0161e potencialne stranke opazijo, ko odprejo stran o va\u0161i ekipi. Ni vseeno, kak\u0161en prvi vtis si o vas ustvarijo. Vedno ve\u010dji del prvih stikov z vami se odvije preko interneta. Internetni stik je manj oseben in pogosto ne vemo, kdo stoji za neko internetno stranjo. S [&hellip;]<\/p>\n","protected":false},"author":1,"featured_media":3920,"parent":0,"menu_order":0,"comment_status":"closed","ping_status":"closed","template":"home-panels.php","meta":{"footnotes":""},"class_list":["post-2639","page","type-page","status-publish","has-post-thumbnail","hentry","content-columns-1"],"yoast_head":"<!-- This site is optimized with the Yoast SEO Premium plugin v27.1 (Yoast SEO v27.1.1) - https:\/\/yoast.com\/product\/yoast-seo-premium-wordpress\/ -->\n<title>Portretiranje zaposlenih%poslovni portreti zaposlenih % korporativni portret<\/title>\n<meta name=\"description\" content=\"Poslovni portreti va\u0161ih zaposlenih so zunanja podoba va\u0161e ekipe. Ne prepustite prvega vtisa naklju\u010dju. Portretiranje lahko izvedemo v studiu ali pri vas.\" \/>\n<meta name=\"robots\" content=\"index, follow, max-snippet:-1, max-image-preview:large, max-video-preview:-1\" \/>\n<link rel=\"canonical\" href=\"https:\/\/marolt-photography.com\/en\/portretno-fotografiranje-poslovni-portreti-zaposlenih-za-podjetja\/\" \/>\n<meta property=\"og:locale\" content=\"en_GB\" \/>\n<meta property=\"og:type\" content=\"article\" \/>\n<meta property=\"og:title\" content=\"Portretno fotografiranje - poslovni portreti zaposlenih za podjetja\" \/>\n<meta property=\"og:description\" content=\"Poslovni portreti va\u0161ih zaposlenih so zunanja podoba va\u0161e ekipe. Ne prepustite prvega vtisa naklju\u010dju. Portretiranje lahko izvedemo v studiu ali pri vas.\" \/>\n<meta property=\"og:url\" content=\"https:\/\/marolt-photography.com\/en\/portretno-fotografiranje-poslovni-portreti-zaposlenih-za-podjetja\/\" \/>\n<meta property=\"og:site_name\" content=\"Janez Marolt - Photography\" \/>\n<meta property=\"article:publisher\" content=\"https:\/\/www.facebook.com\/janez.fotograf\" \/>\n<meta property=\"article:modified_time\" content=\"2020-12-21T21:09:26+00:00\" \/>\n<meta property=\"og:image\" content=\"https:\/\/marolt-photography.com\/wp-content\/uploads\/2020\/03\/DSC6677_Korporativni_poslovni_portreti_vodstva_foto_Janez_Marolt.jpg\" \/>\n\t<meta property=\"og:image:width\" content=\"900\" \/>\n\t<meta property=\"og:image:height\" content=\"599\" \/>\n\t<meta property=\"og:image:type\" content=\"image\/jpeg\" \/>\n<meta name=\"twitter:label1\" content=\"Estimated reading time\" \/>\n\t<meta name=\"twitter:data1\" content=\"1 minute\" \/>\n<script type=\"application\/ld+json\" class=\"yoast-schema-graph\">{\"@context\":\"https:\/\/schema.org\",\"@graph\":[{\"@type\":\"WebPage\",\"@id\":\"https:\/\/marolt-photography.com\/portretno-fotografiranje-poslovni-portreti-zaposlenih-za-podjetja\/\",\"url\":\"https:\/\/marolt-photography.com\/portretno-fotografiranje-poslovni-portreti-zaposlenih-za-podjetja\/\",\"name\":\"Portretiranje zaposlenih%poslovni portreti zaposlenih % korporativni portret\",\"isPartOf\":{\"@id\":\"https:\/\/marolt-photography.com\/#website\"},\"primaryImageOfPage\":{\"@id\":\"https:\/\/marolt-photography.com\/portretno-fotografiranje-poslovni-portreti-zaposlenih-za-podjetja\/#primaryimage\"},\"image\":{\"@id\":\"https:\/\/marolt-photography.com\/portretno-fotografiranje-poslovni-portreti-zaposlenih-za-podjetja\/#primaryimage\"},\"thumbnailUrl\":\"https:\/\/marolt-photography.com\/wp-content\/uploads\/2020\/03\/DSC6677_Korporativni_poslovni_portreti_vodstva_foto_Janez_Marolt.jpg\",\"datePublished\":\"2017-04-29T21:25:31+00:00\",\"dateModified\":\"2020-12-21T21:09:26+00:00\",\"description\":\"Poslovni portreti va\u0161ih zaposlenih so zunanja podoba va\u0161e ekipe. Ne prepustite prvega vtisa naklju\u010dju. Portretiranje lahko izvedemo v studiu ali pri vas.\",\"inLanguage\":\"en-GB\",\"potentialAction\":[{\"@type\":\"ReadAction\",\"target\":[\"https:\/\/marolt-photography.com\/portretno-fotografiranje-poslovni-portreti-zaposlenih-za-podjetja\/\"]}]},{\"@type\":\"ImageObject\",\"inLanguage\":\"en-GB\",\"@id\":\"https:\/\/marolt-photography.com\/portretno-fotografiranje-poslovni-portreti-zaposlenih-za-podjetja\/#primaryimage\",\"url\":\"https:\/\/marolt-photography.com\/wp-content\/uploads\/2020\/03\/DSC6677_Korporativni_poslovni_portreti_vodstva_foto_Janez_Marolt.jpg\",\"contentUrl\":\"https:\/\/marolt-photography.com\/wp-content\/uploads\/2020\/03\/DSC6677_Korporativni_poslovni_portreti_vodstva_foto_Janez_Marolt.jpg\",\"width\":900,\"height\":599},{\"@type\":\"WebSite\",\"@id\":\"https:\/\/marolt-photography.com\/#website\",\"url\":\"https:\/\/marolt-photography.com\/\",\"name\":\"Janez Marolt - Photography\",\"description\":\"Profesionalna fotografija\",\"publisher\":{\"@id\":\"https:\/\/marolt-photography.com\/#\/schema\/person\/629b997fdc2e80e5556f662e3e1ed326\"},\"potentialAction\":[{\"@type\":\"SearchAction\",\"target\":{\"@type\":\"EntryPoint\",\"urlTemplate\":\"https:\/\/marolt-photography.com\/?s={search_term_string}\"},\"query-input\":{\"@type\":\"PropertyValueSpecification\",\"valueRequired\":true,\"valueName\":\"search_term_string\"}}],\"inLanguage\":\"en-GB\"},{\"@type\":[\"Person\",\"Organization\"],\"@id\":\"https:\/\/marolt-photography.com\/#\/schema\/person\/629b997fdc2e80e5556f662e3e1ed326\",\"name\":\"Janez Marolt\",\"image\":{\"@type\":\"ImageObject\",\"inLanguage\":\"en-GB\",\"@id\":\"https:\/\/marolt-photography.com\/#\/schema\/person\/image\/\",\"url\":\"https:\/\/secure.gravatar.com\/avatar\/86dc16766a32aff098b9a6bbf2c3abc20295153deca1d27fcb371d8273fb9f5d?s=96&d=mm&r=g\",\"contentUrl\":\"https:\/\/secure.gravatar.com\/avatar\/86dc16766a32aff098b9a6bbf2c3abc20295153deca1d27fcb371d8273fb9f5d?s=96&d=mm&r=g\",\"caption\":\"Janez Marolt\"},\"logo\":{\"@id\":\"https:\/\/marolt-photography.com\/#\/schema\/person\/image\/\"},\"sameAs\":[\"https:\/\/marolt-photography.com\/\",\"https:\/\/www.facebook.com\/janez.fotograf\",\"https:\/\/www.instagram.com\/janezmarolt\/\"]}]}<\/script>\n<!-- \/ Yoast SEO Premium plugin. -->","yoast_head_json":{"title":"Portretiranje zaposlenih%poslovni portreti zaposlenih % korporativni portret","description":"Poslovni portreti va\u0161ih zaposlenih so zunanja podoba va\u0161e ekipe. Ne prepustite prvega vtisa naklju\u010dju. Portretiranje lahko izvedemo v studiu ali pri vas.","robots":{"index":"index","follow":"follow","max-snippet":"max-snippet:-1","max-image-preview":"max-image-preview:large","max-video-preview":"max-video-preview:-1"},"canonical":"https:\/\/marolt-photography.com\/en\/portretno-fotografiranje-poslovni-portreti-zaposlenih-za-podjetja\/","og_locale":"en_GB","og_type":"article","og_title":"Portretno fotografiranje - poslovni portreti zaposlenih za podjetja","og_description":"Poslovni portreti va\u0161ih zaposlenih so zunanja podoba va\u0161e ekipe. Ne prepustite prvega vtisa naklju\u010dju. Portretiranje lahko izvedemo v studiu ali pri vas.","og_url":"https:\/\/marolt-photography.com\/en\/portretno-fotografiranje-poslovni-portreti-zaposlenih-za-podjetja\/","og_site_name":"Janez Marolt - Photography","article_publisher":"https:\/\/www.facebook.com\/janez.fotograf","article_modified_time":"2020-12-21T21:09:26+00:00","og_image":[{"width":900,"height":599,"url":"https:\/\/marolt-photography.com\/wp-content\/uploads\/2020\/03\/DSC6677_Korporativni_poslovni_portreti_vodstva_foto_Janez_Marolt.jpg","type":"image\/jpeg"}],"twitter_misc":{"Estimated reading time":"1 minute"},"schema":{"@context":"https:\/\/schema.org","@graph":[{"@type":"WebPage","@id":"https:\/\/marolt-photography.com\/portretno-fotografiranje-poslovni-portreti-zaposlenih-za-podjetja\/","url":"https:\/\/marolt-photography.com\/portretno-fotografiranje-poslovni-portreti-zaposlenih-za-podjetja\/","name":"Portretiranje zaposlenih%poslovni portreti zaposlenih % korporativni portret","isPartOf":{"@id":"https:\/\/marolt-photography.com\/#website"},"primaryImageOfPage":{"@id":"https:\/\/marolt-photography.com\/portretno-fotografiranje-poslovni-portreti-zaposlenih-za-podjetja\/#primaryimage"},"image":{"@id":"https:\/\/marolt-photography.com\/portretno-fotografiranje-poslovni-portreti-zaposlenih-za-podjetja\/#primaryimage"},"thumbnailUrl":"https:\/\/marolt-photography.com\/wp-content\/uploads\/2020\/03\/DSC6677_Korporativni_poslovni_portreti_vodstva_foto_Janez_Marolt.jpg","datePublished":"2017-04-29T21:25:31+00:00","dateModified":"2020-12-21T21:09:26+00:00","description":"Poslovni portreti va\u0161ih zaposlenih so zunanja podoba va\u0161e ekipe. Ne prepustite prvega vtisa naklju\u010dju. Portretiranje lahko izvedemo v studiu ali pri vas.","inLanguage":"en-GB","potentialAction":[{"@type":"ReadAction","target":["https:\/\/marolt-photography.com\/portretno-fotografiranje-poslovni-portreti-zaposlenih-za-podjetja\/"]}]},{"@type":"ImageObject","inLanguage":"en-GB","@id":"https:\/\/marolt-photography.com\/portretno-fotografiranje-poslovni-portreti-zaposlenih-za-podjetja\/#primaryimage","url":"https:\/\/marolt-photography.com\/wp-content\/uploads\/2020\/03\/DSC6677_Korporativni_poslovni_portreti_vodstva_foto_Janez_Marolt.jpg","contentUrl":"https:\/\/marolt-photography.com\/wp-content\/uploads\/2020\/03\/DSC6677_Korporativni_poslovni_portreti_vodstva_foto_Janez_Marolt.jpg","width":900,"height":599},{"@type":"WebSite","@id":"https:\/\/marolt-photography.com\/#website","url":"https:\/\/marolt-photography.com\/","name":"Janez Marolt - Photography","description":"Proefssional photography","publisher":{"@id":"https:\/\/marolt-photography.com\/#\/schema\/person\/629b997fdc2e80e5556f662e3e1ed326"},"potentialAction":[{"@type":"SearchAction","target":{"@type":"EntryPoint","urlTemplate":"https:\/\/marolt-photography.com\/?s={search_term_string}"},"query-input":{"@type":"PropertyValueSpecification","valueRequired":true,"valueName":"search_term_string"}}],"inLanguage":"en-GB"},{"@type":["Person","Organization"],"@id":"https:\/\/marolt-photography.com\/#\/schema\/person\/629b997fdc2e80e5556f662e3e1ed326","name":"Janez Marolt - professional photographer based in Ljubljana, Slovenia","image":{"@type":"ImageObject","inLanguage":"en-GB","@id":"https:\/\/marolt-photography.com\/#\/schema\/person\/image\/","url":"https:\/\/secure.gravatar.com\/avatar\/86dc16766a32aff098b9a6bbf2c3abc20295153deca1d27fcb371d8273fb9f5d?s=96&d=mm&r=g","contentUrl":"https:\/\/secure.gravatar.com\/avatar\/86dc16766a32aff098b9a6bbf2c3abc20295153deca1d27fcb371d8273fb9f5d?s=96&d=mm&r=g","caption":"Janez Marolt"},"logo":{"@id":"https:\/\/marolt-photography.com\/#\/schema\/person\/image\/"},"sameAs":["https:\/\/marolt-photography.com\/","https:\/\/www.facebook.com\/janez.fotograf","https:\/\/www.instagram.com\/janezmarolt\/"]}]}},"_links":{"self":[{"href":"https:\/\/marolt-photography.com\/en\/wp-json\/wp\/v2\/pages\/2639","targetHints":{"allow":["GET"]}}],"collection":[{"href":"https:\/\/marolt-photography.com\/en\/wp-json\/wp\/v2\/pages"}],"about":[{"href":"https:\/\/marolt-photography.com\/en\/wp-json\/wp\/v2\/types\/page"}],"author":[{"embeddable":true,"href":"https:\/\/marolt-photography.com\/en\/wp-json\/wp\/v2\/users\/1"}],"replies":[{"embeddable":true,"href":"https:\/\/marolt-photography.com\/en\/wp-json\/wp\/v2\/comments?post=2639"}],"version-history":[{"count":11,"href":"https:\/\/marolt-photography.com\/en\/wp-json\/wp\/v2\/pages\/2639\/revisions"}],"predecessor-version":[{"id":4208,"href":"https:\/\/marolt-photography.com\/en\/wp-json\/wp\/v2\/pages\/2639\/revisions\/4208"}],"wp:featuredmedia":[{"embeddable":true,"href":"https:\/\/marolt-photography.com\/en\/wp-json\/wp\/v2\/media\/3920"}],"wp:attachment":[{"href":"https:\/\/marolt-photography.com\/en\/wp-json\/wp\/v2\/media?parent=2639"}],"curies":[{"name":"wp","href":"https:\/\/api.w.org\/{rel}","templated":true}]}}