{"id":2653,"date":"2017-05-11T18:06:29","date_gmt":"2017-05-11T18:06:29","guid":{"rendered":"http:\/\/marolt-photography.com\/?page_id=2653"},"modified":"2025-04-17T13:27:42","modified_gmt":"2025-04-17T13:27:42","slug":"fitness-bodybuilding-fotografija","status":"publish","type":"page","link":"https:\/\/marolt-photography.com\/en\/fitness-bodybuilding-fotografija\/","title":{"rendered":"Futness - bodybuilding photography"},"content":{"rendered":"<h1>Fitness-bodybuliding fotografija<\/h1>\n<p>Fitness-bodybuilding fotografija je \u0161porten portret. Pri tem se mi zdi klju\u010dno prikazat kvalitete skrbno vzgojenega telesa, kot tudi osebnost samega \u0161portnika. Telo je \u017ee po naravi lepo. Ve\u010d kot je v svoji zdravem gibanju, bolj je to izrazito.<\/p>\n<p><img loading=\"lazy\" decoding=\"async\" class=\"alignnone size-full wp-image-4664\" src=\"https:\/\/marolt-photography.com\/wp-content\/uploads\/2025\/04\/DSC_0510_fitness_photography_J_Marolt.jpg\" alt=\"Fitness fotografija, Ljubljana, Slovenija - Portret tebe in tvojega dovr\u0161enega telesa\" width=\"1080\" height=\"1080\" srcset=\"https:\/\/marolt-photography.com\/wp-content\/uploads\/2025\/04\/DSC_0510_fitness_photography_J_Marolt.jpg 1080w, https:\/\/marolt-photography.com\/wp-content\/uploads\/2025\/04\/DSC_0510_fitness_photography_J_Marolt-300x300.jpg 300w, https:\/\/marolt-photography.com\/wp-content\/uploads\/2025\/04\/DSC_0510_fitness_photography_J_Marolt-1024x1024.jpg 1024w, https:\/\/marolt-photography.com\/wp-content\/uploads\/2025\/04\/DSC_0510_fitness_photography_J_Marolt-150x150.jpg 150w, https:\/\/marolt-photography.com\/wp-content\/uploads\/2025\/04\/DSC_0510_fitness_photography_J_Marolt-768x768.jpg 768w, https:\/\/marolt-photography.com\/wp-content\/uploads\/2025\/04\/DSC_0510_fitness_photography_J_Marolt-12x12.jpg 12w, https:\/\/marolt-photography.com\/wp-content\/uploads\/2025\/04\/DSC_0510_fitness_photography_J_Marolt-904x904.jpg 904w, https:\/\/marolt-photography.com\/wp-content\/uploads\/2025\/04\/DSC_0510_fitness_photography_J_Marolt-45x45.jpg 45w\" sizes=\"auto, (max-width: 1080px) 100vw, 1080px\" \/><\/p>\n<h2>Fitness-bodybuliding fotografija v studiu<\/h2>\n<p>Klasi\u010den pristop k fitness oziroma bodybuilding fotografiranju je studijski. Tu imamo svetlobo pod polnim nadzorom. Tako je mo\u010d telo optimalno osvetliti da sadovi tvojega dela res pridejo do izraza.<\/p>\n<p><img loading=\"lazy\" decoding=\"async\" class=\"alignnone wp-image-2659 size-full\" title=\"Fitness-bodybuliding fotografija\" src=\"http:\/\/marolt-photography.com\/wp-content\/uploads\/2017\/05\/Bodybuilding_fitness_fotografija_foto_Janez_Marolt_DSC5633_Cb.jpg\" alt=\"fitness fotografija - builder Jaka \u010cuje\u017e\" width=\"602\" height=\"902\" srcset=\"https:\/\/marolt-photography.com\/wp-content\/uploads\/2017\/05\/Bodybuilding_fitness_fotografija_foto_Janez_Marolt_DSC5633_Cb.jpg 602w, https:\/\/marolt-photography.com\/wp-content\/uploads\/2017\/05\/Bodybuilding_fitness_fotografija_foto_Janez_Marolt_DSC5633_Cb-200x300.jpg 200w\" sizes=\"auto, (max-width: 602px) 100vw, 602px\" \/><\/p>\n<p><img loading=\"lazy\" decoding=\"async\" class=\"alignnone wp-image-2660 size-full\" title=\"Fitness-bodybuliding fotografija\" src=\"http:\/\/marolt-photography.com\/wp-content\/uploads\/2017\/05\/Bodybuilding_fitness_fotografija_foto_Janez_Marolt_DSC5702.jpg\" alt=\"fitness fotografija - builder Jaka \u010cuje\u017e\" width=\"602\" height=\"902\" srcset=\"https:\/\/marolt-photography.com\/wp-content\/uploads\/2017\/05\/Bodybuilding_fitness_fotografija_foto_Janez_Marolt_DSC5702.jpg 602w, https:\/\/marolt-photography.com\/wp-content\/uploads\/2017\/05\/Bodybuilding_fitness_fotografija_foto_Janez_Marolt_DSC5702-200x300.jpg 200w\" sizes=\"auto, (max-width: 602px) 100vw, 602px\" \/><\/p>\n<p>Po fotografiranju mi je Jaka pisal:<\/p>\n<p><em>&#8220;Res hvala za izvrstno delo in bogato izku\u0161njo. Zagotovo se \u0161e sre\u010dava na moji poti. Lp!&#8221;<\/em><\/p>\n<p>Jaka \u010cuje\u017e<\/p>\n<p><img loading=\"lazy\" decoding=\"async\" class=\"alignnone wp-image-2661 size-full\" title=\"Fitness-bodybuliding fotografija\" src=\"http:\/\/marolt-photography.com\/wp-content\/uploads\/2017\/05\/Bodybuilding_fitness_fotografija_foto_Janez_Marolt_DSC5892.jpg\" alt=\"fitness fotografija - builder Jaka \u010cuje\u017e\" width=\"602\" height=\"902\" srcset=\"https:\/\/marolt-photography.com\/wp-content\/uploads\/2017\/05\/Bodybuilding_fitness_fotografija_foto_Janez_Marolt_DSC5892.jpg 602w, https:\/\/marolt-photography.com\/wp-content\/uploads\/2017\/05\/Bodybuilding_fitness_fotografija_foto_Janez_Marolt_DSC5892-200x300.jpg 200w\" sizes=\"auto, (max-width: 602px) 100vw, 602px\" \/><\/p>\n<p><img loading=\"lazy\" decoding=\"async\" class=\"alignnone wp-image-1720 size-full\" title=\"Fitness-bodybuliding fotografija\" src=\"http:\/\/marolt-photography.com\/wp-content\/uploads\/2015\/01\/akt_fotografija_marolt_2613.jpg\" alt=\"Poljub - bodybuilderski par - fitness fotografiranje\" width=\"904\" height=\"904\" srcset=\"https:\/\/marolt-photography.com\/wp-content\/uploads\/2015\/01\/akt_fotografija_marolt_2613.jpg 904w, https:\/\/marolt-photography.com\/wp-content\/uploads\/2015\/01\/akt_fotografija_marolt_2613-150x150.jpg 150w, https:\/\/marolt-photography.com\/wp-content\/uploads\/2015\/01\/akt_fotografija_marolt_2613-300x300.jpg 300w\" sizes=\"auto, (max-width: 904px) 100vw, 904px\" \/><\/p>\n<h2>Ambientalna fitness-bodybuliding fotografija<\/h2>\n<h2><img loading=\"lazy\" decoding=\"async\" class=\"alignnone wp-image-2658 size-full\" title=\"Fitness-bodybuliding fotografija\" src=\"http:\/\/marolt-photography.com\/wp-content\/uploads\/2017\/05\/Bodybuilding_fitness_fotografija_foto_Janez_Marolt_DSC6175.jpg\" alt=\"fitness fotografija - builder Jaka \u010cuje\u017e\" width=\"902\" height=\"601\" srcset=\"https:\/\/marolt-photography.com\/wp-content\/uploads\/2017\/05\/Bodybuilding_fitness_fotografija_foto_Janez_Marolt_DSC6175.jpg 902w, https:\/\/marolt-photography.com\/wp-content\/uploads\/2017\/05\/Bodybuilding_fitness_fotografija_foto_Janez_Marolt_DSC6175-300x200.jpg 300w, https:\/\/marolt-photography.com\/wp-content\/uploads\/2017\/05\/Bodybuilding_fitness_fotografija_foto_Janez_Marolt_DSC6175-768x512.jpg 768w\" sizes=\"auto, (max-width: 902px) 100vw, 902px\" \/><\/h2>\n<p>Druga opcija so ambientalne fotografije. Te nam nudijo \u0161ir\u0161o paleto ambientov in situacij. Zanimive so slike\u00a0v naravi, v fitness studijih, kadar niso prenatrpani. Zanimivi arhitekturni ambienti slu\u017eijo kot \u0161e posebno zanimiva scenografija.<\/p>\n<p><img loading=\"lazy\" decoding=\"async\" class=\"alignnone wp-image-2678 size-full\" title=\"Gina Lazarevi\u0107 - Bled - fotografija Janez Marolt\" src=\"http:\/\/marolt-photography.com\/wp-content\/uploads\/2017\/05\/Bodybuilding_fitness_fotografija_foto_Janez_Marolt_DSC_1499.jpg\" alt=\"Fitness-bodybuliding fotografija\" width=\"900\" height=\"596\" srcset=\"https:\/\/marolt-photography.com\/wp-content\/uploads\/2017\/05\/Bodybuilding_fitness_fotografija_foto_Janez_Marolt_DSC_1499.jpg 900w, https:\/\/marolt-photography.com\/wp-content\/uploads\/2017\/05\/Bodybuilding_fitness_fotografija_foto_Janez_Marolt_DSC_1499-300x199.jpg 300w, https:\/\/marolt-photography.com\/wp-content\/uploads\/2017\/05\/Bodybuilding_fitness_fotografija_foto_Janez_Marolt_DSC_1499-768x509.jpg 768w\" sizes=\"auto, (max-width: 900px) 100vw, 900px\" \/> <img loading=\"lazy\" decoding=\"async\" class=\"alignnone wp-image-2677 size-full\" title=\"Gina Lazarevi\u0107 - Bled - fotografija Janez Marolt\" src=\"http:\/\/marolt-photography.com\/wp-content\/uploads\/2017\/05\/Bodybuilding_fitness_fotografija_foto_Janez_Marolt_DSC_1447.jpg\" alt=\"Fitness-bodybuliding fotografija\" width=\"900\" height=\"900\" srcset=\"https:\/\/marolt-photography.com\/wp-content\/uploads\/2017\/05\/Bodybuilding_fitness_fotografija_foto_Janez_Marolt_DSC_1447.jpg 900w, https:\/\/marolt-photography.com\/wp-content\/uploads\/2017\/05\/Bodybuilding_fitness_fotografija_foto_Janez_Marolt_DSC_1447-150x150.jpg 150w, https:\/\/marolt-photography.com\/wp-content\/uploads\/2017\/05\/Bodybuilding_fitness_fotografija_foto_Janez_Marolt_DSC_1447-300x300.jpg 300w, https:\/\/marolt-photography.com\/wp-content\/uploads\/2017\/05\/Bodybuilding_fitness_fotografija_foto_Janez_Marolt_DSC_1447-768x768.jpg 768w\" sizes=\"auto, (max-width: 900px) 100vw, 900px\" \/> <img loading=\"lazy\" decoding=\"async\" class=\"alignnone wp-image-2676 size-full\" title=\"Gina Lazarevi\u0107 - Bled - fotografija Janez Marolt\" src=\"http:\/\/marolt-photography.com\/wp-content\/uploads\/2017\/05\/Bodybuilding_fitness_fotografija_foto_Janez_Marolt_DSC_1307.jpg\" alt=\"Fitness-bodybuliding fotografija\" width=\"600\" height=\"900\" srcset=\"https:\/\/marolt-photography.com\/wp-content\/uploads\/2017\/05\/Bodybuilding_fitness_fotografija_foto_Janez_Marolt_DSC_1307.jpg 600w, https:\/\/marolt-photography.com\/wp-content\/uploads\/2017\/05\/Bodybuilding_fitness_fotografija_foto_Janez_Marolt_DSC_1307-200x300.jpg 200w\" sizes=\"auto, (max-width: 600px) 100vw, 600px\" \/><\/p>\n<p>Mnogi bodybuilderji \u017eelji svojo te\u017eko prigarano vrhunsko formo ovekove\u010diti.<\/p>\n<p>\u010ce trenira\u0161 za svojo ciljno formo in \u017eeli\u0161 dobre slike v optimalnem trenutku je fino, da me pokli\u010de\u0161 \u017ee predhodno. Tako lahko narediva dober plan za slikanje in rezervirava termin, ki ti najbolj odgovarja. Zmeniva se za pristop in kraj slikanja ki se ti zdi najbolj primeren.<\/p>\n<p>Po slikanju izbere\u0161 slike, ki so ti najbolj v\u0161e\u010d, jaz pa jih obdelam in ti jih po\u0161ljem.<\/p>\n<p>\u010ce razmi\u0161lja\u0161 o fitness fotografiranju, se mi javi. Podatke najde\u0161 na strani <a href=\"http:\/\/marolt-photography.com\/en\/kontakt\/\" target=\"_blank\" rel=\"noopener noreferrer\">&#8220;Kontakt&#8221;<\/a>. Studio imam v Ljubljani.<\/p>\n<p><img loading=\"lazy\" decoding=\"async\" class=\"alignnone size-full wp-image-2674\" src=\"http:\/\/marolt-photography.com\/wp-content\/uploads\/2017\/05\/Bodybuilding_fitness_fotografija_foto_Janez_Marolt_DSC5712.jpg\" alt=\"Fitness-bodybuliding fotografija\" width=\"602\" height=\"902\" srcset=\"https:\/\/marolt-photography.com\/wp-content\/uploads\/2017\/05\/Bodybuilding_fitness_fotografija_foto_Janez_Marolt_DSC5712.jpg 602w, https:\/\/marolt-photography.com\/wp-content\/uploads\/2017\/05\/Bodybuilding_fitness_fotografija_foto_Janez_Marolt_DSC5712-200x300.jpg 200w\" sizes=\"auto, (max-width: 602px) 100vw, 602px\" \/> <img loading=\"lazy\" decoding=\"async\" class=\"alignnone size-full wp-image-2673\" src=\"http:\/\/marolt-photography.com\/wp-content\/uploads\/2017\/05\/Bodybuilding_fitness_fotografija_foto_Janez_Marolt_DSC5651.jpg\" alt=\"Fitness-bodybuliding fotografija\" width=\"602\" height=\"902\" srcset=\"https:\/\/marolt-photography.com\/wp-content\/uploads\/2017\/05\/Bodybuilding_fitness_fotografija_foto_Janez_Marolt_DSC5651.jpg 602w, https:\/\/marolt-photography.com\/wp-content\/uploads\/2017\/05\/Bodybuilding_fitness_fotografija_foto_Janez_Marolt_DSC5651-200x300.jpg 200w\" sizes=\"auto, (max-width: 602px) 100vw, 602px\" \/><\/p>","protected":false},"excerpt":{"rendered":"<p>Fitness-bodybuliding fotografija Fitness-bodybuilding fotografija je \u0161porten portret. Pri tem se mi zdi klju\u010dno prikazat kvalitete skrbno vzgojenega telesa, kot tudi osebnost samega \u0161portnika. Telo je \u017ee po naravi lepo. Ve\u010d kot je v svoji zdravem gibanju, bolj je to izrazito. Fitness-bodybuliding fotografija v studiu Klasi\u010den pristop k fitness oziroma bodybuilding fotografiranju je studijski. Tu imamo [&hellip;]<\/p>\n","protected":false},"author":1,"featured_media":0,"parent":0,"menu_order":0,"comment_status":"closed","ping_status":"closed","template":"template-notitle.php","meta":{"footnotes":""},"class_list":["post-2653","page","type-page","status-publish","hentry","content-columns-1"],"yoast_head":"<!-- This site is optimized with the Yoast SEO Premium plugin v27.1 (Yoast SEO v27.1.1) - https:\/\/yoast.com\/product\/yoast-seo-premium-wordpress\/ -->\n<title>Fitness-bodybuilding fotografija &#8211; Janez Marolt - Photography<\/title>\n<meta name=\"description\" content=\"Fitness fotografiranje - Ovekove\u010di sadove svojega trdega dela! Tvoje telo v najbolj\u0161i lu\u010di! \u0160portna-fitness-bodybuilding fotografija\" \/>\n<meta name=\"robots\" content=\"index, follow, max-snippet:-1, max-image-preview:large, max-video-preview:-1\" \/>\n<link rel=\"canonical\" href=\"https:\/\/marolt-photography.com\/en\/fitness-bodybuilding-fotografija\/\" \/>\n<meta property=\"og:locale\" content=\"en_GB\" \/>\n<meta property=\"og:type\" content=\"article\" \/>\n<meta property=\"og:title\" content=\"Fitness-bodybuilding fotografija\" \/>\n<meta property=\"og:description\" content=\"Fitness fotografiranje - Ovekove\u010di sadove svojega trdega dela! Tvoje telo v najbolj\u0161i lu\u010di! \u0160portna-fitness-bodybuilding fotografija\" \/>\n<meta property=\"og:url\" content=\"https:\/\/marolt-photography.com\/en\/fitness-bodybuilding-fotografija\/\" \/>\n<meta property=\"og:site_name\" content=\"Janez Marolt - Photography\" \/>\n<meta property=\"article:publisher\" content=\"https:\/\/www.facebook.com\/janez.fotograf\" \/>\n<meta property=\"article:modified_time\" content=\"2025-04-17T13:27:42+00:00\" \/>\n<meta property=\"og:image\" content=\"https:\/\/marolt-photography.com\/wp-content\/uploads\/2025\/04\/DSC_0510_fitness_photography_J_Marolt.jpg\" \/>\n\t<meta property=\"og:image:width\" content=\"1080\" \/>\n\t<meta property=\"og:image:height\" content=\"1080\" \/>\n\t<meta property=\"og:image:type\" content=\"image\/jpeg\" \/>\n<meta name=\"twitter:label1\" content=\"Estimated reading time\" \/>\n\t<meta name=\"twitter:data1\" content=\"4 minutes\" \/>\n<script type=\"application\/ld+json\" class=\"yoast-schema-graph\">{\"@context\":\"https:\/\/schema.org\",\"@graph\":[{\"@type\":\"WebPage\",\"@id\":\"https:\/\/marolt-photography.com\/fitness-bodybuilding-fotografija\/\",\"url\":\"https:\/\/marolt-photography.com\/fitness-bodybuilding-fotografija\/\",\"name\":\"Fitness-bodybuilding fotografija &#8211; Janez Marolt - Photography\",\"isPartOf\":{\"@id\":\"https:\/\/marolt-photography.com\/#website\"},\"primaryImageOfPage\":{\"@id\":\"https:\/\/marolt-photography.com\/fitness-bodybuilding-fotografija\/#primaryimage\"},\"image\":{\"@id\":\"https:\/\/marolt-photography.com\/fitness-bodybuilding-fotografija\/#primaryimage\"},\"thumbnailUrl\":\"https:\/\/marolt-photography.com\/wp-content\/uploads\/2025\/04\/DSC_0510_fitness_photography_J_Marolt.jpg\",\"datePublished\":\"2017-05-11T18:06:29+00:00\",\"dateModified\":\"2025-04-17T13:27:42+00:00\",\"description\":\"Fitness fotografiranje - Ovekove\u010di sadove svojega trdega dela! Tvoje telo v najbolj\u0161i lu\u010di! \u0160portna-fitness-bodybuilding fotografija\",\"inLanguage\":\"en-GB\",\"potentialAction\":[{\"@type\":\"ReadAction\",\"target\":[\"https:\/\/marolt-photography.com\/fitness-bodybuilding-fotografija\/\"]}]},{\"@type\":\"ImageObject\",\"inLanguage\":\"en-GB\",\"@id\":\"https:\/\/marolt-photography.com\/fitness-bodybuilding-fotografija\/#primaryimage\",\"url\":\"https:\/\/marolt-photography.com\/wp-content\/uploads\/2025\/04\/DSC_0510_fitness_photography_J_Marolt.jpg\",\"contentUrl\":\"https:\/\/marolt-photography.com\/wp-content\/uploads\/2025\/04\/DSC_0510_fitness_photography_J_Marolt.jpg\"},{\"@type\":\"WebSite\",\"@id\":\"https:\/\/marolt-photography.com\/#website\",\"url\":\"https:\/\/marolt-photography.com\/\",\"name\":\"Janez Marolt - Photography\",\"description\":\"Profesionalna fotografija\",\"publisher\":{\"@id\":\"https:\/\/marolt-photography.com\/#\/schema\/person\/629b997fdc2e80e5556f662e3e1ed326\"},\"potentialAction\":[{\"@type\":\"SearchAction\",\"target\":{\"@type\":\"EntryPoint\",\"urlTemplate\":\"https:\/\/marolt-photography.com\/?s={search_term_string}\"},\"query-input\":{\"@type\":\"PropertyValueSpecification\",\"valueRequired\":true,\"valueName\":\"search_term_string\"}}],\"inLanguage\":\"en-GB\"},{\"@type\":[\"Person\",\"Organization\"],\"@id\":\"https:\/\/marolt-photography.com\/#\/schema\/person\/629b997fdc2e80e5556f662e3e1ed326\",\"name\":\"Janez Marolt\",\"image\":{\"@type\":\"ImageObject\",\"inLanguage\":\"en-GB\",\"@id\":\"https:\/\/marolt-photography.com\/#\/schema\/person\/image\/\",\"url\":\"https:\/\/secure.gravatar.com\/avatar\/86dc16766a32aff098b9a6bbf2c3abc20295153deca1d27fcb371d8273fb9f5d?s=96&d=mm&r=g\",\"contentUrl\":\"https:\/\/secure.gravatar.com\/avatar\/86dc16766a32aff098b9a6bbf2c3abc20295153deca1d27fcb371d8273fb9f5d?s=96&d=mm&r=g\",\"caption\":\"Janez Marolt\"},\"logo\":{\"@id\":\"https:\/\/marolt-photography.com\/#\/schema\/person\/image\/\"},\"sameAs\":[\"https:\/\/marolt-photography.com\/\",\"https:\/\/www.facebook.com\/janez.fotograf\",\"https:\/\/www.instagram.com\/janezmarolt\/\"]}]}<\/script>\n<!-- \/ Yoast SEO Premium plugin. -->","yoast_head_json":{"title":"Fitness-bodybuilding fotografija &#8211; Janez Marolt - Photography","description":"Fitness fotografiranje - Ovekove\u010di sadove svojega trdega dela! Tvoje telo v najbolj\u0161i lu\u010di! \u0160portna-fitness-bodybuilding fotografija","robots":{"index":"index","follow":"follow","max-snippet":"max-snippet:-1","max-image-preview":"max-image-preview:large","max-video-preview":"max-video-preview:-1"},"canonical":"https:\/\/marolt-photography.com\/en\/fitness-bodybuilding-fotografija\/","og_locale":"en_GB","og_type":"article","og_title":"Fitness-bodybuilding fotografija","og_description":"Fitness fotografiranje - Ovekove\u010di sadove svojega trdega dela! Tvoje telo v najbolj\u0161i lu\u010di! \u0160portna-fitness-bodybuilding fotografija","og_url":"https:\/\/marolt-photography.com\/en\/fitness-bodybuilding-fotografija\/","og_site_name":"Janez Marolt - Photography","article_publisher":"https:\/\/www.facebook.com\/janez.fotograf","article_modified_time":"2025-04-17T13:27:42+00:00","og_image":[{"width":1080,"height":1080,"url":"https:\/\/marolt-photography.com\/wp-content\/uploads\/2025\/04\/DSC_0510_fitness_photography_J_Marolt.jpg","type":"image\/jpeg"}],"twitter_misc":{"Estimated reading time":"4 minutes"},"schema":{"@context":"https:\/\/schema.org","@graph":[{"@type":"WebPage","@id":"https:\/\/marolt-photography.com\/fitness-bodybuilding-fotografija\/","url":"https:\/\/marolt-photography.com\/fitness-bodybuilding-fotografija\/","name":"Fitness-bodybuilding fotografija &#8211; Janez Marolt - Photography","isPartOf":{"@id":"https:\/\/marolt-photography.com\/#website"},"primaryImageOfPage":{"@id":"https:\/\/marolt-photography.com\/fitness-bodybuilding-fotografija\/#primaryimage"},"image":{"@id":"https:\/\/marolt-photography.com\/fitness-bodybuilding-fotografija\/#primaryimage"},"thumbnailUrl":"https:\/\/marolt-photography.com\/wp-content\/uploads\/2025\/04\/DSC_0510_fitness_photography_J_Marolt.jpg","datePublished":"2017-05-11T18:06:29+00:00","dateModified":"2025-04-17T13:27:42+00:00","description":"Fitness fotografiranje - Ovekove\u010di sadove svojega trdega dela! Tvoje telo v najbolj\u0161i lu\u010di! \u0160portna-fitness-bodybuilding fotografija","inLanguage":"en-GB","potentialAction":[{"@type":"ReadAction","target":["https:\/\/marolt-photography.com\/fitness-bodybuilding-fotografija\/"]}]},{"@type":"ImageObject","inLanguage":"en-GB","@id":"https:\/\/marolt-photography.com\/fitness-bodybuilding-fotografija\/#primaryimage","url":"https:\/\/marolt-photography.com\/wp-content\/uploads\/2025\/04\/DSC_0510_fitness_photography_J_Marolt.jpg","contentUrl":"https:\/\/marolt-photography.com\/wp-content\/uploads\/2025\/04\/DSC_0510_fitness_photography_J_Marolt.jpg"},{"@type":"WebSite","@id":"https:\/\/marolt-photography.com\/#website","url":"https:\/\/marolt-photography.com\/","name":"Janez Marolt - Photography","description":"Proefssional photography","publisher":{"@id":"https:\/\/marolt-photography.com\/#\/schema\/person\/629b997fdc2e80e5556f662e3e1ed326"},"potentialAction":[{"@type":"SearchAction","target":{"@type":"EntryPoint","urlTemplate":"https:\/\/marolt-photography.com\/?s={search_term_string}"},"query-input":{"@type":"PropertyValueSpecification","valueRequired":true,"valueName":"search_term_string"}}],"inLanguage":"en-GB"},{"@type":["Person","Organization"],"@id":"https:\/\/marolt-photography.com\/#\/schema\/person\/629b997fdc2e80e5556f662e3e1ed326","name":"Janez Marolt - professional photographer based in Ljubljana, Slovenia","image":{"@type":"ImageObject","inLanguage":"en-GB","@id":"https:\/\/marolt-photography.com\/#\/schema\/person\/image\/","url":"https:\/\/secure.gravatar.com\/avatar\/86dc16766a32aff098b9a6bbf2c3abc20295153deca1d27fcb371d8273fb9f5d?s=96&d=mm&r=g","contentUrl":"https:\/\/secure.gravatar.com\/avatar\/86dc16766a32aff098b9a6bbf2c3abc20295153deca1d27fcb371d8273fb9f5d?s=96&d=mm&r=g","caption":"Janez Marolt"},"logo":{"@id":"https:\/\/marolt-photography.com\/#\/schema\/person\/image\/"},"sameAs":["https:\/\/marolt-photography.com\/","https:\/\/www.facebook.com\/janez.fotograf","https:\/\/www.instagram.com\/janezmarolt\/"]}]}},"_links":{"self":[{"href":"https:\/\/marolt-photography.com\/en\/wp-json\/wp\/v2\/pages\/2653","targetHints":{"allow":["GET"]}}],"collection":[{"href":"https:\/\/marolt-photography.com\/en\/wp-json\/wp\/v2\/pages"}],"about":[{"href":"https:\/\/marolt-photography.com\/en\/wp-json\/wp\/v2\/types\/page"}],"author":[{"embeddable":true,"href":"https:\/\/marolt-photography.com\/en\/wp-json\/wp\/v2\/users\/1"}],"replies":[{"embeddable":true,"href":"https:\/\/marolt-photography.com\/en\/wp-json\/wp\/v2\/comments?post=2653"}],"version-history":[{"count":15,"href":"https:\/\/marolt-photography.com\/en\/wp-json\/wp\/v2\/pages\/2653\/revisions"}],"predecessor-version":[{"id":4666,"href":"https:\/\/marolt-photography.com\/en\/wp-json\/wp\/v2\/pages\/2653\/revisions\/4666"}],"wp:attachment":[{"href":"https:\/\/marolt-photography.com\/en\/wp-json\/wp\/v2\/media?parent=2653"}],"curies":[{"name":"wp","href":"https:\/\/api.w.org\/{rel}","templated":true}]}}