{"id":316,"date":"2013-08-27T13:19:47","date_gmt":"2013-08-27T13:19:47","guid":{"rendered":"http:\/\/marolt-photography.com\/?page_id=316"},"modified":"2014-02-08T09:59:19","modified_gmt":"2014-02-08T09:59:19","slug":"reference","status":"publish","type":"page","link":"https:\/\/marolt-photography.com\/en\/reference\/","title":{"rendered":"References"},"content":{"rendered":"<h2>Reference:<\/h2>\n<p>Gostinstvo in turizem:<\/p>\n<ul>\n<li><a title=\"Westin\" href=\"http:\/\/www.starwoodhotels.com\/westin\/index.html\" target=\"_blank\">Westin<\/a><\/li>\n<li><a title=\"Gostilna \u0160estica\" href=\"http:\/\/www.sestica.si\/virtualni-ogled-prostorov\/\" target=\"_blank\">Gostilna \u0160estica<\/a><\/li>\n<li><a title=\"Hotel in restavracija \u0160porn\" href=\"http:\/\/www.sporn.si\/\" target=\"_blank\">Hotel in restavracija \u0160porn<\/a><\/li>\n<li><a title=\"Restavracija Via Bona\" href=\"http:\/\/www.via-bona.com\/panorama\" target=\"_blank\">Restavracija Via Bona<\/a><\/li>\n<li><a title=\"Hi\u0161a kulinarike Manna\" href=\"http:\/\/www.restavracija-manna.si\/\" target=\"_blank\">Hi\u0161a kulinarike Manna<\/a><\/li>\n<li><a title=\"Restavracija Don Felipe\" href=\"http:\/\/www.donfelipe.net\/\" target=\"_blank\">Restavracija Don Felipe<\/a><\/li>\n<li><a title=\"V8 truck kaffe\" href=\"http:\/\/www.v8truckcaffe.com\/virtualen-sprehod\/\" target=\"_blank\">V8 truck caffe<\/a><\/li>\n<li><a title=\"Restavracija in Bar B2\" href=\"http:\/\/www.restavracija-b2.com\/\" target=\"_blank\">Restavracija in bar B2<\/a><\/li>\n<li><a title=\"Pivnica Apolon\" href=\"http:\/\/www.pivnicaapolon.com\/\" target=\"_blank\">Pivnica Apolon<\/a><\/li>\n<li><a title=\"Medeni butik Voglar\" href=\"http:\/\/www.medenibutik.com\/\" target=\"_blank\">Medeni butik Voglar<\/a><\/li>\n<\/ul>\n<p>Inovativna podjetja:<\/p>\n<ul>\n<li><a title=\"Seaway - Shipman\" href=\"http:\/\/www.shipman.dk\/yard\/theyard.asp\" target=\"_blank\">Seaway &#8211; Shipman<\/a><\/li>\n<li><a title=\"Akrapovi\u010d\" href=\"http:\/\/www.akrapovic.com\/en\/pages\/default.aspx\" target=\"_blank\">Akrapovi\u010d<\/a><\/li>\n<li><a title=\"Pipistrel - ultra lahka letala\" href=\"http:\/\/www.pipistrel.si\/\" target=\"_blank\">Pipistrel<\/a><\/li>\n<li><a title=\"Kolpa\" href=\"http:\/\/www.kolpa.si\/en\" target=\"_blank\">Kolpa<\/a><\/li>\n<\/ul>\n<p>Razstavni prostori:<\/p>\n<ul>\n<li><a title=\"Narodni muzej Slovenije\" href=\"http:\/\/www.nms.si\/\" target=\"_blank\">Narodni muzej Slovenije<\/a><\/li>\n<li><a title=\"Etnografski muzej Slovenije\" href=\"http:\/\/www.etno-muzej.si\/\" target=\"_blank\">Etnografski muzej Slovenije<\/a><\/li>\n<li><a title=\"Grad Tivoli\" href=\"http:\/\/www.mglc-lj.si\/o_mglc\/grad_tivoli\" target=\"_blank\">Grad Tivoli<\/a><\/li>\n<li><a title=\"Gospodarsko razstavo\u0161\u010de Ljubljana\" href=\"http:\/\/www.ljubljanafair.com\/home\/\" target=\"_blank\">Gospodarsko razstavi\u0161\u010de Ljubljana<\/a><\/li>\n<\/ul>\n<p title=\"RTV Slovenije\">\u00a0Modni oblikovalci:<\/p>\n<ul>\n<li><a title=\"Joel Loyo\" href=\"http:\/\/www.joelloyo.com\/\" target=\"_blank\">Joel Loyo<\/a><\/li>\n<li><a title=\"Mateja Benedetti\" href=\"http:\/\/www.benedetti.si\/\" target=\"_blank\">Mateja Benedetti<\/a><\/li>\n<li><a title=\"Kristina Lovko\" href=\"http:\/\/kristinalovko.blogspot.com\/\" target=\"_blank\">Kristina Lovko<\/a><\/li>\n<li><a title=\"Barbara Franji\u010d\" href=\"https:\/\/www.facebook.com\/barbara.franjic.3\" target=\"_blank\">Barbara Franji\u010d<\/a><\/li>\n<li><a title=\"Bla\u017e \u010cuk\" href=\"http:\/\/www.blazcuk.com\/\" target=\"_blank\">Bla\u017e \u010cuk<\/a><\/li>\n<li><a title=\"An\u017ee Kav\u010di\u010d\" href=\"https:\/\/plus.google.com\/102287640466795119460\/posts\" target=\"_blank\">An\u017ee Kav\u010di\u010d<\/a><\/li>\n<\/ul>\n<p>Druga podjetja:<\/p>\n<ul>\n<li><a title=\"BioBanka\" href=\"http:\/\/www.biobanka.si\/\" target=\"_blank\">Bio Banka<\/a><\/li>\n<li><a title=\"Obl\u010d\" href=\"http:\/\/www.oblc.si\/\" target=\"_blank\">Obl\u010d<\/a><\/li>\n<li><a title=\"Stoja nepremi\u010dnine\" href=\"http:\/\/www.stoja-trade.si\/\" target=\"_blank\">Stoja nepremo\u010dnine<\/a><\/li>\n<li><a title=\"Thai\" href=\"http:\/\/www.thai.si\/\" target=\"_blank\">Saloni tajske masa\u017ee Thai<\/a><\/li>\n<li><a title=\"RTV Slovenije\" href=\"http:\/\/www.rtvslo.si\/\" target=\"_blank\">RTV Slovenije<\/a><\/li>\n<li><a title=\"Nogometna zveza Slovenije\" href=\"http:\/\/www.nzs.si\/\" target=\"_blank\">Nogometna zveza Slovenije<\/a><\/li>\n<li><a title=\"Dru\u0161tvo za marketing Slovenije\" href=\"http:\/\/www.dmslo.si\/\" target=\"_blank\">Dru\u0161tvo za marketing Slovenije<\/a><\/li>\n<\/ul>","protected":false},"excerpt":{"rendered":"<p>Reference: Gostinstvo in turizem: Westin Gostilna \u0160estica Hotel in restavracija \u0160porn Restavracija Via Bona Hi\u0161a kulinarike Manna Restavracija Don Felipe V8 truck caffe Restavracija in bar B2 Pivnica Apolon Medeni butik Voglar Inovativna podjetja: Seaway &#8211; Shipman Akrapovi\u010d Pipistrel Kolpa Razstavni prostori: Narodni muzej Slovenije Etnografski muzej Slovenije Grad Tivoli Gospodarsko razstavi\u0161\u010de Ljubljana \u00a0Modni oblikovalci: [&hellip;]<\/p>\n","protected":false},"author":1,"featured_media":0,"parent":0,"menu_order":12,"comment_status":"closed","ping_status":"closed","template":"","meta":{"footnotes":""},"class_list":["post-316","page","type-page","status-publish","hentry","content-columns-1"],"yoast_head":"<!-- This site is optimized with the Yoast SEO Premium plugin v27.1 (Yoast SEO v27.1.1) - https:\/\/yoast.com\/product\/yoast-seo-premium-wordpress\/ -->\n<title>Reference - Janez Marolt - fotografija<\/title>\n<meta name=\"description\" content=\"Reference - fotografija - Janez Marolt\" \/>\n<meta name=\"robots\" content=\"index, follow, max-snippet:-1, max-image-preview:large, max-video-preview:-1\" \/>\n<link rel=\"canonical\" href=\"https:\/\/marolt-photography.com\/en\/reference\/\" \/>\n<meta property=\"og:locale\" content=\"en_GB\" \/>\n<meta property=\"og:type\" content=\"article\" \/>\n<meta property=\"og:title\" content=\"Reference\" \/>\n<meta property=\"og:description\" content=\"Reference - fotografija - Janez Marolt\" \/>\n<meta property=\"og:url\" content=\"https:\/\/marolt-photography.com\/en\/reference\/\" \/>\n<meta property=\"og:site_name\" content=\"Janez Marolt - Photography\" \/>\n<meta property=\"article:publisher\" content=\"https:\/\/www.facebook.com\/janez.fotograf\" \/>\n<meta property=\"article:modified_time\" content=\"2014-02-08T09:59:19+00:00\" \/>\n<script type=\"application\/ld+json\" class=\"yoast-schema-graph\">{\"@context\":\"https:\/\/schema.org\",\"@graph\":[{\"@type\":\"WebPage\",\"@id\":\"https:\/\/marolt-photography.com\/reference\/\",\"url\":\"https:\/\/marolt-photography.com\/reference\/\",\"name\":\"Reference - Janez Marolt - fotografija\",\"isPartOf\":{\"@id\":\"https:\/\/marolt-photography.com\/#website\"},\"datePublished\":\"2013-08-27T13:19:47+00:00\",\"dateModified\":\"2014-02-08T09:59:19+00:00\",\"description\":\"Reference - fotografija - Janez Marolt\",\"inLanguage\":\"en-GB\",\"potentialAction\":[{\"@type\":\"ReadAction\",\"target\":[\"https:\/\/marolt-photography.com\/reference\/\"]}]},{\"@type\":\"WebSite\",\"@id\":\"https:\/\/marolt-photography.com\/#website\",\"url\":\"https:\/\/marolt-photography.com\/\",\"name\":\"Janez Marolt - Photography\",\"description\":\"Profesionalna fotografija\",\"publisher\":{\"@id\":\"https:\/\/marolt-photography.com\/#\/schema\/person\/629b997fdc2e80e5556f662e3e1ed326\"},\"potentialAction\":[{\"@type\":\"SearchAction\",\"target\":{\"@type\":\"EntryPoint\",\"urlTemplate\":\"https:\/\/marolt-photography.com\/?s={search_term_string}\"},\"query-input\":{\"@type\":\"PropertyValueSpecification\",\"valueRequired\":true,\"valueName\":\"search_term_string\"}}],\"inLanguage\":\"en-GB\"},{\"@type\":[\"Person\",\"Organization\"],\"@id\":\"https:\/\/marolt-photography.com\/#\/schema\/person\/629b997fdc2e80e5556f662e3e1ed326\",\"name\":\"Janez Marolt\",\"image\":{\"@type\":\"ImageObject\",\"inLanguage\":\"en-GB\",\"@id\":\"https:\/\/marolt-photography.com\/#\/schema\/person\/image\/\",\"url\":\"https:\/\/secure.gravatar.com\/avatar\/86dc16766a32aff098b9a6bbf2c3abc20295153deca1d27fcb371d8273fb9f5d?s=96&d=mm&r=g\",\"contentUrl\":\"https:\/\/secure.gravatar.com\/avatar\/86dc16766a32aff098b9a6bbf2c3abc20295153deca1d27fcb371d8273fb9f5d?s=96&d=mm&r=g\",\"caption\":\"Janez Marolt\"},\"logo\":{\"@id\":\"https:\/\/marolt-photography.com\/#\/schema\/person\/image\/\"},\"sameAs\":[\"https:\/\/marolt-photography.com\/\",\"https:\/\/www.facebook.com\/janez.fotograf\",\"https:\/\/www.instagram.com\/janezmarolt\/\"]}]}<\/script>\n<!-- \/ Yoast SEO Premium plugin. -->","yoast_head_json":{"title":"Reference - Janez Marolt - fotografija","description":"Reference - fotografija - Janez Marolt","robots":{"index":"index","follow":"follow","max-snippet":"max-snippet:-1","max-image-preview":"max-image-preview:large","max-video-preview":"max-video-preview:-1"},"canonical":"https:\/\/marolt-photography.com\/en\/reference\/","og_locale":"en_GB","og_type":"article","og_title":"Reference","og_description":"Reference - fotografija - Janez Marolt","og_url":"https:\/\/marolt-photography.com\/en\/reference\/","og_site_name":"Janez Marolt - Photography","article_publisher":"https:\/\/www.facebook.com\/janez.fotograf","article_modified_time":"2014-02-08T09:59:19+00:00","schema":{"@context":"https:\/\/schema.org","@graph":[{"@type":"WebPage","@id":"https:\/\/marolt-photography.com\/reference\/","url":"https:\/\/marolt-photography.com\/reference\/","name":"Reference - Janez Marolt - fotografija","isPartOf":{"@id":"https:\/\/marolt-photography.com\/#website"},"datePublished":"2013-08-27T13:19:47+00:00","dateModified":"2014-02-08T09:59:19+00:00","description":"Reference - fotografija - Janez Marolt","inLanguage":"en-GB","potentialAction":[{"@type":"ReadAction","target":["https:\/\/marolt-photography.com\/reference\/"]}]},{"@type":"WebSite","@id":"https:\/\/marolt-photography.com\/#website","url":"https:\/\/marolt-photography.com\/","name":"Janez Marolt - Photography","description":"Proefssional photography","publisher":{"@id":"https:\/\/marolt-photography.com\/#\/schema\/person\/629b997fdc2e80e5556f662e3e1ed326"},"potentialAction":[{"@type":"SearchAction","target":{"@type":"EntryPoint","urlTemplate":"https:\/\/marolt-photography.com\/?s={search_term_string}"},"query-input":{"@type":"PropertyValueSpecification","valueRequired":true,"valueName":"search_term_string"}}],"inLanguage":"en-GB"},{"@type":["Person","Organization"],"@id":"https:\/\/marolt-photography.com\/#\/schema\/person\/629b997fdc2e80e5556f662e3e1ed326","name":"Janez Marolt - professional photographer based in Ljubljana, Slovenia","image":{"@type":"ImageObject","inLanguage":"en-GB","@id":"https:\/\/marolt-photography.com\/#\/schema\/person\/image\/","url":"https:\/\/secure.gravatar.com\/avatar\/86dc16766a32aff098b9a6bbf2c3abc20295153deca1d27fcb371d8273fb9f5d?s=96&d=mm&r=g","contentUrl":"https:\/\/secure.gravatar.com\/avatar\/86dc16766a32aff098b9a6bbf2c3abc20295153deca1d27fcb371d8273fb9f5d?s=96&d=mm&r=g","caption":"Janez Marolt"},"logo":{"@id":"https:\/\/marolt-photography.com\/#\/schema\/person\/image\/"},"sameAs":["https:\/\/marolt-photography.com\/","https:\/\/www.facebook.com\/janez.fotograf","https:\/\/www.instagram.com\/janezmarolt\/"]}]}},"_links":{"self":[{"href":"https:\/\/marolt-photography.com\/en\/wp-json\/wp\/v2\/pages\/316","targetHints":{"allow":["GET"]}}],"collection":[{"href":"https:\/\/marolt-photography.com\/en\/wp-json\/wp\/v2\/pages"}],"about":[{"href":"https:\/\/marolt-photography.com\/en\/wp-json\/wp\/v2\/types\/page"}],"author":[{"embeddable":true,"href":"https:\/\/marolt-photography.com\/en\/wp-json\/wp\/v2\/users\/1"}],"replies":[{"embeddable":true,"href":"https:\/\/marolt-photography.com\/en\/wp-json\/wp\/v2\/comments?post=316"}],"version-history":[{"count":8,"href":"https:\/\/marolt-photography.com\/en\/wp-json\/wp\/v2\/pages\/316\/revisions"}],"predecessor-version":[{"id":390,"href":"https:\/\/marolt-photography.com\/en\/wp-json\/wp\/v2\/pages\/316\/revisions\/390"}],"wp:attachment":[{"href":"https:\/\/marolt-photography.com\/en\/wp-json\/wp\/v2\/media?parent=316"}],"curies":[{"name":"wp","href":"https:\/\/api.w.org\/{rel}","templated":true}]}}