{"id":3257,"date":"2019-04-04T16:57:50","date_gmt":"2019-04-04T16:57:50","guid":{"rendered":"https:\/\/marolt-photography.com\/?page_id=3257"},"modified":"2022-02-03T18:20:14","modified_gmt":"2022-02-03T18:20:14","slug":"industrijska-fotografija","status":"publish","type":"page","link":"https:\/\/marolt-photography.com\/en\/industrijska-fotografija\/","title":{"rendered":"Industrial photography"},"content":{"rendered":"<figure class=\"wp-block-image size-large\"><a href=\"https:\/\/marolt-photography.com\/en\/industrijska-image-fotografija\/\" target=\"_blank\" rel=\"noopener noreferrer\"><img loading=\"lazy\" decoding=\"async\" width=\"900\" height=\"600\" src=\"https:\/\/marolt-photography.com\/wp-content\/uploads\/2020\/06\/DSC0816_TMR_Filter_Industrijska_fotografija_fotografiranje_strojev_Janez_Marolt.jpg\" alt=\"Industrijska image fotografija - najbolj u\u010dinkovita vizualna promocija industrijske proizvodnje\" class=\"wp-image-4033\" srcset=\"https:\/\/marolt-photography.com\/wp-content\/uploads\/2020\/06\/DSC0816_TMR_Filter_Industrijska_fotografija_fotografiranje_strojev_Janez_Marolt.jpg 900w, https:\/\/marolt-photography.com\/wp-content\/uploads\/2020\/06\/DSC0816_TMR_Filter_Industrijska_fotografija_fotografiranje_strojev_Janez_Marolt-300x200.jpg 300w, https:\/\/marolt-photography.com\/wp-content\/uploads\/2020\/06\/DSC0816_TMR_Filter_Industrijska_fotografija_fotografiranje_strojev_Janez_Marolt-768x512.jpg 768w, https:\/\/marolt-photography.com\/wp-content\/uploads\/2020\/06\/DSC0816_TMR_Filter_Industrijska_fotografija_fotografiranje_strojev_Janez_Marolt-272x182.jpg 272w\" sizes=\"auto, (max-width: 900px) 100vw, 900px\" \/><\/a><\/figure>\n\n\n\n<p>Industrijska fotografija v \u0161ir\u0161em pomenu besede govori o nastanku posameznega izdelka. O snovanju, izdelavi &#8211; proizvodnji liniji, strojih in ljudeh, ter o kon\u010dnem industrijskem izdelku.<\/p>\n\n\n\n<h2 class=\"wp-block-heading\" id=\"h-industrijska-fotografija-fotografija-industrijskih-strojev-procesov-in-kon-nih-izdelkov\">Industrijska fotografija &#8211; fotografija industrijskih strojev, procesov in kon\u010dnih izdelkov.<\/h2>\n\n\n\n<p>V\u010dasih gre v prvi vrsti za gotove uporabne predmete, v\u010dasih za polizdelke, v\u010dasih za stroje, fotografiranje proizvodnje ali industrijske procese same. Da je podoba popolna je najbolje pokazati celotno zgodbo.<\/p>\n\n\n\n<p>V dana\u0161njem svetu je vse bolj pomembno kaj za posameznim izdelkom stoji. Vajeni smo poplave lepih embala\u017e in ohi\u0161ji. Ostaja pa dilema o tem, kaj se skriva pod embala\u017eo, kako in koliko \u010dasa bo izdelek deloval, kako je stvar v resnici nastala in kak\u0161en je njen vpliv na dru\u017ebo in okolje. Poznavanje ozadja industrijskega procesa postaja vedno pomembnej\u0161e za zaupanje izdelku in podjetju, ki ga proizvaja.<\/p>\n\n\n\n<figure class=\"wp-block-image\"><img loading=\"lazy\" decoding=\"async\" width=\"900\" height=\"599\" src=\"https:\/\/marolt-photography.com\/wp-content\/uploads\/2019\/09\/DSC1206_Petrol_Zelezarna_Ravne_foto_Janez_Marolt.jpg\" alt=\"Industrijska fotografija - \u017delezarna Ravne\" class=\"wp-image-3454\" srcset=\"https:\/\/marolt-photography.com\/wp-content\/uploads\/2019\/09\/DSC1206_Petrol_Zelezarna_Ravne_foto_Janez_Marolt.jpg 900w, https:\/\/marolt-photography.com\/wp-content\/uploads\/2019\/09\/DSC1206_Petrol_Zelezarna_Ravne_foto_Janez_Marolt-300x200.jpg 300w, https:\/\/marolt-photography.com\/wp-content\/uploads\/2019\/09\/DSC1206_Petrol_Zelezarna_Ravne_foto_Janez_Marolt-768x511.jpg 768w\" sizes=\"auto, (max-width: 900px) 100vw, 900px\" \/><figcaption>Talilna pe\u010d v \u017delezarni Ravne<\/figcaption><\/figure>\n\n\n\n<figure class=\"wp-block-image\"><img loading=\"lazy\" decoding=\"async\" width=\"902\" height=\"601\" src=\"https:\/\/marolt-photography.com\/wp-content\/uploads\/2018\/05\/DSC6015_TRM_Filter_proizvodnja_foto_J_Marolt.jpg\" alt=\"\" class=\"wp-image-2986\" srcset=\"https:\/\/marolt-photography.com\/wp-content\/uploads\/2018\/05\/DSC6015_TRM_Filter_proizvodnja_foto_J_Marolt.jpg 902w, https:\/\/marolt-photography.com\/wp-content\/uploads\/2018\/05\/DSC6015_TRM_Filter_proizvodnja_foto_J_Marolt-300x200.jpg 300w, https:\/\/marolt-photography.com\/wp-content\/uploads\/2018\/05\/DSC6015_TRM_Filter_proizvodnja_foto_J_Marolt-768x512.jpg 768w\" sizes=\"auto, (max-width: 902px) 100vw, 902px\" \/><figcaption>Protipra\u0161ni filtri podjetja TRM Filter v finalni fazi pred odpremo.<\/figcaption><\/figure>\n\n\n\n<figure class=\"wp-block-image\"><img loading=\"lazy\" decoding=\"async\" width=\"902\" height=\"601\" src=\"https:\/\/marolt-photography.com\/wp-content\/uploads\/2018\/05\/DSC7336_TRM_filter_portreti_foto_Janez_Marolt.jpg\" alt=\"Na\u010drtovanje industrijskega izdelka\" class=\"wp-image-3039\" srcset=\"https:\/\/marolt-photography.com\/wp-content\/uploads\/2018\/05\/DSC7336_TRM_filter_portreti_foto_Janez_Marolt.jpg 902w, https:\/\/marolt-photography.com\/wp-content\/uploads\/2018\/05\/DSC7336_TRM_filter_portreti_foto_Janez_Marolt-300x200.jpg 300w, https:\/\/marolt-photography.com\/wp-content\/uploads\/2018\/05\/DSC7336_TRM_filter_portreti_foto_Janez_Marolt-768x512.jpg 768w\" sizes=\"auto, (max-width: 902px) 100vw, 902px\" \/><figcaption>In\u017eenirsko projektiranje<\/figcaption><\/figure>\n\n\n\n<figure class=\"wp-block-image\"><img loading=\"lazy\" decoding=\"async\" width=\"902\" height=\"601\" src=\"https:\/\/marolt-photography.com\/wp-content\/uploads\/2018\/05\/DSC7020_TRM_Filter_proizvodnja_foto_J_Marolt.jpg\" alt=\"\" class=\"wp-image-2993\" srcset=\"https:\/\/marolt-photography.com\/wp-content\/uploads\/2018\/05\/DSC7020_TRM_Filter_proizvodnja_foto_J_Marolt.jpg 902w, https:\/\/marolt-photography.com\/wp-content\/uploads\/2018\/05\/DSC7020_TRM_Filter_proizvodnja_foto_J_Marolt-300x200.jpg 300w, https:\/\/marolt-photography.com\/wp-content\/uploads\/2018\/05\/DSC7020_TRM_Filter_proizvodnja_foto_J_Marolt-768x512.jpg 768w\" sizes=\"auto, (max-width: 902px) 100vw, 902px\" \/><figcaption>Natan\u010dna izvedba<\/figcaption><\/figure>\n\n\n\n<figure class=\"wp-block-image\"><img loading=\"lazy\" decoding=\"async\" width=\"902\" height=\"601\" src=\"https:\/\/marolt-photography.com\/wp-content\/uploads\/2018\/05\/TRM_photo_Marolt_019.jpg\" alt=\"Priprava izdelkov za odpremo\" class=\"wp-image-3005\" srcset=\"https:\/\/marolt-photography.com\/wp-content\/uploads\/2018\/05\/TRM_photo_Marolt_019.jpg 902w, https:\/\/marolt-photography.com\/wp-content\/uploads\/2018\/05\/TRM_photo_Marolt_019-300x200.jpg 300w, https:\/\/marolt-photography.com\/wp-content\/uploads\/2018\/05\/TRM_photo_Marolt_019-768x512.jpg 768w\" sizes=\"auto, (max-width: 902px) 100vw, 902px\" \/><figcaption>Urejena proizvodnja<\/figcaption><\/figure>\n\n\n\n<figure class=\"wp-block-image\"><img loading=\"lazy\" decoding=\"async\" width=\"902\" height=\"450\" src=\"https:\/\/marolt-photography.com\/wp-content\/uploads\/2018\/05\/TRM_filter_kompozicija_foto_Marolt.jpg\" alt=\"Trm Filter -  fotografija industrijskih protipra\u0161nih filtrov\" class=\"wp-image-2984\" srcset=\"https:\/\/marolt-photography.com\/wp-content\/uploads\/2018\/05\/TRM_filter_kompozicija_foto_Marolt.jpg 902w, https:\/\/marolt-photography.com\/wp-content\/uploads\/2018\/05\/TRM_filter_kompozicija_foto_Marolt-300x150.jpg 300w, https:\/\/marolt-photography.com\/wp-content\/uploads\/2018\/05\/TRM_filter_kompozicija_foto_Marolt-768x383.jpg 768w\" sizes=\"auto, (max-width: 902px) 100vw, 902px\" \/><figcaption>Stranica sejemske stojnice za na Kitajsko.<\/figcaption><\/figure>\n\n\n\n<figure class=\"wp-block-image\"><img loading=\"lazy\" decoding=\"async\" width=\"902\" height=\"602\" src=\"https:\/\/marolt-photography.com\/wp-content\/uploads\/2018\/05\/DSC4648_TRM_filter_foto_Janez_Marolt.jpg\" alt=\"Industrijska fotografija - Protipra\u0161en filter\" class=\"wp-image-2980\" srcset=\"https:\/\/marolt-photography.com\/wp-content\/uploads\/2018\/05\/DSC4648_TRM_filter_foto_Janez_Marolt.jpg 902w, https:\/\/marolt-photography.com\/wp-content\/uploads\/2018\/05\/DSC4648_TRM_filter_foto_Janez_Marolt-300x200.jpg 300w, https:\/\/marolt-photography.com\/wp-content\/uploads\/2018\/05\/DSC4648_TRM_filter_foto_Janez_Marolt-768x513.jpg 768w\" sizes=\"auto, (max-width: 902px) 100vw, 902px\" \/><figcaption>Vrhunski izdelek<\/figcaption><\/figure>\n\n\n\n<figure class=\"wp-block-image\"><img loading=\"lazy\" decoding=\"async\" width=\"601\" height=\"902\" src=\"https:\/\/marolt-photography.com\/wp-content\/uploads\/2019\/04\/DSC1423_TRM_filter_foto_Janez_Marolt_1.jpg\" alt=\"TRM filter - Industrijska fotografija izdelka: Janez Marolt\" class=\"wp-image-3296\" srcset=\"https:\/\/marolt-photography.com\/wp-content\/uploads\/2019\/04\/DSC1423_TRM_filter_foto_Janez_Marolt_1.jpg 601w, https:\/\/marolt-photography.com\/wp-content\/uploads\/2019\/04\/DSC1423_TRM_filter_foto_Janez_Marolt_1-200x300.jpg 200w\" sizes=\"auto, (max-width: 601px) 100vw, 601px\" \/><\/figure>\n\n\n\n<figure class=\"wp-block-image\"><img loading=\"lazy\" decoding=\"async\" width=\"600\" height=\"902\" src=\"https:\/\/marolt-photography.com\/wp-content\/uploads\/2018\/05\/DSC0669.jpg\" alt=\"Industrijska fotografija - protipra\u0161en filter\" class=\"wp-image-2978\" srcset=\"https:\/\/marolt-photography.com\/wp-content\/uploads\/2018\/05\/DSC0669.jpg 600w, https:\/\/marolt-photography.com\/wp-content\/uploads\/2018\/05\/DSC0669-200x300.jpg 200w\" sizes=\"auto, (max-width: 600px) 100vw, 600px\" \/><\/figure>\n\n\n\n<p>Ve\u010d o fotografij izdelkov in industrijskega procesa proizvajalca industrijskih protipra\u0161nih filtrov si poglejte v prispevku: &#8220;<a href=\"https:\/\/marolt-photography.com\/en\/fotografiranje-za-podjetje-trm-filter\/\" target=\"_blank\" rel=\"noreferrer noopener\" aria-label=\"TRM Filter (opens in a new tab)\">TRM Filter<\/a>&#8220;<\/p>\n\n\n\n<figure class=\"wp-block-image\"><img loading=\"lazy\" decoding=\"async\" width=\"900\" height=\"900\" src=\"https:\/\/marolt-photography.com\/wp-content\/uploads\/2017\/09\/DSC4828_Termo_plus_Termo_shop_heat_pump_toplotna_crpalka_photo_Janez_Marolt.jpg\" alt=\"\" class=\"wp-image-2786\" srcset=\"https:\/\/marolt-photography.com\/wp-content\/uploads\/2017\/09\/DSC4828_Termo_plus_Termo_shop_heat_pump_toplotna_crpalka_photo_Janez_Marolt.jpg 900w, https:\/\/marolt-photography.com\/wp-content\/uploads\/2017\/09\/DSC4828_Termo_plus_Termo_shop_heat_pump_toplotna_crpalka_photo_Janez_Marolt-150x150.jpg 150w, https:\/\/marolt-photography.com\/wp-content\/uploads\/2017\/09\/DSC4828_Termo_plus_Termo_shop_heat_pump_toplotna_crpalka_photo_Janez_Marolt-300x300.jpg 300w, https:\/\/marolt-photography.com\/wp-content\/uploads\/2017\/09\/DSC4828_Termo_plus_Termo_shop_heat_pump_toplotna_crpalka_photo_Janez_Marolt-768x768.jpg 768w\" sizes=\"auto, (max-width: 900px) 100vw, 900px\" \/><figcaption>Toplotne \u010drpalke &#8211; <a href=\"https:\/\/www.termoshop.si\/\" target=\"_blank\" rel=\"noreferrer noopener\" aria-label=\"Temo shop (opens in a new tab)\">Temo shop<\/a><\/figcaption><\/figure>\n\n\n\n<p>Kjer je bilo izdelkom posve\u010denega dovolj oblikovalskega truda je mo\u010d naredit tudi slike, ki ne govorijo nujno toliko o sami funkciji, iz\u017earevajo pa mo\u010dno oblikovno identiteto in dajejo upanje, da je tudi vsebina ohi\u0161ja narejena enako dovr\u0161eno.<\/p>\n\n\n\n<figure class=\"wp-block-image\"><img loading=\"lazy\" decoding=\"async\" width=\"900\" height=\"900\" src=\"https:\/\/marolt-photography.com\/wp-content\/uploads\/2017\/09\/DSC5016_Termo_plus_Termo_shop_heat_pump_toplotna_crpalka_photo_Janez_Marolt.jpg\" alt=\"\" class=\"wp-image-2787\" srcset=\"https:\/\/marolt-photography.com\/wp-content\/uploads\/2017\/09\/DSC5016_Termo_plus_Termo_shop_heat_pump_toplotna_crpalka_photo_Janez_Marolt.jpg 900w, https:\/\/marolt-photography.com\/wp-content\/uploads\/2017\/09\/DSC5016_Termo_plus_Termo_shop_heat_pump_toplotna_crpalka_photo_Janez_Marolt-150x150.jpg 150w, https:\/\/marolt-photography.com\/wp-content\/uploads\/2017\/09\/DSC5016_Termo_plus_Termo_shop_heat_pump_toplotna_crpalka_photo_Janez_Marolt-300x300.jpg 300w, https:\/\/marolt-photography.com\/wp-content\/uploads\/2017\/09\/DSC5016_Termo_plus_Termo_shop_heat_pump_toplotna_crpalka_photo_Janez_Marolt-768x768.jpg 768w\" sizes=\"auto, (max-width: 900px) 100vw, 900px\" \/><\/figure>\n\n\n\n<figure class=\"wp-block-image\"><img loading=\"lazy\" decoding=\"async\" width=\"600\" height=\"900\" src=\"https:\/\/marolt-photography.com\/wp-content\/uploads\/2019\/04\/DSC4028_Industrijska_fotografija_toplotne_crpalke_Termo_shop_foto_Marolt.jpg\" alt=\"Toplotna \u010drpalka - Termo shop, Fotografija industrijskih izdelkov : Janez Maorlt\" class=\"wp-image-3292\" srcset=\"https:\/\/marolt-photography.com\/wp-content\/uploads\/2019\/04\/DSC4028_Industrijska_fotografija_toplotne_crpalke_Termo_shop_foto_Marolt.jpg 600w, https:\/\/marolt-photography.com\/wp-content\/uploads\/2019\/04\/DSC4028_Industrijska_fotografija_toplotne_crpalke_Termo_shop_foto_Marolt-200x300.jpg 200w\" sizes=\"auto, (max-width: 600px) 100vw, 600px\" \/><\/figure>\n\n\n\n<figure class=\"wp-block-image\"><img loading=\"lazy\" decoding=\"async\" width=\"600\" height=\"900\" src=\"https:\/\/marolt-photography.com\/wp-content\/uploads\/2019\/04\/DSC4130_industrijska_fotografija_toplotne_crpalke_Termo_shop_foto_Marolt.jpg\" alt=\"Fotografija industrijskih izdelkov : Janez Maorlt, Toplotna \u010drpalka - odprta\" class=\"wp-image-3293\" srcset=\"https:\/\/marolt-photography.com\/wp-content\/uploads\/2019\/04\/DSC4130_industrijska_fotografija_toplotne_crpalke_Termo_shop_foto_Marolt.jpg 600w, https:\/\/marolt-photography.com\/wp-content\/uploads\/2019\/04\/DSC4130_industrijska_fotografija_toplotne_crpalke_Termo_shop_foto_Marolt-200x300.jpg 200w\" sizes=\"auto, (max-width: 600px) 100vw, 600px\" \/><\/figure>\n\n\n\n<figure class=\"wp-block-image size-full is-style-default\"><img loading=\"lazy\" decoding=\"async\" width=\"900\" height=\"600\" src=\"https:\/\/marolt-photography.com\/wp-content\/uploads\/2022\/02\/DSC0249_Fotografiraranje_izdelkov_profesionalni_kavni_aparat_foto_Janez_Marolt.jpg\" alt=\"Industrijska fotografija aparatov\" class=\"wp-image-4551\" srcset=\"https:\/\/marolt-photography.com\/wp-content\/uploads\/2022\/02\/DSC0249_Fotografiraranje_izdelkov_profesionalni_kavni_aparat_foto_Janez_Marolt.jpg 900w, https:\/\/marolt-photography.com\/wp-content\/uploads\/2022\/02\/DSC0249_Fotografiraranje_izdelkov_profesionalni_kavni_aparat_foto_Janez_Marolt-300x200.jpg 300w, https:\/\/marolt-photography.com\/wp-content\/uploads\/2022\/02\/DSC0249_Fotografiraranje_izdelkov_profesionalni_kavni_aparat_foto_Janez_Marolt-768x512.jpg 768w, https:\/\/marolt-photography.com\/wp-content\/uploads\/2022\/02\/DSC0249_Fotografiraranje_izdelkov_profesionalni_kavni_aparat_foto_Janez_Marolt-16x12.jpg 16w, https:\/\/marolt-photography.com\/wp-content\/uploads\/2022\/02\/DSC0249_Fotografiraranje_izdelkov_profesionalni_kavni_aparat_foto_Janez_Marolt-272x182.jpg 272w\" sizes=\"auto, (max-width: 900px) 100vw, 900px\" \/><figcaption>Industrijska fotografija profesionalnega kavnega aparata podjetka <a href=\"https:\/\/elmont.si\/\" target=\"_blank\" rel=\"noreferrer noopener\">Elmont<\/a>.<\/figcaption><\/figure>\n\n\n\n<p>Ve\u010d o fotografiji industrijskih izdelkov na primeru toplotnih \u010drpalk podjetja Termo shop lahko vidite v prispevku: <a href=\"https:\/\/marolt-photography.com\/en\/dodajanje-drame-s-svetlobo-fotografija-izdelkov-termo-shop\/\" target=\"_blank\" rel=\"noreferrer noopener\" aria-label=\"&quot;Dodajanje &quot;drame&quot; s svetlobo - fotografija izdelkov - Termo shop&quot; (opens in a new tab)\">&#8220;Dodajanje &#8220;drame&#8221; s svetlobo &#8211; fotografija izdelkov &#8211; Termo shop&#8221;<\/a><\/p>","protected":false},"excerpt":{"rendered":"<p>Industrijska fotografija v \u0161ir\u0161em pomenu besede govori o nastanku posameznega izdelka. O snovanju, izdelavi &#8211; proizvodnji liniji, strojih in ljudeh, ter o kon\u010dnem industrijskem izdelku. Industrijska fotografija &#8211; fotografija industrijskih strojev, procesov in kon\u010dnih izdelkov. V\u010dasih gre v prvi vrsti za gotove uporabne predmete, v\u010dasih za polizdelke, v\u010dasih za stroje, fotografiranje proizvodnje ali industrijske procese [&hellip;]<\/p>\n","protected":false},"author":1,"featured_media":0,"parent":0,"menu_order":0,"comment_status":"closed","ping_status":"closed","template":"","meta":{"footnotes":""},"class_list":["post-3257","page","type-page","status-publish","hentry","content-columns-1"],"yoast_head":"<!-- This site is optimized with the Yoast SEO Premium plugin v27.1 (Yoast SEO v27.1.1) - https:\/\/yoast.com\/product\/yoast-seo-premium-wordpress\/ -->\n<title>Industrijska fotografija &#8211; Janez Marolt - Photography<\/title>\n<meta name=\"description\" content=\"Industrijska fotografija - profesionalno fotografiranje proizvodnih objektov, proizvodnih linij, strojev, procesov in kon\u010dnih izdelkov.\" \/>\n<meta name=\"robots\" content=\"index, follow, max-snippet:-1, max-image-preview:large, max-video-preview:-1\" \/>\n<link rel=\"canonical\" href=\"https:\/\/marolt-photography.com\/en\/industrijska-fotografija\/\" \/>\n<meta property=\"og:locale\" content=\"en_GB\" \/>\n<meta property=\"og:type\" content=\"article\" \/>\n<meta property=\"og:title\" content=\"Industrijska fotografija\" \/>\n<meta property=\"og:description\" content=\"Industrijska fotografija - profesionalno fotografiranje proizvodnih objektov, proizvodnih linij, strojev, procesov in kon\u010dnih izdelkov.\" \/>\n<meta property=\"og:url\" content=\"https:\/\/marolt-photography.com\/en\/industrijska-fotografija\/\" \/>\n<meta property=\"og:site_name\" content=\"Janez Marolt - Photography\" \/>\n<meta property=\"article:publisher\" content=\"https:\/\/www.facebook.com\/janez.fotograf\" \/>\n<meta property=\"article:modified_time\" content=\"2022-02-03T18:20:14+00:00\" \/>\n<meta property=\"og:image\" content=\"https:\/\/marolt-photography.com\/wp-content\/uploads\/2020\/06\/DSC0816_TMR_Filter_Industrijska_fotografija_fotografiranje_strojev_Janez_Marolt.jpg\" \/>\n<meta name=\"twitter:label1\" content=\"Estimated reading time\" \/>\n\t<meta name=\"twitter:data1\" content=\"5 minutes\" \/>\n<script type=\"application\/ld+json\" class=\"yoast-schema-graph\">{\"@context\":\"https:\/\/schema.org\",\"@graph\":[{\"@type\":\"WebPage\",\"@id\":\"https:\/\/marolt-photography.com\/industrijska-fotografija\/\",\"url\":\"https:\/\/marolt-photography.com\/industrijska-fotografija\/\",\"name\":\"Industrijska fotografija &#8211; Janez Marolt - Photography\",\"isPartOf\":{\"@id\":\"https:\/\/marolt-photography.com\/#website\"},\"primaryImageOfPage\":{\"@id\":\"https:\/\/marolt-photography.com\/industrijska-fotografija\/#primaryimage\"},\"image\":{\"@id\":\"https:\/\/marolt-photography.com\/industrijska-fotografija\/#primaryimage\"},\"thumbnailUrl\":\"https:\/\/marolt-photography.com\/wp-content\/uploads\/2020\/06\/DSC0816_TMR_Filter_Industrijska_fotografija_fotografiranje_strojev_Janez_Marolt.jpg\",\"datePublished\":\"2019-04-04T16:57:50+00:00\",\"dateModified\":\"2022-02-03T18:20:14+00:00\",\"description\":\"Industrijska fotografija - profesionalno fotografiranje proizvodnih objektov, proizvodnih linij, strojev, procesov in kon\u010dnih izdelkov.\",\"inLanguage\":\"en-GB\",\"potentialAction\":[{\"@type\":\"ReadAction\",\"target\":[\"https:\/\/marolt-photography.com\/industrijska-fotografija\/\"]}]},{\"@type\":\"ImageObject\",\"inLanguage\":\"en-GB\",\"@id\":\"https:\/\/marolt-photography.com\/industrijska-fotografija\/#primaryimage\",\"url\":\"https:\/\/marolt-photography.com\/wp-content\/uploads\/2020\/06\/DSC0816_TMR_Filter_Industrijska_fotografija_fotografiranje_strojev_Janez_Marolt.jpg\",\"contentUrl\":\"https:\/\/marolt-photography.com\/wp-content\/uploads\/2020\/06\/DSC0816_TMR_Filter_Industrijska_fotografija_fotografiranje_strojev_Janez_Marolt.jpg\"},{\"@type\":\"WebSite\",\"@id\":\"https:\/\/marolt-photography.com\/#website\",\"url\":\"https:\/\/marolt-photography.com\/\",\"name\":\"Janez Marolt - Photography\",\"description\":\"Profesionalna fotografija\",\"publisher\":{\"@id\":\"https:\/\/marolt-photography.com\/#\/schema\/person\/629b997fdc2e80e5556f662e3e1ed326\"},\"potentialAction\":[{\"@type\":\"SearchAction\",\"target\":{\"@type\":\"EntryPoint\",\"urlTemplate\":\"https:\/\/marolt-photography.com\/?s={search_term_string}\"},\"query-input\":{\"@type\":\"PropertyValueSpecification\",\"valueRequired\":true,\"valueName\":\"search_term_string\"}}],\"inLanguage\":\"en-GB\"},{\"@type\":[\"Person\",\"Organization\"],\"@id\":\"https:\/\/marolt-photography.com\/#\/schema\/person\/629b997fdc2e80e5556f662e3e1ed326\",\"name\":\"Janez Marolt\",\"image\":{\"@type\":\"ImageObject\",\"inLanguage\":\"en-GB\",\"@id\":\"https:\/\/marolt-photography.com\/#\/schema\/person\/image\/\",\"url\":\"https:\/\/secure.gravatar.com\/avatar\/86dc16766a32aff098b9a6bbf2c3abc20295153deca1d27fcb371d8273fb9f5d?s=96&d=mm&r=g\",\"contentUrl\":\"https:\/\/secure.gravatar.com\/avatar\/86dc16766a32aff098b9a6bbf2c3abc20295153deca1d27fcb371d8273fb9f5d?s=96&d=mm&r=g\",\"caption\":\"Janez Marolt\"},\"logo\":{\"@id\":\"https:\/\/marolt-photography.com\/#\/schema\/person\/image\/\"},\"sameAs\":[\"https:\/\/marolt-photography.com\/\",\"https:\/\/www.facebook.com\/janez.fotograf\",\"https:\/\/www.instagram.com\/janezmarolt\/\"]}]}<\/script>\n<!-- \/ Yoast SEO Premium plugin. -->","yoast_head_json":{"title":"Industrijska fotografija &#8211; Janez Marolt - Photography","description":"Industrijska fotografija - profesionalno fotografiranje proizvodnih objektov, proizvodnih linij, strojev, procesov in kon\u010dnih izdelkov.","robots":{"index":"index","follow":"follow","max-snippet":"max-snippet:-1","max-image-preview":"max-image-preview:large","max-video-preview":"max-video-preview:-1"},"canonical":"https:\/\/marolt-photography.com\/en\/industrijska-fotografija\/","og_locale":"en_GB","og_type":"article","og_title":"Industrijska fotografija","og_description":"Industrijska fotografija - profesionalno fotografiranje proizvodnih objektov, proizvodnih linij, strojev, procesov in kon\u010dnih izdelkov.","og_url":"https:\/\/marolt-photography.com\/en\/industrijska-fotografija\/","og_site_name":"Janez Marolt - Photography","article_publisher":"https:\/\/www.facebook.com\/janez.fotograf","article_modified_time":"2022-02-03T18:20:14+00:00","og_image":[{"url":"https:\/\/marolt-photography.com\/wp-content\/uploads\/2020\/06\/DSC0816_TMR_Filter_Industrijska_fotografija_fotografiranje_strojev_Janez_Marolt.jpg","type":"","width":"","height":""}],"twitter_misc":{"Estimated reading time":"5 minutes"},"schema":{"@context":"https:\/\/schema.org","@graph":[{"@type":"WebPage","@id":"https:\/\/marolt-photography.com\/industrijska-fotografija\/","url":"https:\/\/marolt-photography.com\/industrijska-fotografija\/","name":"Industrijska fotografija &#8211; Janez Marolt - Photography","isPartOf":{"@id":"https:\/\/marolt-photography.com\/#website"},"primaryImageOfPage":{"@id":"https:\/\/marolt-photography.com\/industrijska-fotografija\/#primaryimage"},"image":{"@id":"https:\/\/marolt-photography.com\/industrijska-fotografija\/#primaryimage"},"thumbnailUrl":"https:\/\/marolt-photography.com\/wp-content\/uploads\/2020\/06\/DSC0816_TMR_Filter_Industrijska_fotografija_fotografiranje_strojev_Janez_Marolt.jpg","datePublished":"2019-04-04T16:57:50+00:00","dateModified":"2022-02-03T18:20:14+00:00","description":"Industrijska fotografija - profesionalno fotografiranje proizvodnih objektov, proizvodnih linij, strojev, procesov in kon\u010dnih izdelkov.","inLanguage":"en-GB","potentialAction":[{"@type":"ReadAction","target":["https:\/\/marolt-photography.com\/industrijska-fotografija\/"]}]},{"@type":"ImageObject","inLanguage":"en-GB","@id":"https:\/\/marolt-photography.com\/industrijska-fotografija\/#primaryimage","url":"https:\/\/marolt-photography.com\/wp-content\/uploads\/2020\/06\/DSC0816_TMR_Filter_Industrijska_fotografija_fotografiranje_strojev_Janez_Marolt.jpg","contentUrl":"https:\/\/marolt-photography.com\/wp-content\/uploads\/2020\/06\/DSC0816_TMR_Filter_Industrijska_fotografija_fotografiranje_strojev_Janez_Marolt.jpg"},{"@type":"WebSite","@id":"https:\/\/marolt-photography.com\/#website","url":"https:\/\/marolt-photography.com\/","name":"Janez Marolt - Photography","description":"Proefssional photography","publisher":{"@id":"https:\/\/marolt-photography.com\/#\/schema\/person\/629b997fdc2e80e5556f662e3e1ed326"},"potentialAction":[{"@type":"SearchAction","target":{"@type":"EntryPoint","urlTemplate":"https:\/\/marolt-photography.com\/?s={search_term_string}"},"query-input":{"@type":"PropertyValueSpecification","valueRequired":true,"valueName":"search_term_string"}}],"inLanguage":"en-GB"},{"@type":["Person","Organization"],"@id":"https:\/\/marolt-photography.com\/#\/schema\/person\/629b997fdc2e80e5556f662e3e1ed326","name":"Janez Marolt - professional photographer based in Ljubljana, Slovenia","image":{"@type":"ImageObject","inLanguage":"en-GB","@id":"https:\/\/marolt-photography.com\/#\/schema\/person\/image\/","url":"https:\/\/secure.gravatar.com\/avatar\/86dc16766a32aff098b9a6bbf2c3abc20295153deca1d27fcb371d8273fb9f5d?s=96&d=mm&r=g","contentUrl":"https:\/\/secure.gravatar.com\/avatar\/86dc16766a32aff098b9a6bbf2c3abc20295153deca1d27fcb371d8273fb9f5d?s=96&d=mm&r=g","caption":"Janez Marolt"},"logo":{"@id":"https:\/\/marolt-photography.com\/#\/schema\/person\/image\/"},"sameAs":["https:\/\/marolt-photography.com\/","https:\/\/www.facebook.com\/janez.fotograf","https:\/\/www.instagram.com\/janezmarolt\/"]}]}},"_links":{"self":[{"href":"https:\/\/marolt-photography.com\/en\/wp-json\/wp\/v2\/pages\/3257","targetHints":{"allow":["GET"]}}],"collection":[{"href":"https:\/\/marolt-photography.com\/en\/wp-json\/wp\/v2\/pages"}],"about":[{"href":"https:\/\/marolt-photography.com\/en\/wp-json\/wp\/v2\/types\/page"}],"author":[{"embeddable":true,"href":"https:\/\/marolt-photography.com\/en\/wp-json\/wp\/v2\/users\/1"}],"replies":[{"embeddable":true,"href":"https:\/\/marolt-photography.com\/en\/wp-json\/wp\/v2\/comments?post=3257"}],"version-history":[{"count":25,"href":"https:\/\/marolt-photography.com\/en\/wp-json\/wp\/v2\/pages\/3257\/revisions"}],"predecessor-version":[{"id":4555,"href":"https:\/\/marolt-photography.com\/en\/wp-json\/wp\/v2\/pages\/3257\/revisions\/4555"}],"wp:attachment":[{"href":"https:\/\/marolt-photography.com\/en\/wp-json\/wp\/v2\/media?parent=3257"}],"curies":[{"name":"wp","href":"https:\/\/api.w.org\/{rel}","templated":true}]}}