{"id":3383,"date":"2019-05-04T09:47:20","date_gmt":"2019-05-04T09:47:20","guid":{"rendered":"https:\/\/marolt-photography.com\/?page_id=3383"},"modified":"2019-09-09T16:04:03","modified_gmt":"2019-09-09T16:04:03","slug":"fotografiranje-industrijskih-objektov","status":"publish","type":"page","link":"https:\/\/marolt-photography.com\/en\/fotografiranje-industrijskih-objektov\/","title":{"rendered":"Fotografiranje industrijskih objektov"},"content":{"rendered":"<p>Fotografiranje industrijskih objektov je preplet arhitekturne fotografije in industrijske fotografije. Iskanje estetike, lahko celo poetike v funkcionalnem. Namen je, da gledalec sluti za kak\u0161en objekt gre in kaj je njegov doprinos dru\u017ebi in svetu. <\/p>\n\n\n\n<figure class=\"wp-block-image\"><img loading=\"lazy\" decoding=\"async\" width=\"900\" height=\"599\" src=\"https:\/\/marolt-photography.com\/wp-content\/uploads\/2019\/09\/DSC1206_Petrol_Zelezarna_Ravne_foto_Janez_Marolt.jpg\" alt=\"Industrijska fotografija - \u017delezarna Ravne\" class=\"wp-image-3454\" srcset=\"https:\/\/marolt-photography.com\/wp-content\/uploads\/2019\/09\/DSC1206_Petrol_Zelezarna_Ravne_foto_Janez_Marolt.jpg 900w, https:\/\/marolt-photography.com\/wp-content\/uploads\/2019\/09\/DSC1206_Petrol_Zelezarna_Ravne_foto_Janez_Marolt-300x200.jpg 300w, https:\/\/marolt-photography.com\/wp-content\/uploads\/2019\/09\/DSC1206_Petrol_Zelezarna_Ravne_foto_Janez_Marolt-768x511.jpg 768w\" sizes=\"auto, (max-width: 900px) 100vw, 900px\" \/><\/figure>\n\n\n\n<figure class=\"wp-block-image\"><img loading=\"lazy\" decoding=\"async\" width=\"902\" height=\"601\" src=\"https:\/\/marolt-photography.com\/wp-content\/uploads\/2019\/05\/DSC2331_Batttersea_power_station.jpg\" alt=\"\" class=\"wp-image-3386\" srcset=\"https:\/\/marolt-photography.com\/wp-content\/uploads\/2019\/05\/DSC2331_Batttersea_power_station.jpg 902w, https:\/\/marolt-photography.com\/wp-content\/uploads\/2019\/05\/DSC2331_Batttersea_power_station-300x200.jpg 300w, https:\/\/marolt-photography.com\/wp-content\/uploads\/2019\/05\/DSC2331_Batttersea_power_station-768x512.jpg 768w\" sizes=\"auto, (max-width: 902px) 100vw, 902px\" \/><\/figure>\n\n\n\n<p>Pri fotografiranju industrijskih objektov se osredoto\u010dam predvsem na funkcionalne dele stavb, ki lahko slu\u017eijo kot estetsko zanimivi.<\/p>\n\n\n\n<figure class=\"wp-block-image\"><img loading=\"lazy\" decoding=\"async\" width=\"902\" height=\"601\" src=\"https:\/\/marolt-photography.com\/wp-content\/uploads\/2019\/05\/DSC3710_Raycap_Komenda_photo_Janez_Marolt.jpg\" alt=\"\" class=\"wp-image-3388\" srcset=\"https:\/\/marolt-photography.com\/wp-content\/uploads\/2019\/05\/DSC3710_Raycap_Komenda_photo_Janez_Marolt.jpg 902w, https:\/\/marolt-photography.com\/wp-content\/uploads\/2019\/05\/DSC3710_Raycap_Komenda_photo_Janez_Marolt-300x200.jpg 300w, https:\/\/marolt-photography.com\/wp-content\/uploads\/2019\/05\/DSC3710_Raycap_Komenda_photo_Janez_Marolt-768x512.jpg 768w\" sizes=\"auto, (max-width: 902px) 100vw, 902px\" \/><\/figure>\n\n\n\n<figure class=\"wp-block-image\"><img loading=\"lazy\" decoding=\"async\" width=\"902\" height=\"601\" src=\"https:\/\/marolt-photography.com\/wp-content\/uploads\/2019\/05\/DSC3765_Raycap_Komenda_photo_Janez_Marolt.jpg\" alt=\"\" class=\"wp-image-3389\" srcset=\"https:\/\/marolt-photography.com\/wp-content\/uploads\/2019\/05\/DSC3765_Raycap_Komenda_photo_Janez_Marolt.jpg 902w, https:\/\/marolt-photography.com\/wp-content\/uploads\/2019\/05\/DSC3765_Raycap_Komenda_photo_Janez_Marolt-300x200.jpg 300w, https:\/\/marolt-photography.com\/wp-content\/uploads\/2019\/05\/DSC3765_Raycap_Komenda_photo_Janez_Marolt-768x512.jpg 768w\" sizes=\"auto, (max-width: 902px) 100vw, 902px\" \/><\/figure>\n\n\n\n<figure class=\"wp-block-image\"><img loading=\"lazy\" decoding=\"async\" width=\"602\" height=\"902\" src=\"https:\/\/marolt-photography.com\/wp-content\/uploads\/2019\/05\/DSC8592_Toplarna_Ljubljana_dim_jutranje_sonce_foto_Janez_Marolt.jpg\" alt=\"Toplarna Ljubljana\" class=\"wp-image-3391\" srcset=\"https:\/\/marolt-photography.com\/wp-content\/uploads\/2019\/05\/DSC8592_Toplarna_Ljubljana_dim_jutranje_sonce_foto_Janez_Marolt.jpg 602w, https:\/\/marolt-photography.com\/wp-content\/uploads\/2019\/05\/DSC8592_Toplarna_Ljubljana_dim_jutranje_sonce_foto_Janez_Marolt-200x300.jpg 200w\" sizes=\"auto, (max-width: 602px) 100vw, 602px\" \/><\/figure>\n\n\n\n<figure class=\"wp-block-image\"><img loading=\"lazy\" decoding=\"async\" width=\"902\" height=\"500\" src=\"https:\/\/marolt-photography.com\/wp-content\/uploads\/2019\/05\/DSC0063_Veterne_elektrarne_fotografiranje_energetskih_objektov_Marolt.jpg\" alt=\"Veterne elektrarne - obnovljivi viri energije\" class=\"wp-image-3326\" srcset=\"https:\/\/marolt-photography.com\/wp-content\/uploads\/2019\/05\/DSC0063_Veterne_elektrarne_fotografiranje_energetskih_objektov_Marolt.jpg 902w, https:\/\/marolt-photography.com\/wp-content\/uploads\/2019\/05\/DSC0063_Veterne_elektrarne_fotografiranje_energetskih_objektov_Marolt-300x166.jpg 300w, https:\/\/marolt-photography.com\/wp-content\/uploads\/2019\/05\/DSC0063_Veterne_elektrarne_fotografiranje_energetskih_objektov_Marolt-768x426.jpg 768w\" sizes=\"auto, (max-width: 902px) 100vw, 902px\" \/><\/figure>\n\n\n\n<p>\nVe\u010d o industrijski fotografiji najdete na strani  <a rel=\"noreferrer noopener\" href=\"https:\/\/marolt-photography.com\/en\/industrijska-fotografija\/\" target=\"_blank\">&#8220;Industrijska fotografija&#8221;<\/a><\/p>\n\n\n\n<p> Poglejte si \u0161e strani: <a rel=\"noreferrer noopener\" href=\"https:\/\/marolt-photography.com\/en\/fotografiranje-industrijske-proizvodnje\/\" target=\"_blank\">Fotografiranje industrijske proizvodnje<\/a>, <a rel=\"noreferrer noopener\" href=\"https:\/\/marolt-photography.com\/en\/fotografiranje-proizvodnih-procesov\/\" target=\"_blank\">Fotografiranje proizvodnih procesov<\/a>, <a rel=\"noreferrer noopener\" href=\"https:\/\/marolt-photography.com\/en\/fotografiranje-zaposlenih-v-proizvodnji\/\" target=\"_blank\">Fotografiranje zaposlenih v proizvodnji<\/a> in <a rel=\"noreferrer noopener\" href=\"https:\/\/marolt-photography.com\/en\/fotografiranje-industrijskih-izdelkov\/\" target=\"_blank\">Fotografiranje industrijskih izdelkov<\/a>. <\/p>","protected":false},"excerpt":{"rendered":"<p>Fotografiranje industrijskih objektov je preplet arhitekturne fotografije in industrijske fotografije. Iskanje estetike, lahko celo poetike v funkcionalnem. Namen je, da gledalec sluti za kak\u0161en objekt gre in kaj je njegov doprinos dru\u017ebi in svetu. Pri fotografiranju industrijskih objektov se osredoto\u010dam predvsem na funkcionalne dele stavb, ki lahko slu\u017eijo kot estetsko zanimivi. Ve\u010d o industrijski fotografiji [&hellip;]<\/p>\n","protected":false},"author":1,"featured_media":0,"parent":0,"menu_order":0,"comment_status":"closed","ping_status":"closed","template":"","meta":{"footnotes":""},"class_list":["post-3383","page","type-page","status-publish","hentry","content-columns-1"],"yoast_head":"<!-- This site is optimized with the Yoast SEO Premium plugin v27.1 (Yoast SEO v27.1.1) - https:\/\/yoast.com\/product\/yoast-seo-premium-wordpress\/ -->\n<title>Fotografiranje industrijskih objektov &#8211; Janez Marolt - Photography<\/title>\n<meta name=\"description\" content=\"Fotografiranje industrijskih objektov je preplet arhitekturne in industrijske fotografije. Fotografiranje tovarn in infrastrukture\" \/>\n<meta name=\"robots\" content=\"index, follow, max-snippet:-1, max-image-preview:large, max-video-preview:-1\" \/>\n<link rel=\"canonical\" href=\"https:\/\/marolt-photography.com\/en\/fotografiranje-industrijskih-objektov\/\" \/>\n<meta property=\"og:locale\" content=\"en_GB\" \/>\n<meta property=\"og:type\" content=\"article\" \/>\n<meta property=\"og:title\" content=\"Fotografiranje industrijskih objektov\" \/>\n<meta property=\"og:description\" content=\"Fotografiranje industrijskih objektov je preplet arhitekturne in industrijske fotografije. Fotografiranje tovarn in infrastrukture\" \/>\n<meta property=\"og:url\" content=\"https:\/\/marolt-photography.com\/en\/fotografiranje-industrijskih-objektov\/\" \/>\n<meta property=\"og:site_name\" content=\"Janez Marolt - Photography\" \/>\n<meta property=\"article:publisher\" content=\"https:\/\/www.facebook.com\/janez.fotograf\" \/>\n<meta property=\"article:modified_time\" content=\"2019-09-09T16:04:03+00:00\" \/>\n<meta property=\"og:image\" content=\"https:\/\/marolt-photography.com\/wp-content\/uploads\/2019\/09\/DSC1206_Petrol_Zelezarna_Ravne_foto_Janez_Marolt.jpg\" \/>\n<script type=\"application\/ld+json\" class=\"yoast-schema-graph\">{\"@context\":\"https:\/\/schema.org\",\"@graph\":[{\"@type\":\"WebPage\",\"@id\":\"https:\/\/marolt-photography.com\/fotografiranje-industrijskih-objektov\/\",\"url\":\"https:\/\/marolt-photography.com\/fotografiranje-industrijskih-objektov\/\",\"name\":\"Fotografiranje industrijskih objektov &#8211; Janez Marolt - Photography\",\"isPartOf\":{\"@id\":\"https:\/\/marolt-photography.com\/#website\"},\"primaryImageOfPage\":{\"@id\":\"https:\/\/marolt-photography.com\/fotografiranje-industrijskih-objektov\/#primaryimage\"},\"image\":{\"@id\":\"https:\/\/marolt-photography.com\/fotografiranje-industrijskih-objektov\/#primaryimage\"},\"thumbnailUrl\":\"https:\/\/marolt-photography.com\/wp-content\/uploads\/2019\/09\/DSC1206_Petrol_Zelezarna_Ravne_foto_Janez_Marolt.jpg\",\"datePublished\":\"2019-05-04T09:47:20+00:00\",\"dateModified\":\"2019-09-09T16:04:03+00:00\",\"description\":\"Fotografiranje industrijskih objektov je preplet arhitekturne in industrijske fotografije. Fotografiranje tovarn in infrastrukture\",\"inLanguage\":\"en-GB\",\"potentialAction\":[{\"@type\":\"ReadAction\",\"target\":[\"https:\/\/marolt-photography.com\/fotografiranje-industrijskih-objektov\/\"]}]},{\"@type\":\"ImageObject\",\"inLanguage\":\"en-GB\",\"@id\":\"https:\/\/marolt-photography.com\/fotografiranje-industrijskih-objektov\/#primaryimage\",\"url\":\"https:\/\/marolt-photography.com\/wp-content\/uploads\/2019\/09\/DSC1206_Petrol_Zelezarna_Ravne_foto_Janez_Marolt.jpg\",\"contentUrl\":\"https:\/\/marolt-photography.com\/wp-content\/uploads\/2019\/09\/DSC1206_Petrol_Zelezarna_Ravne_foto_Janez_Marolt.jpg\"},{\"@type\":\"WebSite\",\"@id\":\"https:\/\/marolt-photography.com\/#website\",\"url\":\"https:\/\/marolt-photography.com\/\",\"name\":\"Janez Marolt - Photography\",\"description\":\"Profesionalna fotografija\",\"publisher\":{\"@id\":\"https:\/\/marolt-photography.com\/#\/schema\/person\/629b997fdc2e80e5556f662e3e1ed326\"},\"potentialAction\":[{\"@type\":\"SearchAction\",\"target\":{\"@type\":\"EntryPoint\",\"urlTemplate\":\"https:\/\/marolt-photography.com\/?s={search_term_string}\"},\"query-input\":{\"@type\":\"PropertyValueSpecification\",\"valueRequired\":true,\"valueName\":\"search_term_string\"}}],\"inLanguage\":\"en-GB\"},{\"@type\":[\"Person\",\"Organization\"],\"@id\":\"https:\/\/marolt-photography.com\/#\/schema\/person\/629b997fdc2e80e5556f662e3e1ed326\",\"name\":\"Janez Marolt\",\"image\":{\"@type\":\"ImageObject\",\"inLanguage\":\"en-GB\",\"@id\":\"https:\/\/marolt-photography.com\/#\/schema\/person\/image\/\",\"url\":\"https:\/\/secure.gravatar.com\/avatar\/86dc16766a32aff098b9a6bbf2c3abc20295153deca1d27fcb371d8273fb9f5d?s=96&d=mm&r=g\",\"contentUrl\":\"https:\/\/secure.gravatar.com\/avatar\/86dc16766a32aff098b9a6bbf2c3abc20295153deca1d27fcb371d8273fb9f5d?s=96&d=mm&r=g\",\"caption\":\"Janez Marolt\"},\"logo\":{\"@id\":\"https:\/\/marolt-photography.com\/#\/schema\/person\/image\/\"},\"sameAs\":[\"https:\/\/marolt-photography.com\/\",\"https:\/\/www.facebook.com\/janez.fotograf\",\"https:\/\/www.instagram.com\/janezmarolt\/\"]}]}<\/script>\n<!-- \/ Yoast SEO Premium plugin. -->","yoast_head_json":{"title":"Fotografiranje industrijskih objektov &#8211; Janez Marolt - Photography","description":"Fotografiranje industrijskih objektov je preplet arhitekturne in industrijske fotografije. Fotografiranje tovarn in infrastrukture","robots":{"index":"index","follow":"follow","max-snippet":"max-snippet:-1","max-image-preview":"max-image-preview:large","max-video-preview":"max-video-preview:-1"},"canonical":"https:\/\/marolt-photography.com\/en\/fotografiranje-industrijskih-objektov\/","og_locale":"en_GB","og_type":"article","og_title":"Fotografiranje industrijskih objektov","og_description":"Fotografiranje industrijskih objektov je preplet arhitekturne in industrijske fotografije. Fotografiranje tovarn in infrastrukture","og_url":"https:\/\/marolt-photography.com\/en\/fotografiranje-industrijskih-objektov\/","og_site_name":"Janez Marolt - Photography","article_publisher":"https:\/\/www.facebook.com\/janez.fotograf","article_modified_time":"2019-09-09T16:04:03+00:00","og_image":[{"url":"https:\/\/marolt-photography.com\/wp-content\/uploads\/2019\/09\/DSC1206_Petrol_Zelezarna_Ravne_foto_Janez_Marolt.jpg","type":"","width":"","height":""}],"schema":{"@context":"https:\/\/schema.org","@graph":[{"@type":"WebPage","@id":"https:\/\/marolt-photography.com\/fotografiranje-industrijskih-objektov\/","url":"https:\/\/marolt-photography.com\/fotografiranje-industrijskih-objektov\/","name":"Fotografiranje industrijskih objektov &#8211; Janez Marolt - Photography","isPartOf":{"@id":"https:\/\/marolt-photography.com\/#website"},"primaryImageOfPage":{"@id":"https:\/\/marolt-photography.com\/fotografiranje-industrijskih-objektov\/#primaryimage"},"image":{"@id":"https:\/\/marolt-photography.com\/fotografiranje-industrijskih-objektov\/#primaryimage"},"thumbnailUrl":"https:\/\/marolt-photography.com\/wp-content\/uploads\/2019\/09\/DSC1206_Petrol_Zelezarna_Ravne_foto_Janez_Marolt.jpg","datePublished":"2019-05-04T09:47:20+00:00","dateModified":"2019-09-09T16:04:03+00:00","description":"Fotografiranje industrijskih objektov je preplet arhitekturne in industrijske fotografije. Fotografiranje tovarn in infrastrukture","inLanguage":"en-GB","potentialAction":[{"@type":"ReadAction","target":["https:\/\/marolt-photography.com\/fotografiranje-industrijskih-objektov\/"]}]},{"@type":"ImageObject","inLanguage":"en-GB","@id":"https:\/\/marolt-photography.com\/fotografiranje-industrijskih-objektov\/#primaryimage","url":"https:\/\/marolt-photography.com\/wp-content\/uploads\/2019\/09\/DSC1206_Petrol_Zelezarna_Ravne_foto_Janez_Marolt.jpg","contentUrl":"https:\/\/marolt-photography.com\/wp-content\/uploads\/2019\/09\/DSC1206_Petrol_Zelezarna_Ravne_foto_Janez_Marolt.jpg"},{"@type":"WebSite","@id":"https:\/\/marolt-photography.com\/#website","url":"https:\/\/marolt-photography.com\/","name":"Janez Marolt - Photography","description":"Proefssional photography","publisher":{"@id":"https:\/\/marolt-photography.com\/#\/schema\/person\/629b997fdc2e80e5556f662e3e1ed326"},"potentialAction":[{"@type":"SearchAction","target":{"@type":"EntryPoint","urlTemplate":"https:\/\/marolt-photography.com\/?s={search_term_string}"},"query-input":{"@type":"PropertyValueSpecification","valueRequired":true,"valueName":"search_term_string"}}],"inLanguage":"en-GB"},{"@type":["Person","Organization"],"@id":"https:\/\/marolt-photography.com\/#\/schema\/person\/629b997fdc2e80e5556f662e3e1ed326","name":"Janez Marolt - professional photographer based in Ljubljana, Slovenia","image":{"@type":"ImageObject","inLanguage":"en-GB","@id":"https:\/\/marolt-photography.com\/#\/schema\/person\/image\/","url":"https:\/\/secure.gravatar.com\/avatar\/86dc16766a32aff098b9a6bbf2c3abc20295153deca1d27fcb371d8273fb9f5d?s=96&d=mm&r=g","contentUrl":"https:\/\/secure.gravatar.com\/avatar\/86dc16766a32aff098b9a6bbf2c3abc20295153deca1d27fcb371d8273fb9f5d?s=96&d=mm&r=g","caption":"Janez Marolt"},"logo":{"@id":"https:\/\/marolt-photography.com\/#\/schema\/person\/image\/"},"sameAs":["https:\/\/marolt-photography.com\/","https:\/\/www.facebook.com\/janez.fotograf","https:\/\/www.instagram.com\/janezmarolt\/"]}]}},"_links":{"self":[{"href":"https:\/\/marolt-photography.com\/en\/wp-json\/wp\/v2\/pages\/3383","targetHints":{"allow":["GET"]}}],"collection":[{"href":"https:\/\/marolt-photography.com\/en\/wp-json\/wp\/v2\/pages"}],"about":[{"href":"https:\/\/marolt-photography.com\/en\/wp-json\/wp\/v2\/types\/page"}],"author":[{"embeddable":true,"href":"https:\/\/marolt-photography.com\/en\/wp-json\/wp\/v2\/users\/1"}],"replies":[{"embeddable":true,"href":"https:\/\/marolt-photography.com\/en\/wp-json\/wp\/v2\/comments?post=3383"}],"version-history":[{"count":8,"href":"https:\/\/marolt-photography.com\/en\/wp-json\/wp\/v2\/pages\/3383\/revisions"}],"predecessor-version":[{"id":3458,"href":"https:\/\/marolt-photography.com\/en\/wp-json\/wp\/v2\/pages\/3383\/revisions\/3458"}],"wp:attachment":[{"href":"https:\/\/marolt-photography.com\/en\/wp-json\/wp\/v2\/media?parent=3383"}],"curies":[{"name":"wp","href":"https:\/\/api.w.org\/{rel}","templated":true}]}}