{"id":3394,"date":"2019-05-04T14:20:45","date_gmt":"2019-05-04T14:20:45","guid":{"rendered":"https:\/\/marolt-photography.com\/?page_id=3394"},"modified":"2019-09-09T16:13:02","modified_gmt":"2019-09-09T16:13:02","slug":"fotografiranje-industrijske-proizvodnje","status":"publish","type":"page","link":"https:\/\/marolt-photography.com\/en\/fotografiranje-industrijske-proizvodnje\/","title":{"rendered":"Fotografiranje Industrijske proizvodnje"},"content":{"rendered":"<p>Fotografiranje industrijske proizvodnje je kombinacija fotografiranja interierja in fotografiranja strojev in procesov. Za prikaz zgodbe posameznega izdelka je fotografija prostora kjer nastaja pomemben del sestavljanke. Naro\u010dniki navadno \u017eelijo pokazat urejenost proizvodnje, kakovost strojev in proizvodne kapacitete, ki jih tovarna nudi.<br><\/p>\n\n\n\n<figure class=\"wp-block-image\"><img loading=\"lazy\" decoding=\"async\" width=\"902\" height=\"601\" src=\"https:\/\/marolt-photography.com\/wp-content\/uploads\/2019\/05\/DSC3734_Raycap_Komenda__fotografiranje_proizvodnje_photo_Janez_Marolt.jpg\" alt=\"Fotografiranje industrijske proizvodnje - notranjost tovarne\" class=\"wp-image-3397\" srcset=\"https:\/\/marolt-photography.com\/wp-content\/uploads\/2019\/05\/DSC3734_Raycap_Komenda__fotografiranje_proizvodnje_photo_Janez_Marolt.jpg 902w, https:\/\/marolt-photography.com\/wp-content\/uploads\/2019\/05\/DSC3734_Raycap_Komenda__fotografiranje_proizvodnje_photo_Janez_Marolt-300x200.jpg 300w, https:\/\/marolt-photography.com\/wp-content\/uploads\/2019\/05\/DSC3734_Raycap_Komenda__fotografiranje_proizvodnje_photo_Janez_Marolt-768x512.jpg 768w\" sizes=\"auto, (max-width: 902px) 100vw, 902px\" \/><\/figure>\n\n\n\n<figure class=\"wp-block-image\"><img loading=\"lazy\" decoding=\"async\" width=\"902\" height=\"601\" src=\"https:\/\/marolt-photography.com\/wp-content\/uploads\/2019\/05\/DSC3732_Raycap_Komenda_fotografiranje_proizvodnje_photo_Janez_Marolt.jpg\" alt=\"Fotografiranje industrijske proizvodnje - del linijie\" class=\"wp-image-3396\" srcset=\"https:\/\/marolt-photography.com\/wp-content\/uploads\/2019\/05\/DSC3732_Raycap_Komenda_fotografiranje_proizvodnje_photo_Janez_Marolt.jpg 902w, https:\/\/marolt-photography.com\/wp-content\/uploads\/2019\/05\/DSC3732_Raycap_Komenda_fotografiranje_proizvodnje_photo_Janez_Marolt-300x200.jpg 300w, https:\/\/marolt-photography.com\/wp-content\/uploads\/2019\/05\/DSC3732_Raycap_Komenda_fotografiranje_proizvodnje_photo_Janez_Marolt-768x512.jpg 768w\" sizes=\"auto, (max-width: 902px) 100vw, 902px\" \/><\/figure>\n\n\n\n<figure class=\"wp-block-image\"><img loading=\"lazy\" decoding=\"async\" width=\"601\" height=\"902\" src=\"https:\/\/marolt-photography.com\/wp-content\/uploads\/2019\/05\/DSC3735_Raycap_Komenda_fotografiranje_proizvodnje_photo_Janez_Marolt.jpg\" alt=\"Fotografiranje industrijske proizvodnje - Regalno skladi\u0161\u010de\" class=\"wp-image-3398\" srcset=\"https:\/\/marolt-photography.com\/wp-content\/uploads\/2019\/05\/DSC3735_Raycap_Komenda_fotografiranje_proizvodnje_photo_Janez_Marolt.jpg 601w, https:\/\/marolt-photography.com\/wp-content\/uploads\/2019\/05\/DSC3735_Raycap_Komenda_fotografiranje_proizvodnje_photo_Janez_Marolt-200x300.jpg 200w\" sizes=\"auto, (max-width: 601px) 100vw, 601px\" \/><figcaption> <br>Slike prostorov tovarne <a href=\"https:\/\/www.iskra.eu\/en\/Prenapetostne-zascite\/\">Iskra za\u0161\u010dite<\/a> <\/figcaption><\/figure>\n\n\n\n<figure class=\"wp-block-image\"><img loading=\"lazy\" decoding=\"async\" width=\"900\" height=\"599\" src=\"https:\/\/marolt-photography.com\/wp-content\/uploads\/2019\/09\/DSC0761_Petrol_Zelezarna_Ravne_foto_Janez_Marolt.jpg\" alt=\"Talilna pe\u010d med odstranjevanjem \u017elindre - industrijska fotografija: Janez Marolt\" class=\"wp-image-3452\" srcset=\"https:\/\/marolt-photography.com\/wp-content\/uploads\/2019\/09\/DSC0761_Petrol_Zelezarna_Ravne_foto_Janez_Marolt.jpg 900w, https:\/\/marolt-photography.com\/wp-content\/uploads\/2019\/09\/DSC0761_Petrol_Zelezarna_Ravne_foto_Janez_Marolt-300x200.jpg 300w, https:\/\/marolt-photography.com\/wp-content\/uploads\/2019\/09\/DSC0761_Petrol_Zelezarna_Ravne_foto_Janez_Marolt-768x511.jpg 768w\" sizes=\"auto, (max-width: 900px) 100vw, 900px\" \/><figcaption>Fotografija talilne pe\u010di v \u017delezarni Ravne<\/figcaption><\/figure>\n\n\n\n<figure class=\"wp-block-image\"><img loading=\"lazy\" decoding=\"async\" width=\"900\" height=\"599\" src=\"https:\/\/marolt-photography.com\/wp-content\/uploads\/2019\/09\/DSC1347_Petrol_Zelezarna_Ravne_foto_Janez_Marolt.jpg\" alt=\"industrijska fotografija - Vlivanje v \u017eelearni Ravne\" class=\"wp-image-3455\" srcset=\"https:\/\/marolt-photography.com\/wp-content\/uploads\/2019\/09\/DSC1347_Petrol_Zelezarna_Ravne_foto_Janez_Marolt.jpg 900w, https:\/\/marolt-photography.com\/wp-content\/uploads\/2019\/09\/DSC1347_Petrol_Zelezarna_Ravne_foto_Janez_Marolt-300x200.jpg 300w, https:\/\/marolt-photography.com\/wp-content\/uploads\/2019\/09\/DSC1347_Petrol_Zelezarna_Ravne_foto_Janez_Marolt-768x511.jpg 768w\" sizes=\"auto, (max-width: 900px) 100vw, 900px\" \/><figcaption>Vlivanje taline v kalup v \u017delezarni Ravne<\/figcaption><\/figure>\n\n\n\n<figure class=\"wp-block-image\"><img loading=\"lazy\" decoding=\"async\" width=\"900\" height=\"599\" src=\"https:\/\/marolt-photography.com\/wp-content\/uploads\/2019\/09\/DSC1674_Petrol_Zelezarna_Ravne_foto_Janez_Marolt.jpg\" alt=\"Industrijska fotografija : Janez Marolt\" class=\"wp-image-3456\" srcset=\"https:\/\/marolt-photography.com\/wp-content\/uploads\/2019\/09\/DSC1674_Petrol_Zelezarna_Ravne_foto_Janez_Marolt.jpg 900w, https:\/\/marolt-photography.com\/wp-content\/uploads\/2019\/09\/DSC1674_Petrol_Zelezarna_Ravne_foto_Janez_Marolt-300x200.jpg 300w, https:\/\/marolt-photography.com\/wp-content\/uploads\/2019\/09\/DSC1674_Petrol_Zelezarna_Ravne_foto_Janez_Marolt-768x511.jpg 768w\" sizes=\"auto, (max-width: 900px) 100vw, 900px\" \/><\/figure>\n\n\n\n<p>Ve\u010d o industrijski fotografiji najdete na strani  <a href=\"https:\/\/marolt-photography.com\/en\/industrijska-fotografija\/\" target=\"_blank\" rel=\"noreferrer noopener\" aria-label=\" (opens in a new tab)\">&#8220;Industrijska fotografija&#8221;<\/a><\/p>\n\n\n\n<p>Poglejte si \u0161e strani: <a rel=\"noreferrer noopener\" aria-label=\"Fotografiranje industrijskih objektov (opens in a new tab)\" href=\"https:\/\/marolt-photography.com\/en\/fotografiranje-industrijskih-objektov\/\" target=\"_blank\">Fotografiranje industrijskih objektov<\/a>, <a rel=\"noreferrer noopener\" aria-label=\"Fotografiranje proizvodnih procesov (opens in a new tab)\" href=\"https:\/\/marolt-photography.com\/en\/fotografiranje-proizvodnih-procesov\/\" target=\"_blank\">Fotografiranje proizvodnih procesov<\/a>, <a rel=\"noreferrer noopener\" aria-label=\"Fotografiranje zaposlenih v proizvodnji (opens in a new tab)\" href=\"https:\/\/marolt-photography.com\/en\/fotografiranje-zaposlenih-v-proizvodnji\/\" target=\"_blank\">Fotografiranje zaposlenih v proizvodnji<\/a> in <a rel=\"noreferrer noopener\" aria-label=\"Fotografiranje industrijskih izdelkov (opens in a new tab)\" href=\"https:\/\/marolt-photography.com\/en\/fotografiranje-industrijskih-izdelkov\/\" target=\"_blank\">Fotografiranje industrijskih izdelkov<\/a>.<\/p>","protected":false},"excerpt":{"rendered":"<p>Fotografiranje industrijske proizvodnje je kombinacija fotografiranja interierja in fotografiranja strojev in procesov. Za prikaz zgodbe posameznega izdelka je fotografija prostora kjer nastaja pomemben del sestavljanke. Naro\u010dniki navadno \u017eelijo pokazat urejenost proizvodnje, kakovost strojev in proizvodne kapacitete, ki jih tovarna nudi. Ve\u010d o industrijski fotografiji najdete na strani &#8220;Industrijska fotografija&#8221; Poglejte si \u0161e strani: Fotografiranje industrijskih [&hellip;]<\/p>\n","protected":false},"author":1,"featured_media":0,"parent":0,"menu_order":0,"comment_status":"closed","ping_status":"closed","template":"","meta":{"footnotes":""},"class_list":["post-3394","page","type-page","status-publish","hentry","content-columns-1"],"yoast_head":"<!-- This site is optimized with the Yoast SEO Premium plugin v27.1 (Yoast SEO v27.1.1) - https:\/\/yoast.com\/product\/yoast-seo-premium-wordpress\/ -->\n<title>Fotografiranje Industrijske proizvodnje &#8211; Janez Marolt - Photography<\/title>\n<meta name=\"description\" content=\"Fotografiranje industrijske proizvodnje predstavlja notranjost tovarn. Kakovost strojev, proizvodne kapacitete in urejenost proizvodnje.\" \/>\n<meta name=\"robots\" content=\"index, follow, max-snippet:-1, max-image-preview:large, max-video-preview:-1\" \/>\n<link rel=\"canonical\" href=\"https:\/\/marolt-photography.com\/en\/fotografiranje-industrijske-proizvodnje\/\" \/>\n<meta property=\"og:locale\" content=\"en_GB\" \/>\n<meta property=\"og:type\" content=\"article\" \/>\n<meta property=\"og:title\" content=\"Fotografiranje Industrijske proizvodnje\" \/>\n<meta property=\"og:description\" content=\"Fotografiranje industrijske proizvodnje predstavlja notranjost tovarn. Kakovost strojev, proizvodne kapacitete in urejenost proizvodnje.\" \/>\n<meta property=\"og:url\" content=\"https:\/\/marolt-photography.com\/en\/fotografiranje-industrijske-proizvodnje\/\" \/>\n<meta property=\"og:site_name\" content=\"Janez Marolt - Photography\" \/>\n<meta property=\"article:publisher\" content=\"https:\/\/www.facebook.com\/janez.fotograf\" \/>\n<meta property=\"article:modified_time\" content=\"2019-09-09T16:13:02+00:00\" \/>\n<meta property=\"og:image\" content=\"https:\/\/marolt-photography.com\/wp-content\/uploads\/2019\/05\/DSC3734_Raycap_Komenda__fotografiranje_proizvodnje_photo_Janez_Marolt.jpg\" \/>\n<script type=\"application\/ld+json\" class=\"yoast-schema-graph\">{\"@context\":\"https:\/\/schema.org\",\"@graph\":[{\"@type\":\"WebPage\",\"@id\":\"https:\/\/marolt-photography.com\/fotografiranje-industrijske-proizvodnje\/\",\"url\":\"https:\/\/marolt-photography.com\/fotografiranje-industrijske-proizvodnje\/\",\"name\":\"Fotografiranje Industrijske proizvodnje &#8211; Janez Marolt - Photography\",\"isPartOf\":{\"@id\":\"https:\/\/marolt-photography.com\/#website\"},\"primaryImageOfPage\":{\"@id\":\"https:\/\/marolt-photography.com\/fotografiranje-industrijske-proizvodnje\/#primaryimage\"},\"image\":{\"@id\":\"https:\/\/marolt-photography.com\/fotografiranje-industrijske-proizvodnje\/#primaryimage\"},\"thumbnailUrl\":\"https:\/\/marolt-photography.com\/wp-content\/uploads\/2019\/05\/DSC3734_Raycap_Komenda__fotografiranje_proizvodnje_photo_Janez_Marolt.jpg\",\"datePublished\":\"2019-05-04T14:20:45+00:00\",\"dateModified\":\"2019-09-09T16:13:02+00:00\",\"description\":\"Fotografiranje industrijske proizvodnje predstavlja notranjost tovarn. Kakovost strojev, proizvodne kapacitete in urejenost proizvodnje.\",\"inLanguage\":\"en-GB\",\"potentialAction\":[{\"@type\":\"ReadAction\",\"target\":[\"https:\/\/marolt-photography.com\/fotografiranje-industrijske-proizvodnje\/\"]}]},{\"@type\":\"ImageObject\",\"inLanguage\":\"en-GB\",\"@id\":\"https:\/\/marolt-photography.com\/fotografiranje-industrijske-proizvodnje\/#primaryimage\",\"url\":\"https:\/\/marolt-photography.com\/wp-content\/uploads\/2019\/05\/DSC3734_Raycap_Komenda__fotografiranje_proizvodnje_photo_Janez_Marolt.jpg\",\"contentUrl\":\"https:\/\/marolt-photography.com\/wp-content\/uploads\/2019\/05\/DSC3734_Raycap_Komenda__fotografiranje_proizvodnje_photo_Janez_Marolt.jpg\"},{\"@type\":\"WebSite\",\"@id\":\"https:\/\/marolt-photography.com\/#website\",\"url\":\"https:\/\/marolt-photography.com\/\",\"name\":\"Janez Marolt - Photography\",\"description\":\"Profesionalna fotografija\",\"publisher\":{\"@id\":\"https:\/\/marolt-photography.com\/#\/schema\/person\/629b997fdc2e80e5556f662e3e1ed326\"},\"potentialAction\":[{\"@type\":\"SearchAction\",\"target\":{\"@type\":\"EntryPoint\",\"urlTemplate\":\"https:\/\/marolt-photography.com\/?s={search_term_string}\"},\"query-input\":{\"@type\":\"PropertyValueSpecification\",\"valueRequired\":true,\"valueName\":\"search_term_string\"}}],\"inLanguage\":\"en-GB\"},{\"@type\":[\"Person\",\"Organization\"],\"@id\":\"https:\/\/marolt-photography.com\/#\/schema\/person\/629b997fdc2e80e5556f662e3e1ed326\",\"name\":\"Janez Marolt\",\"image\":{\"@type\":\"ImageObject\",\"inLanguage\":\"en-GB\",\"@id\":\"https:\/\/marolt-photography.com\/#\/schema\/person\/image\/\",\"url\":\"https:\/\/secure.gravatar.com\/avatar\/86dc16766a32aff098b9a6bbf2c3abc20295153deca1d27fcb371d8273fb9f5d?s=96&d=mm&r=g\",\"contentUrl\":\"https:\/\/secure.gravatar.com\/avatar\/86dc16766a32aff098b9a6bbf2c3abc20295153deca1d27fcb371d8273fb9f5d?s=96&d=mm&r=g\",\"caption\":\"Janez Marolt\"},\"logo\":{\"@id\":\"https:\/\/marolt-photography.com\/#\/schema\/person\/image\/\"},\"sameAs\":[\"https:\/\/marolt-photography.com\/\",\"https:\/\/www.facebook.com\/janez.fotograf\",\"https:\/\/www.instagram.com\/janezmarolt\/\"]}]}<\/script>\n<!-- \/ Yoast SEO Premium plugin. -->","yoast_head_json":{"title":"Fotografiranje Industrijske proizvodnje &#8211; Janez Marolt - Photography","description":"Fotografiranje industrijske proizvodnje predstavlja notranjost tovarn. Kakovost strojev, proizvodne kapacitete in urejenost proizvodnje.","robots":{"index":"index","follow":"follow","max-snippet":"max-snippet:-1","max-image-preview":"max-image-preview:large","max-video-preview":"max-video-preview:-1"},"canonical":"https:\/\/marolt-photography.com\/en\/fotografiranje-industrijske-proizvodnje\/","og_locale":"en_GB","og_type":"article","og_title":"Fotografiranje Industrijske proizvodnje","og_description":"Fotografiranje industrijske proizvodnje predstavlja notranjost tovarn. Kakovost strojev, proizvodne kapacitete in urejenost proizvodnje.","og_url":"https:\/\/marolt-photography.com\/en\/fotografiranje-industrijske-proizvodnje\/","og_site_name":"Janez Marolt - Photography","article_publisher":"https:\/\/www.facebook.com\/janez.fotograf","article_modified_time":"2019-09-09T16:13:02+00:00","og_image":[{"url":"https:\/\/marolt-photography.com\/wp-content\/uploads\/2019\/05\/DSC3734_Raycap_Komenda__fotografiranje_proizvodnje_photo_Janez_Marolt.jpg","type":"","width":"","height":""}],"schema":{"@context":"https:\/\/schema.org","@graph":[{"@type":"WebPage","@id":"https:\/\/marolt-photography.com\/fotografiranje-industrijske-proizvodnje\/","url":"https:\/\/marolt-photography.com\/fotografiranje-industrijske-proizvodnje\/","name":"Fotografiranje Industrijske proizvodnje &#8211; Janez Marolt - Photography","isPartOf":{"@id":"https:\/\/marolt-photography.com\/#website"},"primaryImageOfPage":{"@id":"https:\/\/marolt-photography.com\/fotografiranje-industrijske-proizvodnje\/#primaryimage"},"image":{"@id":"https:\/\/marolt-photography.com\/fotografiranje-industrijske-proizvodnje\/#primaryimage"},"thumbnailUrl":"https:\/\/marolt-photography.com\/wp-content\/uploads\/2019\/05\/DSC3734_Raycap_Komenda__fotografiranje_proizvodnje_photo_Janez_Marolt.jpg","datePublished":"2019-05-04T14:20:45+00:00","dateModified":"2019-09-09T16:13:02+00:00","description":"Fotografiranje industrijske proizvodnje predstavlja notranjost tovarn. Kakovost strojev, proizvodne kapacitete in urejenost proizvodnje.","inLanguage":"en-GB","potentialAction":[{"@type":"ReadAction","target":["https:\/\/marolt-photography.com\/fotografiranje-industrijske-proizvodnje\/"]}]},{"@type":"ImageObject","inLanguage":"en-GB","@id":"https:\/\/marolt-photography.com\/fotografiranje-industrijske-proizvodnje\/#primaryimage","url":"https:\/\/marolt-photography.com\/wp-content\/uploads\/2019\/05\/DSC3734_Raycap_Komenda__fotografiranje_proizvodnje_photo_Janez_Marolt.jpg","contentUrl":"https:\/\/marolt-photography.com\/wp-content\/uploads\/2019\/05\/DSC3734_Raycap_Komenda__fotografiranje_proizvodnje_photo_Janez_Marolt.jpg"},{"@type":"WebSite","@id":"https:\/\/marolt-photography.com\/#website","url":"https:\/\/marolt-photography.com\/","name":"Janez Marolt - Photography","description":"Proefssional photography","publisher":{"@id":"https:\/\/marolt-photography.com\/#\/schema\/person\/629b997fdc2e80e5556f662e3e1ed326"},"potentialAction":[{"@type":"SearchAction","target":{"@type":"EntryPoint","urlTemplate":"https:\/\/marolt-photography.com\/?s={search_term_string}"},"query-input":{"@type":"PropertyValueSpecification","valueRequired":true,"valueName":"search_term_string"}}],"inLanguage":"en-GB"},{"@type":["Person","Organization"],"@id":"https:\/\/marolt-photography.com\/#\/schema\/person\/629b997fdc2e80e5556f662e3e1ed326","name":"Janez Marolt - professional photographer based in Ljubljana, Slovenia","image":{"@type":"ImageObject","inLanguage":"en-GB","@id":"https:\/\/marolt-photography.com\/#\/schema\/person\/image\/","url":"https:\/\/secure.gravatar.com\/avatar\/86dc16766a32aff098b9a6bbf2c3abc20295153deca1d27fcb371d8273fb9f5d?s=96&d=mm&r=g","contentUrl":"https:\/\/secure.gravatar.com\/avatar\/86dc16766a32aff098b9a6bbf2c3abc20295153deca1d27fcb371d8273fb9f5d?s=96&d=mm&r=g","caption":"Janez Marolt"},"logo":{"@id":"https:\/\/marolt-photography.com\/#\/schema\/person\/image\/"},"sameAs":["https:\/\/marolt-photography.com\/","https:\/\/www.facebook.com\/janez.fotograf","https:\/\/www.instagram.com\/janezmarolt\/"]}]}},"_links":{"self":[{"href":"https:\/\/marolt-photography.com\/en\/wp-json\/wp\/v2\/pages\/3394","targetHints":{"allow":["GET"]}}],"collection":[{"href":"https:\/\/marolt-photography.com\/en\/wp-json\/wp\/v2\/pages"}],"about":[{"href":"https:\/\/marolt-photography.com\/en\/wp-json\/wp\/v2\/types\/page"}],"author":[{"embeddable":true,"href":"https:\/\/marolt-photography.com\/en\/wp-json\/wp\/v2\/users\/1"}],"replies":[{"embeddable":true,"href":"https:\/\/marolt-photography.com\/en\/wp-json\/wp\/v2\/comments?post=3394"}],"version-history":[{"count":9,"href":"https:\/\/marolt-photography.com\/en\/wp-json\/wp\/v2\/pages\/3394\/revisions"}],"predecessor-version":[{"id":3465,"href":"https:\/\/marolt-photography.com\/en\/wp-json\/wp\/v2\/pages\/3394\/revisions\/3465"}],"wp:attachment":[{"href":"https:\/\/marolt-photography.com\/en\/wp-json\/wp\/v2\/media?parent=3394"}],"curies":[{"name":"wp","href":"https:\/\/api.w.org\/{rel}","templated":true}]}}