{"id":4151,"date":"2020-12-16T10:54:33","date_gmt":"2020-12-16T10:54:33","guid":{"rendered":"https:\/\/marolt-photography.com\/?page_id=4151"},"modified":"2020-12-16T12:32:51","modified_gmt":"2020-12-16T12:32:51","slug":"katalosko-fotografiranje-izdelkov","status":"publish","type":"page","link":"https:\/\/marolt-photography.com\/en\/katalosko-fotografiranje-izdelkov\/","title":{"rendered":"Katalo\u0161ko fotografiranje izdelkov"},"content":{"rendered":"<p>Katalo\u0161ko fotografiranje izdelkov je opisno predstavitveno uniformirano fotografiranje izdelkov.  Cilj je, da se vse izdelke prika\u017ee jasno in na enak na\u010din, da slike izgledajo kot zaklju\u010dena celota. Najpogosteje \u017eelijo naro\u010dniki imeti slike na nevtralnem, belem ozadju. Glede na naravo izdelkov in celostno podobo internetne strani ali publikacije, pa je lahko tudi kako druga\u010de.<\/p>\n\n\n\n<figure class=\"wp-block-image size-large\"><img loading=\"lazy\" decoding=\"async\" width=\"900\" height=\"600\" src=\"https:\/\/marolt-photography.com\/wp-content\/uploads\/2020\/03\/DSC1122_DUCATI_Panigale_V4_2019_photo_J_Marolt_fotografiranje_izdelkov_iz_karbonskih_vlaken.jpg\" alt=\"Fotografiranje izdelkov iz karbonskih vlaken - Ducati Panigale V4 2019 - Maska\" class=\"wp-image-3886\" srcset=\"https:\/\/marolt-photography.com\/wp-content\/uploads\/2020\/03\/DSC1122_DUCATI_Panigale_V4_2019_photo_J_Marolt_fotografiranje_izdelkov_iz_karbonskih_vlaken.jpg 900w, https:\/\/marolt-photography.com\/wp-content\/uploads\/2020\/03\/DSC1122_DUCATI_Panigale_V4_2019_photo_J_Marolt_fotografiranje_izdelkov_iz_karbonskih_vlaken-300x200.jpg 300w, https:\/\/marolt-photography.com\/wp-content\/uploads\/2020\/03\/DSC1122_DUCATI_Panigale_V4_2019_photo_J_Marolt_fotografiranje_izdelkov_iz_karbonskih_vlaken-768x512.jpg 768w, https:\/\/marolt-photography.com\/wp-content\/uploads\/2020\/03\/DSC1122_DUCATI_Panigale_V4_2019_photo_J_Marolt_fotografiranje_izdelkov_iz_karbonskih_vlaken-272x182.jpg 272w\" sizes=\"auto, (max-width: 900px) 100vw, 900px\" \/><\/figure>\n\n\n\n<h2 class=\"wp-block-heading\" id=\"h-kdo-potrebuje-katalo-ko-fotografiranje-izdelkov\">Kdo potrebuje katalo\u0161ko fotografiranje izdelkov<\/h2>\n\n\n\n<p>Dobre katalo\u0161ke fotografije potrebuje vsakdor, ki bi rad zares uspe\u0161no prodajal izdelke po spletu ali s tiskanimi katalogi. Opisi in cena sta pomembna faktorja, smo pa ljudje vizualna bitja in radi &#8220;kupujemo z o\u010dmi&#8221;. Radi jasno vidimo, kaj bomo kupili in izdelek bolj cenimo \u010de lepo izgleda.<\/p>\n\n\n\n<figure class=\"wp-block-image size-large\"><img loading=\"lazy\" decoding=\"async\" width=\"904\" height=\"904\" src=\"https:\/\/marolt-photography.com\/wp-content\/uploads\/2014\/10\/Rustika_Cokoladni_fondue_photo_Janez_Marolt.jpg\" alt=\"\" class=\"wp-image-1251\" srcset=\"https:\/\/marolt-photography.com\/wp-content\/uploads\/2014\/10\/Rustika_Cokoladni_fondue_photo_Janez_Marolt.jpg 904w, https:\/\/marolt-photography.com\/wp-content\/uploads\/2014\/10\/Rustika_Cokoladni_fondue_photo_Janez_Marolt-150x150.jpg 150w, https:\/\/marolt-photography.com\/wp-content\/uploads\/2014\/10\/Rustika_Cokoladni_fondue_photo_Janez_Marolt-300x300.jpg 300w\" sizes=\"auto, (max-width: 904px) 100vw, 904px\" \/><\/figure>\n\n\n\n<h2 class=\"wp-block-heading\" id=\"h-prednosti-katalo-kega-fotografiranja-izdelkov\">Prednosti katalo\u0161kega fotografiranja izdelkov<\/h2>\n\n\n\n<p>Prednosti katalo\u0161ke fotografije je njena opisna vrednost. Tudi investicijsko je u\u010dinkovita, sploh za ve\u010djo koli\u010dino podobnih izdelkov. Ker se jih slika na podoben na\u010din, gre fotografiranje hitreje, kot pri bolj naprednih in ustvarialnih pristopih. To sta na primer <span style=\"text-decoration: underline;\">&#8220;Image fotografiranje izdelkov&#8221;<\/span> ali <span style=\"text-decoration: underline;\">&#8220;Lifestyle fotografiranje izdelkov&#8221;<\/span>. Zato je lahko katalo\u0161ko fotografiranje izdelkov tudi cenovno ugodnej\u0161e.<\/p>\n\n\n\n<figure class=\"wp-block-image size-large\"><img loading=\"lazy\" decoding=\"async\" width=\"902\" height=\"602\" src=\"https:\/\/marolt-photography.com\/wp-content\/uploads\/2016\/02\/Studijska_fotografija_izdelkov_krom_pipa_foto_Marolt_Janez.jpg\" alt=\"\" class=\"wp-image-2203\" srcset=\"https:\/\/marolt-photography.com\/wp-content\/uploads\/2016\/02\/Studijska_fotografija_izdelkov_krom_pipa_foto_Marolt_Janez.jpg 902w, https:\/\/marolt-photography.com\/wp-content\/uploads\/2016\/02\/Studijska_fotografija_izdelkov_krom_pipa_foto_Marolt_Janez-300x200.jpg 300w\" sizes=\"auto, (max-width: 902px) 100vw, 902px\" \/><\/figure>\n\n\n\n<h2 class=\"wp-block-heading\" id=\"h-na-in-dela\">Na\u010din dela<\/h2>\n\n\n\n<p>Najprej se z naro\u010dnikom pogovorim, kaj bi radi fotografirali in na kak\u0161en na\u010din izdelke prikazali. Naj bo svetloba bolj dramati\u010dna ali bolj mehka in enakomerna. Kak\u0161no ozadje bi \u017eeleli. Ali potrebujejo slike na belini z rahlo senco, ali izrezane slike za namestitev v stran. Glede na zahtevnost in koli\u010dino najdemo ceno. Samo katalo\u0161ko fotografiranje izdelkov poteka tako, da izdelke sprejmem, poslikam in slike obdelam. Po prejetem nakazilu naro\u010dnik prejme slike v digitalni obliki.<\/p>\n\n\n\n<figure class=\"wp-block-image size-large\"><img loading=\"lazy\" decoding=\"async\" width=\"904\" height=\"904\" src=\"https:\/\/marolt-photography.com\/wp-content\/uploads\/2014\/10\/Vrhniski_pirh_Franca_Groma_Fotografija_Janez_Marolt.jpg\" alt=\"\" class=\"wp-image-1255\" srcset=\"https:\/\/marolt-photography.com\/wp-content\/uploads\/2014\/10\/Vrhniski_pirh_Franca_Groma_Fotografija_Janez_Marolt.jpg 904w, https:\/\/marolt-photography.com\/wp-content\/uploads\/2014\/10\/Vrhniski_pirh_Franca_Groma_Fotografija_Janez_Marolt-150x150.jpg 150w, https:\/\/marolt-photography.com\/wp-content\/uploads\/2014\/10\/Vrhniski_pirh_Franca_Groma_Fotografija_Janez_Marolt-300x300.jpg 300w\" sizes=\"auto, (max-width: 904px) 100vw, 904px\" \/><\/figure>\n\n\n\n<h2 class=\"wp-block-heading\" id=\"h-cene-katalo-kih-fotografij\">Cene katalo\u0161kih fotografij<\/h2>\n\n\n\n<p>Cena katalo\u0161kih fotografij so odvisne od zahtevnosti izdelkov, ambicije po dovr\u0161enosti in koli\u010dine izdelkov. Izdelke odsevnih ali prosojnih povr\u0161in je te\u017eje slikat, kot izdelke neprosojnih matt povr\u0161in. \u010ce bodo slike uporabljane majhne in se z detajli ni potrebno ukvarjati, je dela z njimi manj, kot \u010de bi radi pokazali tudi detajle. La\u017eje je, \u010de so izdelkisami po sebi lepo izdelani, kot pa \u010de je dodelava bolj groba, naro\u010dnik pa \u017eeli, da se tega na slikah ne vidi.<\/p>\n\n\n\n<p>Te\u017eje je slikat tudi zelo majhne in zelo velike ali te\u017eke izdelke. Majhnim je te\u017eko priti blizu, jih primerno osvetliti, pa tudi drobne nepravilnosti, ki so o\u010desu nevidne, pri sliki majhnega izdelka postanejo bistveno bolj o\u010ditne.<\/p>\n\n\n\n<p>Ve\u010dji in te\u017eji izdelki so zahtevnej\u0161i za prestavljanje in osvetljevanje.<\/p>\n\n\n\n<figure class=\"wp-block-image size-large\"><img loading=\"lazy\" decoding=\"async\" width=\"904\" height=\"471\" src=\"https:\/\/marolt-photography.com\/wp-content\/uploads\/2014\/10\/Aurora_nakit_DSC_8123.jpg\" alt=\"\" class=\"wp-image-1154\" srcset=\"https:\/\/marolt-photography.com\/wp-content\/uploads\/2014\/10\/Aurora_nakit_DSC_8123.jpg 904w, https:\/\/marolt-photography.com\/wp-content\/uploads\/2014\/10\/Aurora_nakit_DSC_8123-300x156.jpg 300w\" sizes=\"auto, (max-width: 904px) 100vw, 904px\" \/><\/figure>\n\n\n\n<h3 class=\"wp-block-heading\" id=\"h-roki-izdelave-in-usklajevanje-terminov\">Roki izdelave in usklajevanje terminov<\/h3>\n\n\n\n<p>Roki izdelave katalo\u0161kih fotografij so odvisni od zahtevnosti in obsega naro\u010dila, ter od trenutne zasedenosti kapacitet. Navadno je mogo\u010de projekte izpeljat v roku dveh tednov od prejema izdelkov. Pogosto tudi prej, \u010de se komu mudi. <\/p>\n\n\n\n<p>Za to\u010dnej\u0161o informacijo se mi <a href=\"https:\/\/marolt-photography.com\/en\/kontakt\/\" target=\"_blank\" rel=\"noreferrer noopener\">pi\u0161ite ali me pokli\u010dite<\/a>.<\/p>\n\n\n\n<figure class=\"wp-block-image size-large\"><img loading=\"lazy\" decoding=\"async\" width=\"902\" height=\"678\" src=\"https:\/\/marolt-photography.com\/wp-content\/uploads\/2018\/05\/DSC7157_kombinacija_TRM_filter_foto_Janez_Marolt.jpg\" alt=\"\" class=\"wp-image-2982\" srcset=\"https:\/\/marolt-photography.com\/wp-content\/uploads\/2018\/05\/DSC7157_kombinacija_TRM_filter_foto_Janez_Marolt.jpg 902w, https:\/\/marolt-photography.com\/wp-content\/uploads\/2018\/05\/DSC7157_kombinacija_TRM_filter_foto_Janez_Marolt-300x225.jpg 300w, https:\/\/marolt-photography.com\/wp-content\/uploads\/2018\/05\/DSC7157_kombinacija_TRM_filter_foto_Janez_Marolt-768x577.jpg 768w\" sizes=\"auto, (max-width: 902px) 100vw, 902px\" \/><\/figure>","protected":false},"excerpt":{"rendered":"<p>Katalo\u0161ko fotografiranje izdelkov je opisno predstavitveno uniformirano fotografiranje izdelkov. Cilj je, da se vse izdelke prika\u017ee jasno in na enak na\u010din, da slike izgledajo kot zaklju\u010dena celota. Najpogosteje \u017eelijo naro\u010dniki imeti slike na nevtralnem, belem ozadju. Glede na naravo izdelkov in celostno podobo internetne strani ali publikacije, pa je lahko tudi kako druga\u010de. Kdo potrebuje [&hellip;]<\/p>\n","protected":false},"author":1,"featured_media":1251,"parent":0,"menu_order":0,"comment_status":"closed","ping_status":"closed","template":"","meta":{"footnotes":""},"class_list":["post-4151","page","type-page","status-publish","has-post-thumbnail","hentry","content-columns-1"],"yoast_head":"<!-- This site is optimized with the Yoast SEO Premium plugin v27.1 (Yoast SEO v27.1.1) - https:\/\/yoast.com\/product\/yoast-seo-premium-wordpress\/ -->\n<title>Katalo\u0161ko fotografiranje izdelkov &#8211; Janez Marolt - Photography<\/title>\n<meta name=\"description\" content=\"Katalo\u0161ko fotografiranje izdelkov je opisna prodajna fotografija, ki jo potrebuje vsaka spletna trgovina izdelkov. Navadno na belem ozadju.\" \/>\n<meta name=\"robots\" content=\"index, follow, max-snippet:-1, max-image-preview:large, max-video-preview:-1\" \/>\n<link rel=\"canonical\" href=\"https:\/\/marolt-photography.com\/en\/katalosko-fotografiranje-izdelkov\/\" \/>\n<meta property=\"og:locale\" content=\"en_GB\" \/>\n<meta property=\"og:type\" content=\"article\" \/>\n<meta property=\"og:title\" content=\"Katalo\u0161ko fotografiranje izdelkov\" \/>\n<meta property=\"og:description\" content=\"Katalo\u0161ko fotografiranje izdelkov je opisna prodajna fotografija, ki jo potrebuje vsaka spletna trgovina izdelkov. Navadno na belem ozadju.\" \/>\n<meta property=\"og:url\" content=\"https:\/\/marolt-photography.com\/en\/katalosko-fotografiranje-izdelkov\/\" \/>\n<meta property=\"og:site_name\" content=\"Janez Marolt - Photography\" \/>\n<meta property=\"article:publisher\" content=\"https:\/\/www.facebook.com\/janez.fotograf\" \/>\n<meta property=\"article:modified_time\" content=\"2020-12-16T12:32:51+00:00\" \/>\n<meta property=\"og:image\" content=\"https:\/\/marolt-photography.com\/wp-content\/uploads\/2014\/10\/Rustika_Cokoladni_fondue_photo_Janez_Marolt.jpg\" \/>\n\t<meta property=\"og:image:width\" content=\"904\" \/>\n\t<meta property=\"og:image:height\" content=\"904\" \/>\n\t<meta property=\"og:image:type\" content=\"image\/jpeg\" \/>\n<meta name=\"twitter:label1\" content=\"Estimated reading time\" \/>\n\t<meta name=\"twitter:data1\" content=\"2 minutes\" \/>\n<script type=\"application\/ld+json\" class=\"yoast-schema-graph\">{\"@context\":\"https:\/\/schema.org\",\"@graph\":[{\"@type\":\"WebPage\",\"@id\":\"https:\/\/marolt-photography.com\/katalosko-fotografiranje-izdelkov\/\",\"url\":\"https:\/\/marolt-photography.com\/katalosko-fotografiranje-izdelkov\/\",\"name\":\"Katalo\u0161ko fotografiranje izdelkov &#8211; Janez Marolt - Photography\",\"isPartOf\":{\"@id\":\"https:\/\/marolt-photography.com\/#website\"},\"primaryImageOfPage\":{\"@id\":\"https:\/\/marolt-photography.com\/katalosko-fotografiranje-izdelkov\/#primaryimage\"},\"image\":{\"@id\":\"https:\/\/marolt-photography.com\/katalosko-fotografiranje-izdelkov\/#primaryimage\"},\"thumbnailUrl\":\"https:\/\/marolt-photography.com\/wp-content\/uploads\/2014\/10\/Rustika_Cokoladni_fondue_photo_Janez_Marolt.jpg\",\"datePublished\":\"2020-12-16T10:54:33+00:00\",\"dateModified\":\"2020-12-16T12:32:51+00:00\",\"description\":\"Katalo\u0161ko fotografiranje izdelkov je opisna prodajna fotografija, ki jo potrebuje vsaka spletna trgovina izdelkov. Navadno na belem ozadju.\",\"inLanguage\":\"en-GB\",\"potentialAction\":[{\"@type\":\"ReadAction\",\"target\":[\"https:\/\/marolt-photography.com\/katalosko-fotografiranje-izdelkov\/\"]}]},{\"@type\":\"ImageObject\",\"inLanguage\":\"en-GB\",\"@id\":\"https:\/\/marolt-photography.com\/katalosko-fotografiranje-izdelkov\/#primaryimage\",\"url\":\"https:\/\/marolt-photography.com\/wp-content\/uploads\/2014\/10\/Rustika_Cokoladni_fondue_photo_Janez_Marolt.jpg\",\"contentUrl\":\"https:\/\/marolt-photography.com\/wp-content\/uploads\/2014\/10\/Rustika_Cokoladni_fondue_photo_Janez_Marolt.jpg\",\"width\":904,\"height\":904},{\"@type\":\"WebSite\",\"@id\":\"https:\/\/marolt-photography.com\/#website\",\"url\":\"https:\/\/marolt-photography.com\/\",\"name\":\"Janez Marolt - Photography\",\"description\":\"Profesionalna fotografija\",\"publisher\":{\"@id\":\"https:\/\/marolt-photography.com\/#\/schema\/person\/629b997fdc2e80e5556f662e3e1ed326\"},\"potentialAction\":[{\"@type\":\"SearchAction\",\"target\":{\"@type\":\"EntryPoint\",\"urlTemplate\":\"https:\/\/marolt-photography.com\/?s={search_term_string}\"},\"query-input\":{\"@type\":\"PropertyValueSpecification\",\"valueRequired\":true,\"valueName\":\"search_term_string\"}}],\"inLanguage\":\"en-GB\"},{\"@type\":[\"Person\",\"Organization\"],\"@id\":\"https:\/\/marolt-photography.com\/#\/schema\/person\/629b997fdc2e80e5556f662e3e1ed326\",\"name\":\"Janez Marolt\",\"image\":{\"@type\":\"ImageObject\",\"inLanguage\":\"en-GB\",\"@id\":\"https:\/\/marolt-photography.com\/#\/schema\/person\/image\/\",\"url\":\"https:\/\/secure.gravatar.com\/avatar\/86dc16766a32aff098b9a6bbf2c3abc20295153deca1d27fcb371d8273fb9f5d?s=96&d=mm&r=g\",\"contentUrl\":\"https:\/\/secure.gravatar.com\/avatar\/86dc16766a32aff098b9a6bbf2c3abc20295153deca1d27fcb371d8273fb9f5d?s=96&d=mm&r=g\",\"caption\":\"Janez Marolt\"},\"logo\":{\"@id\":\"https:\/\/marolt-photography.com\/#\/schema\/person\/image\/\"},\"sameAs\":[\"https:\/\/marolt-photography.com\/\",\"https:\/\/www.facebook.com\/janez.fotograf\",\"https:\/\/www.instagram.com\/janezmarolt\/\"]}]}<\/script>\n<!-- \/ Yoast SEO Premium plugin. -->","yoast_head_json":{"title":"Katalo\u0161ko fotografiranje izdelkov &#8211; Janez Marolt - Photography","description":"Katalo\u0161ko fotografiranje izdelkov je opisna prodajna fotografija, ki jo potrebuje vsaka spletna trgovina izdelkov. Navadno na belem ozadju.","robots":{"index":"index","follow":"follow","max-snippet":"max-snippet:-1","max-image-preview":"max-image-preview:large","max-video-preview":"max-video-preview:-1"},"canonical":"https:\/\/marolt-photography.com\/en\/katalosko-fotografiranje-izdelkov\/","og_locale":"en_GB","og_type":"article","og_title":"Katalo\u0161ko fotografiranje izdelkov","og_description":"Katalo\u0161ko fotografiranje izdelkov je opisna prodajna fotografija, ki jo potrebuje vsaka spletna trgovina izdelkov. Navadno na belem ozadju.","og_url":"https:\/\/marolt-photography.com\/en\/katalosko-fotografiranje-izdelkov\/","og_site_name":"Janez Marolt - Photography","article_publisher":"https:\/\/www.facebook.com\/janez.fotograf","article_modified_time":"2020-12-16T12:32:51+00:00","og_image":[{"width":904,"height":904,"url":"https:\/\/marolt-photography.com\/wp-content\/uploads\/2014\/10\/Rustika_Cokoladni_fondue_photo_Janez_Marolt.jpg","type":"image\/jpeg"}],"twitter_misc":{"Estimated reading time":"2 minutes"},"schema":{"@context":"https:\/\/schema.org","@graph":[{"@type":"WebPage","@id":"https:\/\/marolt-photography.com\/katalosko-fotografiranje-izdelkov\/","url":"https:\/\/marolt-photography.com\/katalosko-fotografiranje-izdelkov\/","name":"Katalo\u0161ko fotografiranje izdelkov &#8211; Janez Marolt - Photography","isPartOf":{"@id":"https:\/\/marolt-photography.com\/#website"},"primaryImageOfPage":{"@id":"https:\/\/marolt-photography.com\/katalosko-fotografiranje-izdelkov\/#primaryimage"},"image":{"@id":"https:\/\/marolt-photography.com\/katalosko-fotografiranje-izdelkov\/#primaryimage"},"thumbnailUrl":"https:\/\/marolt-photography.com\/wp-content\/uploads\/2014\/10\/Rustika_Cokoladni_fondue_photo_Janez_Marolt.jpg","datePublished":"2020-12-16T10:54:33+00:00","dateModified":"2020-12-16T12:32:51+00:00","description":"Katalo\u0161ko fotografiranje izdelkov je opisna prodajna fotografija, ki jo potrebuje vsaka spletna trgovina izdelkov. Navadno na belem ozadju.","inLanguage":"en-GB","potentialAction":[{"@type":"ReadAction","target":["https:\/\/marolt-photography.com\/katalosko-fotografiranje-izdelkov\/"]}]},{"@type":"ImageObject","inLanguage":"en-GB","@id":"https:\/\/marolt-photography.com\/katalosko-fotografiranje-izdelkov\/#primaryimage","url":"https:\/\/marolt-photography.com\/wp-content\/uploads\/2014\/10\/Rustika_Cokoladni_fondue_photo_Janez_Marolt.jpg","contentUrl":"https:\/\/marolt-photography.com\/wp-content\/uploads\/2014\/10\/Rustika_Cokoladni_fondue_photo_Janez_Marolt.jpg","width":904,"height":904},{"@type":"WebSite","@id":"https:\/\/marolt-photography.com\/#website","url":"https:\/\/marolt-photography.com\/","name":"Janez Marolt - Photography","description":"Proefssional photography","publisher":{"@id":"https:\/\/marolt-photography.com\/#\/schema\/person\/629b997fdc2e80e5556f662e3e1ed326"},"potentialAction":[{"@type":"SearchAction","target":{"@type":"EntryPoint","urlTemplate":"https:\/\/marolt-photography.com\/?s={search_term_string}"},"query-input":{"@type":"PropertyValueSpecification","valueRequired":true,"valueName":"search_term_string"}}],"inLanguage":"en-GB"},{"@type":["Person","Organization"],"@id":"https:\/\/marolt-photography.com\/#\/schema\/person\/629b997fdc2e80e5556f662e3e1ed326","name":"Janez Marolt - professional photographer based in Ljubljana, Slovenia","image":{"@type":"ImageObject","inLanguage":"en-GB","@id":"https:\/\/marolt-photography.com\/#\/schema\/person\/image\/","url":"https:\/\/secure.gravatar.com\/avatar\/86dc16766a32aff098b9a6bbf2c3abc20295153deca1d27fcb371d8273fb9f5d?s=96&d=mm&r=g","contentUrl":"https:\/\/secure.gravatar.com\/avatar\/86dc16766a32aff098b9a6bbf2c3abc20295153deca1d27fcb371d8273fb9f5d?s=96&d=mm&r=g","caption":"Janez Marolt"},"logo":{"@id":"https:\/\/marolt-photography.com\/#\/schema\/person\/image\/"},"sameAs":["https:\/\/marolt-photography.com\/","https:\/\/www.facebook.com\/janez.fotograf","https:\/\/www.instagram.com\/janezmarolt\/"]}]}},"_links":{"self":[{"href":"https:\/\/marolt-photography.com\/en\/wp-json\/wp\/v2\/pages\/4151","targetHints":{"allow":["GET"]}}],"collection":[{"href":"https:\/\/marolt-photography.com\/en\/wp-json\/wp\/v2\/pages"}],"about":[{"href":"https:\/\/marolt-photography.com\/en\/wp-json\/wp\/v2\/types\/page"}],"author":[{"embeddable":true,"href":"https:\/\/marolt-photography.com\/en\/wp-json\/wp\/v2\/users\/1"}],"replies":[{"embeddable":true,"href":"https:\/\/marolt-photography.com\/en\/wp-json\/wp\/v2\/comments?post=4151"}],"version-history":[{"count":7,"href":"https:\/\/marolt-photography.com\/en\/wp-json\/wp\/v2\/pages\/4151\/revisions"}],"predecessor-version":[{"id":4163,"href":"https:\/\/marolt-photography.com\/en\/wp-json\/wp\/v2\/pages\/4151\/revisions\/4163"}],"wp:featuredmedia":[{"embeddable":true,"href":"https:\/\/marolt-photography.com\/en\/wp-json\/wp\/v2\/media\/1251"}],"wp:attachment":[{"href":"https:\/\/marolt-photography.com\/en\/wp-json\/wp\/v2\/media?parent=4151"}],"curies":[{"name":"wp","href":"https:\/\/api.w.org\/{rel}","templated":true}]}}