{"id":4589,"date":"2023-08-11T15:49:19","date_gmt":"2023-08-11T15:49:19","guid":{"rendered":"https:\/\/marolt-photography.com\/?page_id=4589"},"modified":"2023-08-11T15:49:20","modified_gmt":"2023-08-11T15:49:20","slug":"portretiranje-glasbenikov","status":"publish","type":"page","link":"https:\/\/marolt-photography.com\/en\/portretna-fotografija\/portretiranje-glasbenikov\/","title":{"rendered":"Portretiranje glasbenikov"},"content":{"rendered":"<h1 class=\"wp-block-heading\" id=\"h-portretiranje-glasbenikov\">Portretiranje glasbenikov<\/h1>\n\n\n\n<p>Glasba je vesolje sama zase. Rabi le ti\u0161ino, da jo napolni in \u010dloveka, da se ga lahko dotakne. Glasbeniku samemu, pa za uspe\u0161no delo pride prav tudi dober portret in druga slikovna podpora. Portretiranje glasbenikov mi je \u0161e posebej ljubo, saj mi je glasba zelo blizu.  Pri portretiranju je moj cilj, da je portret estetski in da se v njem \u010duti tvoj osebni izraz, energijo, ljubezen in strast do glasbe. Bistvo tega, s \u010dimer iz svoje obrti naredi\u0161 umetnost. Da potem slu\u017ei kot uvod v trenutek, ko se igla dotakne plo\u0161\u010de, ali ko se na odru pri\u017egejo lu\u010di.<\/p>\n\n\n\n<figure class=\"wp-block-image size-full is-style-default\"><img loading=\"lazy\" decoding=\"async\" width=\"900\" height=\"600\" src=\"https:\/\/marolt-photography.com\/wp-content\/uploads\/2023\/08\/DSC2157_Portretiranje_glasbenikov_Meta_Fajdiga_foto_Janez_Marolt_1.jpeg\" alt=\"Mo\u010dan portret s portretiranja glasbenice - virtuozne pianistke Mete Fajdiga z njeno ljubeznijo - klavirjem. Portret pianistke z odsevom v pokrovu klavirja.\" class=\"wp-image-4606\" srcset=\"https:\/\/marolt-photography.com\/wp-content\/uploads\/2023\/08\/DSC2157_Portretiranje_glasbenikov_Meta_Fajdiga_foto_Janez_Marolt_1.jpeg 900w, https:\/\/marolt-photography.com\/wp-content\/uploads\/2023\/08\/DSC2157_Portretiranje_glasbenikov_Meta_Fajdiga_foto_Janez_Marolt_1-300x200.jpeg 300w, https:\/\/marolt-photography.com\/wp-content\/uploads\/2023\/08\/DSC2157_Portretiranje_glasbenikov_Meta_Fajdiga_foto_Janez_Marolt_1-768x512.jpeg 768w, https:\/\/marolt-photography.com\/wp-content\/uploads\/2023\/08\/DSC2157_Portretiranje_glasbenikov_Meta_Fajdiga_foto_Janez_Marolt_1-18x12.jpeg 18w, https:\/\/marolt-photography.com\/wp-content\/uploads\/2023\/08\/DSC2157_Portretiranje_glasbenikov_Meta_Fajdiga_foto_Janez_Marolt_1-272x182.jpeg 272w\" sizes=\"auto, (max-width: 900px) 100vw, 900px\" \/><\/figure>\n\n\n\n<figure class=\"wp-block-image size-full is-style-default\"><img loading=\"lazy\" decoding=\"async\" width=\"900\" height=\"600\" src=\"https:\/\/marolt-photography.com\/wp-content\/uploads\/2022\/01\/DSC2185_Portretiranje_glasbenikov_Meta_Fajdiga_foto_Janez_Marolt.jpg\" alt=\"\" class=\"wp-image-4543\" srcset=\"https:\/\/marolt-photography.com\/wp-content\/uploads\/2022\/01\/DSC2185_Portretiranje_glasbenikov_Meta_Fajdiga_foto_Janez_Marolt.jpg 900w, https:\/\/marolt-photography.com\/wp-content\/uploads\/2022\/01\/DSC2185_Portretiranje_glasbenikov_Meta_Fajdiga_foto_Janez_Marolt-300x200.jpg 300w, https:\/\/marolt-photography.com\/wp-content\/uploads\/2022\/01\/DSC2185_Portretiranje_glasbenikov_Meta_Fajdiga_foto_Janez_Marolt-768x512.jpg 768w, https:\/\/marolt-photography.com\/wp-content\/uploads\/2022\/01\/DSC2185_Portretiranje_glasbenikov_Meta_Fajdiga_foto_Janez_Marolt-16x12.jpg 16w, https:\/\/marolt-photography.com\/wp-content\/uploads\/2022\/01\/DSC2185_Portretiranje_glasbenikov_Meta_Fajdiga_foto_Janez_Marolt-272x182.jpg 272w\" sizes=\"auto, (max-width: 900px) 100vw, 900px\" \/><\/figure>\n\n\n\n<h2 class=\"wp-block-heading\" id=\"h-portret-glasbenika-likoven-izraz-glasbene-identitete\">Portret glasbenika &#8211; likoven izraz glasbene identitete<\/h2>\n\n\n\n<p>Pri portretiranju glasbenikov izhajam iz tega da nosi vsakdo v sebi svojo zgodbo in sporo\u010dilo.  Naj gre za klasi\u010dnega virtuoza ali rock&#8217;n&#8217;roll zvezdo, portret je najmo\u010dnej\u0161i, ko iz njega zasije tvoj pristen izraz. \u010ce si solist, \u010dlan glasbene skupine, ali dirigent, pevec ali in\u0161trumentalist, pri fotografiranju i\u0161\u010dem tvojo osebno noto in strast ki napaja tvojo glasbeno zgodbo. <\/p>\n\n\n\n<figure class=\"wp-block-image size-large is-style-default\"><img loading=\"lazy\" decoding=\"async\" width=\"1024\" height=\"1024\" src=\"https:\/\/marolt-photography.com\/wp-content\/uploads\/2023\/08\/DSC8716_Olja_Igla_Fotografiranje_rock_glasbenikov_Janez_Marolt-1024x1024.jpeg\" alt=\"Rockerski portret glasbenice Olje Igle ki igra elektri\u010dno kitaro v son\u010dnem \u017earku na fotelju ob Marshall oja\u010devalniku in notah razmetanih po tleh.\" class=\"wp-image-4607\" srcset=\"https:\/\/marolt-photography.com\/wp-content\/uploads\/2023\/08\/DSC8716_Olja_Igla_Fotografiranje_rock_glasbenikov_Janez_Marolt-1024x1024.jpeg 1024w, https:\/\/marolt-photography.com\/wp-content\/uploads\/2023\/08\/DSC8716_Olja_Igla_Fotografiranje_rock_glasbenikov_Janez_Marolt-300x300.jpeg 300w, https:\/\/marolt-photography.com\/wp-content\/uploads\/2023\/08\/DSC8716_Olja_Igla_Fotografiranje_rock_glasbenikov_Janez_Marolt-150x150.jpeg 150w, https:\/\/marolt-photography.com\/wp-content\/uploads\/2023\/08\/DSC8716_Olja_Igla_Fotografiranje_rock_glasbenikov_Janez_Marolt-768x768.jpeg 768w, https:\/\/marolt-photography.com\/wp-content\/uploads\/2023\/08\/DSC8716_Olja_Igla_Fotografiranje_rock_glasbenikov_Janez_Marolt-12x12.jpeg 12w, https:\/\/marolt-photography.com\/wp-content\/uploads\/2023\/08\/DSC8716_Olja_Igla_Fotografiranje_rock_glasbenikov_Janez_Marolt-904x904.jpeg 904w, https:\/\/marolt-photography.com\/wp-content\/uploads\/2023\/08\/DSC8716_Olja_Igla_Fotografiranje_rock_glasbenikov_Janez_Marolt-45x45.jpeg 45w, https:\/\/marolt-photography.com\/wp-content\/uploads\/2023\/08\/DSC8716_Olja_Igla_Fotografiranje_rock_glasbenikov_Janez_Marolt.jpeg 1200w\" sizes=\"auto, (max-width: 1024px) 100vw, 1024px\" \/><\/figure>\n\n\n\n<h2 class=\"wp-block-heading\" id=\"h-portretiranje-glasbenikov-sproscena-in-navdihujoca-izkusnja\">Portretiranje glasbenikov &#8211; spro\u0161\u010dena in navdihujo\u010da izku\u0161nja<\/h2>\n\n\n\n<p>Dober portret glasbenika poleg mo\u010dne in estetske vizualne podobe energijo, \u010dustva in sporo\u010dilo, ki jih prina\u0161a\u0161 s svojo glasbo. Zato za portretiranje glasbenikov ustvarjam udobno vzdu\u0161je s prostorom za spro\u0161\u010den izraz. Naj bo to veselje do \u017eivljenja, melanholi\u010dna pripoved, ali eksplozija energije.<\/p>\n\n\n\n<figure class=\"wp-block-image size-full is-style-default\"><img loading=\"lazy\" decoding=\"async\" width=\"900\" height=\"600\" src=\"https:\/\/marolt-photography.com\/wp-content\/uploads\/2023\/08\/DSC3891_Clemens_Klemen_Mramor_portretiranje_glasbenikov_Janez_Marolt.jpeg\" alt=\"Portret slovenskega glasbenika - Klemen Mramor - Clemens. \u010crna silhueta med do\u017eivetim petjem s starinskim mikrofonom - fotografiranje glasbenikov: Janez Marolt\" class=\"wp-image-4610\" srcset=\"https:\/\/marolt-photography.com\/wp-content\/uploads\/2023\/08\/DSC3891_Clemens_Klemen_Mramor_portretiranje_glasbenikov_Janez_Marolt.jpeg 900w, https:\/\/marolt-photography.com\/wp-content\/uploads\/2023\/08\/DSC3891_Clemens_Klemen_Mramor_portretiranje_glasbenikov_Janez_Marolt-300x200.jpeg 300w, https:\/\/marolt-photography.com\/wp-content\/uploads\/2023\/08\/DSC3891_Clemens_Klemen_Mramor_portretiranje_glasbenikov_Janez_Marolt-768x512.jpeg 768w, https:\/\/marolt-photography.com\/wp-content\/uploads\/2023\/08\/DSC3891_Clemens_Klemen_Mramor_portretiranje_glasbenikov_Janez_Marolt-18x12.jpeg 18w, https:\/\/marolt-photography.com\/wp-content\/uploads\/2023\/08\/DSC3891_Clemens_Klemen_Mramor_portretiranje_glasbenikov_Janez_Marolt-272x182.jpeg 272w\" sizes=\"auto, (max-width: 900px) 100vw, 900px\" \/><\/figure>\n\n\n\n<figure class=\"wp-block-image size-full is-style-default\"><img loading=\"lazy\" decoding=\"async\" width=\"900\" height=\"600\" src=\"https:\/\/marolt-photography.com\/wp-content\/uploads\/2023\/08\/DSC4040_Clemens_Klemen_Mramor_portretiranje_glasbenikov_Janez_Marolt.jpeg\" alt=\"Portretiranje glasbenikov - pevec Klemen Mramor - Clemens s starinskim mikrofonom v smokingu z metulj\u010dkom. Fotograf: Janez Marolt\" class=\"wp-image-4615\" srcset=\"https:\/\/marolt-photography.com\/wp-content\/uploads\/2023\/08\/DSC4040_Clemens_Klemen_Mramor_portretiranje_glasbenikov_Janez_Marolt.jpeg 900w, https:\/\/marolt-photography.com\/wp-content\/uploads\/2023\/08\/DSC4040_Clemens_Klemen_Mramor_portretiranje_glasbenikov_Janez_Marolt-300x200.jpeg 300w, https:\/\/marolt-photography.com\/wp-content\/uploads\/2023\/08\/DSC4040_Clemens_Klemen_Mramor_portretiranje_glasbenikov_Janez_Marolt-768x512.jpeg 768w, https:\/\/marolt-photography.com\/wp-content\/uploads\/2023\/08\/DSC4040_Clemens_Klemen_Mramor_portretiranje_glasbenikov_Janez_Marolt-18x12.jpeg 18w, https:\/\/marolt-photography.com\/wp-content\/uploads\/2023\/08\/DSC4040_Clemens_Klemen_Mramor_portretiranje_glasbenikov_Janez_Marolt-272x182.jpeg 272w\" sizes=\"auto, (max-width: 900px) 100vw, 900px\" \/><\/figure>\n\n\n\n<h2 class=\"wp-block-heading\" id=\"h-pristopi-k-portretiranju-glasbenikov\">Pristopi k portretiranju glasbenikov<\/h2>\n\n\n\n<p>Dobre portrete glasbenikov je mo\u017eno narediti na razli\u010dne na\u010dine. Za kontrolirano svetlobo in nevtralno ozadje dobro slu\u017ei studijsko fotografiranje. Zanimiv ambient lahko doda svojo zgodbo in likoven kontekst. Fotografiranje med koncertom nudi intreakcijo s publiko in glasbenika &#8220;v elementu&#8221;.<\/p>\n\n\n\n<figure class=\"wp-block-image size-full is-style-default\"><img loading=\"lazy\" decoding=\"async\" width=\"900\" height=\"379\" src=\"https:\/\/marolt-photography.com\/wp-content\/uploads\/2023\/08\/DSC_5997_fotografiranje_glasbenikov_Omar_naber_portret_Janez_Marolt_0.jpeg\" alt=\"Rock pevec in kantavtor Omar Naber z Gibson Les Paul kitarov skoku in v razmi\u0161ljujo\u010dem trenutku - fotografiranje glasbenikov: Janez Marolt\" class=\"wp-image-4617\" srcset=\"https:\/\/marolt-photography.com\/wp-content\/uploads\/2023\/08\/DSC_5997_fotografiranje_glasbenikov_Omar_naber_portret_Janez_Marolt_0.jpeg 900w, https:\/\/marolt-photography.com\/wp-content\/uploads\/2023\/08\/DSC_5997_fotografiranje_glasbenikov_Omar_naber_portret_Janez_Marolt_0-300x126.jpeg 300w, https:\/\/marolt-photography.com\/wp-content\/uploads\/2023\/08\/DSC_5997_fotografiranje_glasbenikov_Omar_naber_portret_Janez_Marolt_0-768x323.jpeg 768w, https:\/\/marolt-photography.com\/wp-content\/uploads\/2023\/08\/DSC_5997_fotografiranje_glasbenikov_Omar_naber_portret_Janez_Marolt_0-18x8.jpeg 18w\" sizes=\"auto, (max-width: 900px) 100vw, 900px\" \/><\/figure>\n\n\n\n<h3 class=\"wp-block-heading\" id=\"h-narediva-tvoj-portret\">Narediva tvoj portret<\/h3>\n\n\n\n<p>Tvoja glasbena pot si zaslu\u017ei dobro slikovno podporo. Za predstavitev, kot tudi zate. \u010ce \u017eeli\u0161 portrete za osebno ali promocijsko rabo, se oglasi. Pogledala bova, kako narediti res dobre portrete, na katerih te bo mo\u010d \u010dutiti kot ustvarjalca. Ki bodo slu\u017eile za promocijo, kot tudi za osebno zadovoljstvo.  Pi\u0161i mi na info@marolt-photography.com, ali pokli\u010di na 041 972 586.<\/p>\n\n\n\n<p><\/p>\n\n\n\n<p>Ve\u010d o moji portretni fotografiji na splo\u0161no poglej na strani <a href=\"https:\/\/marolt-photography.com\/en\/portretna-fotografija\/\" target=\"_blank\" rel=\"noreferrer noopener\">&#8220;Portretna fotografija&#8221;<\/a>.<\/p>","protected":false},"excerpt":{"rendered":"<p>Portretiranje glasbenikov Glasba je vesolje sama zase. Rabi le ti\u0161ino, da jo napolni in \u010dloveka, da se ga lahko dotakne. Glasbeniku samemu, pa za uspe\u0161no delo pride prav tudi dober portret in druga slikovna podpora. Portretiranje glasbenikov mi je \u0161e posebej ljubo, saj mi je glasba zelo blizu. Pri portretiranju je moj cilj, da je [&hellip;]<\/p>\n","protected":false},"author":1,"featured_media":0,"parent":15,"menu_order":0,"comment_status":"closed","ping_status":"closed","template":"home-panels.php","meta":{"footnotes":""},"class_list":["post-4589","page","type-page","status-publish","hentry","content-columns-1"],"yoast_head":"<!-- This site is optimized with the Yoast SEO Premium plugin v27.1 (Yoast SEO v27.1.1) - https:\/\/yoast.com\/product\/yoast-seo-premium-wordpress\/ -->\n<title>Portretiranje glasbenikov &#8211; strast do glasbe v sliki<\/title>\n<meta name=\"description\" content=\"Umetni\u0161ko portretiranje glasbenikov. Prikaz glasbene strasti, energije in osebnega izraza. Podpora uspe\u0161ni glasbeni poti.\" \/>\n<meta name=\"robots\" content=\"index, follow, max-snippet:-1, max-image-preview:large, max-video-preview:-1\" \/>\n<link rel=\"canonical\" href=\"https:\/\/marolt-photography.com\/en\/portretna-fotografija\/portretiranje-glasbenikov\/\" \/>\n<meta property=\"og:locale\" content=\"en_GB\" \/>\n<meta property=\"og:type\" content=\"article\" \/>\n<meta property=\"og:title\" content=\"Portretiranje glasbenikov\" \/>\n<meta property=\"og:description\" content=\"Umetni\u0161ko portretiranje glasbenikov. Prikaz glasbene strasti, energije in osebnega izraza. Podpora uspe\u0161ni glasbeni poti.\" \/>\n<meta property=\"og:url\" content=\"https:\/\/marolt-photography.com\/en\/portretna-fotografija\/portretiranje-glasbenikov\/\" \/>\n<meta property=\"og:site_name\" content=\"Janez Marolt - Photography\" \/>\n<meta property=\"article:publisher\" content=\"https:\/\/www.facebook.com\/janez.fotograf\" \/>\n<meta property=\"article:modified_time\" content=\"2023-08-11T15:49:20+00:00\" \/>\n<meta property=\"og:image\" content=\"https:\/\/marolt-photography.com\/wp-content\/uploads\/2023\/08\/DSC2157_Portretiranje_glasbenikov_Meta_Fajdiga_foto_Janez_Marolt_1.jpeg\" \/>\n<meta name=\"twitter:label1\" content=\"Estimated reading time\" \/>\n\t<meta name=\"twitter:data1\" content=\"3 minutes\" \/>\n<script type=\"application\/ld+json\" class=\"yoast-schema-graph\">{\"@context\":\"https:\/\/schema.org\",\"@graph\":[{\"@type\":\"WebPage\",\"@id\":\"https:\/\/marolt-photography.com\/portretna-fotografija\/portretiranje-glasbenikov\/\",\"url\":\"https:\/\/marolt-photography.com\/portretna-fotografija\/portretiranje-glasbenikov\/\",\"name\":\"Portretiranje glasbenikov &#8211; strast do glasbe v sliki\",\"isPartOf\":{\"@id\":\"https:\/\/marolt-photography.com\/#website\"},\"primaryImageOfPage\":{\"@id\":\"https:\/\/marolt-photography.com\/portretna-fotografija\/portretiranje-glasbenikov\/#primaryimage\"},\"image\":{\"@id\":\"https:\/\/marolt-photography.com\/portretna-fotografija\/portretiranje-glasbenikov\/#primaryimage\"},\"thumbnailUrl\":\"https:\/\/marolt-photography.com\/wp-content\/uploads\/2023\/08\/DSC2157_Portretiranje_glasbenikov_Meta_Fajdiga_foto_Janez_Marolt_1.jpeg\",\"datePublished\":\"2023-08-11T15:49:19+00:00\",\"dateModified\":\"2023-08-11T15:49:20+00:00\",\"description\":\"Umetni\u0161ko portretiranje glasbenikov. Prikaz glasbene strasti, energije in osebnega izraza. Podpora uspe\u0161ni glasbeni poti.\",\"breadcrumb\":{\"@id\":\"https:\/\/marolt-photography.com\/portretna-fotografija\/portretiranje-glasbenikov\/#breadcrumb\"},\"inLanguage\":\"en-GB\",\"potentialAction\":[{\"@type\":\"ReadAction\",\"target\":[\"https:\/\/marolt-photography.com\/portretna-fotografija\/portretiranje-glasbenikov\/\"]}]},{\"@type\":\"ImageObject\",\"inLanguage\":\"en-GB\",\"@id\":\"https:\/\/marolt-photography.com\/portretna-fotografija\/portretiranje-glasbenikov\/#primaryimage\",\"url\":\"https:\/\/marolt-photography.com\/wp-content\/uploads\/2023\/08\/DSC2157_Portretiranje_glasbenikov_Meta_Fajdiga_foto_Janez_Marolt_1.jpeg\",\"contentUrl\":\"https:\/\/marolt-photography.com\/wp-content\/uploads\/2023\/08\/DSC2157_Portretiranje_glasbenikov_Meta_Fajdiga_foto_Janez_Marolt_1.jpeg\"},{\"@type\":\"BreadcrumbList\",\"@id\":\"https:\/\/marolt-photography.com\/portretna-fotografija\/portretiranje-glasbenikov\/#breadcrumb\",\"itemListElement\":[{\"@type\":\"ListItem\",\"position\":1,\"name\":\"Portreti-portretna fotografija\",\"item\":\"https:\/\/marolt-photography.com\/portretna-fotografija\/\"},{\"@type\":\"ListItem\",\"position\":2,\"name\":\"Portretiranje glasbenikov\"}]},{\"@type\":\"WebSite\",\"@id\":\"https:\/\/marolt-photography.com\/#website\",\"url\":\"https:\/\/marolt-photography.com\/\",\"name\":\"Janez Marolt - Photography\",\"description\":\"Profesionalna fotografija\",\"publisher\":{\"@id\":\"https:\/\/marolt-photography.com\/#\/schema\/person\/629b997fdc2e80e5556f662e3e1ed326\"},\"potentialAction\":[{\"@type\":\"SearchAction\",\"target\":{\"@type\":\"EntryPoint\",\"urlTemplate\":\"https:\/\/marolt-photography.com\/?s={search_term_string}\"},\"query-input\":{\"@type\":\"PropertyValueSpecification\",\"valueRequired\":true,\"valueName\":\"search_term_string\"}}],\"inLanguage\":\"en-GB\"},{\"@type\":[\"Person\",\"Organization\"],\"@id\":\"https:\/\/marolt-photography.com\/#\/schema\/person\/629b997fdc2e80e5556f662e3e1ed326\",\"name\":\"Janez Marolt\",\"image\":{\"@type\":\"ImageObject\",\"inLanguage\":\"en-GB\",\"@id\":\"https:\/\/marolt-photography.com\/#\/schema\/person\/image\/\",\"url\":\"https:\/\/secure.gravatar.com\/avatar\/86dc16766a32aff098b9a6bbf2c3abc20295153deca1d27fcb371d8273fb9f5d?s=96&d=mm&r=g\",\"contentUrl\":\"https:\/\/secure.gravatar.com\/avatar\/86dc16766a32aff098b9a6bbf2c3abc20295153deca1d27fcb371d8273fb9f5d?s=96&d=mm&r=g\",\"caption\":\"Janez Marolt\"},\"logo\":{\"@id\":\"https:\/\/marolt-photography.com\/#\/schema\/person\/image\/\"},\"sameAs\":[\"https:\/\/marolt-photography.com\/\",\"https:\/\/www.facebook.com\/janez.fotograf\",\"https:\/\/www.instagram.com\/janezmarolt\/\"]}]}<\/script>\n<!-- \/ Yoast SEO Premium plugin. -->","yoast_head_json":{"title":"Portretiranje glasbenikov &#8211; strast do glasbe v sliki","description":"Umetni\u0161ko portretiranje glasbenikov. Prikaz glasbene strasti, energije in osebnega izraza. Podpora uspe\u0161ni glasbeni poti.","robots":{"index":"index","follow":"follow","max-snippet":"max-snippet:-1","max-image-preview":"max-image-preview:large","max-video-preview":"max-video-preview:-1"},"canonical":"https:\/\/marolt-photography.com\/en\/portretna-fotografija\/portretiranje-glasbenikov\/","og_locale":"en_GB","og_type":"article","og_title":"Portretiranje glasbenikov","og_description":"Umetni\u0161ko portretiranje glasbenikov. Prikaz glasbene strasti, energije in osebnega izraza. Podpora uspe\u0161ni glasbeni poti.","og_url":"https:\/\/marolt-photography.com\/en\/portretna-fotografija\/portretiranje-glasbenikov\/","og_site_name":"Janez Marolt - Photography","article_publisher":"https:\/\/www.facebook.com\/janez.fotograf","article_modified_time":"2023-08-11T15:49:20+00:00","og_image":[{"url":"https:\/\/marolt-photography.com\/wp-content\/uploads\/2023\/08\/DSC2157_Portretiranje_glasbenikov_Meta_Fajdiga_foto_Janez_Marolt_1.jpeg","type":"","width":"","height":""}],"twitter_misc":{"Estimated reading time":"3 minutes"},"schema":{"@context":"https:\/\/schema.org","@graph":[{"@type":"WebPage","@id":"https:\/\/marolt-photography.com\/portretna-fotografija\/portretiranje-glasbenikov\/","url":"https:\/\/marolt-photography.com\/portretna-fotografija\/portretiranje-glasbenikov\/","name":"Portretiranje glasbenikov &#8211; strast do glasbe v sliki","isPartOf":{"@id":"https:\/\/marolt-photography.com\/#website"},"primaryImageOfPage":{"@id":"https:\/\/marolt-photography.com\/portretna-fotografija\/portretiranje-glasbenikov\/#primaryimage"},"image":{"@id":"https:\/\/marolt-photography.com\/portretna-fotografija\/portretiranje-glasbenikov\/#primaryimage"},"thumbnailUrl":"https:\/\/marolt-photography.com\/wp-content\/uploads\/2023\/08\/DSC2157_Portretiranje_glasbenikov_Meta_Fajdiga_foto_Janez_Marolt_1.jpeg","datePublished":"2023-08-11T15:49:19+00:00","dateModified":"2023-08-11T15:49:20+00:00","description":"Umetni\u0161ko portretiranje glasbenikov. Prikaz glasbene strasti, energije in osebnega izraza. Podpora uspe\u0161ni glasbeni poti.","breadcrumb":{"@id":"https:\/\/marolt-photography.com\/portretna-fotografija\/portretiranje-glasbenikov\/#breadcrumb"},"inLanguage":"en-GB","potentialAction":[{"@type":"ReadAction","target":["https:\/\/marolt-photography.com\/portretna-fotografija\/portretiranje-glasbenikov\/"]}]},{"@type":"ImageObject","inLanguage":"en-GB","@id":"https:\/\/marolt-photography.com\/portretna-fotografija\/portretiranje-glasbenikov\/#primaryimage","url":"https:\/\/marolt-photography.com\/wp-content\/uploads\/2023\/08\/DSC2157_Portretiranje_glasbenikov_Meta_Fajdiga_foto_Janez_Marolt_1.jpeg","contentUrl":"https:\/\/marolt-photography.com\/wp-content\/uploads\/2023\/08\/DSC2157_Portretiranje_glasbenikov_Meta_Fajdiga_foto_Janez_Marolt_1.jpeg"},{"@type":"BreadcrumbList","@id":"https:\/\/marolt-photography.com\/portretna-fotografija\/portretiranje-glasbenikov\/#breadcrumb","itemListElement":[{"@type":"ListItem","position":1,"name":"Portreti-portretna fotografija","item":"https:\/\/marolt-photography.com\/portretna-fotografija\/"},{"@type":"ListItem","position":2,"name":"Portretiranje glasbenikov"}]},{"@type":"WebSite","@id":"https:\/\/marolt-photography.com\/#website","url":"https:\/\/marolt-photography.com\/","name":"Janez Marolt - Photography","description":"Proefssional photography","publisher":{"@id":"https:\/\/marolt-photography.com\/#\/schema\/person\/629b997fdc2e80e5556f662e3e1ed326"},"potentialAction":[{"@type":"SearchAction","target":{"@type":"EntryPoint","urlTemplate":"https:\/\/marolt-photography.com\/?s={search_term_string}"},"query-input":{"@type":"PropertyValueSpecification","valueRequired":true,"valueName":"search_term_string"}}],"inLanguage":"en-GB"},{"@type":["Person","Organization"],"@id":"https:\/\/marolt-photography.com\/#\/schema\/person\/629b997fdc2e80e5556f662e3e1ed326","name":"Janez Marolt - professional photographer based in Ljubljana, Slovenia","image":{"@type":"ImageObject","inLanguage":"en-GB","@id":"https:\/\/marolt-photography.com\/#\/schema\/person\/image\/","url":"https:\/\/secure.gravatar.com\/avatar\/86dc16766a32aff098b9a6bbf2c3abc20295153deca1d27fcb371d8273fb9f5d?s=96&d=mm&r=g","contentUrl":"https:\/\/secure.gravatar.com\/avatar\/86dc16766a32aff098b9a6bbf2c3abc20295153deca1d27fcb371d8273fb9f5d?s=96&d=mm&r=g","caption":"Janez Marolt"},"logo":{"@id":"https:\/\/marolt-photography.com\/#\/schema\/person\/image\/"},"sameAs":["https:\/\/marolt-photography.com\/","https:\/\/www.facebook.com\/janez.fotograf","https:\/\/www.instagram.com\/janezmarolt\/"]}]}},"_links":{"self":[{"href":"https:\/\/marolt-photography.com\/en\/wp-json\/wp\/v2\/pages\/4589","targetHints":{"allow":["GET"]}}],"collection":[{"href":"https:\/\/marolt-photography.com\/en\/wp-json\/wp\/v2\/pages"}],"about":[{"href":"https:\/\/marolt-photography.com\/en\/wp-json\/wp\/v2\/types\/page"}],"author":[{"embeddable":true,"href":"https:\/\/marolt-photography.com\/en\/wp-json\/wp\/v2\/users\/1"}],"replies":[{"embeddable":true,"href":"https:\/\/marolt-photography.com\/en\/wp-json\/wp\/v2\/comments?post=4589"}],"version-history":[{"count":19,"href":"https:\/\/marolt-photography.com\/en\/wp-json\/wp\/v2\/pages\/4589\/revisions"}],"predecessor-version":[{"id":4618,"href":"https:\/\/marolt-photography.com\/en\/wp-json\/wp\/v2\/pages\/4589\/revisions\/4618"}],"up":[{"embeddable":true,"href":"https:\/\/marolt-photography.com\/en\/wp-json\/wp\/v2\/pages\/15"}],"wp:attachment":[{"href":"https:\/\/marolt-photography.com\/en\/wp-json\/wp\/v2\/media?parent=4589"}],"curies":[{"name":"wp","href":"https:\/\/api.w.org\/{rel}","templated":true}]}}