{"id":76,"date":"2013-08-23T16:52:10","date_gmt":"2013-08-23T16:52:10","guid":{"rendered":"http:\/\/marolt-photography.com\/?page_id=76"},"modified":"2014-02-08T09:58:10","modified_gmt":"2014-02-08T09:58:10","slug":"3d-fotografija","status":"publish","type":"page","link":"https:\/\/marolt-photography.com\/en\/3d-fotografija\/","title":{"rendered":"3D- virtual photography"},"content":{"rendered":"<h1>3D- virtual photography<\/h1>\n<p>Kot interaktivna internetna 3D fotografska predstavitev sta najbolj u\u010dinkovita:<\/p>\n<ul>\n<li><a title=\"3D-spin object photography\" href=\"http:\/\/marolt-photography.com\/en\/?page_id=78\">3D-spin fotografija, najve\u010dkrat za predstavitev izdelkov.<\/a> Za ve\u010d informacij <a title=\"3D-spin object photography\" href=\"http:\/\/marolt-photography.com\/en\/?page_id=78\">kliknite sem<\/a><a title=\"3D-spin object photography\" href=\"http:\/\/marolt-photography.com\/en\/?page_id=78\">!<\/a><\/li>\n<li><a title=\"3D-virtual tours\" href=\"http:\/\/marolt-photography.com\/en\/?page_id=83\">3D-virutalni sprehodi, za predstavitev ambientov.<\/a> Za ve\u010d informacij <a title=\"3D-virtual tours\" href=\"http:\/\/marolt-photography.com\/en\/?page_id=83\">kliknite sem!<\/a><\/li>\n<\/ul>\n<p>&nbsp;<\/p>","protected":false},"excerpt":{"rendered":"<p>3D-fotografija Kot interaktivna internetna 3D fotografska predstavitev sta najbolj u\u010dinkovita: 3D-spin fotografija, najve\u010dkrat za predstavitev izdelkov. Za ve\u010d informacij kliknite sem! 3D-virutalni sprehodi, za predstavitev ambientov. Za ve\u010d informacij kliknite sem! &nbsp;<\/p>","protected":false},"author":1,"featured_media":0,"parent":0,"menu_order":2,"comment_status":"closed","ping_status":"closed","template":"template-notitle.php","meta":{"footnotes":""},"class_list":["post-76","page","type-page","status-publish","hentry","content-columns-1"],"yoast_head":"<!-- This site is optimized with the Yoast SEO Premium plugin v27.1 (Yoast SEO v27.1.1) - https:\/\/yoast.com\/product\/yoast-seo-premium-wordpress\/ -->\n<title>3D-fotografija &#8211; Janez Marolt - Photography<\/title>\n<meta name=\"description\" content=\"3D-fotografija : 3D-virtualni sprehodi in 3D-spin fotografija. Najbolj\u0161a na\u010dina za prostorski prikaz ambientov in izdelkov na interetu.\" \/>\n<meta name=\"robots\" content=\"index, follow, max-snippet:-1, max-image-preview:large, max-video-preview:-1\" \/>\n<link rel=\"canonical\" href=\"https:\/\/marolt-photography.com\/en\/3d-fotografija\/\" \/>\n<meta property=\"og:locale\" content=\"en_GB\" \/>\n<meta property=\"og:type\" content=\"article\" \/>\n<meta property=\"og:title\" content=\"3D-fotografija\" \/>\n<meta property=\"og:description\" content=\"3D-fotografija : 3D-virtualni sprehodi in 3D-spin fotografija. Najbolj\u0161a na\u010dina za prostorski prikaz ambientov in izdelkov na interetu.\" \/>\n<meta property=\"og:url\" content=\"https:\/\/marolt-photography.com\/en\/3d-fotografija\/\" \/>\n<meta property=\"og:site_name\" content=\"Janez Marolt - Photography\" \/>\n<meta property=\"article:publisher\" content=\"https:\/\/www.facebook.com\/janez.fotograf\" \/>\n<meta property=\"article:modified_time\" content=\"2014-02-08T09:58:10+00:00\" \/>\n<script type=\"application\/ld+json\" class=\"yoast-schema-graph\">{\"@context\":\"https:\/\/schema.org\",\"@graph\":[{\"@type\":\"WebPage\",\"@id\":\"https:\/\/marolt-photography.com\/3d-fotografija\/\",\"url\":\"https:\/\/marolt-photography.com\/3d-fotografija\/\",\"name\":\"3D-fotografija &#8211; Janez Marolt - Photography\",\"isPartOf\":{\"@id\":\"https:\/\/marolt-photography.com\/#website\"},\"datePublished\":\"2013-08-23T16:52:10+00:00\",\"dateModified\":\"2014-02-08T09:58:10+00:00\",\"description\":\"3D-fotografija : 3D-virtualni sprehodi in 3D-spin fotografija. Najbolj\u0161a na\u010dina za prostorski prikaz ambientov in izdelkov na interetu.\",\"inLanguage\":\"en-GB\",\"potentialAction\":[{\"@type\":\"ReadAction\",\"target\":[\"https:\/\/marolt-photography.com\/3d-fotografija\/\"]}]},{\"@type\":\"WebSite\",\"@id\":\"https:\/\/marolt-photography.com\/#website\",\"url\":\"https:\/\/marolt-photography.com\/\",\"name\":\"Janez Marolt - Photography\",\"description\":\"Profesionalna fotografija\",\"publisher\":{\"@id\":\"https:\/\/marolt-photography.com\/#\/schema\/person\/629b997fdc2e80e5556f662e3e1ed326\"},\"potentialAction\":[{\"@type\":\"SearchAction\",\"target\":{\"@type\":\"EntryPoint\",\"urlTemplate\":\"https:\/\/marolt-photography.com\/?s={search_term_string}\"},\"query-input\":{\"@type\":\"PropertyValueSpecification\",\"valueRequired\":true,\"valueName\":\"search_term_string\"}}],\"inLanguage\":\"en-GB\"},{\"@type\":[\"Person\",\"Organization\"],\"@id\":\"https:\/\/marolt-photography.com\/#\/schema\/person\/629b997fdc2e80e5556f662e3e1ed326\",\"name\":\"Janez Marolt\",\"image\":{\"@type\":\"ImageObject\",\"inLanguage\":\"en-GB\",\"@id\":\"https:\/\/marolt-photography.com\/#\/schema\/person\/image\/\",\"url\":\"https:\/\/secure.gravatar.com\/avatar\/86dc16766a32aff098b9a6bbf2c3abc20295153deca1d27fcb371d8273fb9f5d?s=96&d=mm&r=g\",\"contentUrl\":\"https:\/\/secure.gravatar.com\/avatar\/86dc16766a32aff098b9a6bbf2c3abc20295153deca1d27fcb371d8273fb9f5d?s=96&d=mm&r=g\",\"caption\":\"Janez Marolt\"},\"logo\":{\"@id\":\"https:\/\/marolt-photography.com\/#\/schema\/person\/image\/\"},\"sameAs\":[\"https:\/\/marolt-photography.com\/\",\"https:\/\/www.facebook.com\/janez.fotograf\",\"https:\/\/www.instagram.com\/janezmarolt\/\"]}]}<\/script>\n<!-- \/ Yoast SEO Premium plugin. -->","yoast_head_json":{"title":"3D-fotografija &#8211; Janez Marolt - Photography","description":"3D-fotografija : 3D-virtualni sprehodi in 3D-spin fotografija. Najbolj\u0161a na\u010dina za prostorski prikaz ambientov in izdelkov na interetu.","robots":{"index":"index","follow":"follow","max-snippet":"max-snippet:-1","max-image-preview":"max-image-preview:large","max-video-preview":"max-video-preview:-1"},"canonical":"https:\/\/marolt-photography.com\/en\/3d-fotografija\/","og_locale":"en_GB","og_type":"article","og_title":"3D-fotografija","og_description":"3D-fotografija : 3D-virtualni sprehodi in 3D-spin fotografija. Najbolj\u0161a na\u010dina za prostorski prikaz ambientov in izdelkov na interetu.","og_url":"https:\/\/marolt-photography.com\/en\/3d-fotografija\/","og_site_name":"Janez Marolt - Photography","article_publisher":"https:\/\/www.facebook.com\/janez.fotograf","article_modified_time":"2014-02-08T09:58:10+00:00","schema":{"@context":"https:\/\/schema.org","@graph":[{"@type":"WebPage","@id":"https:\/\/marolt-photography.com\/3d-fotografija\/","url":"https:\/\/marolt-photography.com\/3d-fotografija\/","name":"3D-fotografija &#8211; Janez Marolt - Photography","isPartOf":{"@id":"https:\/\/marolt-photography.com\/#website"},"datePublished":"2013-08-23T16:52:10+00:00","dateModified":"2014-02-08T09:58:10+00:00","description":"3D-fotografija : 3D-virtualni sprehodi in 3D-spin fotografija. Najbolj\u0161a na\u010dina za prostorski prikaz ambientov in izdelkov na interetu.","inLanguage":"en-GB","potentialAction":[{"@type":"ReadAction","target":["https:\/\/marolt-photography.com\/3d-fotografija\/"]}]},{"@type":"WebSite","@id":"https:\/\/marolt-photography.com\/#website","url":"https:\/\/marolt-photography.com\/","name":"Janez Marolt - Photography","description":"Proefssional photography","publisher":{"@id":"https:\/\/marolt-photography.com\/#\/schema\/person\/629b997fdc2e80e5556f662e3e1ed326"},"potentialAction":[{"@type":"SearchAction","target":{"@type":"EntryPoint","urlTemplate":"https:\/\/marolt-photography.com\/?s={search_term_string}"},"query-input":{"@type":"PropertyValueSpecification","valueRequired":true,"valueName":"search_term_string"}}],"inLanguage":"en-GB"},{"@type":["Person","Organization"],"@id":"https:\/\/marolt-photography.com\/#\/schema\/person\/629b997fdc2e80e5556f662e3e1ed326","name":"Janez Marolt - professional photographer based in Ljubljana, Slovenia","image":{"@type":"ImageObject","inLanguage":"en-GB","@id":"https:\/\/marolt-photography.com\/#\/schema\/person\/image\/","url":"https:\/\/secure.gravatar.com\/avatar\/86dc16766a32aff098b9a6bbf2c3abc20295153deca1d27fcb371d8273fb9f5d?s=96&d=mm&r=g","contentUrl":"https:\/\/secure.gravatar.com\/avatar\/86dc16766a32aff098b9a6bbf2c3abc20295153deca1d27fcb371d8273fb9f5d?s=96&d=mm&r=g","caption":"Janez Marolt"},"logo":{"@id":"https:\/\/marolt-photography.com\/#\/schema\/person\/image\/"},"sameAs":["https:\/\/marolt-photography.com\/","https:\/\/www.facebook.com\/janez.fotograf","https:\/\/www.instagram.com\/janezmarolt\/"]}]}},"_links":{"self":[{"href":"https:\/\/marolt-photography.com\/en\/wp-json\/wp\/v2\/pages\/76","targetHints":{"allow":["GET"]}}],"collection":[{"href":"https:\/\/marolt-photography.com\/en\/wp-json\/wp\/v2\/pages"}],"about":[{"href":"https:\/\/marolt-photography.com\/en\/wp-json\/wp\/v2\/types\/page"}],"author":[{"embeddable":true,"href":"https:\/\/marolt-photography.com\/en\/wp-json\/wp\/v2\/users\/1"}],"replies":[{"embeddable":true,"href":"https:\/\/marolt-photography.com\/en\/wp-json\/wp\/v2\/comments?post=76"}],"version-history":[{"count":5,"href":"https:\/\/marolt-photography.com\/en\/wp-json\/wp\/v2\/pages\/76\/revisions"}],"predecessor-version":[{"id":393,"href":"https:\/\/marolt-photography.com\/en\/wp-json\/wp\/v2\/pages\/76\/revisions\/393"}],"wp:attachment":[{"href":"https:\/\/marolt-photography.com\/en\/wp-json\/wp\/v2\/media?parent=76"}],"curies":[{"name":"wp","href":"https:\/\/api.w.org\/{rel}","templated":true}]}}