{"id":78,"date":"2013-08-23T16:53:11","date_gmt":"2013-08-23T16:53:11","guid":{"rendered":"http:\/\/marolt-photography.com\/?page_id=78"},"modified":"2014-05-17T15:03:38","modified_gmt":"2014-05-17T15:03:38","slug":"3d-spin-fotografija","status":"publish","type":"page","link":"https:\/\/marolt-photography.com\/en\/3d-fotografija\/3d-spin-fotografija\/","title":{"rendered":"3D-spin object photography"},"content":{"rendered":"<p><iframe loading=\"lazy\" src=\"http:\/\/marolt-photography.com\/3D-photos\/Products\/Calypso_case_html5\/JPEG_obdelano.html\" height=\"530\" width=\"100%\" scrolling=\"no\"><\/iframe><\/p>\n<p>Calypso Christal &#8211; <em>Obra\u010dajte 3D-spin fotografijo izdelka z dr\u017eanjem levega klika in premikanjem mi\u0161ke levo-desno!<\/em><\/p>\n<h1>3D fotografija<\/h1>\n<p>3d fotografija je revolucionarna internetna nadgradnja klasi\u010dne produktne fotografije. Je najbolj u\u010dinkovit na\u010din prikaza obstoje\u010dih izdelkov preko interneta. Bolj kot katerikoli drug na\u010din internetnega prikaza se pribli\u017ea na\u0161i izku\u0161nji ko predmet vzamemo v lastne roke in si ga pordobno ogledamo z vseh strani.<\/p>\n<p><iframe loading=\"lazy\" src=\"http:\/\/marolt-photography.com\/3D-photos\/Products\/Chairs\/Spinalis\/Apollo\/Apollo.html\" height=\"600\" width=\"600\" scrolling=\"no\"><\/iframe><\/p>\n<p>Spinalis &#8211; Apollo<\/p>\n<p><iframe loading=\"lazy\" src=\"http:\/\/marolt-photography.com\/3D-photos\/Products\/Glass\/lpcr\/Laurent_Perrier_Cuvee_Rose.html\" height=\"800\" width=\"460\" scrolling=\"no\"><\/iframe><\/p>\n<p>Laurent Perrier Cuv\u00e9e Ros\u00e9<\/p>","protected":false},"excerpt":{"rendered":"<p>Calypso Christal &#8211; Obra\u010dajte 3D-spin fotografijo izdelka z dr\u017eanjem levega klika in premikanjem mi\u0161ke levo-desno! 3D fotografija 3d fotografija je revolucionarna internetna nadgradnja klasi\u010dne produktne fotografije. Je najbolj u\u010dinkovit na\u010din prikaza obstoje\u010dih izdelkov preko interneta. Bolj kot katerikoli drug na\u010din internetnega prikaza se pribli\u017ea na\u0161i izku\u0161nji ko predmet vzamemo v lastne roke in si ga [&hellip;]<\/p>\n","protected":false},"author":1,"featured_media":0,"parent":76,"menu_order":0,"comment_status":"closed","ping_status":"closed","template":"","meta":{"footnotes":""},"class_list":["post-78","page","type-page","status-publish","hentry","content-columns-1"],"yoast_head":"<!-- This site is optimized with the Yoast SEO Premium plugin v27.1 (Yoast SEO v27.1.1) - https:\/\/yoast.com\/product\/yoast-seo-premium-wordpress\/ -->\n<title>3D-spin fotografija &#8211; Janez Marolt - Photography<\/title>\n<meta name=\"description\" content=\"3D fotografija izdelkov - naprave, steklenice, moda, posoda, stoli, nakit, ure in drugi buti\u010dni izdelki\" \/>\n<meta name=\"robots\" content=\"index, follow, max-snippet:-1, max-image-preview:large, max-video-preview:-1\" \/>\n<link rel=\"canonical\" href=\"https:\/\/marolt-photography.com\/en\/3d-fotografija\/3d-spin-fotografija\/\" \/>\n<meta property=\"og:locale\" content=\"en_GB\" \/>\n<meta property=\"og:type\" content=\"article\" \/>\n<meta property=\"og:title\" content=\"3D-spin fotografija\" \/>\n<meta property=\"og:description\" content=\"3D fotografija izdelkov - naprave, steklenice, moda, posoda, stoli, nakit, ure in drugi buti\u010dni izdelki\" \/>\n<meta property=\"og:url\" content=\"https:\/\/marolt-photography.com\/en\/3d-fotografija\/3d-spin-fotografija\/\" \/>\n<meta property=\"og:site_name\" content=\"Janez Marolt - Photography\" \/>\n<meta property=\"article:publisher\" content=\"https:\/\/www.facebook.com\/janez.fotograf\" \/>\n<meta property=\"article:modified_time\" content=\"2014-05-17T15:03:38+00:00\" \/>\n<script type=\"application\/ld+json\" class=\"yoast-schema-graph\">{\"@context\":\"https:\/\/schema.org\",\"@graph\":[{\"@type\":\"WebPage\",\"@id\":\"https:\/\/marolt-photography.com\/3d-fotografija\/3d-spin-fotografija\/\",\"url\":\"https:\/\/marolt-photography.com\/3d-fotografija\/3d-spin-fotografija\/\",\"name\":\"3D-spin fotografija &#8211; Janez Marolt - Photography\",\"isPartOf\":{\"@id\":\"https:\/\/marolt-photography.com\/#website\"},\"datePublished\":\"2013-08-23T16:53:11+00:00\",\"dateModified\":\"2014-05-17T15:03:38+00:00\",\"description\":\"3D fotografija izdelkov - naprave, steklenice, moda, posoda, stoli, nakit, ure in drugi buti\u010dni izdelki\",\"breadcrumb\":{\"@id\":\"https:\/\/marolt-photography.com\/3d-fotografija\/3d-spin-fotografija\/#breadcrumb\"},\"inLanguage\":\"en-GB\",\"potentialAction\":[{\"@type\":\"ReadAction\",\"target\":[\"https:\/\/marolt-photography.com\/3d-fotografija\/3d-spin-fotografija\/\"]}]},{\"@type\":\"BreadcrumbList\",\"@id\":\"https:\/\/marolt-photography.com\/3d-fotografija\/3d-spin-fotografija\/#breadcrumb\",\"itemListElement\":[{\"@type\":\"ListItem\",\"position\":1,\"name\":\"3D-fotografija\",\"item\":\"https:\/\/marolt-photography.com\/3d-fotografija\/\"},{\"@type\":\"ListItem\",\"position\":2,\"name\":\"3D-spin fotografija\"}]},{\"@type\":\"WebSite\",\"@id\":\"https:\/\/marolt-photography.com\/#website\",\"url\":\"https:\/\/marolt-photography.com\/\",\"name\":\"Janez Marolt - Photography\",\"description\":\"Profesionalna fotografija\",\"publisher\":{\"@id\":\"https:\/\/marolt-photography.com\/#\/schema\/person\/629b997fdc2e80e5556f662e3e1ed326\"},\"potentialAction\":[{\"@type\":\"SearchAction\",\"target\":{\"@type\":\"EntryPoint\",\"urlTemplate\":\"https:\/\/marolt-photography.com\/?s={search_term_string}\"},\"query-input\":{\"@type\":\"PropertyValueSpecification\",\"valueRequired\":true,\"valueName\":\"search_term_string\"}}],\"inLanguage\":\"en-GB\"},{\"@type\":[\"Person\",\"Organization\"],\"@id\":\"https:\/\/marolt-photography.com\/#\/schema\/person\/629b997fdc2e80e5556f662e3e1ed326\",\"name\":\"Janez Marolt\",\"image\":{\"@type\":\"ImageObject\",\"inLanguage\":\"en-GB\",\"@id\":\"https:\/\/marolt-photography.com\/#\/schema\/person\/image\/\",\"url\":\"https:\/\/secure.gravatar.com\/avatar\/86dc16766a32aff098b9a6bbf2c3abc20295153deca1d27fcb371d8273fb9f5d?s=96&d=mm&r=g\",\"contentUrl\":\"https:\/\/secure.gravatar.com\/avatar\/86dc16766a32aff098b9a6bbf2c3abc20295153deca1d27fcb371d8273fb9f5d?s=96&d=mm&r=g\",\"caption\":\"Janez Marolt\"},\"logo\":{\"@id\":\"https:\/\/marolt-photography.com\/#\/schema\/person\/image\/\"},\"sameAs\":[\"https:\/\/marolt-photography.com\/\",\"https:\/\/www.facebook.com\/janez.fotograf\",\"https:\/\/www.instagram.com\/janezmarolt\/\"]}]}<\/script>\n<!-- \/ Yoast SEO Premium plugin. -->","yoast_head_json":{"title":"3D-spin fotografija &#8211; Janez Marolt - Photography","description":"3D fotografija izdelkov - naprave, steklenice, moda, posoda, stoli, nakit, ure in drugi buti\u010dni izdelki","robots":{"index":"index","follow":"follow","max-snippet":"max-snippet:-1","max-image-preview":"max-image-preview:large","max-video-preview":"max-video-preview:-1"},"canonical":"https:\/\/marolt-photography.com\/en\/3d-fotografija\/3d-spin-fotografija\/","og_locale":"en_GB","og_type":"article","og_title":"3D-spin fotografija","og_description":"3D fotografija izdelkov - naprave, steklenice, moda, posoda, stoli, nakit, ure in drugi buti\u010dni izdelki","og_url":"https:\/\/marolt-photography.com\/en\/3d-fotografija\/3d-spin-fotografija\/","og_site_name":"Janez Marolt - Photography","article_publisher":"https:\/\/www.facebook.com\/janez.fotograf","article_modified_time":"2014-05-17T15:03:38+00:00","schema":{"@context":"https:\/\/schema.org","@graph":[{"@type":"WebPage","@id":"https:\/\/marolt-photography.com\/3d-fotografija\/3d-spin-fotografija\/","url":"https:\/\/marolt-photography.com\/3d-fotografija\/3d-spin-fotografija\/","name":"3D-spin fotografija &#8211; Janez Marolt - Photography","isPartOf":{"@id":"https:\/\/marolt-photography.com\/#website"},"datePublished":"2013-08-23T16:53:11+00:00","dateModified":"2014-05-17T15:03:38+00:00","description":"3D fotografija izdelkov - naprave, steklenice, moda, posoda, stoli, nakit, ure in drugi buti\u010dni izdelki","breadcrumb":{"@id":"https:\/\/marolt-photography.com\/3d-fotografija\/3d-spin-fotografija\/#breadcrumb"},"inLanguage":"en-GB","potentialAction":[{"@type":"ReadAction","target":["https:\/\/marolt-photography.com\/3d-fotografija\/3d-spin-fotografija\/"]}]},{"@type":"BreadcrumbList","@id":"https:\/\/marolt-photography.com\/3d-fotografija\/3d-spin-fotografija\/#breadcrumb","itemListElement":[{"@type":"ListItem","position":1,"name":"3D-fotografija","item":"https:\/\/marolt-photography.com\/3d-fotografija\/"},{"@type":"ListItem","position":2,"name":"3D-spin fotografija"}]},{"@type":"WebSite","@id":"https:\/\/marolt-photography.com\/#website","url":"https:\/\/marolt-photography.com\/","name":"Janez Marolt - Photography","description":"Proefssional photography","publisher":{"@id":"https:\/\/marolt-photography.com\/#\/schema\/person\/629b997fdc2e80e5556f662e3e1ed326"},"potentialAction":[{"@type":"SearchAction","target":{"@type":"EntryPoint","urlTemplate":"https:\/\/marolt-photography.com\/?s={search_term_string}"},"query-input":{"@type":"PropertyValueSpecification","valueRequired":true,"valueName":"search_term_string"}}],"inLanguage":"en-GB"},{"@type":["Person","Organization"],"@id":"https:\/\/marolt-photography.com\/#\/schema\/person\/629b997fdc2e80e5556f662e3e1ed326","name":"Janez Marolt - professional photographer based in Ljubljana, Slovenia","image":{"@type":"ImageObject","inLanguage":"en-GB","@id":"https:\/\/marolt-photography.com\/#\/schema\/person\/image\/","url":"https:\/\/secure.gravatar.com\/avatar\/86dc16766a32aff098b9a6bbf2c3abc20295153deca1d27fcb371d8273fb9f5d?s=96&d=mm&r=g","contentUrl":"https:\/\/secure.gravatar.com\/avatar\/86dc16766a32aff098b9a6bbf2c3abc20295153deca1d27fcb371d8273fb9f5d?s=96&d=mm&r=g","caption":"Janez Marolt"},"logo":{"@id":"https:\/\/marolt-photography.com\/#\/schema\/person\/image\/"},"sameAs":["https:\/\/marolt-photography.com\/","https:\/\/www.facebook.com\/janez.fotograf","https:\/\/www.instagram.com\/janezmarolt\/"]}]}},"_links":{"self":[{"href":"https:\/\/marolt-photography.com\/en\/wp-json\/wp\/v2\/pages\/78","targetHints":{"allow":["GET"]}}],"collection":[{"href":"https:\/\/marolt-photography.com\/en\/wp-json\/wp\/v2\/pages"}],"about":[{"href":"https:\/\/marolt-photography.com\/en\/wp-json\/wp\/v2\/types\/page"}],"author":[{"embeddable":true,"href":"https:\/\/marolt-photography.com\/en\/wp-json\/wp\/v2\/users\/1"}],"replies":[{"embeddable":true,"href":"https:\/\/marolt-photography.com\/en\/wp-json\/wp\/v2\/comments?post=78"}],"version-history":[{"count":53,"href":"https:\/\/marolt-photography.com\/en\/wp-json\/wp\/v2\/pages\/78\/revisions"}],"predecessor-version":[{"id":4503,"href":"https:\/\/marolt-photography.com\/en\/wp-json\/wp\/v2\/pages\/78\/revisions\/4503"}],"up":[{"embeddable":true,"href":"https:\/\/marolt-photography.com\/en\/wp-json\/wp\/v2\/pages\/76"}],"wp:attachment":[{"href":"https:\/\/marolt-photography.com\/en\/wp-json\/wp\/v2\/media?parent=78"}],"curies":[{"name":"wp","href":"https:\/\/api.w.org\/{rel}","templated":true}]}}