{"id":83,"date":"2013-08-23T16:59:24","date_gmt":"2013-08-23T16:59:24","guid":{"rendered":"http:\/\/marolt-photography.com\/?page_id=83"},"modified":"2025-03-25T15:38:25","modified_gmt":"2025-03-25T15:38:25","slug":"3d-virtualni-sprehodi","status":"publish","type":"page","link":"https:\/\/marolt-photography.com\/en\/3d-fotografija\/3d-virtualni-sprehodi\/","title":{"rendered":"3D-virtual tours"},"content":{"rendered":"<p>3D-Virtualni sprehodi so naju\u010dinkovitej\u0161i na\u010din za predstavit prostor preko interneta. Najbli\u017eji internetni medij izku\u0161nji realnega sprehoda skozi prostor.<\/p>\n<p><iframe loading=\"lazy\" src=\"http:\/\/marolt-photography.com\/Virtual_tours\/General\/tour.html\" width=\"100%\" height=\"650\" scrolling=\"no\" allowfullscreen=\"allowfullscreen\"><\/iframe><\/p>\n<h1>3D-virtual tours<\/h1>\n<h2><b>Kako pove\u010dat obisk va\u0161ih prostorov?<\/b><\/h2>\n<p>Vas ve\u010dina\u00a0 va\u0161ih strank najde na internetu?<br \/>Ste veliko investirali v va\u0161e prostore?<br \/>Kako prenesti to izku\u0161njo va\u0161im potencialnim strankam, v fazi ko i\u0161\u010dejo po internetu in se spra\u0161ujejo h komu bi \u0161li?Kako to narediti hitro in u\u010dinkovito, da na koncu res pridejo k vam?<\/p>\n<h2><b>Navdu\u0161ite va\u0161e stranke!<\/b><\/h2>\n<p>3D-virtualni sprehod na va\u0161i internetni strani je najbolj\u0161i na\u010din kako pustiti va\u0161im prostorom mo\u017enost, da ljudi navdu\u0161ijo, kot bi bili osebno pri vas.<\/p>\n<p><a title=\"3D visites virtuelles HD - Restaurant Manna, photo: Janez Marolt\" href=\"http:\/\/marolt-photography.com\/en\/Galerije\/Virtualno\/Manna\/3D-VIZ_Manna.html\/\" target=\"_blank\" rel=\"noopener\"><img loading=\"lazy\" decoding=\"async\" title=\"3D-panoramska slika \" src=\"http:\/\/marolt-photography.com\/wp-content\/uploads\/2013\/12\/Vetrovnica_manna_crop_903.jpg\" alt=\"3D panoramska slika posneta za namen 3D virutalnega sprehoda po Hi\u0161i kulinarike Manna - avtor : Janez Marolt\" width=\"903\" height=\"326\" \/><\/a><\/p>\n<p><a title=\"3D-virtualni sprehod - Hi\u0161a kulinarike Manna\" href=\"http:\/\/marolt-photography.com\/en\/Galerije\/Virtualno\/Manna\/3D-VIZ_Manna.html\/\" target=\"_blank\" rel=\"noopener\">Hi\u0161a kulinarike &#8220;Manna&#8221;(flash)<\/a><\/p>\n<h2><b>Zgradite svojo verodostojnost! <\/b><\/h2>\n<p>S tem da ljudje predhodno vidijo va\u0161e prostore, odpravite mo\u017enost ob\u010dutka, da bi utegnili kupiti ma\u010dka v \u017ealju. 3D-virtualni sprehod ljudi pomiri in va\u0161im potencialnim strankam olaj\u0161a odlo\u010ditev.<\/p>\n<h2><b>Razlikujte se od svoje konkurence!<\/b><\/h2>\n<p>S povpre\u010dno internetno predstavitvijo je te\u017eko zares pokazati kvalitete va\u0161ih prostorov. Tako se na koncu navadno odlo\u010danje reducira na faktor cene. V tej igri pa, \u017eal, te\u017eko zmagajo tisti, ki ponujajo kvalitetnej\u0161e.<\/p>\n<p><a title=\"Chateau de Ljubljana 3D visite virtuelle HD par Janez Marolt\" href=\"http:\/\/www.ljubljanskigrad.si\/renting-facilities\/3d\/\" target=\"_blank\" rel=\"noopener\"><img loading=\"lazy\" decoding=\"async\" title=\"3D-sprehod - Ljubljanski Grad\" src=\"http:\/\/marolt-photography.com\/wp-content\/uploads\/2013\/08\/Arhitekturna_foto_Janez_Marolt_Ljubljanski_grad.jpg\" alt=\"Panoramska fotografija - Ljubljnski grad - Janez Marolt\" width=\"870\" height=\"345\" \/><\/a><\/p>\n<p><a title=\"Ljubljanski grad - 3D-sprehod : Janez Marolt\" href=\"http:\/\/www.ljubljanskigrad.si\/najem-prostorov\/3d-sprehod\/\" target=\"_blank\" rel=\"noopener\">Ljubljanski grad<\/a><\/p>\n<h2><b>Porabite manj \u010dasa za odgovore na vpra\u0161anja povezana z va\u0161imi prostori!<\/b><\/h2>\n<p>Sprostite \u010das va\u0161ih zaposlenih, ki ga porabijo, ko vedno znova odgovarjajo na ista osnovna vpra\u0161anja o va\u0161ih prostorih! 3D-virtualni sprehod jim bo odgovoril na ve\u010dino teh vpra\u0161anj.<\/p>\n<h2><b>Dodajte 3D-virtualni sprehod po va\u0161ih prostorov na va\u0161o internetno stran!<\/b><\/h2>\n<p><a title=\"Centre de massages &quot;Thai&quot;- 3D visite virtuelle HD par Janez Marolt\" href=\"http:\/\/www.thai.si\/sl\/content\/thai-center-ljubljana.html\" target=\"_blank\" rel=\"noopener\"><img loading=\"lazy\" decoding=\"async\" src=\"http:\/\/marolt-photography.com\/wp-content\/uploads\/2013\/12\/Veza_osebje_crop_903.jpg\" alt=\"3D-virtualni panoramski sprehodi   - Janez Marolt\" width=\"903\" height=\"293\" \/><\/a><\/p>\n<p><a title=\"3D-virtualni sprehod - Saloni tajske masa\u017ee Thai\" href=\"http:\/\/www.thai.si\/sl\/content\/thai-center-ljubljana.html\" target=\"_blank\" rel=\"noopener\">Centri tajskih masa\u017e &#8220;Thai&#8221;(flash &amp; html5)<\/a><\/p>\n<p>Osebno bom poskrbel za predstavitev va\u0161ih prostorov!<\/p>\n<p><a href=\"http:\/\/marolt-photography.com\/wp-content\/uploads\/2013\/08\/JM_BW.jpg\"><img loading=\"lazy\" decoding=\"async\" src=\"http:\/\/marolt-photography.com\/wp-content\/uploads\/2013\/08\/JM_BW-150x150.jpg\" alt=\"JM_B&amp;W\" width=\"150\" height=\"150\" \/><\/a>\u00a0 <img loading=\"lazy\" decoding=\"async\" src=\"http:\/\/marolt-photography.com\/wp-content\/uploads\/2013\/12\/Sig_60.png\" alt=\"Sig_60\" width=\"127\" height=\"60\" \/><\/p>\n<p>Janez Marolt, u.d.i.a., arhitekt in arhitekturni fotograf<\/p>\n<p><b>Za ve\u010d informacij pi\u0161ite na :\u00a0<a href=\"mailto:info@marolt-photography.com\">info@marolt-photography.com<\/a><\/b> , ali pokli\u010dite: +386 41 972 586.<\/p>\n<p><img loading=\"lazy\" decoding=\"async\" src=\"http:\/\/marolt-photography.com\/wp-content\/uploads\/2013\/12\/Willy_spalnica_spodaj_903.jpg\" alt=\"Yachting_3D_panoramic_virtual_tour\" width=\"903\" height=\"358\" \/><\/p>\n<p>Primere lahko vidite tudi na:<\/p>\n<p><a title=\"3D-virtualna fotografija\" href=\"http:\/\/www.virtualen.si\" target=\"_blank\" rel=\"noopener\">www.virtualen.si<\/a><\/p>\n<p>Primer virtualnega sprehoda po razstavi oziroma virtualno razstavo lahko vidite v prispevku: <a href=\"https:\/\/marolt-photography.com\/en\/virtualni-sprehod-sonja-tavcar-skaberne-skulpture-1980-2010\/\" target=\"_blank\" rel=\"noopener\">Virtual tour \u2013 Sonja Tav\u010dar Skaberne \u2013 Sculptures 1980-2010<\/a> .<\/p>\n\n\n<p><\/p>","protected":false},"excerpt":{"rendered":"<p>3D-Virtualni sprehodi so naju\u010dinkovitej\u0161i na\u010din za predstavit prostor preko interneta. Najbli\u017eji internetni medij izku\u0161nji realnega sprehoda skozi prostor. 3D-virtualni sprehodi Kako pove\u010dat obisk va\u0161ih prostorov? Vas ve\u010dina\u00a0 va\u0161ih strank najde na internetu?Ste veliko investirali v va\u0161e prostore?Kako prenesti to izku\u0161njo va\u0161im potencialnim strankam, v fazi ko i\u0161\u010dejo po internetu in se spra\u0161ujejo h komu bi [&hellip;]<\/p>\n","protected":false},"author":1,"featured_media":0,"parent":76,"menu_order":0,"comment_status":"closed","ping_status":"closed","template":"","meta":{"footnotes":""},"class_list":["post-83","page","type-page","status-publish","hentry","content-columns-1"],"yoast_head":"<!-- This site is optimized with the Yoast SEO Premium plugin v27.1 (Yoast SEO v27.1.1) - https:\/\/yoast.com\/product\/yoast-seo-premium-wordpress\/ -->\n<title>3D-virtualni sprehodi &#8211; Janez Marolt - Photography<\/title>\n<meta name=\"description\" content=\"3D-virtualni sprehodi-3D arhitekturna fotografija je najbolj\u0161i na\u010din predstavitve prostora na internetu. Je medij, ki se najbli\u017eje prebli\u017ea realni izku\u0161nji.\" \/>\n<meta name=\"robots\" content=\"index, follow, max-snippet:-1, max-image-preview:large, max-video-preview:-1\" \/>\n<link rel=\"canonical\" href=\"https:\/\/marolt-photography.com\/en\/3d-fotografija\/3d-virtualni-sprehodi\/\" \/>\n<meta property=\"og:locale\" content=\"en_GB\" \/>\n<meta property=\"og:type\" content=\"article\" \/>\n<meta property=\"og:title\" content=\"3D-virtualni sprehodi\" \/>\n<meta property=\"og:description\" content=\"3D-virtualni sprehodi-3D arhitekturna fotografija je najbolj\u0161i na\u010din predstavitve prostora na internetu. Je medij, ki se najbli\u017eje prebli\u017ea realni izku\u0161nji.\" \/>\n<meta property=\"og:url\" content=\"https:\/\/marolt-photography.com\/en\/3d-fotografija\/3d-virtualni-sprehodi\/\" \/>\n<meta property=\"og:site_name\" content=\"Janez Marolt - Photography\" \/>\n<meta property=\"article:publisher\" content=\"https:\/\/www.facebook.com\/janez.fotograf\" \/>\n<meta property=\"article:modified_time\" content=\"2025-03-25T15:38:25+00:00\" \/>\n<meta property=\"og:image\" content=\"http:\/\/marolt-photography.com\/wp-content\/uploads\/2013\/12\/Vetrovnica_manna_crop_903.jpg\" \/>\n<meta name=\"twitter:label1\" content=\"Estimated reading time\" \/>\n\t<meta name=\"twitter:data1\" content=\"3 minutes\" \/>\n<script type=\"application\/ld+json\" class=\"yoast-schema-graph\">{\"@context\":\"https:\/\/schema.org\",\"@graph\":[{\"@type\":\"WebPage\",\"@id\":\"https:\/\/marolt-photography.com\/3d-fotografija\/3d-virtualni-sprehodi\/\",\"url\":\"https:\/\/marolt-photography.com\/3d-fotografija\/3d-virtualni-sprehodi\/\",\"name\":\"3D-virtualni sprehodi &#8211; Janez Marolt - Photography\",\"isPartOf\":{\"@id\":\"https:\/\/marolt-photography.com\/#website\"},\"primaryImageOfPage\":{\"@id\":\"https:\/\/marolt-photography.com\/3d-fotografija\/3d-virtualni-sprehodi\/#primaryimage\"},\"image\":{\"@id\":\"https:\/\/marolt-photography.com\/3d-fotografija\/3d-virtualni-sprehodi\/#primaryimage\"},\"thumbnailUrl\":\"http:\/\/marolt-photography.com\/wp-content\/uploads\/2013\/12\/Vetrovnica_manna_crop_903.jpg\",\"datePublished\":\"2013-08-23T16:59:24+00:00\",\"dateModified\":\"2025-03-25T15:38:25+00:00\",\"description\":\"3D-virtualni sprehodi-3D arhitekturna fotografija je najbolj\u0161i na\u010din predstavitve prostora na internetu. Je medij, ki se najbli\u017eje prebli\u017ea realni izku\u0161nji.\",\"breadcrumb\":{\"@id\":\"https:\/\/marolt-photography.com\/3d-fotografija\/3d-virtualni-sprehodi\/#breadcrumb\"},\"inLanguage\":\"en-GB\",\"potentialAction\":[{\"@type\":\"ReadAction\",\"target\":[\"https:\/\/marolt-photography.com\/3d-fotografija\/3d-virtualni-sprehodi\/\"]}]},{\"@type\":\"ImageObject\",\"inLanguage\":\"en-GB\",\"@id\":\"https:\/\/marolt-photography.com\/3d-fotografija\/3d-virtualni-sprehodi\/#primaryimage\",\"url\":\"http:\/\/marolt-photography.com\/wp-content\/uploads\/2013\/12\/Vetrovnica_manna_crop_903.jpg\",\"contentUrl\":\"http:\/\/marolt-photography.com\/wp-content\/uploads\/2013\/12\/Vetrovnica_manna_crop_903.jpg\"},{\"@type\":\"BreadcrumbList\",\"@id\":\"https:\/\/marolt-photography.com\/3d-fotografija\/3d-virtualni-sprehodi\/#breadcrumb\",\"itemListElement\":[{\"@type\":\"ListItem\",\"position\":1,\"name\":\"3D-fotografija\",\"item\":\"https:\/\/marolt-photography.com\/3d-fotografija\/\"},{\"@type\":\"ListItem\",\"position\":2,\"name\":\"3D-virtualni sprehodi\"}]},{\"@type\":\"WebSite\",\"@id\":\"https:\/\/marolt-photography.com\/#website\",\"url\":\"https:\/\/marolt-photography.com\/\",\"name\":\"Janez Marolt - Photography\",\"description\":\"Profesionalna fotografija\",\"publisher\":{\"@id\":\"https:\/\/marolt-photography.com\/#\/schema\/person\/629b997fdc2e80e5556f662e3e1ed326\"},\"potentialAction\":[{\"@type\":\"SearchAction\",\"target\":{\"@type\":\"EntryPoint\",\"urlTemplate\":\"https:\/\/marolt-photography.com\/?s={search_term_string}\"},\"query-input\":{\"@type\":\"PropertyValueSpecification\",\"valueRequired\":true,\"valueName\":\"search_term_string\"}}],\"inLanguage\":\"en-GB\"},{\"@type\":[\"Person\",\"Organization\"],\"@id\":\"https:\/\/marolt-photography.com\/#\/schema\/person\/629b997fdc2e80e5556f662e3e1ed326\",\"name\":\"Janez Marolt\",\"image\":{\"@type\":\"ImageObject\",\"inLanguage\":\"en-GB\",\"@id\":\"https:\/\/marolt-photography.com\/#\/schema\/person\/image\/\",\"url\":\"https:\/\/secure.gravatar.com\/avatar\/86dc16766a32aff098b9a6bbf2c3abc20295153deca1d27fcb371d8273fb9f5d?s=96&d=mm&r=g\",\"contentUrl\":\"https:\/\/secure.gravatar.com\/avatar\/86dc16766a32aff098b9a6bbf2c3abc20295153deca1d27fcb371d8273fb9f5d?s=96&d=mm&r=g\",\"caption\":\"Janez Marolt\"},\"logo\":{\"@id\":\"https:\/\/marolt-photography.com\/#\/schema\/person\/image\/\"},\"sameAs\":[\"https:\/\/marolt-photography.com\/\",\"https:\/\/www.facebook.com\/janez.fotograf\",\"https:\/\/www.instagram.com\/janezmarolt\/\"]}]}<\/script>\n<!-- \/ Yoast SEO Premium plugin. -->","yoast_head_json":{"title":"3D-virtualni sprehodi &#8211; Janez Marolt - Photography","description":"3D-virtualni sprehodi-3D arhitekturna fotografija je najbolj\u0161i na\u010din predstavitve prostora na internetu. Je medij, ki se najbli\u017eje prebli\u017ea realni izku\u0161nji.","robots":{"index":"index","follow":"follow","max-snippet":"max-snippet:-1","max-image-preview":"max-image-preview:large","max-video-preview":"max-video-preview:-1"},"canonical":"https:\/\/marolt-photography.com\/en\/3d-fotografija\/3d-virtualni-sprehodi\/","og_locale":"en_GB","og_type":"article","og_title":"3D-virtualni sprehodi","og_description":"3D-virtualni sprehodi-3D arhitekturna fotografija je najbolj\u0161i na\u010din predstavitve prostora na internetu. Je medij, ki se najbli\u017eje prebli\u017ea realni izku\u0161nji.","og_url":"https:\/\/marolt-photography.com\/en\/3d-fotografija\/3d-virtualni-sprehodi\/","og_site_name":"Janez Marolt - Photography","article_publisher":"https:\/\/www.facebook.com\/janez.fotograf","article_modified_time":"2025-03-25T15:38:25+00:00","og_image":[{"url":"http:\/\/marolt-photography.com\/wp-content\/uploads\/2013\/12\/Vetrovnica_manna_crop_903.jpg","type":"","width":"","height":""}],"twitter_misc":{"Estimated reading time":"3 minutes"},"schema":{"@context":"https:\/\/schema.org","@graph":[{"@type":"WebPage","@id":"https:\/\/marolt-photography.com\/3d-fotografija\/3d-virtualni-sprehodi\/","url":"https:\/\/marolt-photography.com\/3d-fotografija\/3d-virtualni-sprehodi\/","name":"3D-virtualni sprehodi &#8211; Janez Marolt - Photography","isPartOf":{"@id":"https:\/\/marolt-photography.com\/#website"},"primaryImageOfPage":{"@id":"https:\/\/marolt-photography.com\/3d-fotografija\/3d-virtualni-sprehodi\/#primaryimage"},"image":{"@id":"https:\/\/marolt-photography.com\/3d-fotografija\/3d-virtualni-sprehodi\/#primaryimage"},"thumbnailUrl":"http:\/\/marolt-photography.com\/wp-content\/uploads\/2013\/12\/Vetrovnica_manna_crop_903.jpg","datePublished":"2013-08-23T16:59:24+00:00","dateModified":"2025-03-25T15:38:25+00:00","description":"3D-virtualni sprehodi-3D arhitekturna fotografija je najbolj\u0161i na\u010din predstavitve prostora na internetu. Je medij, ki se najbli\u017eje prebli\u017ea realni izku\u0161nji.","breadcrumb":{"@id":"https:\/\/marolt-photography.com\/3d-fotografija\/3d-virtualni-sprehodi\/#breadcrumb"},"inLanguage":"en-GB","potentialAction":[{"@type":"ReadAction","target":["https:\/\/marolt-photography.com\/3d-fotografija\/3d-virtualni-sprehodi\/"]}]},{"@type":"ImageObject","inLanguage":"en-GB","@id":"https:\/\/marolt-photography.com\/3d-fotografija\/3d-virtualni-sprehodi\/#primaryimage","url":"http:\/\/marolt-photography.com\/wp-content\/uploads\/2013\/12\/Vetrovnica_manna_crop_903.jpg","contentUrl":"http:\/\/marolt-photography.com\/wp-content\/uploads\/2013\/12\/Vetrovnica_manna_crop_903.jpg"},{"@type":"BreadcrumbList","@id":"https:\/\/marolt-photography.com\/3d-fotografija\/3d-virtualni-sprehodi\/#breadcrumb","itemListElement":[{"@type":"ListItem","position":1,"name":"3D-fotografija","item":"https:\/\/marolt-photography.com\/3d-fotografija\/"},{"@type":"ListItem","position":2,"name":"3D-virtualni sprehodi"}]},{"@type":"WebSite","@id":"https:\/\/marolt-photography.com\/#website","url":"https:\/\/marolt-photography.com\/","name":"Janez Marolt - Photography","description":"Proefssional photography","publisher":{"@id":"https:\/\/marolt-photography.com\/#\/schema\/person\/629b997fdc2e80e5556f662e3e1ed326"},"potentialAction":[{"@type":"SearchAction","target":{"@type":"EntryPoint","urlTemplate":"https:\/\/marolt-photography.com\/?s={search_term_string}"},"query-input":{"@type":"PropertyValueSpecification","valueRequired":true,"valueName":"search_term_string"}}],"inLanguage":"en-GB"},{"@type":["Person","Organization"],"@id":"https:\/\/marolt-photography.com\/#\/schema\/person\/629b997fdc2e80e5556f662e3e1ed326","name":"Janez Marolt - professional photographer based in Ljubljana, Slovenia","image":{"@type":"ImageObject","inLanguage":"en-GB","@id":"https:\/\/marolt-photography.com\/#\/schema\/person\/image\/","url":"https:\/\/secure.gravatar.com\/avatar\/86dc16766a32aff098b9a6bbf2c3abc20295153deca1d27fcb371d8273fb9f5d?s=96&d=mm&r=g","contentUrl":"https:\/\/secure.gravatar.com\/avatar\/86dc16766a32aff098b9a6bbf2c3abc20295153deca1d27fcb371d8273fb9f5d?s=96&d=mm&r=g","caption":"Janez Marolt"},"logo":{"@id":"https:\/\/marolt-photography.com\/#\/schema\/person\/image\/"},"sameAs":["https:\/\/marolt-photography.com\/","https:\/\/www.facebook.com\/janez.fotograf","https:\/\/www.instagram.com\/janezmarolt\/"]}]}},"_links":{"self":[{"href":"https:\/\/marolt-photography.com\/en\/wp-json\/wp\/v2\/pages\/83","targetHints":{"allow":["GET"]}}],"collection":[{"href":"https:\/\/marolt-photography.com\/en\/wp-json\/wp\/v2\/pages"}],"about":[{"href":"https:\/\/marolt-photography.com\/en\/wp-json\/wp\/v2\/types\/page"}],"author":[{"embeddable":true,"href":"https:\/\/marolt-photography.com\/en\/wp-json\/wp\/v2\/users\/1"}],"replies":[{"embeddable":true,"href":"https:\/\/marolt-photography.com\/en\/wp-json\/wp\/v2\/comments?post=83"}],"version-history":[{"count":21,"href":"https:\/\/marolt-photography.com\/en\/wp-json\/wp\/v2\/pages\/83\/revisions"}],"predecessor-version":[{"id":4631,"href":"https:\/\/marolt-photography.com\/en\/wp-json\/wp\/v2\/pages\/83\/revisions\/4631"}],"up":[{"embeddable":true,"href":"https:\/\/marolt-photography.com\/en\/wp-json\/wp\/v2\/pages\/76"}],"wp:attachment":[{"href":"https:\/\/marolt-photography.com\/en\/wp-json\/wp\/v2\/media?parent=83"}],"curies":[{"name":"wp","href":"https:\/\/api.w.org\/{rel}","templated":true}]}}