{"id":87,"date":"2013-08-23T17:03:02","date_gmt":"2013-08-23T17:03:02","guid":{"rendered":"http:\/\/marolt-photography.com\/?page_id=87"},"modified":"2020-11-23T17:04:37","modified_gmt":"2020-11-23T17:04:37","slug":"nosecnice-otroci-druzine","status":"publish","type":"page","link":"https:\/\/marolt-photography.com\/en\/nosecnice-otroci-druzine\/","title":{"rendered":"Maternity-pregnancy-children-families"},"content":{"rendered":"<h1>Fotografija nose\u010dnic, otrok in dru\u017ein<\/h1>\n<p><img loading=\"lazy\" decoding=\"async\" class=\"alignnone size-full wp-image-4078\" src=\"https:\/\/marolt-photography.com\/wp-content\/uploads\/2020\/11\/Fotografiranje_nosecnic_Janez_Marolt_kompozicija.jpg\" alt=\"Fotografije nose\u010dnice na \u010drnem ozadju.\" width=\"900\" height=\"337\" srcset=\"https:\/\/marolt-photography.com\/wp-content\/uploads\/2020\/11\/Fotografiranje_nosecnic_Janez_Marolt_kompozicija.jpg 900w, https:\/\/marolt-photography.com\/wp-content\/uploads\/2020\/11\/Fotografiranje_nosecnic_Janez_Marolt_kompozicija-300x112.jpg 300w, https:\/\/marolt-photography.com\/wp-content\/uploads\/2020\/11\/Fotografiranje_nosecnic_Janez_Marolt_kompozicija-768x288.jpg 768w\" sizes=\"auto, (max-width: 900px) 100vw, 900px\" \/><\/p>\n<p><img loading=\"lazy\" decoding=\"async\" class=\"alignnone size-full wp-image-4077\" src=\"https:\/\/marolt-photography.com\/wp-content\/uploads\/2020\/11\/Fotografiranje_nosecnic_foto_Janez_Marolt_kompozicija_v_belem.jpg\" alt=\"Fotografije nose\u010dnice na belem ozadju - foto: Janez Marolt\" width=\"900\" height=\"450\" srcset=\"https:\/\/marolt-photography.com\/wp-content\/uploads\/2020\/11\/Fotografiranje_nosecnic_foto_Janez_Marolt_kompozicija_v_belem.jpg 900w, https:\/\/marolt-photography.com\/wp-content\/uploads\/2020\/11\/Fotografiranje_nosecnic_foto_Janez_Marolt_kompozicija_v_belem-300x150.jpg 300w, https:\/\/marolt-photography.com\/wp-content\/uploads\/2020\/11\/Fotografiranje_nosecnic_foto_Janez_Marolt_kompozicija_v_belem-768x384.jpg 768w\" sizes=\"auto, (max-width: 900px) 100vw, 900px\" \/><\/p>\n<address><img loading=\"lazy\" decoding=\"async\" class=\"alignnone size-full wp-image-1666\" src=\"http:\/\/marolt-photography.com\/wp-content\/uploads\/2014\/12\/Portret_nosecnice_s_partnerjem_v_mestu_Janez_Marolt.jpg\" alt=\"Nose\u010dnica s partnerjem v starem mestu\" width=\"900\" height=\"601\" srcset=\"https:\/\/marolt-photography.com\/wp-content\/uploads\/2014\/12\/Portret_nosecnice_s_partnerjem_v_mestu_Janez_Marolt.jpg 900w, https:\/\/marolt-photography.com\/wp-content\/uploads\/2014\/12\/Portret_nosecnice_s_partnerjem_v_mestu_Janez_Marolt-300x200.jpg 300w\" sizes=\"auto, (max-width: 900px) 100vw, 900px\" \/><\/address>\n<address>Nose\u010dnica s svojim partnerjem v stari Ljubljani<\/address>\n<p><a href=\"http:\/\/marolt-photography.com\/wp-content\/uploads\/2013\/08\/Janez_Marolt_nosecnice_01.jpg\"><img loading=\"lazy\" decoding=\"async\" class=\"alignnone size-full wp-image-293\" src=\"http:\/\/marolt-photography.com\/wp-content\/uploads\/2013\/08\/Janez_Marolt_nosecnice_01.jpg\" alt=\"Janez_Marolt_nosecnice_01\" width=\"903\" height=\"903\" srcset=\"https:\/\/marolt-photography.com\/wp-content\/uploads\/2013\/08\/Janez_Marolt_nosecnice_01.jpg 903w, https:\/\/marolt-photography.com\/wp-content\/uploads\/2013\/08\/Janez_Marolt_nosecnice_01-150x150.jpg 150w, https:\/\/marolt-photography.com\/wp-content\/uploads\/2013\/08\/Janez_Marolt_nosecnice_01-300x300.jpg 300w\" sizes=\"auto, (max-width: 903px) 100vw, 903px\" \/><\/a>Mati in h\u010di<\/p>\n<p><img loading=\"lazy\" decoding=\"async\" class=\"alignnone size-full wp-image-4079\" src=\"https:\/\/marolt-photography.com\/wp-content\/uploads\/2020\/11\/Fotografiranje_nosecnic_Janez_Marolt_kompozicija_z_otrokom_in_brez.jpg\" alt=\"\u010crno bela fotografija nose\u010dnice s trebu\u0161\u010dkom in slika po mlade mamice po porod z dojen\u010dkom.\" width=\"900\" height=\"675\" srcset=\"https:\/\/marolt-photography.com\/wp-content\/uploads\/2020\/11\/Fotografiranje_nosecnic_Janez_Marolt_kompozicija_z_otrokom_in_brez.jpg 900w, https:\/\/marolt-photography.com\/wp-content\/uploads\/2020\/11\/Fotografiranje_nosecnic_Janez_Marolt_kompozicija_z_otrokom_in_brez-300x225.jpg 300w, https:\/\/marolt-photography.com\/wp-content\/uploads\/2020\/11\/Fotografiranje_nosecnic_Janez_Marolt_kompozicija_z_otrokom_in_brez-768x576.jpg 768w\" sizes=\"auto, (max-width: 900px) 100vw, 900px\" \/><\/p>\n<p><a href=\"http:\/\/marolt-photography.com\/wp-content\/uploads\/2013\/08\/Janez_Marolt_nosecnice_02.jpg\"><img loading=\"lazy\" decoding=\"async\" class=\"alignnone size-full wp-image-287\" src=\"http:\/\/marolt-photography.com\/wp-content\/uploads\/2013\/08\/Janez_Marolt_nosecnice_02.jpg\" alt=\"Janez_Marolt_nosecnice_02\" width=\"903\" height=\"903\" srcset=\"https:\/\/marolt-photography.com\/wp-content\/uploads\/2013\/08\/Janez_Marolt_nosecnice_02.jpg 903w, https:\/\/marolt-photography.com\/wp-content\/uploads\/2013\/08\/Janez_Marolt_nosecnice_02-150x150.jpg 150w, https:\/\/marolt-photography.com\/wp-content\/uploads\/2013\/08\/Janez_Marolt_nosecnice_02-300x300.jpg 300w\" sizes=\"auto, (max-width: 903px) 100vw, 903px\" \/><\/a><\/p>\n<p><a href=\"http:\/\/marolt-photography.com\/wp-content\/uploads\/2013\/08\/Janez_Marolt_nosecnice_03.jpg\"><img loading=\"lazy\" decoding=\"async\" class=\"alignnone size-full wp-image-288\" src=\"http:\/\/marolt-photography.com\/wp-content\/uploads\/2013\/08\/Janez_Marolt_nosecnice_03.jpg\" alt=\"Janez_Marolt_nosecnice_03\" width=\"903\" height=\"1353\" srcset=\"https:\/\/marolt-photography.com\/wp-content\/uploads\/2013\/08\/Janez_Marolt_nosecnice_03.jpg 903w, https:\/\/marolt-photography.com\/wp-content\/uploads\/2013\/08\/Janez_Marolt_nosecnice_03-200x300.jpg 200w, https:\/\/marolt-photography.com\/wp-content\/uploads\/2013\/08\/Janez_Marolt_nosecnice_03-683x1024.jpg 683w, https:\/\/marolt-photography.com\/wp-content\/uploads\/2013\/08\/Janez_Marolt_nosecnice_03-603x904.jpg 603w\" sizes=\"auto, (max-width: 903px) 100vw, 903px\" \/><\/a><\/p>\n<p><a href=\"http:\/\/marolt-photography.com\/wp-content\/uploads\/2013\/08\/Janez_Marolt_nosecnice_04.jpg\"><img loading=\"lazy\" decoding=\"async\" class=\"alignnone size-full wp-image-289\" src=\"http:\/\/marolt-photography.com\/wp-content\/uploads\/2013\/08\/Janez_Marolt_nosecnice_04.jpg\" alt=\"Janez_Marolt_nosecnice_04\" width=\"903\" height=\"603\" srcset=\"https:\/\/marolt-photography.com\/wp-content\/uploads\/2013\/08\/Janez_Marolt_nosecnice_04.jpg 903w, https:\/\/marolt-photography.com\/wp-content\/uploads\/2013\/08\/Janez_Marolt_nosecnice_04-300x200.jpg 300w\" sizes=\"auto, (max-width: 903px) 100vw, 903px\" \/><\/a><\/p>\n<p><a href=\"http:\/\/marolt-photography.com\/wp-content\/uploads\/2013\/08\/Janez_Marolt_nosecnice_06.jpg\"><img loading=\"lazy\" decoding=\"async\" class=\"alignnone size-full wp-image-291\" src=\"http:\/\/marolt-photography.com\/wp-content\/uploads\/2013\/08\/Janez_Marolt_nosecnice_06.jpg\" alt=\"Janez_Marolt_nosecnice_06\" width=\"903\" height=\"1353\" srcset=\"https:\/\/marolt-photography.com\/wp-content\/uploads\/2013\/08\/Janez_Marolt_nosecnice_06.jpg 903w, https:\/\/marolt-photography.com\/wp-content\/uploads\/2013\/08\/Janez_Marolt_nosecnice_06-200x300.jpg 200w, https:\/\/marolt-photography.com\/wp-content\/uploads\/2013\/08\/Janez_Marolt_nosecnice_06-683x1024.jpg 683w, https:\/\/marolt-photography.com\/wp-content\/uploads\/2013\/08\/Janez_Marolt_nosecnice_06-603x904.jpg 603w\" sizes=\"auto, (max-width: 903px) 100vw, 903px\" \/><img loading=\"lazy\" decoding=\"async\" class=\"alignnone size-full wp-image-4075\" src=\"https:\/\/marolt-photography.com\/wp-content\/uploads\/2020\/11\/0775_Fotografiranje_nosecnic_Janez_Marolt_detajl_nosecnice_s_partnerjem.jpg\" alt=\"Nose\u010dnica s partnerjem - detajl - nose\u010dni\u010dni trebu\u0161\u010dek ki ga objemajo partnerjeve roke\" width=\"600\" height=\"900\" srcset=\"https:\/\/marolt-photography.com\/wp-content\/uploads\/2020\/11\/0775_Fotografiranje_nosecnic_Janez_Marolt_detajl_nosecnice_s_partnerjem.jpg 600w, https:\/\/marolt-photography.com\/wp-content\/uploads\/2020\/11\/0775_Fotografiranje_nosecnic_Janez_Marolt_detajl_nosecnice_s_partnerjem-200x300.jpg 200w\" sizes=\"auto, (max-width: 600px) 100vw, 600px\" \/><\/a><\/p>\n<p><img loading=\"lazy\" decoding=\"async\" class=\"alignnone size-full wp-image-4076\" src=\"https:\/\/marolt-photography.com\/wp-content\/uploads\/2020\/11\/DSC4308_Fotografiranje_nosecnic_Janez_Marolt.jpg\" alt=\"Nose\u010dnica dobre volje\" width=\"600\" height=\"900\" srcset=\"https:\/\/marolt-photography.com\/wp-content\/uploads\/2020\/11\/DSC4308_Fotografiranje_nosecnic_Janez_Marolt.jpg 600w, https:\/\/marolt-photography.com\/wp-content\/uploads\/2020\/11\/DSC4308_Fotografiranje_nosecnic_Janez_Marolt-200x300.jpg 200w\" sizes=\"auto, (max-width: 600px) 100vw, 600px\" \/>\u00a0 <img loading=\"lazy\" decoding=\"async\" class=\"alignnone size-full wp-image-4074\" src=\"https:\/\/marolt-photography.com\/wp-content\/uploads\/2020\/11\/0305_Fotografiranje_nosecnic_Janez_Marolt_nosecnica_ob_oknu.jpg\" alt=\"Gola nose\u010dnica ob oknu.\" width=\"599\" height=\"900\" srcset=\"https:\/\/marolt-photography.com\/wp-content\/uploads\/2020\/11\/0305_Fotografiranje_nosecnic_Janez_Marolt_nosecnica_ob_oknu.jpg 599w, https:\/\/marolt-photography.com\/wp-content\/uploads\/2020\/11\/0305_Fotografiranje_nosecnic_Janez_Marolt_nosecnica_ob_oknu-200x300.jpg 200w\" sizes=\"auto, (max-width: 599px) 100vw, 599px\" \/><\/p>\n<p><img loading=\"lazy\" decoding=\"async\" class=\"alignnone size-full wp-image-4073\" src=\"https:\/\/marolt-photography.com\/wp-content\/uploads\/2020\/11\/0094_Fotografiranje_nosecnic_Janez_Marolt_nosecnica_s_cipkastim_krilom.jpg\" alt=\"Fotografiranje nose\u010dnic - Janez Marolt, nose\u010dnica na starinskem parketu ob oknu\" width=\"599\" height=\"900\" srcset=\"https:\/\/marolt-photography.com\/wp-content\/uploads\/2020\/11\/0094_Fotografiranje_nosecnic_Janez_Marolt_nosecnica_s_cipkastim_krilom.jpg 599w, https:\/\/marolt-photography.com\/wp-content\/uploads\/2020\/11\/0094_Fotografiranje_nosecnic_Janez_Marolt_nosecnica_s_cipkastim_krilom-200x300.jpg 200w\" sizes=\"auto, (max-width: 599px) 100vw, 599px\" \/><\/p>\n<p><a href=\"http:\/\/marolt-photography.com\/wp-content\/uploads\/2013\/08\/Janez_Marolt_nosecnice_07.jpg\"><img loading=\"lazy\" decoding=\"async\" class=\"alignnone size-full wp-image-292\" src=\"http:\/\/marolt-photography.com\/wp-content\/uploads\/2013\/08\/Janez_Marolt_nosecnice_07.jpg\" alt=\"Janez_Marolt_nosecnice_07\" width=\"903\" height=\"603\" srcset=\"https:\/\/marolt-photography.com\/wp-content\/uploads\/2013\/08\/Janez_Marolt_nosecnice_07.jpg 903w, https:\/\/marolt-photography.com\/wp-content\/uploads\/2013\/08\/Janez_Marolt_nosecnice_07-300x200.jpg 300w\" sizes=\"auto, (max-width: 903px) 100vw, 903px\" \/><\/a><\/p>\n<p style=\"padding-left: 30px;\"><strong>Do you wish to have such portraits of yourself? <\/strong>For more information and bookine, send me a mail to info@marolt-photography.com or call me to +386 41 972 586. You can also visit the <a title=\"Contact page\" href=\"http:\/\/marolt-photography.com\/en\/kontakt\/\" target=\"_blank\" rel=\"noopener noreferrer\"><strong>Contact page<\/strong><\/a><\/p>\n<p>Ve\u010d na <a title=\"Fotografije nose\u010dnosti, dojen\u010dkov, otrok in dru\u017ein\" href=\"http:\/\/www.noseca.si\" target=\"_blank\" rel=\"noopener noreferrer\">www.noseca.si<\/a>.<\/p>","protected":false},"excerpt":{"rendered":"<p>Fotografija nose\u010dnic, otrok in dru\u017ein Nose\u010dnica s svojim partnerjem v stari Ljubljani Mati in h\u010di \u00a0 \u017delite imeti podobne slike tudi sami? Pi\u0161ite mi va\u0161e \u017eelje in po\u0161ljem vam brezpla\u010dno neobvezujo\u010do ponudbo! Kontakt. Ve\u010d na www.noseca.si.<\/p>","protected":false},"author":1,"featured_media":0,"parent":0,"menu_order":9,"comment_status":"closed","ping_status":"closed","template":"template-notitle.php","meta":{"footnotes":""},"class_list":["post-87","page","type-page","status-publish","hentry","content-columns-1"],"yoast_head":"<!-- This site is optimized with the Yoast SEO Premium plugin v27.1 (Yoast SEO v27.1.1) - https:\/\/yoast.com\/product\/yoast-seo-premium-wordpress\/ -->\n<title>Fotografija nose\u010dnic, dojen\u010dkov, otrok in dru\u017ein<\/title>\n<meta name=\"description\" content=\"Fotografija nose\u010dnic, dojen\u010dkov, otrok in dru\u017ein\" \/>\n<meta name=\"robots\" content=\"index, follow, max-snippet:-1, max-image-preview:large, max-video-preview:-1\" \/>\n<link rel=\"canonical\" href=\"https:\/\/marolt-photography.com\/en\/nosecnice-otroci-druzine\/\" \/>\n<meta property=\"og:locale\" content=\"en_GB\" \/>\n<meta property=\"og:type\" content=\"article\" \/>\n<meta property=\"og:title\" content=\"Materinstvo-nose\u010dnost-otroci-dru\u017eine\" \/>\n<meta property=\"og:description\" content=\"Fotografija nose\u010dnic, dojen\u010dkov, otrok in dru\u017ein\" \/>\n<meta property=\"og:url\" content=\"https:\/\/marolt-photography.com\/en\/nosecnice-otroci-druzine\/\" \/>\n<meta property=\"og:site_name\" content=\"Janez Marolt - Photography\" \/>\n<meta property=\"article:publisher\" content=\"https:\/\/www.facebook.com\/janez.fotograf\" \/>\n<meta property=\"article:modified_time\" content=\"2020-11-23T17:04:37+00:00\" \/>\n<meta property=\"og:image\" content=\"https:\/\/marolt-photography.com\/wp-content\/uploads\/2020\/11\/Fotografiranje_nosecnic_Janez_Marolt_kompozicija.jpg\" \/>\n<script type=\"application\/ld+json\" class=\"yoast-schema-graph\">{\"@context\":\"https:\/\/schema.org\",\"@graph\":[{\"@type\":\"WebPage\",\"@id\":\"https:\/\/marolt-photography.com\/nosecnice-otroci-druzine\/\",\"url\":\"https:\/\/marolt-photography.com\/nosecnice-otroci-druzine\/\",\"name\":\"Fotografija nose\u010dnic, dojen\u010dkov, otrok in dru\u017ein\",\"isPartOf\":{\"@id\":\"https:\/\/marolt-photography.com\/#website\"},\"primaryImageOfPage\":{\"@id\":\"https:\/\/marolt-photography.com\/nosecnice-otroci-druzine\/#primaryimage\"},\"image\":{\"@id\":\"https:\/\/marolt-photography.com\/nosecnice-otroci-druzine\/#primaryimage\"},\"thumbnailUrl\":\"https:\/\/marolt-photography.com\/wp-content\/uploads\/2020\/11\/Fotografiranje_nosecnic_Janez_Marolt_kompozicija.jpg\",\"datePublished\":\"2013-08-23T17:03:02+00:00\",\"dateModified\":\"2020-11-23T17:04:37+00:00\",\"description\":\"Fotografija nose\u010dnic, dojen\u010dkov, otrok in dru\u017ein\",\"inLanguage\":\"en-GB\",\"potentialAction\":[{\"@type\":\"ReadAction\",\"target\":[\"https:\/\/marolt-photography.com\/nosecnice-otroci-druzine\/\"]}]},{\"@type\":\"ImageObject\",\"inLanguage\":\"en-GB\",\"@id\":\"https:\/\/marolt-photography.com\/nosecnice-otroci-druzine\/#primaryimage\",\"url\":\"https:\/\/marolt-photography.com\/wp-content\/uploads\/2020\/11\/Fotografiranje_nosecnic_Janez_Marolt_kompozicija.jpg\",\"contentUrl\":\"https:\/\/marolt-photography.com\/wp-content\/uploads\/2020\/11\/Fotografiranje_nosecnic_Janez_Marolt_kompozicija.jpg\"},{\"@type\":\"WebSite\",\"@id\":\"https:\/\/marolt-photography.com\/#website\",\"url\":\"https:\/\/marolt-photography.com\/\",\"name\":\"Janez Marolt - Photography\",\"description\":\"Profesionalna fotografija\",\"publisher\":{\"@id\":\"https:\/\/marolt-photography.com\/#\/schema\/person\/629b997fdc2e80e5556f662e3e1ed326\"},\"potentialAction\":[{\"@type\":\"SearchAction\",\"target\":{\"@type\":\"EntryPoint\",\"urlTemplate\":\"https:\/\/marolt-photography.com\/?s={search_term_string}\"},\"query-input\":{\"@type\":\"PropertyValueSpecification\",\"valueRequired\":true,\"valueName\":\"search_term_string\"}}],\"inLanguage\":\"en-GB\"},{\"@type\":[\"Person\",\"Organization\"],\"@id\":\"https:\/\/marolt-photography.com\/#\/schema\/person\/629b997fdc2e80e5556f662e3e1ed326\",\"name\":\"Janez Marolt\",\"image\":{\"@type\":\"ImageObject\",\"inLanguage\":\"en-GB\",\"@id\":\"https:\/\/marolt-photography.com\/#\/schema\/person\/image\/\",\"url\":\"https:\/\/secure.gravatar.com\/avatar\/86dc16766a32aff098b9a6bbf2c3abc20295153deca1d27fcb371d8273fb9f5d?s=96&d=mm&r=g\",\"contentUrl\":\"https:\/\/secure.gravatar.com\/avatar\/86dc16766a32aff098b9a6bbf2c3abc20295153deca1d27fcb371d8273fb9f5d?s=96&d=mm&r=g\",\"caption\":\"Janez Marolt\"},\"logo\":{\"@id\":\"https:\/\/marolt-photography.com\/#\/schema\/person\/image\/\"},\"sameAs\":[\"https:\/\/marolt-photography.com\/\",\"https:\/\/www.facebook.com\/janez.fotograf\",\"https:\/\/www.instagram.com\/janezmarolt\/\"]}]}<\/script>\n<!-- \/ Yoast SEO Premium plugin. -->","yoast_head_json":{"title":"Fotografija nose\u010dnic, dojen\u010dkov, otrok in dru\u017ein","description":"Fotografija nose\u010dnic, dojen\u010dkov, otrok in dru\u017ein","robots":{"index":"index","follow":"follow","max-snippet":"max-snippet:-1","max-image-preview":"max-image-preview:large","max-video-preview":"max-video-preview:-1"},"canonical":"https:\/\/marolt-photography.com\/en\/nosecnice-otroci-druzine\/","og_locale":"en_GB","og_type":"article","og_title":"Materinstvo-nose\u010dnost-otroci-dru\u017eine","og_description":"Fotografija nose\u010dnic, dojen\u010dkov, otrok in dru\u017ein","og_url":"https:\/\/marolt-photography.com\/en\/nosecnice-otroci-druzine\/","og_site_name":"Janez Marolt - Photography","article_publisher":"https:\/\/www.facebook.com\/janez.fotograf","article_modified_time":"2020-11-23T17:04:37+00:00","og_image":[{"url":"https:\/\/marolt-photography.com\/wp-content\/uploads\/2020\/11\/Fotografiranje_nosecnic_Janez_Marolt_kompozicija.jpg","type":"","width":"","height":""}],"schema":{"@context":"https:\/\/schema.org","@graph":[{"@type":"WebPage","@id":"https:\/\/marolt-photography.com\/nosecnice-otroci-druzine\/","url":"https:\/\/marolt-photography.com\/nosecnice-otroci-druzine\/","name":"Fotografija nose\u010dnic, dojen\u010dkov, otrok in dru\u017ein","isPartOf":{"@id":"https:\/\/marolt-photography.com\/#website"},"primaryImageOfPage":{"@id":"https:\/\/marolt-photography.com\/nosecnice-otroci-druzine\/#primaryimage"},"image":{"@id":"https:\/\/marolt-photography.com\/nosecnice-otroci-druzine\/#primaryimage"},"thumbnailUrl":"https:\/\/marolt-photography.com\/wp-content\/uploads\/2020\/11\/Fotografiranje_nosecnic_Janez_Marolt_kompozicija.jpg","datePublished":"2013-08-23T17:03:02+00:00","dateModified":"2020-11-23T17:04:37+00:00","description":"Fotografija nose\u010dnic, dojen\u010dkov, otrok in dru\u017ein","inLanguage":"en-GB","potentialAction":[{"@type":"ReadAction","target":["https:\/\/marolt-photography.com\/nosecnice-otroci-druzine\/"]}]},{"@type":"ImageObject","inLanguage":"en-GB","@id":"https:\/\/marolt-photography.com\/nosecnice-otroci-druzine\/#primaryimage","url":"https:\/\/marolt-photography.com\/wp-content\/uploads\/2020\/11\/Fotografiranje_nosecnic_Janez_Marolt_kompozicija.jpg","contentUrl":"https:\/\/marolt-photography.com\/wp-content\/uploads\/2020\/11\/Fotografiranje_nosecnic_Janez_Marolt_kompozicija.jpg"},{"@type":"WebSite","@id":"https:\/\/marolt-photography.com\/#website","url":"https:\/\/marolt-photography.com\/","name":"Janez Marolt - Photography","description":"Proefssional photography","publisher":{"@id":"https:\/\/marolt-photography.com\/#\/schema\/person\/629b997fdc2e80e5556f662e3e1ed326"},"potentialAction":[{"@type":"SearchAction","target":{"@type":"EntryPoint","urlTemplate":"https:\/\/marolt-photography.com\/?s={search_term_string}"},"query-input":{"@type":"PropertyValueSpecification","valueRequired":true,"valueName":"search_term_string"}}],"inLanguage":"en-GB"},{"@type":["Person","Organization"],"@id":"https:\/\/marolt-photography.com\/#\/schema\/person\/629b997fdc2e80e5556f662e3e1ed326","name":"Janez Marolt - professional photographer based in Ljubljana, Slovenia","image":{"@type":"ImageObject","inLanguage":"en-GB","@id":"https:\/\/marolt-photography.com\/#\/schema\/person\/image\/","url":"https:\/\/secure.gravatar.com\/avatar\/86dc16766a32aff098b9a6bbf2c3abc20295153deca1d27fcb371d8273fb9f5d?s=96&d=mm&r=g","contentUrl":"https:\/\/secure.gravatar.com\/avatar\/86dc16766a32aff098b9a6bbf2c3abc20295153deca1d27fcb371d8273fb9f5d?s=96&d=mm&r=g","caption":"Janez Marolt"},"logo":{"@id":"https:\/\/marolt-photography.com\/#\/schema\/person\/image\/"},"sameAs":["https:\/\/marolt-photography.com\/","https:\/\/www.facebook.com\/janez.fotograf","https:\/\/www.instagram.com\/janezmarolt\/"]}]}},"_links":{"self":[{"href":"https:\/\/marolt-photography.com\/en\/wp-json\/wp\/v2\/pages\/87","targetHints":{"allow":["GET"]}}],"collection":[{"href":"https:\/\/marolt-photography.com\/en\/wp-json\/wp\/v2\/pages"}],"about":[{"href":"https:\/\/marolt-photography.com\/en\/wp-json\/wp\/v2\/types\/page"}],"author":[{"embeddable":true,"href":"https:\/\/marolt-photography.com\/en\/wp-json\/wp\/v2\/users\/1"}],"replies":[{"embeddable":true,"href":"https:\/\/marolt-photography.com\/en\/wp-json\/wp\/v2\/comments?post=87"}],"version-history":[{"count":14,"href":"https:\/\/marolt-photography.com\/en\/wp-json\/wp\/v2\/pages\/87\/revisions"}],"predecessor-version":[{"id":4081,"href":"https:\/\/marolt-photography.com\/en\/wp-json\/wp\/v2\/pages\/87\/revisions\/4081"}],"wp:attachment":[{"href":"https:\/\/marolt-photography.com\/en\/wp-json\/wp\/v2\/media?parent=87"}],"curies":[{"name":"wp","href":"https:\/\/api.w.org\/{rel}","templated":true}]}}